{"id":9251,"date":"2026-01-26T12:03:41","date_gmt":"2026-01-26T12:03:41","guid":{"rendered":"https:\/\/ler.ae\/tr\/?page_id=9251"},"modified":"2026-01-28T08:21:50","modified_gmt":"2026-01-28T08:21:50","slug":"artistry-residences","status":"publish","type":"page","link":"https:\/\/ler.ae\/tr\/artistry-residences\/","title":{"rendered":"Artistry Residences"},"content":{"rendered":"\t\t<div data-elementor-type=\"wp-page\" data-elementor-id=\"9251\" class=\"elementor elementor-9251\" data-elementor-post-type=\"page\">\n\t\t\t\t<div class=\"elementor-element elementor-element-8e915b0 e-flex e-con-boxed e-con e-parent\" data-id=\"8e915b0\" data-element_type=\"container\">\n\t\t\t\t\t<div class=\"e-con-inner\">\n\t\t\t\t<div class=\"elementor-element elementor-element-fd7e11b elementor-widget elementor-widget-banner-title\" data-id=\"fd7e11b\" data-element_type=\"widget\" data-widget_type=\"banner-title.default\">\n\t\t\t\t<div class=\"elementor-widget-container\">\n\t\t\t\t\t\t\t<section class=\"container-fluid top-banner no-padd  simple  dark\">\t\t\t<div class=\"content\">\n\t\t\t\t<div class=\"prague-svg-animation-text\">\n\t\t\t\t\t\t\t\t\t<\/div>\n\t\t\t\t<div class=\"subtitle\">Dubai, Birle\u015fik Arap Emirlikleri<\/div>\t\t\t\t<h1 class=\"title\">Artistry Residences<\/h1>\t\t\t\t<div class=\"description\"><p><p>Dubai Design District\u2019in (d3) yarat\u0131c\u0131 enerjisini, su kenar\u0131 konumu ve rafine mimari diliyle birle\u015ftiren\u00a0<strong>Artistry Residences<\/strong>; Downtown sil\u00fceti, Burj Khalifa ve Dubai Canal manzaralar\u0131na a\u00e7\u0131lan modern ya\u015fam alanlar\u0131 sunar. Projede 1\u20133 yatak odal\u0131 daireler ile s\u0131n\u0131rl\u0131 say\u0131da\u00a0<strong>4 yatak odal\u0131 dubleks penthouse<\/strong>\u00a0se\u00e7ene\u011fi yer al\u0131r; penthouse\u2019lar geni\u015f teraslar ve\u00a0<strong>\u00f6zel plunge pool<\/strong>\u00a0(k\u00fc\u00e7\u00fck havuz) ayr\u0131cal\u0131\u011f\u0131yla \u00f6ne \u00e7\u0131kar.\u00a0<\/p><\/p><\/div>\t\t\t\t\t\t\t<\/div>\n\t\t\t<div class=\"top-banner-cursor\"><\/div>\n\t\t<\/section>\n\t\t\t\t\t\t<\/div>\n\t\t\t\t<\/div>\n\t\t\t\t<div class=\"elementor-element elementor-element-1542fa4 elementor-widget elementor-widget-info-block\" data-id=\"1542fa4\" data-element_type=\"widget\" data-widget_type=\"info-block.default\">\n\t\t\t\t<div class=\"elementor-widget-container\">\n\t\t\t\t\t\t\t\t\t<div class=\"project-detail-block-outer \">\n\t\t\t\t\t\t\t<div class=\"project-detail-block-wrapper\">\n\t\t\t\t\t<div class=\"project-detail-block-item\">\n\t\t\t\t\t\t\t\t\t\t\t\t\t<div class=\"project-detail-block-title\">\n\t\t\t\t\t\t\t\tPROJE TESL\u0130M\t\t\t\t\t\t\t<\/div>\n\t\t\t\t\t\t\t\t\t\t\t\t\t\t\t\t\t\t\t<div class=\"project-detail-block-descr\">\n\t\t\t\t\t\t\t\t<p><p>2029<\/p>\n<\/p>\n\t\t\t\t\t\t\t<\/div>\n\t\t\t\t\t\t\t\t\t\t\t<\/div>\n\t\t\t\t<\/div>\n\t\t\t\t\t\t\t\t\t\t\t<div class=\"project-detail-block-wrapper\">\n\t\t\t\t\t<div class=\"project-detail-block-item\">\n\t\t\t\t\t\t\t\t\t\t\t\t\t<div class=\"project-detail-block-title\">\n\t\t\t\t\t\t\t\tLOKASYON\t\t\t\t\t\t\t<\/div>\n\t\t\t\t\t\t\t\t\t\t\t\t\t\t\t\t\t\t\t<div class=\"project-detail-block-descr\">\n\t\t\t\t\t\t\t\t<p><p>Dubai Design District\u2019in (d3)<\/p>\n<\/p>\n\t\t\t\t\t\t\t<\/div>\n\t\t\t\t\t\t\t\t\t\t\t<\/div>\n\t\t\t\t<\/div>\n\t\t\t\t\t\t\t\t\t\t\t<div class=\"project-detail-block-wrapper\">\n\t\t\t\t\t<div class=\"project-detail-block-item\">\n\t\t\t\t\t\t\t\t\t\t\t\t\t<div class=\"project-detail-block-title\">\n\t\t\t\t\t\t\t\t\u00d6DEME PLANI\t\t\t\t\t\t\t<\/div>\n\t\t\t\t\t\t\t\t\t\t\t\t\t\t\t\t\t\t\t<div class=\"project-detail-block-descr\">\n\t\t\t\t\t\t\t\t<p><p>\u0130n\u015faat S\u00fcrecinde 50%, \u0130n\u015faat Tamamland\u0131\u011f\u0131nda 50%<\/p>\n<\/p>\n\t\t\t\t\t\t\t<\/div>\n\t\t\t\t\t\t\t\t\t\t\t<\/div>\n\t\t\t\t<\/div>\n\t\t\t\t\t\t\t\t\t\t\t<div class=\"project-detail-block-wrapper\">\n\t\t\t\t\t<div class=\"project-detail-block-item\">\n\t\t\t\t\t\t\t\t\t\t\t\t\t<div class=\"project-detail-block-title\">\n\t\t\t\t\t\t\t\t\u0130N\u015eAAT \u015e\u0130RKET\u0130\t\t\t\t\t\t\t<\/div>\n\t\t\t\t\t\t\t\t\t\t\t\t\t\t\t\t\t\t\t<div class=\"project-detail-block-descr\">\n\t\t\t\t\t\t\t\t<p><p>Select Group<\/p>\n<\/p>\n\t\t\t\t\t\t\t<\/div>\n\t\t\t\t\t\t\t\t\t\t\t<\/div>\n\t\t\t\t<\/div>\n\t\t\t\t\t\t\t\t\t\t<\/div>\n\t\t\t\t\t\t<\/div>\n\t\t\t\t<\/div>\n\t\t\t\t\t<\/div>\n\t\t\t\t<\/div>\n\t\t<div class=\"elementor-element elementor-element-575a04c e-con-full e-flex e-con e-parent\" data-id=\"575a04c\" data-element_type=\"container\">\n\t\t\t\t<div class=\"elementor-element elementor-element-5d5bfdd elementor-widget__width-auto elementor-widget elementor-widget-single-media\" data-id=\"5d5bfdd\" data-element_type=\"widget\" data-widget_type=\"single-media.default\">\n\t\t\t\t<div class=\"elementor-widget-container\">\n\t\t\t\t\t\t\t\t<div class=\"single-media single-media--image\">\n\t\t\t\t<div class=\"single-media__wrap\">\n\t\t\t\t\t<img decoding=\"async\" src=\"https:\/\/ler.ae\/tr\/wp-content\/uploads\/2026\/01\/Penthouse-scaled.webp\" class=\"single-media__image \" alt=\"Artistry Residences\" srcset=\"https:\/\/ler.ae\/tr\/wp-content\/uploads\/2026\/01\/Penthouse-scaled.webp 2560w, https:\/\/ler.ae\/tr\/wp-content\/uploads\/2026\/01\/Penthouse-300x150.webp 300w, https:\/\/ler.ae\/tr\/wp-content\/uploads\/2026\/01\/Penthouse-1024x512.webp 1024w, https:\/\/ler.ae\/tr\/wp-content\/uploads\/2026\/01\/Penthouse-768x384.webp 768w, https:\/\/ler.ae\/tr\/wp-content\/uploads\/2026\/01\/Penthouse-1536x768.webp 1536w, https:\/\/ler.ae\/tr\/wp-content\/uploads\/2026\/01\/Penthouse-2048x1024.webp 2048w\" sizes=\"(max-width: 2560px) 100vw, 2560px\" \/>\t\t\t\t\t\t\t\t\t<\/div>\n\t\t\t<\/div>\n\t\t\t\t\t\t<\/div>\n\t\t\t\t<\/div>\n\t\t\t\t<\/div>\n\t\t<div class=\"elementor-element elementor-element-4d36beb e-con-full e-flex e-con e-parent\" data-id=\"4d36beb\" data-element_type=\"container\">\n\t\t<div class=\"elementor-element elementor-element-01a12d2 e-con-full e-flex e-con e-child\" data-id=\"01a12d2\" data-element_type=\"container\">\n\t\t\t\t<div class=\"elementor-element elementor-element-da145fb elementor-widget elementor-widget-project-detail\" data-id=\"da145fb\" data-element_type=\"widget\" data-widget_type=\"project-detail.default\">\n\t\t\t\t<div class=\"elementor-widget-container\">\n\t\t\t\t\t\t\t\t<div class=\"project-detail-picture-wrapper  top\">\n\t\t\t\t\t<img decoding=\"async\" src=\"https:\/\/ler.ae\/tr\/wp-content\/uploads\/2026\/01\/Waterfront-Promenade-scaled.webp\" class=\"\" alt=\"Artistry Residences\" srcset=\"https:\/\/ler.ae\/tr\/wp-content\/uploads\/2026\/01\/Waterfront-Promenade-scaled.webp 2048w, https:\/\/ler.ae\/tr\/wp-content\/uploads\/2026\/01\/Waterfront-Promenade-240x300.webp 240w, https:\/\/ler.ae\/tr\/wp-content\/uploads\/2026\/01\/Waterfront-Promenade-819x1024.webp 819w, https:\/\/ler.ae\/tr\/wp-content\/uploads\/2026\/01\/Waterfront-Promenade-768x960.webp 768w, https:\/\/ler.ae\/tr\/wp-content\/uploads\/2026\/01\/Waterfront-Promenade-1229x1536.webp 1229w, https:\/\/ler.ae\/tr\/wp-content\/uploads\/2026\/01\/Waterfront-Promenade-1638x2048.webp 1638w\" sizes=\"(max-width: 2048px) 100vw, 2048px\" \/>\n\t\t\t\t\t                \t<div class=\"project-detail-picture-descr\">\n                \t\t<h2 style=\"text-align: center;font-size: 1.5rem\">\u00d6ne \u00c7\u0131kan Alanlar<\/h2>\n<p style=\"text-align: center\">Projede g\u00fcnl\u00fck ya\u015fam\u0131 kolayla\u015ft\u0131ran servisler ve ya\u015fam kalitesini y\u00fckselten sosyal alanlar \u00f6ne \u00e7\u0131kar:<\/p>\n<ul>\n<li style=\"text-align: center\"><strong>Concierge \/ resepsiyon<\/strong>, residents lounge alanlar\u0131<\/li>\n<li style=\"text-align: center\"><strong>Havuz alanlar\u0131<\/strong>\u00a0(projede ana havuz deck\u2019i vurgulan\u0131r)<\/li>\n<li style=\"text-align: center\"><strong>Fitness &amp; wellness<\/strong>: gym, sauna, buhar odas\u0131, wellness merkez alanlar\u0131<\/li>\n<li style=\"text-align: center\"><strong>Kids club<\/strong>, spor alanlar\u0131, peyzaj\/garden alanlar\u0131<\/li>\n<li style=\"text-align: center\">Yak\u0131n \u00e7evrede\u00a0<strong>hastane, park, al\u0131\u015fveri\u015f<\/strong>\u00a0ve ba\u011flant\u0131 avantajlar\u0131 (d3 konumunun merkez\u00eeli\u011fi)<\/li>\n<\/ul>\n                \t<\/div>\n\t\t\t\t\t\n\t\t\t\t\t\n\t\t\t<\/div>\n\t\t\t\t\t\t\t<\/div>\n\t\t\t\t<\/div>\n\t\t\t\t<\/div>\n\t\t<div class=\"elementor-element elementor-element-2010548 e-con-full e-flex e-con e-child\" data-id=\"2010548\" data-element_type=\"container\">\n\t\t\t\t<div class=\"elementor-element elementor-element-52e8ade elementor-widget elementor-widget-project-detail\" data-id=\"52e8ade\" data-element_type=\"widget\" data-widget_type=\"project-detail.default\">\n\t\t\t\t<div class=\"elementor-widget-container\">\n\t\t\t\t\t\t\t\t<div class=\"project-detail-picture-wrapper  bottom\">\n\t\t\t\t\t\n\t\t\t\t\t                \t<div class=\"project-detail-picture-descr\">\n                \t\t<p>Artistry Residences; tasar\u0131m odakl\u0131 planlamas\u0131, y\u00fcksek tavanl\u0131 ve g\u00fcn \u0131\u015f\u0131\u011f\u0131n\u0131 i\u00e7eri alan geni\u015f a\u00e7\u0131kl\u0131klar\u0131yla, \u201c\u015fehir merkezinde ama sakin\u201d bir ya\u015fam kurgusu sunar. Projede toplam\u00a0<strong>227 konut<\/strong>\u00a0yer al\u0131r; 36 katl\u0131 kule yap\u0131s\u0131 ve d3\u2019\u00fcn su kenar\u0131 dokusu sayesinde, hem ya\u015famak hem de uzun vadeli yat\u0131r\u0131m i\u00e7in g\u00fc\u00e7l\u00fc bir alternatif olu\u015fturur.\u00a0<\/p>\n                \t<\/div>\n\t\t\t\t\t\n\t\t\t\t\t<img decoding=\"async\" src=\"https:\/\/ler.ae\/tr\/wp-content\/uploads\/2026\/01\/Street-View-1-Dikey-scaled.webp\" class=\"\" alt=\"Artistry Residences\" srcset=\"https:\/\/ler.ae\/tr\/wp-content\/uploads\/2026\/01\/Street-View-1-Dikey-scaled.webp 2048w, https:\/\/ler.ae\/tr\/wp-content\/uploads\/2026\/01\/Street-View-1-Dikey-240x300.webp 240w, https:\/\/ler.ae\/tr\/wp-content\/uploads\/2026\/01\/Street-View-1-Dikey-819x1024.webp 819w, https:\/\/ler.ae\/tr\/wp-content\/uploads\/2026\/01\/Street-View-1-Dikey-768x960.webp 768w, https:\/\/ler.ae\/tr\/wp-content\/uploads\/2026\/01\/Street-View-1-Dikey-1229x1536.webp 1229w, https:\/\/ler.ae\/tr\/wp-content\/uploads\/2026\/01\/Street-View-1-Dikey-1638x2048.webp 1638w\" sizes=\"(max-width: 2048px) 100vw, 2048px\" \/>\n\t\t\t<\/div>\n\t\t\t\t\t\t\t<\/div>\n\t\t\t\t<\/div>\n\t\t\t\t<\/div>\n\t\t\t\t<\/div>\n\t\t<div class=\"elementor-element elementor-element-f3a746b e-con-full e-flex e-con e-parent\" data-id=\"f3a746b\" data-element_type=\"container\">\n\t\t\t\t<div class=\"elementor-element elementor-element-13bf077 elementor-widget__width-auto elementor-widget elementor-widget-single-media\" data-id=\"13bf077\" data-element_type=\"widget\" data-widget_type=\"single-media.default\">\n\t\t\t\t<div class=\"elementor-widget-container\">\n\t\t\t\t\t\t\t\t<div class=\"single-media single-media--image\">\n\t\t\t\t<div class=\"single-media__wrap\">\n\t\t\t\t\t<img decoding=\"async\" src=\"https:\/\/ler.ae\/tr\/wp-content\/uploads\/2026\/01\/3-Bedroom-Kitchen-scaled.webp\" class=\"single-media__image \" alt=\"Artistry Residences\" srcset=\"https:\/\/ler.ae\/tr\/wp-content\/uploads\/2026\/01\/3-Bedroom-Kitchen-scaled.webp 2560w, https:\/\/ler.ae\/tr\/wp-content\/uploads\/2026\/01\/3-Bedroom-Kitchen-300x177.webp 300w, https:\/\/ler.ae\/tr\/wp-content\/uploads\/2026\/01\/3-Bedroom-Kitchen-1024x602.webp 1024w, https:\/\/ler.ae\/tr\/wp-content\/uploads\/2026\/01\/3-Bedroom-Kitchen-768x452.webp 768w, https:\/\/ler.ae\/tr\/wp-content\/uploads\/2026\/01\/3-Bedroom-Kitchen-1536x904.webp 1536w, https:\/\/ler.ae\/tr\/wp-content\/uploads\/2026\/01\/3-Bedroom-Kitchen-2048x1205.webp 2048w\" sizes=\"(max-width: 2560px) 100vw, 2560px\" \/>\t\t\t\t\t\t\t\t\t<\/div>\n\t\t\t<\/div>\n\t\t\t\t\t\t<\/div>\n\t\t\t\t<\/div>\n\t\t\t\t<\/div>\n\t\t<div class=\"elementor-element elementor-element-43c367b e-con-full e-flex e-con e-parent\" data-id=\"43c367b\" data-element_type=\"container\">\n\t\t<div class=\"elementor-element elementor-element-6ae0194 e-con-full e-flex e-con e-child\" data-id=\"6ae0194\" data-element_type=\"container\">\n\t\t\t\t<div class=\"elementor-element elementor-element-9138897 elementor-widget elementor-widget-project-detail\" data-id=\"9138897\" data-element_type=\"widget\" data-widget_type=\"project-detail.default\">\n\t\t\t\t<div class=\"elementor-widget-container\">\n\t\t\t\t\t\t\t\t<div class=\"project-detail-picture-wrapper  top\">\n\t\t\t\t\t<img decoding=\"async\" src=\"https:\/\/ler.ae\/tr\/wp-content\/uploads\/2026\/01\/1-Bedroom-Living-Room-Dikey-scaled.webp\" class=\"\" alt=\"Artistry Residences\" srcset=\"https:\/\/ler.ae\/tr\/wp-content\/uploads\/2026\/01\/1-Bedroom-Living-Room-Dikey-scaled.webp 2048w, https:\/\/ler.ae\/tr\/wp-content\/uploads\/2026\/01\/1-Bedroom-Living-Room-Dikey-240x300.webp 240w, https:\/\/ler.ae\/tr\/wp-content\/uploads\/2026\/01\/1-Bedroom-Living-Room-Dikey-819x1024.webp 819w, https:\/\/ler.ae\/tr\/wp-content\/uploads\/2026\/01\/1-Bedroom-Living-Room-Dikey-768x960.webp 768w, https:\/\/ler.ae\/tr\/wp-content\/uploads\/2026\/01\/1-Bedroom-Living-Room-Dikey-1229x1536.webp 1229w, https:\/\/ler.ae\/tr\/wp-content\/uploads\/2026\/01\/1-Bedroom-Living-Room-Dikey-1638x2048.webp 1638w\" sizes=\"(max-width: 2048px) 100vw, 2048px\" \/>\n\t\t\t\t\t                \t<div class=\"project-detail-picture-descr\">\n                \t\t<p>Artistry One Residences, Dubai Design District'in (d3) kalbinde y\u00fckselen, yarat\u0131c\u0131 canl\u0131l\u0131k ile huzurlu konut ya\u015fam\u0131n\u0131 birle\u015ftiren 36 katl\u0131 bir projedir. Proje, bir, iki ve \u00fc\u00e7 yatak odal\u0131 dairelerin yan\u0131 s\u0131ra \u00f6zel k\u00fc\u00e7\u00fck havuzlu (plunge pool) geni\u015f teraslara sahip d\u00f6rt yatak odal\u0131 dubleks \u00e7at\u0131 katlar\u0131ndan (penthouse) olu\u015fmaktad\u0131r.\u00a0<\/p>\n                \t<\/div>\n\t\t\t\t\t\n\t\t\t\t\t\n\t\t\t<\/div>\n\t\t\t\t\t\t\t<\/div>\n\t\t\t\t<\/div>\n\t\t\t\t<\/div>\n\t\t<div class=\"elementor-element elementor-element-b78bf49 e-con-full e-flex e-con e-child\" data-id=\"b78bf49\" data-element_type=\"container\">\n\t\t\t\t<div class=\"elementor-element elementor-element-8e214d5 elementor-widget elementor-widget-project-detail\" data-id=\"8e214d5\" data-element_type=\"widget\" data-widget_type=\"project-detail.default\">\n\t\t\t\t<div class=\"elementor-widget-container\">\n\t\t\t\t\t\t\t\t<div class=\"project-detail-picture-wrapper  bottom\">\n\t\t\t\t\t\n\t\t\t\t\t                \t<div class=\"project-detail-picture-descr\">\n                \t\t<h2 style=\"font-size: 1.5rem\">Lokasyon Avantaj\u0131<\/h2>\n<p>Dubai Design District (d3); tasar\u0131m, moda, sanat ve medya odakl\u0131 planlanan, y\u00fcr\u00fcnebilir akslar\u0131 ve sosyal ya\u015fam noktalar\u0131yla \u00f6ne \u00e7\u0131kan bir b\u00f6lgedir. Proje;\u00a0<strong>Downtown Dubai, Dubai Mall, DIFC, Business Bay<\/strong>\u00a0gibi ana merkezlere g\u00fc\u00e7l\u00fc eri\u015fim avantaj\u0131 sunar; ayr\u0131ca Al Khail Road ve Ras Al Khor Road gibi ana arterlere ba\u011flant\u0131 vurgulan\u0131r.<\/p>\n                \t<\/div>\n\t\t\t\t\t\n\t\t\t\t\t<img decoding=\"async\" src=\"https:\/\/ler.ae\/tr\/wp-content\/uploads\/2026\/01\/Street-View-Dikey-scaled.webp\" class=\"\" alt=\"Artistry Residences\" srcset=\"https:\/\/ler.ae\/tr\/wp-content\/uploads\/2026\/01\/Street-View-Dikey-scaled.webp 2048w, https:\/\/ler.ae\/tr\/wp-content\/uploads\/2026\/01\/Street-View-Dikey-240x300.webp 240w, https:\/\/ler.ae\/tr\/wp-content\/uploads\/2026\/01\/Street-View-Dikey-819x1024.webp 819w, https:\/\/ler.ae\/tr\/wp-content\/uploads\/2026\/01\/Street-View-Dikey-768x960.webp 768w, https:\/\/ler.ae\/tr\/wp-content\/uploads\/2026\/01\/Street-View-Dikey-1229x1536.webp 1229w, https:\/\/ler.ae\/tr\/wp-content\/uploads\/2026\/01\/Street-View-Dikey-1638x2048.webp 1638w\" sizes=\"(max-width: 2048px) 100vw, 2048px\" \/>\n\t\t\t<\/div>\n\t\t\t\t\t\t\t<\/div>\n\t\t\t\t<\/div>\n\t\t\t\t<\/div>\n\t\t\t\t<\/div>\n\t\t<div class=\"elementor-element elementor-element-33b2c9a e-con-full e-flex e-con e-parent\" data-id=\"33b2c9a\" data-element_type=\"container\">\n\t\t<div class=\"elementor-element elementor-element-822d882 e-con-full e-flex e-con e-child\" data-id=\"822d882\" data-element_type=\"container\">\n\t\t\t\t<div class=\"elementor-element elementor-element-191ed15 elementor-widget__width-auto elementor-widget elementor-widget-single-media\" data-id=\"191ed15\" data-element_type=\"widget\" data-widget_type=\"single-media.default\">\n\t\t\t\t<div class=\"elementor-widget-container\">\n\t\t\t\t\t\t\t\t<div class=\"single-media single-media--image\">\n\t\t\t\t<div class=\"single-media__wrap\">\n\t\t\t\t\t<img decoding=\"async\" src=\"https:\/\/ler.ae\/tr\/wp-content\/uploads\/2026\/01\/Pool-First-Floor-scaled.webp\" class=\"single-media__image \" alt=\"Artistry Residences\" srcset=\"https:\/\/ler.ae\/tr\/wp-content\/uploads\/2026\/01\/Pool-First-Floor-scaled.webp 2560w, https:\/\/ler.ae\/tr\/wp-content\/uploads\/2026\/01\/Pool-First-Floor-300x150.webp 300w, https:\/\/ler.ae\/tr\/wp-content\/uploads\/2026\/01\/Pool-First-Floor-1024x512.webp 1024w, https:\/\/ler.ae\/tr\/wp-content\/uploads\/2026\/01\/Pool-First-Floor-768x384.webp 768w, https:\/\/ler.ae\/tr\/wp-content\/uploads\/2026\/01\/Pool-First-Floor-1536x769.webp 1536w, https:\/\/ler.ae\/tr\/wp-content\/uploads\/2026\/01\/Pool-First-Floor-2048x1025.webp 2048w\" sizes=\"(max-width: 2560px) 100vw, 2560px\" \/>\t\t\t\t\t\t\t\t\t<\/div>\n\t\t\t<\/div>\n\t\t\t\t\t\t<\/div>\n\t\t\t\t<\/div>\n\t\t\t\t<\/div>\n\t\t\t\t<\/div>\n\t\t\t\t<\/div>\n\t\t","protected":false},"excerpt":{"rendered":"","protected":false},"author":1,"featured_media":5728,"parent":0,"menu_order":0,"comment_status":"closed","ping_status":"closed","template":"elementor_header_footer","meta":{"footnotes":""},"class_list":["post-9251","page","type-page","status-publish","has-post-thumbnail","hentry"],"yoast_head":"<!-- This site is optimized with the Yoast SEO plugin v24.1 - https:\/\/yoast.com\/wordpress\/plugins\/seo\/ -->\n<title>Artistry Residences - Ler Properties - Dubai ve \u0130stanbul L\u00fcks Konut Projeleri: Sat\u0131l\u0131k Villa, Bo\u011faz Manzaral\u0131 Daire<\/title>\n<meta name=\"description\" content=\"Dap yeni levent \u015fehir merkezinden uzakta g\u00f6rmeye al\u0131\u015f\u0131k oldu\u011fumuz, dingin atmosferiyle \u00f6ne \u00e7\u0131kan country ya\u015fam tarz\u0131.\" \/>\n<meta name=\"robots\" content=\"index, follow, max-snippet:-1, max-image-preview:large, max-video-preview:-1\" \/>\n<link rel=\"canonical\" href=\"https:\/\/ler.ae\/tr\/artistry-residences\/\" \/>\n<meta property=\"og:locale\" content=\"tr_TR\" \/>\n<meta property=\"og:type\" content=\"article\" \/>\n<meta property=\"og:title\" content=\"Artistry Residences - Ler Properties - Dubai ve \u0130stanbul L\u00fcks Konut Projeleri: Sat\u0131l\u0131k Villa, Bo\u011faz Manzaral\u0131 Daire\" \/>\n<meta property=\"og:description\" content=\"Dap yeni levent \u015fehir merkezinden uzakta g\u00f6rmeye al\u0131\u015f\u0131k oldu\u011fumuz, dingin atmosferiyle \u00f6ne \u00e7\u0131kan country ya\u015fam tarz\u0131.\" \/>\n<meta property=\"og:url\" content=\"https:\/\/ler.ae\/tr\/artistry-residences\/\" \/>\n<meta property=\"og:site_name\" content=\"Ler Properties - Dubai ve \u0130stanbul L\u00fcks Konut Projeleri: Sat\u0131l\u0131k Villa, Bo\u011faz Manzaral\u0131 Daire\" \/>\n<meta property=\"article:publisher\" content=\"https:\/\/m.facebook.com\/lerproperties\" \/>\n<meta property=\"article:modified_time\" content=\"2026-01-28T08:21:50+00:00\" \/>\n<meta property=\"og:image\" content=\"https:\/\/ler.ae\/tr\/wp-content\/uploads\/2024\/03\/dap-yeni-levent-istanbul-5.jpg\" \/>\n\t<meta property=\"og:image:width\" content=\"1920\" \/>\n\t<meta property=\"og:image:height\" content=\"1080\" \/>\n\t<meta property=\"og:image:type\" content=\"image\/jpeg\" \/>\n<meta name=\"twitter:card\" content=\"summary_large_image\" \/>\n<meta name=\"twitter:label1\" content=\"Tahmini okuma s\u00fcresi\" \/>\n\t<meta name=\"twitter:data1\" content=\"4 dakika\" \/>\n<script type=\"application\/ld+json\" class=\"yoast-schema-graph\">{\"@context\":\"https:\/\/schema.org\",\"@graph\":[{\"@type\":\"WebPage\",\"@id\":\"https:\/\/ler.ae\/tr\/artistry-residences\/\",\"url\":\"https:\/\/ler.ae\/tr\/artistry-residences\/\",\"name\":\"Artistry Residences - Ler Properties - Dubai ve \u0130stanbul L\u00fcks Konut Projeleri: Sat\u0131l\u0131k Villa, Bo\u011faz Manzaral\u0131 Daire\",\"isPartOf\":{\"@id\":\"https:\/\/ler.ae\/tr\/#website\"},\"primaryImageOfPage\":{\"@id\":\"https:\/\/ler.ae\/tr\/artistry-residences\/#primaryimage\"},\"image\":{\"@id\":\"https:\/\/ler.ae\/tr\/artistry-residences\/#primaryimage\"},\"thumbnailUrl\":\"https:\/\/ler.ae\/tr\/wp-content\/uploads\/2024\/03\/dap-yeni-levent-istanbul-5.jpg\",\"datePublished\":\"2026-01-26T12:03:41+00:00\",\"dateModified\":\"2026-01-28T08:21:50+00:00\",\"description\":\"Dap yeni levent \u015fehir merkezinden uzakta g\u00f6rmeye al\u0131\u015f\u0131k oldu\u011fumuz, dingin atmosferiyle \u00f6ne \u00e7\u0131kan country ya\u015fam tarz\u0131.\",\"inLanguage\":\"tr\",\"potentialAction\":[{\"@type\":\"ReadAction\",\"target\":[\"https:\/\/ler.ae\/tr\/artistry-residences\/\"]}]},{\"@type\":\"ImageObject\",\"inLanguage\":\"tr\",\"@id\":\"https:\/\/ler.ae\/tr\/artistry-residences\/#primaryimage\",\"url\":\"https:\/\/ler.ae\/tr\/wp-content\/uploads\/2024\/03\/dap-yeni-levent-istanbul-5.jpg\",\"contentUrl\":\"https:\/\/ler.ae\/tr\/wp-content\/uploads\/2024\/03\/dap-yeni-levent-istanbul-5.jpg\",\"width\":1920,\"height\":1080,\"caption\":\"dap-yeni-levent-\"},{\"@type\":\"WebSite\",\"@id\":\"https:\/\/ler.ae\/tr\/#website\",\"url\":\"https:\/\/ler.ae\/tr\/\",\"name\":\"Ler Properties\",\"description\":\"Ler Properties\",\"alternateName\":\"Ler Properties\",\"potentialAction\":[{\"@type\":\"SearchAction\",\"target\":{\"@type\":\"EntryPoint\",\"urlTemplate\":\"https:\/\/ler.ae\/tr\/?s={search_term_string}\"},\"query-input\":{\"@type\":\"PropertyValueSpecification\",\"valueRequired\":true,\"valueName\":\"search_term_string\"}}],\"inLanguage\":\"tr\"}]}<\/script>\n<!-- \/ Yoast SEO plugin. -->","yoast_head_json":{"title":"Artistry Residences - Ler Properties - Dubai ve \u0130stanbul L\u00fcks Konut Projeleri: Sat\u0131l\u0131k Villa, Bo\u011faz Manzaral\u0131 Daire","description":"Dap yeni levent \u015fehir merkezinden uzakta g\u00f6rmeye al\u0131\u015f\u0131k oldu\u011fumuz, dingin atmosferiyle \u00f6ne \u00e7\u0131kan country ya\u015fam tarz\u0131.","robots":{"index":"index","follow":"follow","max-snippet":"max-snippet:-1","max-image-preview":"max-image-preview:large","max-video-preview":"max-video-preview:-1"},"canonical":"https:\/\/ler.ae\/tr\/artistry-residences\/","og_locale":"tr_TR","og_type":"article","og_title":"Artistry Residences - Ler Properties - Dubai ve \u0130stanbul L\u00fcks Konut Projeleri: Sat\u0131l\u0131k Villa, Bo\u011faz Manzaral\u0131 Daire","og_description":"Dap yeni levent \u015fehir merkezinden uzakta g\u00f6rmeye al\u0131\u015f\u0131k oldu\u011fumuz, dingin atmosferiyle \u00f6ne \u00e7\u0131kan country ya\u015fam tarz\u0131.","og_url":"https:\/\/ler.ae\/tr\/artistry-residences\/","og_site_name":"Ler Properties - Dubai ve \u0130stanbul L\u00fcks Konut Projeleri: Sat\u0131l\u0131k Villa, Bo\u011faz Manzaral\u0131 Daire","article_publisher":"https:\/\/m.facebook.com\/lerproperties","article_modified_time":"2026-01-28T08:21:50+00:00","og_image":[{"width":1920,"height":1080,"url":"https:\/\/ler.ae\/tr\/wp-content\/uploads\/2024\/03\/dap-yeni-levent-istanbul-5.jpg","type":"image\/jpeg"}],"twitter_card":"summary_large_image","twitter_misc":{"Tahmini okuma s\u00fcresi":"4 dakika"},"schema":{"@context":"https:\/\/schema.org","@graph":[{"@type":"WebPage","@id":"https:\/\/ler.ae\/tr\/artistry-residences\/","url":"https:\/\/ler.ae\/tr\/artistry-residences\/","name":"Artistry Residences - Ler Properties - Dubai ve \u0130stanbul L\u00fcks Konut Projeleri: Sat\u0131l\u0131k Villa, Bo\u011faz Manzaral\u0131 Daire","isPartOf":{"@id":"https:\/\/ler.ae\/tr\/#website"},"primaryImageOfPage":{"@id":"https:\/\/ler.ae\/tr\/artistry-residences\/#primaryimage"},"image":{"@id":"https:\/\/ler.ae\/tr\/artistry-residences\/#primaryimage"},"thumbnailUrl":"https:\/\/ler.ae\/tr\/wp-content\/uploads\/2024\/03\/dap-yeni-levent-istanbul-5.jpg","datePublished":"2026-01-26T12:03:41+00:00","dateModified":"2026-01-28T08:21:50+00:00","description":"Dap yeni levent \u015fehir merkezinden uzakta g\u00f6rmeye al\u0131\u015f\u0131k oldu\u011fumuz, dingin atmosferiyle \u00f6ne \u00e7\u0131kan country ya\u015fam tarz\u0131.","inLanguage":"tr","potentialAction":[{"@type":"ReadAction","target":["https:\/\/ler.ae\/tr\/artistry-residences\/"]}]},{"@type":"ImageObject","inLanguage":"tr","@id":"https:\/\/ler.ae\/tr\/artistry-residences\/#primaryimage","url":"https:\/\/ler.ae\/tr\/wp-content\/uploads\/2024\/03\/dap-yeni-levent-istanbul-5.jpg","contentUrl":"https:\/\/ler.ae\/tr\/wp-content\/uploads\/2024\/03\/dap-yeni-levent-istanbul-5.jpg","width":1920,"height":1080,"caption":"dap-yeni-levent-"},{"@type":"WebSite","@id":"https:\/\/ler.ae\/tr\/#website","url":"https:\/\/ler.ae\/tr\/","name":"Ler Properties","description":"Ler Properties","alternateName":"Ler Properties","potentialAction":[{"@type":"SearchAction","target":{"@type":"EntryPoint","urlTemplate":"https:\/\/ler.ae\/tr\/?s={search_term_string}"},"query-input":{"@type":"PropertyValueSpecification","valueRequired":true,"valueName":"search_term_string"}}],"inLanguage":"tr"}]}},"_links":{"self":[{"href":"https:\/\/ler.ae\/tr\/wp-json\/wp\/v2\/pages\/9251","targetHints":{"allow":["GET"]}}],"collection":[{"href":"https:\/\/ler.ae\/tr\/wp-json\/wp\/v2\/pages"}],"about":[{"href":"https:\/\/ler.ae\/tr\/wp-json\/wp\/v2\/types\/page"}],"author":[{"embeddable":true,"href":"https:\/\/ler.ae\/tr\/wp-json\/wp\/v2\/users\/1"}],"replies":[{"embeddable":true,"href":"https:\/\/ler.ae\/tr\/wp-json\/wp\/v2\/comments?post=9251"}],"version-history":[{"count":15,"href":"https:\/\/ler.ae\/tr\/wp-json\/wp\/v2\/pages\/9251\/revisions"}],"predecessor-version":[{"id":9355,"href":"https:\/\/ler.ae\/tr\/wp-json\/wp\/v2\/pages\/9251\/revisions\/9355"}],"wp:featuredmedia":[{"embeddable":true,"href":"https:\/\/ler.ae\/tr\/wp-json\/wp\/v2\/media\/5728"}],"wp:attachment":[{"href":"https:\/\/ler.ae\/tr\/wp-json\/wp\/v2\/media?parent=9251"}],"curies":[{"name":"wp","href":"https:\/\/api.w.org\/{rel}","templated":true}]}}