{"id":9096,"date":"2026-01-08T23:48:56","date_gmt":"2026-01-08T23:48:56","guid":{"rendered":"https:\/\/ler.ae\/tr\/?page_id=9096"},"modified":"2026-01-08T23:50:49","modified_gmt":"2026-01-08T23:50:49","slug":"hado","status":"publish","type":"page","link":"https:\/\/ler.ae\/tr\/hado\/","title":{"rendered":"HADO"},"content":{"rendered":"\t\t<div data-elementor-type=\"wp-page\" data-elementor-id=\"9096\" class=\"elementor elementor-9096\" data-elementor-post-type=\"page\">\n\t\t\t\t<div class=\"elementor-element elementor-element-8e915b0 e-flex e-con-boxed e-con e-parent\" data-id=\"8e915b0\" data-element_type=\"container\">\n\t\t\t\t\t<div class=\"e-con-inner\">\n\t\t\t\t<div class=\"elementor-element elementor-element-fd7e11b elementor-widget elementor-widget-banner-title\" data-id=\"fd7e11b\" data-element_type=\"widget\" data-widget_type=\"banner-title.default\">\n\t\t\t\t<div class=\"elementor-widget-container\">\n\t\t\t\t\t\t\t<section class=\"container-fluid top-banner no-padd  simple  dark\">\t\t\t<div class=\"content\">\n\t\t\t\t<div class=\"prague-svg-animation-text\">\n\t\t\t\t\t\t\t\t\t<\/div>\n\t\t\t\t<div class=\"subtitle\">Dubai, Birle\u015fik Arap Emirlikleri<\/div>\t\t\t\t<h1 class=\"title\">HADO<\/h1>\t\t\t\t<div class=\"description\"><p><p>S\u00f6zlerin sustu\u011fu, g\u00fczelli\u011fin yaln\u0131zca g\u00f6zle g\u00f6r\u00fclmeyip derinden hissedildi\u011fi yerler vard\u0131r. Her bir alandan sessiz bir nab\u0131z akar; denizin enerjisi, g\u00fcn \u0131\u015f\u0131\u011f\u0131n\u0131n s\u0131cakl\u0131\u011f\u0131, insan ile mekan aras\u0131ndaki o kadim ba\u011f... \u0130\u015fte bu; hareket ile dinginli\u011fin bir arada var oldu\u011fu o g\u00f6r\u00fcnmez t\u0131n\u0131, yani HADO\u2019dur. \u00dc\u00e7 kule, \u0131\u015f\u0131\u011f\u0131 ve u\u00e7suz bucaks\u0131z manzaralar\u0131 kucaklamak i\u00e7in denize do\u011fru a\u00e7\u0131larak, sessiz bir uyum i\u00e7inde y\u00fckseliyor.<\/p><\/p><\/div>\t\t\t\t\t\t\t<\/div>\n\t\t\t<div class=\"top-banner-cursor\"><\/div>\n\t\t<\/section>\n\t\t\t\t\t\t<\/div>\n\t\t\t\t<\/div>\n\t\t\t\t<div class=\"elementor-element elementor-element-1542fa4 elementor-widget elementor-widget-info-block\" data-id=\"1542fa4\" data-element_type=\"widget\" data-widget_type=\"info-block.default\">\n\t\t\t\t<div class=\"elementor-widget-container\">\n\t\t\t\t\t\t\t\t\t<div class=\"project-detail-block-outer \">\n\t\t\t\t\t\t\t<div class=\"project-detail-block-wrapper\">\n\t\t\t\t\t<div class=\"project-detail-block-item\">\n\t\t\t\t\t\t\t\t\t\t\t\t\t<div class=\"project-detail-block-title\">\n\t\t\t\t\t\t\t\tPROJE TESL\u0130M\t\t\t\t\t\t\t<\/div>\n\t\t\t\t\t\t\t\t\t\t\t\t\t\t\t\t\t\t\t<div class=\"project-detail-block-descr\">\n\t\t\t\t\t\t\t\t<p><p>2029<\/p>\n<\/p>\n\t\t\t\t\t\t\t<\/div>\n\t\t\t\t\t\t\t\t\t\t\t<\/div>\n\t\t\t\t<\/div>\n\t\t\t\t\t\t\t\t\t\t\t<div class=\"project-detail-block-wrapper\">\n\t\t\t\t\t<div class=\"project-detail-block-item\">\n\t\t\t\t\t\t\t\t\t\t\t\t\t<div class=\"project-detail-block-title\">\n\t\t\t\t\t\t\t\tLOKASYON\t\t\t\t\t\t\t<\/div>\n\t\t\t\t\t\t\t\t\t\t\t\t\t\t\t\t\t\t\t<div class=\"project-detail-block-descr\">\n\t\t\t\t\t\t\t\t<p><p>Dubai Islands<\/p>\n<\/p>\n\t\t\t\t\t\t\t<\/div>\n\t\t\t\t\t\t\t\t\t\t\t<\/div>\n\t\t\t\t<\/div>\n\t\t\t\t\t\t\t\t\t\t\t<div class=\"project-detail-block-wrapper\">\n\t\t\t\t\t<div class=\"project-detail-block-item\">\n\t\t\t\t\t\t\t\t\t\t\t\t\t<div class=\"project-detail-block-title\">\n\t\t\t\t\t\t\t\t\u00d6DEME PLANI\t\t\t\t\t\t\t<\/div>\n\t\t\t\t\t\t\t\t\t\t\t\t\t\t\t\t\t\t\t<div class=\"project-detail-block-descr\">\n\t\t\t\t\t\t\t\t<p><p>%20 \u0130ndirimli<\/p>\n<\/p>\n\t\t\t\t\t\t\t<\/div>\n\t\t\t\t\t\t\t\t\t\t\t<\/div>\n\t\t\t\t<\/div>\n\t\t\t\t\t\t\t\t\t\t\t<div class=\"project-detail-block-wrapper\">\n\t\t\t\t\t<div class=\"project-detail-block-item\">\n\t\t\t\t\t\t\t\t\t\t\t\t\t<div class=\"project-detail-block-title\">\n\t\t\t\t\t\t\t\t\u0130N\u015eAAT \u015e\u0130RKET\u0130\t\t\t\t\t\t\t<\/div>\n\t\t\t\t\t\t\t\t\t\t\t\t\t\t\t\t\t\t\t<div class=\"project-detail-block-descr\">\n\t\t\t\t\t\t\t\t<p><p>BEYOND<\/p>\n<\/p>\n\t\t\t\t\t\t\t<\/div>\n\t\t\t\t\t\t\t\t\t\t\t<\/div>\n\t\t\t\t<\/div>\n\t\t\t\t\t\t\t\t\t\t<\/div>\n\t\t\t\t\t\t<\/div>\n\t\t\t\t<\/div>\n\t\t\t\t\t<\/div>\n\t\t\t\t<\/div>\n\t\t<div class=\"elementor-element elementor-element-575a04c e-con-full e-flex e-con e-parent\" data-id=\"575a04c\" data-element_type=\"container\">\n\t\t\t\t<div class=\"elementor-element elementor-element-5d5bfdd elementor-widget elementor-widget-single-media\" data-id=\"5d5bfdd\" data-element_type=\"widget\" data-widget_type=\"single-media.default\">\n\t\t\t\t<div class=\"elementor-widget-container\">\n\t\t\t\t\t\t\t\t<div class=\"single-media single-media--image\">\n\t\t\t\t<div class=\"single-media__wrap\">\n\t\t\t\t\t<img decoding=\"async\" src=\"https:\/\/ler.ae\/tr\/wp-content\/uploads\/2026\/01\/2-1.webp\" class=\"single-media__image \" alt=\"hado\" srcset=\"https:\/\/ler.ae\/tr\/wp-content\/uploads\/2026\/01\/2-1.webp 1442w, https:\/\/ler.ae\/tr\/wp-content\/uploads\/2026\/01\/2-1-300x169.webp 300w, https:\/\/ler.ae\/tr\/wp-content\/uploads\/2026\/01\/2-1-1024x576.webp 1024w, https:\/\/ler.ae\/tr\/wp-content\/uploads\/2026\/01\/2-1-768x432.webp 768w\" sizes=\"(max-width: 1442px) 100vw, 1442px\" \/>\t\t\t\t\t\t\t\t\t<\/div>\n\t\t\t<\/div>\n\t\t\t\t\t\t<\/div>\n\t\t\t\t<\/div>\n\t\t\t\t<\/div>\n\t\t<div class=\"elementor-element elementor-element-74af1bf e-con-full e-flex e-con e-parent\" data-id=\"74af1bf\" data-element_type=\"container\">\n\t\t<div class=\"elementor-element elementor-element-3cdafc5 e-con-full e-flex e-con e-child\" data-id=\"3cdafc5\" data-element_type=\"container\">\n\t\t\t\t<div class=\"elementor-element elementor-element-ad22d9c elementor-widget elementor-widget-project-detail\" data-id=\"ad22d9c\" data-element_type=\"widget\" data-widget_type=\"project-detail.default\">\n\t\t\t\t<div class=\"elementor-widget-container\">\n\t\t\t\t\t\t\t\t<div class=\"project-detail-picture-wrapper  top\">\n\t\t\t\t\t<img decoding=\"async\" src=\"https:\/\/ler.ae\/tr\/wp-content\/uploads\/2026\/01\/3-1.webp\" class=\"\" alt=\"hado\" srcset=\"https:\/\/ler.ae\/tr\/wp-content\/uploads\/2026\/01\/3-1.webp 605w, https:\/\/ler.ae\/tr\/wp-content\/uploads\/2026\/01\/3-1-225x300.webp 225w\" sizes=\"(max-width: 605px) 100vw, 605px\" \/>\n\t\t\t\t\t                \t<div class=\"project-detail-picture-descr\">\n                \t\t<div class=\"w-full text-token-text-primary\" dir=\"auto\" data-testid=\"conversation-turn-193\">\n<div class=\"px-4 py-2 justify-center text-base md:gap-6 m-auto\">\n<div class=\"flex flex-1 text-base mx-auto gap-3 juice:gap-4 juice:md:gap-6 md:px-5 lg:px-1 xl:px-5 md:max-w-3xl lg:max-w-[40rem] xl:max-w-[48rem]\">\n<div class=\"relative flex w-full flex-col agent-turn\">\n<div class=\"flex-col gap-1 md:gap-3\">\n<div class=\"flex flex-grow flex-col max-w-full\">\n<div class=\"min-h-[20px] text-message flex flex-col items-start gap-3 whitespace-pre-wrap break-words [.text-message+&amp;]:mt-5 overflow-x-auto\" dir=\"auto\" data-message-author-role=\"assistant\" data-message-id=\"b0340ccf-73e4-49d7-aeda-6947323df338\">\n<div class=\"markdown prose w-full break-words dark:prose-invert dark\">\n<p>Siora, \u00e7evresini ku\u015fatan sular\u0131n nefes kesici 360 derecelik manzaras\u0131n\u0131 sunuyor. Bir yanda okyanus ve plaja, di\u011fer yanda ise denize ve \u015fehir sil\u00fcetine a\u00e7\u0131lan kesintisiz panoramas\u0131yla Siora, Dubai\u2019de sahil ya\u015fam\u0131n\u0131 yeniden tan\u0131ml\u0131yor. Ustal\u0131kla kurgulanm\u0131\u015f, kapsay\u0131c\u0131 bir sahil ya\u015fam alan\u0131 olarak tasarlanan proje, l\u00fcks ya\u015fam\u0131 b\u00fct\u00fcnsel esenlik (holistic wellness) ile harmanl\u0131yor. Siora; se\u00e7kin konut alanlar\u0131, d\u00fcnya standartlar\u0131nda konaklama hizmetleri, dinamik al\u0131\u015fveri\u015f ve gastronomi noktalar\u0131n\u0131n tamam\u0131n\u0131, k\u00fcrat\u00f6rl\u00fc sanat eserleriyle zenginle\u015ftirilmi\u015f Zen ilhaml\u0131 peyzajlar i\u00e7inde sunuyor.<\/p>\n<\/div>\n<\/div>\n<\/div>\n<\/div>\n<\/div>\n<\/div>\n<\/div>\n<\/div>\n                \t<\/div>\n\t\t\t\t\t\n\t\t\t\t\t\n\t\t\t<\/div>\n\t\t\t\t\t\t\t<\/div>\n\t\t\t\t<\/div>\n\t\t\t\t<\/div>\n\t\t<div class=\"elementor-element elementor-element-a36ea86 e-con-full e-flex e-con e-child\" data-id=\"a36ea86\" data-element_type=\"container\">\n\t\t\t\t<div class=\"elementor-element elementor-element-4c0ed48 elementor-widget elementor-widget-project-detail\" data-id=\"4c0ed48\" data-element_type=\"widget\" data-widget_type=\"project-detail.default\">\n\t\t\t\t<div class=\"elementor-widget-container\">\n\t\t\t\t\t\t\t\t<div class=\"project-detail-picture-wrapper  bottom\">\n\t\t\t\t\t\n\t\t\t\t\t                \t<div class=\"project-detail-picture-descr\">\n                \t\t<p>Dubai Adalar\u0131; l\u00fcks konutlar\u0131, d\u00fcnya standartlar\u0131nda otelcilik hizmetlerini, dinamik marinalar\u0131 ve tescilli Mavi Bayrakl\u0131 bir plaj\u0131n da dahil oldu\u011fu 20 kilometreden fazla el de\u011fmemi\u015f k\u0131y\u0131 \u015feridini bir araya getiren, Dubai'nin en se\u00e7kin karma ya\u015fam destinasyonlar\u0131ndan biridir. Hem kara hem de deniz yoluyla do\u011frudan eri\u015fim imk\u00e2n\u0131 sunan adalar; 80'den fazla otele, geni\u015f ye\u015fil parklara, se\u00e7kin golf sahalar\u0131na, kesintisiz y\u00fcr\u00fcy\u00fc\u015f yollar\u0131 ve ula\u015f\u0131m a\u011flar\u0131na ev sahipli\u011fi yaparak, zahmetsizce ba\u011flant\u0131l\u0131 ve \u00fcst d\u00fczey bir sahil ya\u015fam tarz\u0131 sunmaktad\u0131r<\/p>\n                \t<\/div>\n\t\t\t\t\t\n\t\t\t\t\t<img decoding=\"async\" src=\"https:\/\/ler.ae\/tr\/wp-content\/uploads\/2026\/01\/4.webp\" class=\"\" alt=\"hado\" srcset=\"https:\/\/ler.ae\/tr\/wp-content\/uploads\/2026\/01\/4.webp 601w, https:\/\/ler.ae\/tr\/wp-content\/uploads\/2026\/01\/4-225x300.webp 225w\" sizes=\"(max-width: 601px) 100vw, 601px\" \/>\n\t\t\t<\/div>\n\t\t\t\t\t\t\t<\/div>\n\t\t\t\t<\/div>\n\t\t\t\t<\/div>\n\t\t\t\t<\/div>\n\t\t<div class=\"elementor-element elementor-element-f3a746b e-con-full e-flex e-con e-parent\" data-id=\"f3a746b\" data-element_type=\"container\">\n\t\t\t\t<div class=\"elementor-element elementor-element-13bf077 elementor-widget elementor-widget-single-media\" data-id=\"13bf077\" data-element_type=\"widget\" data-widget_type=\"single-media.default\">\n\t\t\t\t<div class=\"elementor-widget-container\">\n\t\t\t\t\t\t\t\t<div class=\"single-media single-media--image\">\n\t\t\t\t<div class=\"single-media__wrap\">\n\t\t\t\t\t<img decoding=\"async\" src=\"https:\/\/ler.ae\/tr\/wp-content\/uploads\/2026\/01\/5.webp\" class=\"single-media__image \" alt=\"hado\" srcset=\"https:\/\/ler.ae\/tr\/wp-content\/uploads\/2026\/01\/5.webp 1431w, https:\/\/ler.ae\/tr\/wp-content\/uploads\/2026\/01\/5-300x169.webp 300w, https:\/\/ler.ae\/tr\/wp-content\/uploads\/2026\/01\/5-1024x576.webp 1024w, https:\/\/ler.ae\/tr\/wp-content\/uploads\/2026\/01\/5-768x432.webp 768w\" sizes=\"(max-width: 1431px) 100vw, 1431px\" \/>\t\t\t\t\t\t\t\t\t<\/div>\n\t\t\t<\/div>\n\t\t\t\t\t\t<\/div>\n\t\t\t\t<\/div>\n\t\t\t\t<\/div>\n\t\t<div class=\"elementor-element elementor-element-43c367b e-con-full e-flex e-con e-parent\" data-id=\"43c367b\" data-element_type=\"container\">\n\t\t<div class=\"elementor-element elementor-element-6ae0194 e-con-full e-flex e-con e-child\" data-id=\"6ae0194\" data-element_type=\"container\">\n\t\t\t\t<div class=\"elementor-element elementor-element-9138897 elementor-widget elementor-widget-project-detail\" data-id=\"9138897\" data-element_type=\"widget\" data-widget_type=\"project-detail.default\">\n\t\t\t\t<div class=\"elementor-widget-container\">\n\t\t\t\t\t\t\t\t<div class=\"project-detail-picture-wrapper  top\">\n\t\t\t\t\t<img decoding=\"async\" src=\"https:\/\/ler.ae\/tr\/wp-content\/uploads\/2026\/01\/1-1.webp\" class=\"\" alt=\"hado\" srcset=\"https:\/\/ler.ae\/tr\/wp-content\/uploads\/2026\/01\/1-1.webp 604w, https:\/\/ler.ae\/tr\/wp-content\/uploads\/2026\/01\/1-1-225x300.webp 225w\" sizes=\"(max-width: 604px) 100vw, 604px\" \/>\n\t\t\t\t\t                \t<div class=\"project-detail-picture-descr\">\n                \t\t<p>Her ayr\u0131nt\u0131 dinginli\u011fi ve derin bir amac\u0131 yans\u0131t\u0131r. Yatay katmanlar \u0131\u015f\u0131k ve g\u00f6lgenin yumu\u015fak ge\u00e7i\u015flerini olu\u015ftururken, geni\u015f k\u00f6\u015fe camlar b\u00fcy\u00fcleyici do\u011fal manzaralar\u0131 ve bol g\u00fcn \u0131\u015f\u0131\u011f\u0131n\u0131 ya\u015fam alanlar\u0131na davet eder. Belirli \u00f6zelliklere sahip \u00f6zel birimler ve \u00fcst segment prestijli konutlar; okyanusa ve g\u00fcn bat\u0131m\u0131na bakan geni\u015fletilmi\u015f alanlar ve c\u00f6mert teraslarla bu deneyimi daha da ileriye ta\u015f\u0131r. Resort tarz\u0131 sosyal olanaklar, \u00f6zenle tasarlanm\u0131\u015f ye\u015fil alanlar ve sosyal salonlarla birlikte HADO; b\u00fct\u00fcnsel esenlik ve se\u00e7kin bir ya\u015fam tarz\u0131 i\u00e7in kurgulanm\u0131\u015f bir s\u0131\u011f\u0131na\u011fa d\u00f6n\u00fc\u015f\u00fcr<\/p>\n                \t<\/div>\n\t\t\t\t\t\n\t\t\t\t\t\n\t\t\t<\/div>\n\t\t\t\t\t\t\t<\/div>\n\t\t\t\t<\/div>\n\t\t\t\t<\/div>\n\t\t<div class=\"elementor-element elementor-element-b78bf49 e-con-full e-flex e-con e-child\" data-id=\"b78bf49\" data-element_type=\"container\">\n\t\t\t\t<div class=\"elementor-element elementor-element-8e214d5 elementor-widget elementor-widget-project-detail\" data-id=\"8e214d5\" data-element_type=\"widget\" data-widget_type=\"project-detail.default\">\n\t\t\t\t<div class=\"elementor-widget-container\">\n\t\t\t\t\t\t\t\t<div class=\"project-detail-picture-wrapper  bottom\">\n\t\t\t\t\t\n\t\t\t\t\t                \t<div class=\"project-detail-picture-descr\">\n                \t\t<p>Tasar\u0131m; su, r\u00fczgar, kum ve kaya gibi do\u011fal unsurlardan ilham alarak ana plan genelinde organik bir ak\u0131\u015f yarat\u0131yor. Yap\u0131lar arka k\u0131s\u0131mda y\u00fckselirken, sahil \u015feridine do\u011fru kademeli olarak al\u00e7alarak her noktadan panoramik manzara sunulmas\u0131n\u0131 sa\u011fl\u0131yor. Siora\u2019daki eri\u015filebilirlik; 6 kilometrelik a\u00e7\u0131k plajlara do\u011frudan eri\u015fimin yan\u0131 s\u0131ra, Shore Island genelindeki 10 kilometreyi a\u015fan rotalara kesintisiz \u015fekilde ba\u011flanan dahili ko\u015fu ve bisiklet parkurlar\u0131yla tan\u0131mlan\u0131yor. Arazi alan\u0131n\u0131n %70\u2019ine tekab\u00fcl eden 140.000 metrekarelik a\u00e7\u0131k alan sunan peyzaj, Japon bah\u00e7esi ilkeleriyle \u015fekillendirilerek t\u00fcm ya\u015fam alan\u0131nda sakin ve ak\u0131c\u0131 bir hareketlilik sa\u011fl\u0131yor.<\/p>\n                \t<\/div>\n\t\t\t\t\t\n\t\t\t\t\t<img decoding=\"async\" src=\"https:\/\/ler.ae\/tr\/wp-content\/uploads\/2026\/01\/7.webp\" class=\"\" alt=\"hado\" srcset=\"https:\/\/ler.ae\/tr\/wp-content\/uploads\/2026\/01\/7.webp 602w, https:\/\/ler.ae\/tr\/wp-content\/uploads\/2026\/01\/7-225x300.webp 225w\" sizes=\"(max-width: 602px) 100vw, 602px\" \/>\n\t\t\t<\/div>\n\t\t\t\t\t\t\t<\/div>\n\t\t\t\t<\/div>\n\t\t\t\t<\/div>\n\t\t\t\t<\/div>\n\t\t<div class=\"elementor-element elementor-element-33b2c9a e-con-full e-flex e-con e-parent\" data-id=\"33b2c9a\" data-element_type=\"container\">\n\t\t<div class=\"elementor-element elementor-element-822d882 e-con-full e-flex e-con e-child\" data-id=\"822d882\" data-element_type=\"container\">\n\t\t\t\t<div class=\"elementor-element elementor-element-191ed15 elementor-widget elementor-widget-single-media\" data-id=\"191ed15\" data-element_type=\"widget\" data-widget_type=\"single-media.default\">\n\t\t\t\t<div class=\"elementor-widget-container\">\n\t\t\t\t\t\t\t\t<div class=\"single-media single-media--image\">\n\t\t\t\t<div class=\"single-media__wrap\">\n\t\t\t\t\t<img decoding=\"async\" src=\"https:\/\/ler.ae\/tr\/wp-content\/uploads\/2026\/01\/6.webp\" class=\"single-media__image \" alt=\"hado\" srcset=\"https:\/\/ler.ae\/tr\/wp-content\/uploads\/2026\/01\/6.webp 1435w, https:\/\/ler.ae\/tr\/wp-content\/uploads\/2026\/01\/6-300x169.webp 300w, https:\/\/ler.ae\/tr\/wp-content\/uploads\/2026\/01\/6-1024x576.webp 1024w, https:\/\/ler.ae\/tr\/wp-content\/uploads\/2026\/01\/6-768x432.webp 768w\" sizes=\"(max-width: 1435px) 100vw, 1435px\" \/>\t\t\t\t\t\t\t\t\t<\/div>\n\t\t\t<\/div>\n\t\t\t\t\t\t<\/div>\n\t\t\t\t<\/div>\n\t\t\t\t<\/div>\n\t\t\t\t<\/div>\n\t\t\t\t<\/div>\n\t\t","protected":false},"excerpt":{"rendered":"","protected":false},"author":1,"featured_media":9098,"parent":0,"menu_order":0,"comment_status":"closed","ping_status":"closed","template":"elementor_header_footer","meta":{"footnotes":""},"class_list":["post-9096","page","type-page","status-publish","has-post-thumbnail","hentry"],"yoast_head":"<!-- This site is optimized with the Yoast SEO plugin v24.1 - https:\/\/yoast.com\/wordpress\/plugins\/seo\/ -->\n<title>HADO - Ler Properties - Dubai ve \u0130stanbul L\u00fcks Konut Projeleri: Sat\u0131l\u0131k Villa, Bo\u011faz Manzaral\u0131 Daire<\/title>\n<meta name=\"description\" content=\"Dap yeni levent \u015fehir merkezinden uzakta g\u00f6rmeye al\u0131\u015f\u0131k oldu\u011fumuz, dingin atmosferiyle \u00f6ne \u00e7\u0131kan country ya\u015fam tarz\u0131.\" \/>\n<meta name=\"robots\" content=\"index, follow, max-snippet:-1, max-image-preview:large, max-video-preview:-1\" \/>\n<link rel=\"canonical\" href=\"https:\/\/ler.ae\/tr\/hado\/\" \/>\n<meta property=\"og:locale\" content=\"tr_TR\" \/>\n<meta property=\"og:type\" content=\"article\" \/>\n<meta property=\"og:title\" content=\"HADO - Ler Properties - Dubai ve \u0130stanbul L\u00fcks Konut Projeleri: Sat\u0131l\u0131k Villa, Bo\u011faz Manzaral\u0131 Daire\" \/>\n<meta property=\"og:description\" content=\"Dap yeni levent \u015fehir merkezinden uzakta g\u00f6rmeye al\u0131\u015f\u0131k oldu\u011fumuz, dingin atmosferiyle \u00f6ne \u00e7\u0131kan country ya\u015fam tarz\u0131.\" \/>\n<meta property=\"og:url\" content=\"https:\/\/ler.ae\/tr\/hado\/\" \/>\n<meta property=\"og:site_name\" content=\"Ler Properties - Dubai ve \u0130stanbul L\u00fcks Konut Projeleri: Sat\u0131l\u0131k Villa, Bo\u011faz Manzaral\u0131 Daire\" \/>\n<meta property=\"article:publisher\" content=\"https:\/\/m.facebook.com\/lerproperties\" \/>\n<meta property=\"article:modified_time\" content=\"2026-01-08T23:50:49+00:00\" \/>\n<meta property=\"og:image\" content=\"https:\/\/ler.ae\/tr\/wp-content\/uploads\/2026\/01\/2-1.webp\" \/>\n\t<meta property=\"og:image:width\" content=\"1442\" \/>\n\t<meta property=\"og:image:height\" content=\"811\" \/>\n\t<meta property=\"og:image:type\" content=\"image\/webp\" \/>\n<meta name=\"twitter:card\" content=\"summary_large_image\" \/>\n<meta name=\"twitter:label1\" content=\"Tahmini okuma s\u00fcresi\" \/>\n\t<meta name=\"twitter:data1\" content=\"4 dakika\" \/>\n<script type=\"application\/ld+json\" class=\"yoast-schema-graph\">{\"@context\":\"https:\/\/schema.org\",\"@graph\":[{\"@type\":\"WebPage\",\"@id\":\"https:\/\/ler.ae\/tr\/hado\/\",\"url\":\"https:\/\/ler.ae\/tr\/hado\/\",\"name\":\"HADO - Ler Properties - Dubai ve \u0130stanbul L\u00fcks Konut Projeleri: Sat\u0131l\u0131k Villa, Bo\u011faz Manzaral\u0131 Daire\",\"isPartOf\":{\"@id\":\"https:\/\/ler.ae\/tr\/#website\"},\"primaryImageOfPage\":{\"@id\":\"https:\/\/ler.ae\/tr\/hado\/#primaryimage\"},\"image\":{\"@id\":\"https:\/\/ler.ae\/tr\/hado\/#primaryimage\"},\"thumbnailUrl\":\"https:\/\/ler.ae\/tr\/wp-content\/uploads\/2026\/01\/2-1.webp\",\"datePublished\":\"2026-01-08T23:48:56+00:00\",\"dateModified\":\"2026-01-08T23:50:49+00:00\",\"description\":\"Dap yeni levent \u015fehir merkezinden uzakta g\u00f6rmeye al\u0131\u015f\u0131k oldu\u011fumuz, dingin atmosferiyle \u00f6ne \u00e7\u0131kan country ya\u015fam tarz\u0131.\",\"inLanguage\":\"tr\",\"potentialAction\":[{\"@type\":\"ReadAction\",\"target\":[\"https:\/\/ler.ae\/tr\/hado\/\"]}]},{\"@type\":\"ImageObject\",\"inLanguage\":\"tr\",\"@id\":\"https:\/\/ler.ae\/tr\/hado\/#primaryimage\",\"url\":\"https:\/\/ler.ae\/tr\/wp-content\/uploads\/2026\/01\/2-1.webp\",\"contentUrl\":\"https:\/\/ler.ae\/tr\/wp-content\/uploads\/2026\/01\/2-1.webp\",\"width\":1442,\"height\":811,\"caption\":\"hado\"},{\"@type\":\"WebSite\",\"@id\":\"https:\/\/ler.ae\/tr\/#website\",\"url\":\"https:\/\/ler.ae\/tr\/\",\"name\":\"Ler Properties\",\"description\":\"Ler Properties\",\"alternateName\":\"Ler Properties\",\"potentialAction\":[{\"@type\":\"SearchAction\",\"target\":{\"@type\":\"EntryPoint\",\"urlTemplate\":\"https:\/\/ler.ae\/tr\/?s={search_term_string}\"},\"query-input\":{\"@type\":\"PropertyValueSpecification\",\"valueRequired\":true,\"valueName\":\"search_term_string\"}}],\"inLanguage\":\"tr\"}]}<\/script>\n<!-- \/ Yoast SEO plugin. -->","yoast_head_json":{"title":"HADO - Ler Properties - Dubai ve \u0130stanbul L\u00fcks Konut Projeleri: Sat\u0131l\u0131k Villa, Bo\u011faz Manzaral\u0131 Daire","description":"Dap yeni levent \u015fehir merkezinden uzakta g\u00f6rmeye al\u0131\u015f\u0131k oldu\u011fumuz, dingin atmosferiyle \u00f6ne \u00e7\u0131kan country ya\u015fam tarz\u0131.","robots":{"index":"index","follow":"follow","max-snippet":"max-snippet:-1","max-image-preview":"max-image-preview:large","max-video-preview":"max-video-preview:-1"},"canonical":"https:\/\/ler.ae\/tr\/hado\/","og_locale":"tr_TR","og_type":"article","og_title":"HADO - Ler Properties - Dubai ve \u0130stanbul L\u00fcks Konut Projeleri: Sat\u0131l\u0131k Villa, Bo\u011faz Manzaral\u0131 Daire","og_description":"Dap yeni levent \u015fehir merkezinden uzakta g\u00f6rmeye al\u0131\u015f\u0131k oldu\u011fumuz, dingin atmosferiyle \u00f6ne \u00e7\u0131kan country ya\u015fam tarz\u0131.","og_url":"https:\/\/ler.ae\/tr\/hado\/","og_site_name":"Ler Properties - Dubai ve \u0130stanbul L\u00fcks Konut Projeleri: Sat\u0131l\u0131k Villa, Bo\u011faz Manzaral\u0131 Daire","article_publisher":"https:\/\/m.facebook.com\/lerproperties","article_modified_time":"2026-01-08T23:50:49+00:00","og_image":[{"width":1442,"height":811,"url":"https:\/\/ler.ae\/tr\/wp-content\/uploads\/2026\/01\/2-1.webp","type":"image\/webp"}],"twitter_card":"summary_large_image","twitter_misc":{"Tahmini okuma s\u00fcresi":"4 dakika"},"schema":{"@context":"https:\/\/schema.org","@graph":[{"@type":"WebPage","@id":"https:\/\/ler.ae\/tr\/hado\/","url":"https:\/\/ler.ae\/tr\/hado\/","name":"HADO - Ler Properties - Dubai ve \u0130stanbul L\u00fcks Konut Projeleri: Sat\u0131l\u0131k Villa, Bo\u011faz Manzaral\u0131 Daire","isPartOf":{"@id":"https:\/\/ler.ae\/tr\/#website"},"primaryImageOfPage":{"@id":"https:\/\/ler.ae\/tr\/hado\/#primaryimage"},"image":{"@id":"https:\/\/ler.ae\/tr\/hado\/#primaryimage"},"thumbnailUrl":"https:\/\/ler.ae\/tr\/wp-content\/uploads\/2026\/01\/2-1.webp","datePublished":"2026-01-08T23:48:56+00:00","dateModified":"2026-01-08T23:50:49+00:00","description":"Dap yeni levent \u015fehir merkezinden uzakta g\u00f6rmeye al\u0131\u015f\u0131k oldu\u011fumuz, dingin atmosferiyle \u00f6ne \u00e7\u0131kan country ya\u015fam tarz\u0131.","inLanguage":"tr","potentialAction":[{"@type":"ReadAction","target":["https:\/\/ler.ae\/tr\/hado\/"]}]},{"@type":"ImageObject","inLanguage":"tr","@id":"https:\/\/ler.ae\/tr\/hado\/#primaryimage","url":"https:\/\/ler.ae\/tr\/wp-content\/uploads\/2026\/01\/2-1.webp","contentUrl":"https:\/\/ler.ae\/tr\/wp-content\/uploads\/2026\/01\/2-1.webp","width":1442,"height":811,"caption":"hado"},{"@type":"WebSite","@id":"https:\/\/ler.ae\/tr\/#website","url":"https:\/\/ler.ae\/tr\/","name":"Ler Properties","description":"Ler Properties","alternateName":"Ler Properties","potentialAction":[{"@type":"SearchAction","target":{"@type":"EntryPoint","urlTemplate":"https:\/\/ler.ae\/tr\/?s={search_term_string}"},"query-input":{"@type":"PropertyValueSpecification","valueRequired":true,"valueName":"search_term_string"}}],"inLanguage":"tr"}]}},"_links":{"self":[{"href":"https:\/\/ler.ae\/tr\/wp-json\/wp\/v2\/pages\/9096","targetHints":{"allow":["GET"]}}],"collection":[{"href":"https:\/\/ler.ae\/tr\/wp-json\/wp\/v2\/pages"}],"about":[{"href":"https:\/\/ler.ae\/tr\/wp-json\/wp\/v2\/types\/page"}],"author":[{"embeddable":true,"href":"https:\/\/ler.ae\/tr\/wp-json\/wp\/v2\/users\/1"}],"replies":[{"embeddable":true,"href":"https:\/\/ler.ae\/tr\/wp-json\/wp\/v2\/comments?post=9096"}],"version-history":[{"count":6,"href":"https:\/\/ler.ae\/tr\/wp-json\/wp\/v2\/pages\/9096\/revisions"}],"predecessor-version":[{"id":9109,"href":"https:\/\/ler.ae\/tr\/wp-json\/wp\/v2\/pages\/9096\/revisions\/9109"}],"wp:featuredmedia":[{"embeddable":true,"href":"https:\/\/ler.ae\/tr\/wp-json\/wp\/v2\/media\/9098"}],"wp:attachment":[{"href":"https:\/\/ler.ae\/tr\/wp-json\/wp\/v2\/media?parent=9096"}],"curies":[{"name":"wp","href":"https:\/\/api.w.org\/{rel}","templated":true}]}}