{"id":9078,"date":"2026-01-08T19:18:35","date_gmt":"2026-01-08T19:18:35","guid":{"rendered":"https:\/\/ler.ae\/tr\/?page_id=9078"},"modified":"2026-01-08T19:22:43","modified_gmt":"2026-01-08T19:22:43","slug":"the-residences-at-the-dubai-beach-edition","status":"publish","type":"page","link":"https:\/\/ler.ae\/tr\/the-residences-at-the-dubai-beach-edition\/","title":{"rendered":"The Residences at The Dubai Beach EDITION"},"content":{"rendered":"\t\t<div data-elementor-type=\"wp-page\" data-elementor-id=\"9078\" class=\"elementor elementor-9078\" data-elementor-post-type=\"page\">\n\t\t\t\t<div class=\"elementor-element elementor-element-8e915b0 e-flex e-con-boxed e-con e-parent\" data-id=\"8e915b0\" data-element_type=\"container\">\n\t\t\t\t\t<div class=\"e-con-inner\">\n\t\t\t\t<div class=\"elementor-element elementor-element-fd7e11b elementor-widget elementor-widget-banner-title\" data-id=\"fd7e11b\" data-element_type=\"widget\" data-widget_type=\"banner-title.default\">\n\t\t\t\t<div class=\"elementor-widget-container\">\n\t\t\t\t\t\t\t<section class=\"container-fluid top-banner no-padd  simple  dark\">\t\t\t<div class=\"content\">\n\t\t\t\t<div class=\"prague-svg-animation-text\">\n\t\t\t\t\t\t\t\t\t<\/div>\n\t\t\t\t<div class=\"subtitle\">Dubai, Birle\u015fik Arap Emirlikleri<\/div>\t\t\t\t<h1 class=\"title\">The Residences at The Dubai Beach EDITION<\/h1>\t\t\t\t<div class=\"description\"><p><p>D\u00fcnyan\u0131n kendine ait \u00f6zel plaj\u0131 olan tek EDITION projesi ile tan\u0131\u015f\u0131n. Dubai Beach EDITION otelinin bir uzant\u0131s\u0131 niteli\u011findeki <b data-path-to-node=\"3\" data-index-in-node=\"127\">The Residences<\/b>, bir resort kompleksinde ya\u015faman\u0131n o nadir deneyimini sunuyor. <b data-path-to-node=\"3\" data-index-in-node=\"205\">The Residences at the Dubai Beach EDITION<\/b>, markan\u0131n imza niteli\u011findeki tasar\u0131m anlay\u0131\u015f\u0131n\u0131 ve k\u00fclt\u00fcrel derinli\u011fini, tamamen ayr\u0131cal\u0131kl\u0131 ve \u00f6zg\u00fcn bir ortamda bir araya getiriyor. Dubai Harbour k\u0131y\u0131lar\u0131 ile kendi \u00f6zel plaj\u0131 aras\u0131nda konumlanan proje, modern Dubai\u2019nin dinamik ritminin ortas\u0131nda, resort konseptinde rafine bir ya\u015fam vadediyor.<\/p><\/p><\/div>\t\t\t\t\t\t\t<\/div>\n\t\t\t<div class=\"top-banner-cursor\"><\/div>\n\t\t<\/section>\n\t\t\t\t\t\t<\/div>\n\t\t\t\t<\/div>\n\t\t\t\t<div class=\"elementor-element elementor-element-1542fa4 elementor-widget elementor-widget-info-block\" data-id=\"1542fa4\" data-element_type=\"widget\" data-widget_type=\"info-block.default\">\n\t\t\t\t<div class=\"elementor-widget-container\">\n\t\t\t\t\t\t\t\t\t<div class=\"project-detail-block-outer \">\n\t\t\t\t\t\t\t<div class=\"project-detail-block-wrapper\">\n\t\t\t\t\t<div class=\"project-detail-block-item\">\n\t\t\t\t\t\t\t\t\t\t\t\t\t<div class=\"project-detail-block-title\">\n\t\t\t\t\t\t\t\tPROJE TESL\u0130M\t\t\t\t\t\t\t<\/div>\n\t\t\t\t\t\t\t\t\t\t\t\t\t\t\t\t\t\t\t<div class=\"project-detail-block-descr\">\n\t\t\t\t\t\t\t\t<p><p>2028<\/p>\n<\/p>\n\t\t\t\t\t\t\t<\/div>\n\t\t\t\t\t\t\t\t\t\t\t<\/div>\n\t\t\t\t<\/div>\n\t\t\t\t\t\t\t\t\t\t\t<div class=\"project-detail-block-wrapper\">\n\t\t\t\t\t<div class=\"project-detail-block-item\">\n\t\t\t\t\t\t\t\t\t\t\t\t\t<div class=\"project-detail-block-title\">\n\t\t\t\t\t\t\t\tLOKASYON\t\t\t\t\t\t\t<\/div>\n\t\t\t\t\t\t\t\t\t\t\t\t\t\t\t\t\t\t\t<div class=\"project-detail-block-descr\">\n\t\t\t\t\t\t\t\t<p><p>Dubai Harbour<\/p>\n<\/p>\n\t\t\t\t\t\t\t<\/div>\n\t\t\t\t\t\t\t\t\t\t\t<\/div>\n\t\t\t\t<\/div>\n\t\t\t\t\t\t\t\t\t\t\t<div class=\"project-detail-block-wrapper\">\n\t\t\t\t\t<div class=\"project-detail-block-item\">\n\t\t\t\t\t\t\t\t\t\t\t\t\t<div class=\"project-detail-block-title\">\n\t\t\t\t\t\t\t\tOWNER\t\t\t\t\t\t\t<\/div>\n\t\t\t\t\t\t\t\t\t\t\t\t\t\t\t\t\t\t\t<div class=\"project-detail-block-descr\">\n\t\t\t\t\t\t\t\t<p><p>Shamal Holding<\/p>\n<\/p>\n\t\t\t\t\t\t\t<\/div>\n\t\t\t\t\t\t\t\t\t\t\t<\/div>\n\t\t\t\t<\/div>\n\t\t\t\t\t\t\t\t\t\t\t<div class=\"project-detail-block-wrapper\">\n\t\t\t\t\t<div class=\"project-detail-block-item\">\n\t\t\t\t\t\t\t\t\t\t\t\t\t<div class=\"project-detail-block-title\">\n\t\t\t\t\t\t\t\t\u0130N\u015eAAT \u015e\u0130RKET\u0130\t\t\t\t\t\t\t<\/div>\n\t\t\t\t\t\t\t\t\t\t\t\t\t\t\t\t\t\t\t<div class=\"project-detail-block-descr\">\n\t\t\t\t\t\t\t\t<p><p>H&H Development<\/p>\n<\/p>\n\t\t\t\t\t\t\t<\/div>\n\t\t\t\t\t\t\t\t\t\t\t<\/div>\n\t\t\t\t<\/div>\n\t\t\t\t\t\t\t\t\t\t<\/div>\n\t\t\t\t\t\t<\/div>\n\t\t\t\t<\/div>\n\t\t\t\t\t<\/div>\n\t\t\t\t<\/div>\n\t\t<div class=\"elementor-element elementor-element-575a04c e-con-full e-flex e-con e-parent\" data-id=\"575a04c\" data-element_type=\"container\">\n\t\t\t\t<div class=\"elementor-element elementor-element-5d5bfdd elementor-widget elementor-widget-single-media\" data-id=\"5d5bfdd\" data-element_type=\"widget\" data-widget_type=\"single-media.default\">\n\t\t\t\t<div class=\"elementor-widget-container\">\n\t\t\t\t\t\t\t\t<div class=\"single-media single-media--image\">\n\t\t\t\t<div class=\"single-media__wrap\">\n\t\t\t\t\t<img decoding=\"async\" src=\"https:\/\/ler.ae\/tr\/wp-content\/uploads\/2026\/01\/1.webp\" class=\"single-media__image \" alt=\"The Residences at The Dubai Beach EDITION\" srcset=\"https:\/\/ler.ae\/tr\/wp-content\/uploads\/2026\/01\/1.webp 1248w, https:\/\/ler.ae\/tr\/wp-content\/uploads\/2026\/01\/1-300x169.webp 300w, https:\/\/ler.ae\/tr\/wp-content\/uploads\/2026\/01\/1-1024x576.webp 1024w, https:\/\/ler.ae\/tr\/wp-content\/uploads\/2026\/01\/1-768x432.webp 768w\" sizes=\"(max-width: 1248px) 100vw, 1248px\" \/>\t\t\t\t\t\t\t\t\t<\/div>\n\t\t\t<\/div>\n\t\t\t\t\t\t<\/div>\n\t\t\t\t<\/div>\n\t\t\t\t<\/div>\n\t\t<div class=\"elementor-element elementor-element-74af1bf e-con-full e-flex e-con e-parent\" data-id=\"74af1bf\" data-element_type=\"container\">\n\t\t<div class=\"elementor-element elementor-element-3cdafc5 e-con-full e-flex e-con e-child\" data-id=\"3cdafc5\" data-element_type=\"container\">\n\t\t\t\t<div class=\"elementor-element elementor-element-ad22d9c elementor-widget elementor-widget-project-detail\" data-id=\"ad22d9c\" data-element_type=\"widget\" data-widget_type=\"project-detail.default\">\n\t\t\t\t<div class=\"elementor-widget-container\">\n\t\t\t\t\t\t\t\t<div class=\"project-detail-picture-wrapper  top\">\n\t\t\t\t\t<img decoding=\"async\" src=\"https:\/\/ler.ae\/tr\/wp-content\/uploads\/2026\/01\/5-ic.webp\" class=\"\" alt=\"The Residences at The Dubai Beach EDITION\" srcset=\"https:\/\/ler.ae\/tr\/wp-content\/uploads\/2026\/01\/5-ic.webp 493w, https:\/\/ler.ae\/tr\/wp-content\/uploads\/2026\/01\/5-ic-225x300.webp 225w\" sizes=\"(max-width: 493px) 100vw, 493px\" \/>\n\t\t\t\t\t                \t<div class=\"project-detail-picture-descr\">\n                \t\t<div class=\"w-full text-token-text-primary\" dir=\"auto\" data-testid=\"conversation-turn-193\">\n<div class=\"px-4 py-2 justify-center text-base md:gap-6 m-auto\">\n<div class=\"flex flex-1 text-base mx-auto gap-3 juice:gap-4 juice:md:gap-6 md:px-5 lg:px-1 xl:px-5 md:max-w-3xl lg:max-w-[40rem] xl:max-w-[48rem]\">\n<div class=\"relative flex w-full flex-col agent-turn\">\n<div class=\"flex-col gap-1 md:gap-3\">\n<div class=\"flex flex-grow flex-col max-w-full\">\n<div class=\"min-h-[20px] text-message flex flex-col items-start gap-3 whitespace-pre-wrap break-words [.text-message+&amp;]:mt-5 overflow-x-auto\" dir=\"auto\" data-message-author-role=\"assistant\" data-message-id=\"b0340ccf-73e4-49d7-aeda-6947323df338\">\n<div class=\"markdown prose w-full break-words dark:prose-invert dark\">\n<p>Dubai Harbour\u2019da ideal bir konumda yer alan kulelerin her biri, mahremiyeti en \u00fcst d\u00fczeye \u00e7\u0131karmak i\u00e7in tasarlanan radyal (dairesel) bir formla, 9 kata yay\u0131lan toplam 50 metre y\u00fcksekli\u011fe sahiptir. Bu mimari yap\u0131, do\u011fal \u0131\u015f\u0131\u011f\u0131 i\u00e7eri davet ederken biti\u015fikteki plaja, yat kul\u00fcb\u00fcne ve limana bakan panoramik manzaralar sunar. Geni\u015f zemin kat rezidanslar\u0131, m\u00fcstakil havuzlu (plunge pool) \u00f6zel peyzajl\u0131 bah\u00e7elerin keyfini sunarken; yar\u0131m kat b\u00fcy\u00fckl\u00fc\u011f\u00fcndeki en \u00fcst kat penthouse'lar ise konutu \u00e7epe\u00e7evre saran \u00f6zel peyzajl\u0131 teraslara ve 16 metre uzunlu\u011funda \u00f6zel havuzlara sahiptir. Dubai Beach EDITION resort-oteli, g\u00fcnd\u00fcz ya\u015fam\u0131ndan gece hayat\u0131na uzanan \u00e7e\u015fitli etkinlik se\u00e7kileri, k\u00fclt\u00fcrel aktivasyonlar ve yenileyici sosyal olanaklar e\u015fli\u011finde, sofistike ve ki\u015fiselle\u015ftirilmi\u015f bir hizmet sunan 189 misafir odas\u0131 ve suitten olu\u015fmaktad\u0131r. Otelcilik konforuyla harmanlanm\u0131\u015f bu rezidanslar, EDITION taraf\u0131ndan y\u00f6netilmekte ve uzmanl\u0131kla i\u015fletilmektedir.<\/p>\n<\/div>\n<\/div>\n<\/div>\n<\/div>\n<\/div>\n<\/div>\n<\/div>\n<\/div>\n                \t<\/div>\n\t\t\t\t\t\n\t\t\t\t\t\n\t\t\t<\/div>\n\t\t\t\t\t\t\t<\/div>\n\t\t\t\t<\/div>\n\t\t\t\t<\/div>\n\t\t<div class=\"elementor-element elementor-element-a36ea86 e-con-full e-flex e-con e-child\" data-id=\"a36ea86\" data-element_type=\"container\">\n\t\t\t\t<div class=\"elementor-element elementor-element-4c0ed48 elementor-widget elementor-widget-project-detail\" data-id=\"4c0ed48\" data-element_type=\"widget\" data-widget_type=\"project-detail.default\">\n\t\t\t\t<div class=\"elementor-widget-container\">\n\t\t\t\t\t\t\t\t<div class=\"project-detail-picture-wrapper  bottom\">\n\t\t\t\t\t\n\t\t\t\t\t                \t<div class=\"project-detail-picture-descr\">\n                \t\t<p>The Residences at The Dubai Beach EDITION; b\u00fcy\u00fckl\u00fckleri <b data-path-to-node=\"3\" data-index-in-node=\"57\">134 ile 223 metrekare<\/b> aras\u0131nda de\u011fi\u015fen ve tavan y\u00fckseklikleri <b data-path-to-node=\"3\" data-index-in-node=\"119\">3 ila 4 metreyi bulan<\/b>, toplam <b data-path-to-node=\"3\" data-index-in-node=\"149\">165 adet<\/b> l\u00fcks, tam hizmet sunan (full-service), 2 ila 4 yatak odal\u0131 konutu i\u00e7eren d\u00f6rt adet az katl\u0131 kuleden olu\u015fmaktad\u0131r. Architectural Digest <b data-path-to-node=\"3\" data-index-in-node=\"293\">AD100 Hall of Fame<\/b> (Onur Listesi) \u00fcyesi i\u00e7 mimarl\u0131k firmas\u0131 <b data-path-to-node=\"3\" data-index-in-node=\"353\">Rockwell Group<\/b>, daha \u00f6nce New York EDITION ve Kanai'deki Riviera Maya EDITION projelerinde oldu\u011fu gibi, Dubai Beach EDITION ve Residences ile s\u00fcr\u00fckleyici marka tasar\u0131m\u0131 konusundaki k\u00f6kl\u00fc miras\u0131n\u0131 devam ettiriyor. The Residences at The Dubai Beach EDITION, d\u00fcnyada kendine ait \u00f6zel plaj\u0131 bulunan tek EDITION projesi olma \u00f6zelli\u011fini ta\u015f\u0131maktad\u0131r.<\/p>\n                \t<\/div>\n\t\t\t\t\t\n\t\t\t\t\t<img decoding=\"async\" src=\"https:\/\/ler.ae\/tr\/wp-content\/uploads\/2026\/01\/ic-2.webp\" class=\"\" alt=\"The Residences at The Dubai Beach EDITION\" srcset=\"https:\/\/ler.ae\/tr\/wp-content\/uploads\/2026\/01\/ic-2.webp 495w, https:\/\/ler.ae\/tr\/wp-content\/uploads\/2026\/01\/ic-2-225x300.webp 225w\" sizes=\"(max-width: 495px) 100vw, 495px\" \/>\n\t\t\t<\/div>\n\t\t\t\t\t\t\t<\/div>\n\t\t\t\t<\/div>\n\t\t\t\t<\/div>\n\t\t\t\t<\/div>\n\t\t<div class=\"elementor-element elementor-element-f3a746b e-con-full e-flex e-con e-parent\" data-id=\"f3a746b\" data-element_type=\"container\">\n\t\t\t\t<div class=\"elementor-element elementor-element-13bf077 elementor-widget elementor-widget-single-media\" data-id=\"13bf077\" data-element_type=\"widget\" data-widget_type=\"single-media.default\">\n\t\t\t\t<div class=\"elementor-widget-container\">\n\t\t\t\t\t\t\t\t<div class=\"single-media single-media--image\">\n\t\t\t\t<div class=\"single-media__wrap\">\n\t\t\t\t\t<img decoding=\"async\" src=\"https:\/\/ler.ae\/tr\/wp-content\/uploads\/2026\/01\/2.webp\" class=\"single-media__image \" alt=\"The Residences at The Dubai Beach EDITION\" srcset=\"https:\/\/ler.ae\/tr\/wp-content\/uploads\/2026\/01\/2.webp 1392w, https:\/\/ler.ae\/tr\/wp-content\/uploads\/2026\/01\/2-300x169.webp 300w, https:\/\/ler.ae\/tr\/wp-content\/uploads\/2026\/01\/2-1024x576.webp 1024w, https:\/\/ler.ae\/tr\/wp-content\/uploads\/2026\/01\/2-768x432.webp 768w\" sizes=\"(max-width: 1392px) 100vw, 1392px\" \/>\t\t\t\t\t\t\t\t\t<\/div>\n\t\t\t<\/div>\n\t\t\t\t\t\t<\/div>\n\t\t\t\t<\/div>\n\t\t\t\t<\/div>\n\t\t<div class=\"elementor-element elementor-element-43c367b e-con-full e-flex e-con e-parent\" data-id=\"43c367b\" data-element_type=\"container\">\n\t\t<div class=\"elementor-element elementor-element-6ae0194 e-con-full e-flex e-con e-child\" data-id=\"6ae0194\" data-element_type=\"container\">\n\t\t\t\t<div class=\"elementor-element elementor-element-9138897 elementor-widget elementor-widget-project-detail\" data-id=\"9138897\" data-element_type=\"widget\" data-widget_type=\"project-detail.default\">\n\t\t\t\t<div class=\"elementor-widget-container\">\n\t\t\t\t\t\t\t\t<div class=\"project-detail-picture-wrapper  top\">\n\t\t\t\t\t<img decoding=\"async\" src=\"https:\/\/ler.ae\/tr\/wp-content\/uploads\/2026\/01\/6-ic.webp\" class=\"\" alt=\"The Residences at The Dubai Beach EDITION\" srcset=\"https:\/\/ler.ae\/tr\/wp-content\/uploads\/2026\/01\/6-ic.webp 521w, https:\/\/ler.ae\/tr\/wp-content\/uploads\/2026\/01\/6-ic-225x300.webp 225w\" sizes=\"(max-width: 521px) 100vw, 521px\" \/>\n\t\t\t\t\t                \t<div class=\"project-detail-picture-descr\">\n                \t\t<p>The Residences at The Dubai Beach EDITION, <b data-path-to-node=\"3\" data-index-in-node=\"44\">c\u00f6mert metrekareleri<\/b> ve titizlikle se\u00e7ilmi\u015f donan\u0131mlar\u0131yla \u00f6ne \u00e7\u0131k\u0131yor. G\u00fcn do\u011fumundan g\u00fcn bat\u0131m\u0131na uzanan nefes kesici manzaralar\u0131 g\u00f6zler \u00f6n\u00fcne seren <b data-path-to-node=\"3\" data-index-in-node=\"195\">tavandan tabana pencereler<\/b>, her ana e\u015fsiz bir doku kat\u0131yor. \u00d6zenle tasarlanm\u0131\u015f i\u00e7 mekanlar, \u00fcst segment donan\u0131mlar ve en ileri teknoloji; l\u00fcks ile konforu kusursuz bir uyumla harmanl\u0131yor.<\/p>\n                \t<\/div>\n\t\t\t\t\t\n\t\t\t\t\t\n\t\t\t<\/div>\n\t\t\t\t\t\t\t<\/div>\n\t\t\t\t<\/div>\n\t\t\t\t<\/div>\n\t\t<div class=\"elementor-element elementor-element-b78bf49 e-con-full e-flex e-con e-child\" data-id=\"b78bf49\" data-element_type=\"container\">\n\t\t\t\t<div class=\"elementor-element elementor-element-8e214d5 elementor-widget elementor-widget-project-detail\" data-id=\"8e214d5\" data-element_type=\"widget\" data-widget_type=\"project-detail.default\">\n\t\t\t\t<div class=\"elementor-widget-container\">\n\t\t\t\t\t\t\t\t<div class=\"project-detail-picture-wrapper  bottom\">\n\t\t\t\t\t\n\t\t\t\t\t                \t<div class=\"project-detail-picture-descr\">\n                \t\t<p>Pritzker \u00d6d\u00fcll\u00fc mimarl\u0131k ofisi <b data-path-to-node=\"3\" data-index-in-node=\"32\">RSHP<\/b> taraf\u0131ndan tasarlanan\u00a0 d\u00f6rt kuleden olu\u015fan bu yap\u0131 grubu, EDITION\u2019\u0131n imza tasar\u0131m unsurlar\u0131ndan ilham al\u0131yor. \u0130klime duyarl\u0131 formu ve d\u00fcnya standartlar\u0131ndaki tasar\u0131m zarafetinin bir yans\u0131mas\u0131 olan proje, i\u00e7 ve d\u0131\u015f mekanlar aras\u0131ndaki kesintisiz ge\u00e7i\u015fleri ak\u0131ll\u0131ca dengeliyor. Belirgin mimari \u00f6zellikler aras\u0131nda; zarif, tavandan tabana panoramik cam cepheler, kule boyunca sarmal bir \u015fekilde y\u00fckselen estetik peyzajl\u0131 kademeler (setbacks) ile do\u011fal ah\u015fap, ta\u015f kaplama ve eloksall\u0131 metal biti\u015flerden olu\u015fan dayan\u0131kl\u0131 bir d\u0131\u015f cephe yer al\u0131yor.<\/p>\n                \t<\/div>\n\t\t\t\t\t\n\t\t\t\t\t<img decoding=\"async\" src=\"https:\/\/ler.ae\/tr\/wp-content\/uploads\/2026\/01\/ic-3.webp\" class=\"\" alt=\"The Residences at The Dubai Beach EDITION\" srcset=\"https:\/\/ler.ae\/tr\/wp-content\/uploads\/2026\/01\/ic-3.webp 470w, https:\/\/ler.ae\/tr\/wp-content\/uploads\/2026\/01\/ic-3-225x300.webp 225w\" sizes=\"(max-width: 470px) 100vw, 470px\" \/>\n\t\t\t<\/div>\n\t\t\t\t\t\t\t<\/div>\n\t\t\t\t<\/div>\n\t\t\t\t<\/div>\n\t\t\t\t<\/div>\n\t\t<div class=\"elementor-element elementor-element-33b2c9a e-con-full e-flex e-con e-parent\" data-id=\"33b2c9a\" data-element_type=\"container\">\n\t\t<div class=\"elementor-element elementor-element-822d882 e-con-full e-flex e-con e-child\" data-id=\"822d882\" data-element_type=\"container\">\n\t\t\t\t<div class=\"elementor-element elementor-element-191ed15 elementor-widget elementor-widget-single-media\" data-id=\"191ed15\" data-element_type=\"widget\" data-widget_type=\"single-media.default\">\n\t\t\t\t<div class=\"elementor-widget-container\">\n\t\t\t\t\t\t\t\t<div class=\"single-media single-media--image\">\n\t\t\t\t<div class=\"single-media__wrap\">\n\t\t\t\t\t<img decoding=\"async\" src=\"https:\/\/ler.ae\/tr\/wp-content\/uploads\/2024\/04\/Anwa-by-OMNIYAT-Exterior-3-scaled.jpg\" class=\"single-media__image \" alt=\"\" srcset=\"https:\/\/ler.ae\/tr\/wp-content\/uploads\/2024\/04\/Anwa-by-OMNIYAT-Exterior-3-scaled.jpg 2560w, https:\/\/ler.ae\/tr\/wp-content\/uploads\/2024\/04\/Anwa-by-OMNIYAT-Exterior-3-300x200.jpg 300w, https:\/\/ler.ae\/tr\/wp-content\/uploads\/2024\/04\/Anwa-by-OMNIYAT-Exterior-3-1024x683.jpg 1024w, https:\/\/ler.ae\/tr\/wp-content\/uploads\/2024\/04\/Anwa-by-OMNIYAT-Exterior-3-768x513.jpg 768w, https:\/\/ler.ae\/tr\/wp-content\/uploads\/2024\/04\/Anwa-by-OMNIYAT-Exterior-3-1536x1025.jpg 1536w, https:\/\/ler.ae\/tr\/wp-content\/uploads\/2024\/04\/Anwa-by-OMNIYAT-Exterior-3-2048x1367.jpg 2048w\" sizes=\"(max-width: 2560px) 100vw, 2560px\" \/>\t\t\t\t\t\t\t\t\t<\/div>\n\t\t\t<\/div>\n\t\t\t\t\t\t<\/div>\n\t\t\t\t<\/div>\n\t\t\t\t<\/div>\n\t\t\t\t<\/div>\n\t\t\t\t<\/div>\n\t\t","protected":false},"excerpt":{"rendered":"","protected":false},"author":1,"featured_media":5728,"parent":0,"menu_order":0,"comment_status":"closed","ping_status":"closed","template":"elementor_header_footer","meta":{"footnotes":""},"class_list":["post-9078","page","type-page","status-publish","has-post-thumbnail","hentry"],"yoast_head":"<!-- This site is optimized with the Yoast SEO plugin v24.1 - https:\/\/yoast.com\/wordpress\/plugins\/seo\/ -->\n<title>The Residences at The Dubai Beach EDITION - Ler Properties - Dubai ve \u0130stanbul L\u00fcks Konut Projeleri: Sat\u0131l\u0131k Villa, Bo\u011faz Manzaral\u0131 Daire<\/title>\n<meta name=\"description\" content=\"Dap yeni levent \u015fehir merkezinden uzakta g\u00f6rmeye al\u0131\u015f\u0131k oldu\u011fumuz, dingin atmosferiyle \u00f6ne \u00e7\u0131kan country ya\u015fam tarz\u0131.\" \/>\n<meta name=\"robots\" content=\"index, follow, max-snippet:-1, max-image-preview:large, max-video-preview:-1\" \/>\n<link rel=\"canonical\" href=\"https:\/\/ler.ae\/tr\/the-residences-at-the-dubai-beach-edition\/\" \/>\n<meta property=\"og:locale\" content=\"tr_TR\" \/>\n<meta property=\"og:type\" content=\"article\" \/>\n<meta property=\"og:title\" content=\"The Residences at The Dubai Beach EDITION - Ler Properties - Dubai ve \u0130stanbul L\u00fcks Konut Projeleri: Sat\u0131l\u0131k Villa, Bo\u011faz Manzaral\u0131 Daire\" \/>\n<meta property=\"og:description\" content=\"Dap yeni levent \u015fehir merkezinden uzakta g\u00f6rmeye al\u0131\u015f\u0131k oldu\u011fumuz, dingin atmosferiyle \u00f6ne \u00e7\u0131kan country ya\u015fam tarz\u0131.\" \/>\n<meta property=\"og:url\" content=\"https:\/\/ler.ae\/tr\/the-residences-at-the-dubai-beach-edition\/\" \/>\n<meta property=\"og:site_name\" content=\"Ler Properties - Dubai ve \u0130stanbul L\u00fcks Konut Projeleri: Sat\u0131l\u0131k Villa, Bo\u011faz Manzaral\u0131 Daire\" \/>\n<meta property=\"article:publisher\" content=\"https:\/\/m.facebook.com\/lerproperties\" \/>\n<meta property=\"article:modified_time\" content=\"2026-01-08T19:22:43+00:00\" \/>\n<meta property=\"og:image\" content=\"https:\/\/ler.ae\/tr\/wp-content\/uploads\/2024\/03\/dap-yeni-levent-istanbul-5.jpg\" \/>\n\t<meta property=\"og:image:width\" content=\"1920\" \/>\n\t<meta property=\"og:image:height\" content=\"1080\" \/>\n\t<meta property=\"og:image:type\" content=\"image\/jpeg\" \/>\n<meta name=\"twitter:card\" content=\"summary_large_image\" \/>\n<meta name=\"twitter:label1\" content=\"Tahmini okuma s\u00fcresi\" \/>\n\t<meta name=\"twitter:data1\" content=\"5 dakika\" \/>\n<script type=\"application\/ld+json\" class=\"yoast-schema-graph\">{\"@context\":\"https:\/\/schema.org\",\"@graph\":[{\"@type\":\"WebPage\",\"@id\":\"https:\/\/ler.ae\/tr\/the-residences-at-the-dubai-beach-edition\/\",\"url\":\"https:\/\/ler.ae\/tr\/the-residences-at-the-dubai-beach-edition\/\",\"name\":\"The Residences at The Dubai Beach EDITION - Ler Properties - Dubai ve \u0130stanbul L\u00fcks Konut Projeleri: Sat\u0131l\u0131k Villa, Bo\u011faz Manzaral\u0131 Daire\",\"isPartOf\":{\"@id\":\"https:\/\/ler.ae\/tr\/#website\"},\"primaryImageOfPage\":{\"@id\":\"https:\/\/ler.ae\/tr\/the-residences-at-the-dubai-beach-edition\/#primaryimage\"},\"image\":{\"@id\":\"https:\/\/ler.ae\/tr\/the-residences-at-the-dubai-beach-edition\/#primaryimage\"},\"thumbnailUrl\":\"https:\/\/ler.ae\/tr\/wp-content\/uploads\/2024\/03\/dap-yeni-levent-istanbul-5.jpg\",\"datePublished\":\"2026-01-08T19:18:35+00:00\",\"dateModified\":\"2026-01-08T19:22:43+00:00\",\"description\":\"Dap yeni levent \u015fehir merkezinden uzakta g\u00f6rmeye al\u0131\u015f\u0131k oldu\u011fumuz, dingin atmosferiyle \u00f6ne \u00e7\u0131kan country ya\u015fam tarz\u0131.\",\"inLanguage\":\"tr\",\"potentialAction\":[{\"@type\":\"ReadAction\",\"target\":[\"https:\/\/ler.ae\/tr\/the-residences-at-the-dubai-beach-edition\/\"]}]},{\"@type\":\"ImageObject\",\"inLanguage\":\"tr\",\"@id\":\"https:\/\/ler.ae\/tr\/the-residences-at-the-dubai-beach-edition\/#primaryimage\",\"url\":\"https:\/\/ler.ae\/tr\/wp-content\/uploads\/2024\/03\/dap-yeni-levent-istanbul-5.jpg\",\"contentUrl\":\"https:\/\/ler.ae\/tr\/wp-content\/uploads\/2024\/03\/dap-yeni-levent-istanbul-5.jpg\",\"width\":1920,\"height\":1080,\"caption\":\"dap-yeni-levent-\"},{\"@type\":\"WebSite\",\"@id\":\"https:\/\/ler.ae\/tr\/#website\",\"url\":\"https:\/\/ler.ae\/tr\/\",\"name\":\"Ler Properties\",\"description\":\"Ler Properties\",\"alternateName\":\"Ler Properties\",\"potentialAction\":[{\"@type\":\"SearchAction\",\"target\":{\"@type\":\"EntryPoint\",\"urlTemplate\":\"https:\/\/ler.ae\/tr\/?s={search_term_string}\"},\"query-input\":{\"@type\":\"PropertyValueSpecification\",\"valueRequired\":true,\"valueName\":\"search_term_string\"}}],\"inLanguage\":\"tr\"}]}<\/script>\n<!-- \/ Yoast SEO plugin. -->","yoast_head_json":{"title":"The Residences at The Dubai Beach EDITION - Ler Properties - Dubai ve \u0130stanbul L\u00fcks Konut Projeleri: Sat\u0131l\u0131k Villa, Bo\u011faz Manzaral\u0131 Daire","description":"Dap yeni levent \u015fehir merkezinden uzakta g\u00f6rmeye al\u0131\u015f\u0131k oldu\u011fumuz, dingin atmosferiyle \u00f6ne \u00e7\u0131kan country ya\u015fam tarz\u0131.","robots":{"index":"index","follow":"follow","max-snippet":"max-snippet:-1","max-image-preview":"max-image-preview:large","max-video-preview":"max-video-preview:-1"},"canonical":"https:\/\/ler.ae\/tr\/the-residences-at-the-dubai-beach-edition\/","og_locale":"tr_TR","og_type":"article","og_title":"The Residences at The Dubai Beach EDITION - Ler Properties - Dubai ve \u0130stanbul L\u00fcks Konut Projeleri: Sat\u0131l\u0131k Villa, Bo\u011faz Manzaral\u0131 Daire","og_description":"Dap yeni levent \u015fehir merkezinden uzakta g\u00f6rmeye al\u0131\u015f\u0131k oldu\u011fumuz, dingin atmosferiyle \u00f6ne \u00e7\u0131kan country ya\u015fam tarz\u0131.","og_url":"https:\/\/ler.ae\/tr\/the-residences-at-the-dubai-beach-edition\/","og_site_name":"Ler Properties - Dubai ve \u0130stanbul L\u00fcks Konut Projeleri: Sat\u0131l\u0131k Villa, Bo\u011faz Manzaral\u0131 Daire","article_publisher":"https:\/\/m.facebook.com\/lerproperties","article_modified_time":"2026-01-08T19:22:43+00:00","og_image":[{"width":1920,"height":1080,"url":"https:\/\/ler.ae\/tr\/wp-content\/uploads\/2024\/03\/dap-yeni-levent-istanbul-5.jpg","type":"image\/jpeg"}],"twitter_card":"summary_large_image","twitter_misc":{"Tahmini okuma s\u00fcresi":"5 dakika"},"schema":{"@context":"https:\/\/schema.org","@graph":[{"@type":"WebPage","@id":"https:\/\/ler.ae\/tr\/the-residences-at-the-dubai-beach-edition\/","url":"https:\/\/ler.ae\/tr\/the-residences-at-the-dubai-beach-edition\/","name":"The Residences at The Dubai Beach EDITION - Ler Properties - Dubai ve \u0130stanbul L\u00fcks Konut Projeleri: Sat\u0131l\u0131k Villa, Bo\u011faz Manzaral\u0131 Daire","isPartOf":{"@id":"https:\/\/ler.ae\/tr\/#website"},"primaryImageOfPage":{"@id":"https:\/\/ler.ae\/tr\/the-residences-at-the-dubai-beach-edition\/#primaryimage"},"image":{"@id":"https:\/\/ler.ae\/tr\/the-residences-at-the-dubai-beach-edition\/#primaryimage"},"thumbnailUrl":"https:\/\/ler.ae\/tr\/wp-content\/uploads\/2024\/03\/dap-yeni-levent-istanbul-5.jpg","datePublished":"2026-01-08T19:18:35+00:00","dateModified":"2026-01-08T19:22:43+00:00","description":"Dap yeni levent \u015fehir merkezinden uzakta g\u00f6rmeye al\u0131\u015f\u0131k oldu\u011fumuz, dingin atmosferiyle \u00f6ne \u00e7\u0131kan country ya\u015fam tarz\u0131.","inLanguage":"tr","potentialAction":[{"@type":"ReadAction","target":["https:\/\/ler.ae\/tr\/the-residences-at-the-dubai-beach-edition\/"]}]},{"@type":"ImageObject","inLanguage":"tr","@id":"https:\/\/ler.ae\/tr\/the-residences-at-the-dubai-beach-edition\/#primaryimage","url":"https:\/\/ler.ae\/tr\/wp-content\/uploads\/2024\/03\/dap-yeni-levent-istanbul-5.jpg","contentUrl":"https:\/\/ler.ae\/tr\/wp-content\/uploads\/2024\/03\/dap-yeni-levent-istanbul-5.jpg","width":1920,"height":1080,"caption":"dap-yeni-levent-"},{"@type":"WebSite","@id":"https:\/\/ler.ae\/tr\/#website","url":"https:\/\/ler.ae\/tr\/","name":"Ler Properties","description":"Ler Properties","alternateName":"Ler Properties","potentialAction":[{"@type":"SearchAction","target":{"@type":"EntryPoint","urlTemplate":"https:\/\/ler.ae\/tr\/?s={search_term_string}"},"query-input":{"@type":"PropertyValueSpecification","valueRequired":true,"valueName":"search_term_string"}}],"inLanguage":"tr"}]}},"_links":{"self":[{"href":"https:\/\/ler.ae\/tr\/wp-json\/wp\/v2\/pages\/9078","targetHints":{"allow":["GET"]}}],"collection":[{"href":"https:\/\/ler.ae\/tr\/wp-json\/wp\/v2\/pages"}],"about":[{"href":"https:\/\/ler.ae\/tr\/wp-json\/wp\/v2\/types\/page"}],"author":[{"embeddable":true,"href":"https:\/\/ler.ae\/tr\/wp-json\/wp\/v2\/users\/1"}],"replies":[{"embeddable":true,"href":"https:\/\/ler.ae\/tr\/wp-json\/wp\/v2\/comments?post=9078"}],"version-history":[{"count":7,"href":"https:\/\/ler.ae\/tr\/wp-json\/wp\/v2\/pages\/9078\/revisions"}],"predecessor-version":[{"id":9094,"href":"https:\/\/ler.ae\/tr\/wp-json\/wp\/v2\/pages\/9078\/revisions\/9094"}],"wp:featuredmedia":[{"embeddable":true,"href":"https:\/\/ler.ae\/tr\/wp-json\/wp\/v2\/media\/5728"}],"wp:attachment":[{"href":"https:\/\/ler.ae\/tr\/wp-json\/wp\/v2\/media?parent=9078"}],"curies":[{"name":"wp","href":"https:\/\/api.w.org\/{rel}","templated":true}]}}