{"id":7659,"date":"2024-06-06T10:55:39","date_gmt":"2024-06-06T10:55:39","guid":{"rendered":"https:\/\/ler.ae\/tr\/?page_id=7659"},"modified":"2024-06-06T10:59:54","modified_gmt":"2024-06-06T10:59:54","slug":"ela-residences-dubai-tr","status":"publish","type":"page","link":"https:\/\/ler.ae\/tr\/ela-residences-dubai-tr\/","title":{"rendered":"ELA Residences"},"content":{"rendered":"\t\t<div data-elementor-type=\"wp-page\" data-elementor-id=\"7659\" class=\"elementor elementor-7659\" data-elementor-post-type=\"page\">\n\t\t\t\t<div class=\"elementor-element elementor-element-8e915b0 e-flex e-con-boxed e-con e-parent\" data-id=\"8e915b0\" data-element_type=\"container\">\n\t\t\t\t\t<div class=\"e-con-inner\">\n\t\t\t\t<div class=\"elementor-element elementor-element-fd7e11b elementor-widget elementor-widget-banner-title\" data-id=\"fd7e11b\" data-element_type=\"widget\" data-widget_type=\"banner-title.default\">\n\t\t\t\t<div class=\"elementor-widget-container\">\n\t\t\t\t\t\t\t<section class=\"container-fluid top-banner no-padd  simple  dark\">\t\t\t<div class=\"content\">\n\t\t\t\t<div class=\"prague-svg-animation-text\">\n\t\t\t\t\t\t\t\t\t<\/div>\n\t\t\t\t<div class=\"subtitle\">Dubai, Birle\u015fik Arap Emirlikleri<\/div>\t\t\t\t<h1 class=\"title\">ELA RESIDENCES<\/h1>\t\t\t\t<div class=\"description\"><p><p>\u00c7ok nadiren, bir alan\u0131n tan\u0131nm\u0131\u015f parametreleri, o kadar ola\u011fan\u00fcst\u00fc bir \u015feyle yeniden tan\u0131mlan\u0131r ki, mevcut tan\u0131mlar\u0131n yeniden g\u00f6zden ge\u00e7irilmesi gerekir. ELA Residences, b\u00f6yle bir yarat\u0131md\u0131r. Palm Jumeirah'da m\u00fckemmel bir konumda yer alan bu proje, mahremiyet ve sonsuz \u0131\u015f\u0131kla dolup ta\u015fan bir cennettir. \u0130hti\u015fam ve zarafetin, huzur ve dinginli\u011fin doruk noktas\u0131 olarak yeni bir l\u00fcks ya\u015fam kriteri olu\u015fturuyor. 43.300.000 dirhemden (11.788.800$) ba\u015flayan fiyatlarla 3-4 odal\u0131 daire, 3-4 odal\u0131 duplex ve penthouse se\u00e7enekleriyle ELA Residences sizleri bekliyor.<\/p><\/p><\/div>\t\t\t\t\t\t\t<\/div>\n\t\t\t<div class=\"top-banner-cursor\"><\/div>\n\t\t<\/section>\n\t\t\t\t\t\t<\/div>\n\t\t\t\t<\/div>\n\t\t\t\t<div class=\"elementor-element elementor-element-1542fa4 elementor-widget elementor-widget-info-block\" data-id=\"1542fa4\" data-element_type=\"widget\" data-widget_type=\"info-block.default\">\n\t\t\t\t<div class=\"elementor-widget-container\">\n\t\t\t\t\t\t\t\t\t<div class=\"project-detail-block-outer \">\n\t\t\t\t\t\t\t<div class=\"project-detail-block-wrapper\">\n\t\t\t\t\t<div class=\"project-detail-block-item\">\n\t\t\t\t\t\t\t\t\t\t\t\t\t<div class=\"project-detail-block-title\">\n\t\t\t\t\t\t\t\tPROJE TESL\u0130M\t\t\t\t\t\t\t<\/div>\n\t\t\t\t\t\t\t\t\t\t\t\t\t\t\t\t\t\t\t<div class=\"project-detail-block-descr\">\n\t\t\t\t\t\t\t\t<p><p>2028 Q1<\/p>\n<\/p>\n\t\t\t\t\t\t\t<\/div>\n\t\t\t\t\t\t\t\t\t\t\t<\/div>\n\t\t\t\t<\/div>\n\t\t\t\t\t\t\t\t\t\t\t<div class=\"project-detail-block-wrapper\">\n\t\t\t\t\t<div class=\"project-detail-block-item\">\n\t\t\t\t\t\t\t\t\t\t\t\t\t<div class=\"project-detail-block-title\">\n\t\t\t\t\t\t\t\tLOKASYON\t\t\t\t\t\t\t<\/div>\n\t\t\t\t\t\t\t\t\t\t\t\t\t\t\t\t\t\t\t<div class=\"project-detail-block-descr\">\n\t\t\t\t\t\t\t\t<p><p>Palm Jumeirah, Dubai<\/p>\n<\/p>\n\t\t\t\t\t\t\t<\/div>\n\t\t\t\t\t\t\t\t\t\t\t<\/div>\n\t\t\t\t<\/div>\n\t\t\t\t\t\t\t\t\t\t\t<div class=\"project-detail-block-wrapper\">\n\t\t\t\t\t<div class=\"project-detail-block-item\">\n\t\t\t\t\t\t\t\t\t\t\t\t\t<div class=\"project-detail-block-title\">\n\t\t\t\t\t\t\t\t\u00d6DEME PLANI\t\t\t\t\t\t\t<\/div>\n\t\t\t\t\t\t\t\t\t\t\t\t\t\t\t\t\t\t\t<div class=\"project-detail-block-descr\">\n\t\t\t\t\t\t\t\t<p><p>Proje \u0130\u00e7in %5 Pe\u015finat ve Proje Sonu %40 \u00d6deme<\/p>\n<\/p>\n\t\t\t\t\t\t\t<\/div>\n\t\t\t\t\t\t\t\t\t\t\t<\/div>\n\t\t\t\t<\/div>\n\t\t\t\t\t\t\t\t\t\t\t<div class=\"project-detail-block-wrapper\">\n\t\t\t\t\t<div class=\"project-detail-block-item\">\n\t\t\t\t\t\t\t\t\t\t\t\t\t<div class=\"project-detail-block-title\">\n\t\t\t\t\t\t\t\t\u0130N\u015eAAT \u015e\u0130RKET\u0130\t\t\t\t\t\t\t<\/div>\n\t\t\t\t\t\t\t\t\t\t\t\t\t\t\t\t\t\t\t<div class=\"project-detail-block-descr\">\n\t\t\t\t\t\t\t\t<p><p>OMNIYAT<\/p>\n<\/p>\n\t\t\t\t\t\t\t<\/div>\n\t\t\t\t\t\t\t\t\t\t\t<\/div>\n\t\t\t\t<\/div>\n\t\t\t\t\t\t\t\t\t\t<\/div>\n\t\t\t\t\t\t<\/div>\n\t\t\t\t<\/div>\n\t\t\t\t\t<\/div>\n\t\t\t\t<\/div>\n\t\t<div class=\"elementor-element elementor-element-575a04c e-con-full e-flex e-con e-parent\" data-id=\"575a04c\" data-element_type=\"container\">\n\t\t\t\t<div class=\"elementor-element elementor-element-5d5bfdd elementor-widget elementor-widget-single-media\" data-id=\"5d5bfdd\" data-element_type=\"widget\" data-widget_type=\"single-media.default\">\n\t\t\t\t<div class=\"elementor-widget-container\">\n\t\t\t\t\t\t\t\t<div class=\"single-media single-media--image\">\n\t\t\t\t<div class=\"single-media__wrap\">\n\t\t\t\t\t<img decoding=\"async\" src=\"https:\/\/ler.ae\/tr\/wp-content\/uploads\/2024\/06\/ELA-Residences_Hero_Pool.jpg\" class=\"single-media__image \" alt=\"\" srcset=\"https:\/\/ler.ae\/tr\/wp-content\/uploads\/2024\/06\/ELA-Residences_Hero_Pool.jpg 2048w, https:\/\/ler.ae\/tr\/wp-content\/uploads\/2024\/06\/ELA-Residences_Hero_Pool-300x225.jpg 300w, https:\/\/ler.ae\/tr\/wp-content\/uploads\/2024\/06\/ELA-Residences_Hero_Pool-1024x768.jpg 1024w, https:\/\/ler.ae\/tr\/wp-content\/uploads\/2024\/06\/ELA-Residences_Hero_Pool-768x576.jpg 768w, https:\/\/ler.ae\/tr\/wp-content\/uploads\/2024\/06\/ELA-Residences_Hero_Pool-1536x1152.jpg 1536w\" sizes=\"(max-width: 2048px) 100vw, 2048px\" \/>\t\t\t\t\t\t\t\t\t<\/div>\n\t\t\t<\/div>\n\t\t\t\t\t\t<\/div>\n\t\t\t\t<\/div>\n\t\t\t\t<\/div>\n\t\t<div class=\"elementor-element elementor-element-74af1bf e-con-full e-flex e-con e-parent\" data-id=\"74af1bf\" data-element_type=\"container\">\n\t\t<div class=\"elementor-element elementor-element-3cdafc5 e-con-full e-flex e-con e-child\" data-id=\"3cdafc5\" data-element_type=\"container\">\n\t\t\t\t<div class=\"elementor-element elementor-element-ad22d9c elementor-widget elementor-widget-project-detail\" data-id=\"ad22d9c\" data-element_type=\"widget\" data-widget_type=\"project-detail.default\">\n\t\t\t\t<div class=\"elementor-widget-container\">\n\t\t\t\t\t\t\t\t<div class=\"project-detail-picture-wrapper  top\">\n\t\t\t\t\t<img decoding=\"async\" src=\"https:\/\/ler.ae\/tr\/wp-content\/uploads\/2024\/06\/8c16a498-4c53-4e37-8fe7-0ea163c0bd0b.jpg\" class=\"\" alt=\"\" srcset=\"https:\/\/ler.ae\/tr\/wp-content\/uploads\/2024\/06\/8c16a498-4c53-4e37-8fe7-0ea163c0bd0b.jpg 921w, https:\/\/ler.ae\/tr\/wp-content\/uploads\/2024\/06\/8c16a498-4c53-4e37-8fe7-0ea163c0bd0b-240x300.jpg 240w, https:\/\/ler.ae\/tr\/wp-content\/uploads\/2024\/06\/8c16a498-4c53-4e37-8fe7-0ea163c0bd0b-819x1024.jpg 819w, https:\/\/ler.ae\/tr\/wp-content\/uploads\/2024\/06\/8c16a498-4c53-4e37-8fe7-0ea163c0bd0b-768x961.jpg 768w\" sizes=\"(max-width: 921px) 100vw, 921px\" \/>\n\t\t\t\t\t                \t<div class=\"project-detail-picture-descr\">\n                \t\t<div class=\"w-full text-token-text-primary\" dir=\"auto\" data-testid=\"conversation-turn-193\">\n<div class=\"px-4 py-2 justify-center text-base md:gap-6 m-auto\">\n<div class=\"flex flex-1 text-base mx-auto gap-3 juice:gap-4 juice:md:gap-6 md:px-5 lg:px-1 xl:px-5 md:max-w-3xl lg:max-w-[40rem] xl:max-w-[48rem]\">\n<div class=\"relative flex w-full flex-col agent-turn\">\n<div class=\"flex-col gap-1 md:gap-3\">\n<div class=\"flex flex-grow flex-col max-w-full\">\n<div class=\"min-h-[20px] text-message flex flex-col items-start gap-3 whitespace-pre-wrap break-words [.text-message+&amp;]:mt-5 overflow-x-auto\" dir=\"auto\" data-message-author-role=\"assistant\" data-message-id=\"b0340ccf-73e4-49d7-aeda-6947323df338\">\n<div class=\"markdown prose w-full break-words dark:prose-invert dark\">\n<p>ELA Residences'\u0131n g\u00fcne\u015fle olan ba\u011flant\u0131s\u0131, \u0131\u015f\u0131kla dolu suya ve alt\u0131n kumlara dald\u0131\u011f\u0131n\u0131zda tam anlam\u0131yla ortaya \u00e7\u0131kar. Bu yer bir destinasyon olarak kategorize edilemez. Duyular\u0131n\u0131z\u0131n t\u00fcm\u00fcne hitap eden bir yolculuktur, size ayd\u0131nlat\u0131c\u0131 ve tan\u0131mlay\u0131c\u0131 deneyimler sunar. Sahile vuran suyun yumu\u015fak \u015f\u0131r\u0131lt\u0131s\u0131, sonsuz ufuk kadar zamans\u0131zd\u0131r; suyun bitti\u011fi ve \u0131\u015f\u0131\u011f\u0131n ba\u015flad\u0131\u011f\u0131 yer ay\u0131rt edilemez.<\/p>\n<\/div>\n<\/div>\n<\/div>\n<\/div>\n<\/div>\n<\/div>\n<\/div>\n<\/div>\n                \t<\/div>\n\t\t\t\t\t\n\t\t\t\t\t\n\t\t\t<\/div>\n\t\t\t\t\t\t\t<\/div>\n\t\t\t\t<\/div>\n\t\t\t\t<\/div>\n\t\t<div class=\"elementor-element elementor-element-a36ea86 e-con-full e-flex e-con e-child\" data-id=\"a36ea86\" data-element_type=\"container\">\n\t\t\t\t<div class=\"elementor-element elementor-element-4c0ed48 elementor-widget elementor-widget-project-detail\" data-id=\"4c0ed48\" data-element_type=\"widget\" data-widget_type=\"project-detail.default\">\n\t\t\t\t<div class=\"elementor-widget-container\">\n\t\t\t\t\t\t\t\t<div class=\"project-detail-picture-wrapper  bottom\">\n\t\t\t\t\t\n\t\t\t\t\t                \t<div class=\"project-detail-picture-descr\">\n                \t\t<p>Dorchester Collection'un e\u015fsiz sahil otelinde konaklay\u0131n. Zaha Hadid'in benzersiz kavisli tasar\u0131m\u0131nda yer alan s\u00fcitler, Dorchester Collection'un efsanevi hizmet seviyeleriyle sunulmaktad\u0131r. Ola\u011fan\u00fcst\u00fc gastronomik deneyimler, l\u00fcks spa tedavileri ve \u00f6zenle tasarlanm\u0131\u015f odalarla bulu\u015fun ya da sahilde durup \u0131\u015f\u0131\u011f\u0131n ve ya\u015fam\u0131n e\u015fsiz kalitesini i\u00e7inize \u00e7ekin.<\/p>\n                \t<\/div>\n\t\t\t\t\t\n\t\t\t\t\t<img decoding=\"async\" src=\"https:\/\/ler.ae\/tr\/wp-content\/uploads\/2024\/06\/5c8dde80-1a16-4919-bc36-f83a1d0f903c.jpg\" class=\"\" alt=\"\" srcset=\"https:\/\/ler.ae\/tr\/wp-content\/uploads\/2024\/06\/5c8dde80-1a16-4919-bc36-f83a1d0f903c.jpg 1403w, https:\/\/ler.ae\/tr\/wp-content\/uploads\/2024\/06\/5c8dde80-1a16-4919-bc36-f83a1d0f903c-240x300.jpg 240w, https:\/\/ler.ae\/tr\/wp-content\/uploads\/2024\/06\/5c8dde80-1a16-4919-bc36-f83a1d0f903c-819x1024.jpg 819w, https:\/\/ler.ae\/tr\/wp-content\/uploads\/2024\/06\/5c8dde80-1a16-4919-bc36-f83a1d0f903c-768x961.jpg 768w, https:\/\/ler.ae\/tr\/wp-content\/uploads\/2024\/06\/5c8dde80-1a16-4919-bc36-f83a1d0f903c-1228x1536.jpg 1228w\" sizes=\"(max-width: 1403px) 100vw, 1403px\" \/>\n\t\t\t<\/div>\n\t\t\t\t\t\t\t<\/div>\n\t\t\t\t<\/div>\n\t\t\t\t<\/div>\n\t\t\t\t<\/div>\n\t\t<div class=\"elementor-element elementor-element-f3a746b e-con-full e-flex e-con e-parent\" data-id=\"f3a746b\" data-element_type=\"container\">\n\t\t\t\t<div class=\"elementor-element elementor-element-13bf077 elementor-widget elementor-widget-single-media\" data-id=\"13bf077\" data-element_type=\"widget\" data-widget_type=\"single-media.default\">\n\t\t\t\t<div class=\"elementor-widget-container\">\n\t\t\t\t\t\t\t\t<div class=\"single-media single-media--image\">\n\t\t\t\t<div class=\"single-media__wrap\">\n\t\t\t\t\t<img decoding=\"async\" src=\"https:\/\/ler.ae\/tr\/wp-content\/uploads\/2024\/06\/ELA-Residences-Dorchester-Collection-Dubai-Dining-scaled.jpg\" class=\"single-media__image \" alt=\"\" srcset=\"https:\/\/ler.ae\/tr\/wp-content\/uploads\/2024\/06\/ELA-Residences-Dorchester-Collection-Dubai-Dining-scaled.jpg 2560w, https:\/\/ler.ae\/tr\/wp-content\/uploads\/2024\/06\/ELA-Residences-Dorchester-Collection-Dubai-Dining-300x172.jpg 300w, https:\/\/ler.ae\/tr\/wp-content\/uploads\/2024\/06\/ELA-Residences-Dorchester-Collection-Dubai-Dining-1024x588.jpg 1024w, https:\/\/ler.ae\/tr\/wp-content\/uploads\/2024\/06\/ELA-Residences-Dorchester-Collection-Dubai-Dining-768x441.jpg 768w, https:\/\/ler.ae\/tr\/wp-content\/uploads\/2024\/06\/ELA-Residences-Dorchester-Collection-Dubai-Dining-1536x882.jpg 1536w, https:\/\/ler.ae\/tr\/wp-content\/uploads\/2024\/06\/ELA-Residences-Dorchester-Collection-Dubai-Dining-2048x1176.jpg 2048w\" sizes=\"(max-width: 2560px) 100vw, 2560px\" \/>\t\t\t\t\t\t\t\t\t<\/div>\n\t\t\t<\/div>\n\t\t\t\t\t\t<\/div>\n\t\t\t\t<\/div>\n\t\t\t\t<\/div>\n\t\t<div class=\"elementor-element elementor-element-43c367b e-con-full e-flex e-con e-parent\" data-id=\"43c367b\" data-element_type=\"container\">\n\t\t<div class=\"elementor-element elementor-element-6ae0194 e-con-full e-flex e-con e-child\" data-id=\"6ae0194\" data-element_type=\"container\">\n\t\t\t\t<div class=\"elementor-element elementor-element-9138897 elementor-widget elementor-widget-project-detail\" data-id=\"9138897\" data-element_type=\"widget\" data-widget_type=\"project-detail.default\">\n\t\t\t\t<div class=\"elementor-widget-container\">\n\t\t\t\t\t\t\t\t<div class=\"project-detail-picture-wrapper  top\">\n\t\t\t\t\t<img decoding=\"async\" src=\"https:\/\/ler.ae\/tr\/wp-content\/uploads\/2024\/06\/75eb85e8-f6ab-4bfd-b28a-361cfcc44fcf.jpg\" class=\"\" alt=\"\" srcset=\"https:\/\/ler.ae\/tr\/wp-content\/uploads\/2024\/06\/75eb85e8-f6ab-4bfd-b28a-361cfcc44fcf.jpg 1023w, https:\/\/ler.ae\/tr\/wp-content\/uploads\/2024\/06\/75eb85e8-f6ab-4bfd-b28a-361cfcc44fcf-240x300.jpg 240w, https:\/\/ler.ae\/tr\/wp-content\/uploads\/2024\/06\/75eb85e8-f6ab-4bfd-b28a-361cfcc44fcf-819x1024.jpg 819w, https:\/\/ler.ae\/tr\/wp-content\/uploads\/2024\/06\/75eb85e8-f6ab-4bfd-b28a-361cfcc44fcf-768x960.jpg 768w\" sizes=\"(max-width: 1023px) 100vw, 1023px\" \/>\n\t\t\t\t\t                \t<div class=\"project-detail-picture-descr\">\n                \t\t<p>Kendi d\u00fcnyan\u0131za ad\u0131m att\u0131\u011f\u0131n\u0131z\u0131 hayal edin, s\u00fcrekli g\u00fcne\u015f \u0131\u015f\u0131\u011f\u0131na b\u00fcr\u00fcnm\u00fc\u015f bir yerde, zaman\u0131n sizin ritminize g\u00f6re dans etti\u011fi bir d\u00fcnya. Bu, Dorchester Collection taraf\u0131ndan y\u00f6netilen, Zaha Hadid'in vizyoner k\u0131vr\u0131mlar\u0131ndan olu\u015fturulmu\u015f, ELA Residences'\u0131n \u00f6zel b\u00f6lgesinde yer alan sizin \u00f6zel sahil cennetinizdir. Burada, ya\u015fam sonsuz parlakl\u0131\u011f\u0131n kollar\u0131nda kendi senaryosunu yeniden yazar.<\/p>\n                \t<\/div>\n\t\t\t\t\t\n\t\t\t\t\t\n\t\t\t<\/div>\n\t\t\t\t\t\t\t<\/div>\n\t\t\t\t<\/div>\n\t\t\t\t<\/div>\n\t\t<div class=\"elementor-element elementor-element-b78bf49 e-con-full e-flex e-con e-child\" data-id=\"b78bf49\" data-element_type=\"container\">\n\t\t\t\t<div class=\"elementor-element elementor-element-8e214d5 elementor-widget elementor-widget-project-detail\" data-id=\"8e214d5\" data-element_type=\"widget\" data-widget_type=\"project-detail.default\">\n\t\t\t\t<div class=\"elementor-widget-container\">\n\t\t\t\t\t\t\t\t<div class=\"project-detail-picture-wrapper  bottom\">\n\t\t\t\t\t\n\t\t\t\t\t                \t<div class=\"project-detail-picture-descr\">\n                \t\t<p>Estetikten olanaklara kadar, ELA Residences'\u0131n m\u00fckemmelli\u011fi, resort ya\u015fam\u0131n\u0131n en \u00fcst seviyesine uzan\u0131r. Dorchester Collection hizmetlerinin konforunu ya\u015fay\u0131n; en iyi restoranlarda ilk yudumunuzu al\u0131n; markal\u0131 wellness spa ve olanaklar\u0131na kendinizi b\u0131rak\u0131n; ayaklar\u0131n\u0131z\u0131n alt\u0131nda sahili hissedin veya rezidans\u0131n\u0131z\u0131n sakinli\u011fine \u00e7ekilin. ELA Residences'da her an ihtiya\u00e7lar\u0131n\u0131z \u00f6ng\u00f6r\u00fcl\u00fcr ve huzurunuz k\u0131ymetlidir.<\/p>\n                \t<\/div>\n\t\t\t\t\t\n\t\t\t\t\t<img decoding=\"async\" src=\"https:\/\/ler.ae\/tr\/wp-content\/uploads\/2024\/06\/7bba5707-ea9d-4a1f-b751-7ffa9a9dac13.jpg\" class=\"\" alt=\"\" srcset=\"https:\/\/ler.ae\/tr\/wp-content\/uploads\/2024\/06\/7bba5707-ea9d-4a1f-b751-7ffa9a9dac13.jpg 1053w, https:\/\/ler.ae\/tr\/wp-content\/uploads\/2024\/06\/7bba5707-ea9d-4a1f-b751-7ffa9a9dac13-240x300.jpg 240w, https:\/\/ler.ae\/tr\/wp-content\/uploads\/2024\/06\/7bba5707-ea9d-4a1f-b751-7ffa9a9dac13-819x1024.jpg 819w, https:\/\/ler.ae\/tr\/wp-content\/uploads\/2024\/06\/7bba5707-ea9d-4a1f-b751-7ffa9a9dac13-768x961.jpg 768w\" sizes=\"(max-width: 1053px) 100vw, 1053px\" \/>\n\t\t\t<\/div>\n\t\t\t\t\t\t\t<\/div>\n\t\t\t\t<\/div>\n\t\t\t\t<\/div>\n\t\t\t\t<\/div>\n\t\t<div class=\"elementor-element elementor-element-33b2c9a e-con-full e-flex e-con e-parent\" data-id=\"33b2c9a\" data-element_type=\"container\">\n\t\t<div class=\"elementor-element elementor-element-822d882 e-con-full e-flex e-con e-child\" data-id=\"822d882\" data-element_type=\"container\">\n\t\t\t\t<div class=\"elementor-element elementor-element-191ed15 elementor-widget elementor-widget-single-media\" data-id=\"191ed15\" data-element_type=\"widget\" data-widget_type=\"single-media.default\">\n\t\t\t\t<div class=\"elementor-widget-container\">\n\t\t\t\t\t\t\t\t<div class=\"single-media single-media--image\">\n\t\t\t\t<div class=\"single-media__wrap\">\n\t\t\t\t\t<img decoding=\"async\" src=\"https:\/\/ler.ae\/tr\/wp-content\/uploads\/2024\/06\/ELA-Residneces-Dorchester-Collection-Dubai-Terrace-scaled.jpg\" class=\"single-media__image \" alt=\"\" srcset=\"https:\/\/ler.ae\/tr\/wp-content\/uploads\/2024\/06\/ELA-Residneces-Dorchester-Collection-Dubai-Terrace-scaled.jpg 2560w, https:\/\/ler.ae\/tr\/wp-content\/uploads\/2024\/06\/ELA-Residneces-Dorchester-Collection-Dubai-Terrace-300x180.jpg 300w, https:\/\/ler.ae\/tr\/wp-content\/uploads\/2024\/06\/ELA-Residneces-Dorchester-Collection-Dubai-Terrace-1024x614.jpg 1024w, https:\/\/ler.ae\/tr\/wp-content\/uploads\/2024\/06\/ELA-Residneces-Dorchester-Collection-Dubai-Terrace-768x461.jpg 768w, https:\/\/ler.ae\/tr\/wp-content\/uploads\/2024\/06\/ELA-Residneces-Dorchester-Collection-Dubai-Terrace-1536x922.jpg 1536w, https:\/\/ler.ae\/tr\/wp-content\/uploads\/2024\/06\/ELA-Residneces-Dorchester-Collection-Dubai-Terrace-2048x1229.jpg 2048w\" sizes=\"(max-width: 2560px) 100vw, 2560px\" \/>\t\t\t\t\t\t\t\t\t<\/div>\n\t\t\t<\/div>\n\t\t\t\t\t\t<\/div>\n\t\t\t\t<\/div>\n\t\t\t\t<\/div>\n\t\t\t\t<\/div>\n\t\t\t\t<\/div>\n\t\t","protected":false},"excerpt":{"rendered":"","protected":false},"author":1,"featured_media":5728,"parent":0,"menu_order":0,"comment_status":"closed","ping_status":"closed","template":"elementor_header_footer","meta":{"footnotes":""},"class_list":["post-7659","page","type-page","status-publish","has-post-thumbnail","hentry"],"yoast_head":"<!-- This site is optimized with the Yoast SEO plugin v24.1 - https:\/\/yoast.com\/wordpress\/plugins\/seo\/ -->\n<title>ELA Residences - Ler Properties - Dubai ve \u0130stanbul L\u00fcks Konut Projeleri: Sat\u0131l\u0131k Villa, Bo\u011faz Manzaral\u0131 Daire<\/title>\n<meta name=\"description\" content=\"Dap yeni levent \u015fehir merkezinden uzakta g\u00f6rmeye al\u0131\u015f\u0131k oldu\u011fumuz, dingin atmosferiyle \u00f6ne \u00e7\u0131kan country ya\u015fam tarz\u0131.\" \/>\n<meta name=\"robots\" content=\"index, follow, max-snippet:-1, max-image-preview:large, max-video-preview:-1\" \/>\n<link rel=\"canonical\" href=\"https:\/\/ler.ae\/tr\/ela-residences-dubai-tr\/\" \/>\n<meta property=\"og:locale\" content=\"tr_TR\" \/>\n<meta property=\"og:type\" content=\"article\" \/>\n<meta property=\"og:title\" content=\"ELA Residences - Ler Properties - Dubai ve \u0130stanbul L\u00fcks Konut Projeleri: Sat\u0131l\u0131k Villa, Bo\u011faz Manzaral\u0131 Daire\" \/>\n<meta property=\"og:description\" content=\"Dap yeni levent \u015fehir merkezinden uzakta g\u00f6rmeye al\u0131\u015f\u0131k oldu\u011fumuz, dingin atmosferiyle \u00f6ne \u00e7\u0131kan country ya\u015fam tarz\u0131.\" \/>\n<meta property=\"og:url\" content=\"https:\/\/ler.ae\/tr\/ela-residences-dubai-tr\/\" \/>\n<meta property=\"og:site_name\" content=\"Ler Properties - Dubai ve \u0130stanbul L\u00fcks Konut Projeleri: Sat\u0131l\u0131k Villa, Bo\u011faz Manzaral\u0131 Daire\" \/>\n<meta property=\"article:publisher\" content=\"https:\/\/m.facebook.com\/lerproperties\" \/>\n<meta property=\"article:modified_time\" content=\"2024-06-06T10:59:54+00:00\" \/>\n<meta property=\"og:image\" content=\"https:\/\/ler.ae\/tr\/wp-content\/uploads\/2024\/03\/dap-yeni-levent-istanbul-5.jpg\" \/>\n\t<meta property=\"og:image:width\" content=\"1920\" \/>\n\t<meta property=\"og:image:height\" content=\"1080\" \/>\n\t<meta property=\"og:image:type\" content=\"image\/jpeg\" \/>\n<meta name=\"twitter:card\" content=\"summary_large_image\" \/>\n<meta name=\"twitter:label1\" content=\"Tahmini okuma s\u00fcresi\" \/>\n\t<meta name=\"twitter:data1\" content=\"4 dakika\" \/>\n<script type=\"application\/ld+json\" class=\"yoast-schema-graph\">{\"@context\":\"https:\/\/schema.org\",\"@graph\":[{\"@type\":\"WebPage\",\"@id\":\"https:\/\/ler.ae\/tr\/ela-residences-dubai-tr\/\",\"url\":\"https:\/\/ler.ae\/tr\/ela-residences-dubai-tr\/\",\"name\":\"ELA Residences - Ler Properties - Dubai ve \u0130stanbul L\u00fcks Konut Projeleri: Sat\u0131l\u0131k Villa, Bo\u011faz Manzaral\u0131 Daire\",\"isPartOf\":{\"@id\":\"https:\/\/ler.ae\/tr\/#website\"},\"primaryImageOfPage\":{\"@id\":\"https:\/\/ler.ae\/tr\/ela-residences-dubai-tr\/#primaryimage\"},\"image\":{\"@id\":\"https:\/\/ler.ae\/tr\/ela-residences-dubai-tr\/#primaryimage\"},\"thumbnailUrl\":\"https:\/\/ler.ae\/tr\/wp-content\/uploads\/2024\/03\/dap-yeni-levent-istanbul-5.jpg\",\"datePublished\":\"2024-06-06T10:55:39+00:00\",\"dateModified\":\"2024-06-06T10:59:54+00:00\",\"description\":\"Dap yeni levent \u015fehir merkezinden uzakta g\u00f6rmeye al\u0131\u015f\u0131k oldu\u011fumuz, dingin atmosferiyle \u00f6ne \u00e7\u0131kan country ya\u015fam tarz\u0131.\",\"inLanguage\":\"tr\",\"potentialAction\":[{\"@type\":\"ReadAction\",\"target\":[\"https:\/\/ler.ae\/tr\/ela-residences-dubai-tr\/\"]}]},{\"@type\":\"ImageObject\",\"inLanguage\":\"tr\",\"@id\":\"https:\/\/ler.ae\/tr\/ela-residences-dubai-tr\/#primaryimage\",\"url\":\"https:\/\/ler.ae\/tr\/wp-content\/uploads\/2024\/03\/dap-yeni-levent-istanbul-5.jpg\",\"contentUrl\":\"https:\/\/ler.ae\/tr\/wp-content\/uploads\/2024\/03\/dap-yeni-levent-istanbul-5.jpg\",\"width\":1920,\"height\":1080,\"caption\":\"dap-yeni-levent-\"},{\"@type\":\"WebSite\",\"@id\":\"https:\/\/ler.ae\/tr\/#website\",\"url\":\"https:\/\/ler.ae\/tr\/\",\"name\":\"Ler Properties\",\"description\":\"Ler Properties\",\"alternateName\":\"Ler Properties\",\"potentialAction\":[{\"@type\":\"SearchAction\",\"target\":{\"@type\":\"EntryPoint\",\"urlTemplate\":\"https:\/\/ler.ae\/tr\/?s={search_term_string}\"},\"query-input\":{\"@type\":\"PropertyValueSpecification\",\"valueRequired\":true,\"valueName\":\"search_term_string\"}}],\"inLanguage\":\"tr\"}]}<\/script>\n<!-- \/ Yoast SEO plugin. -->","yoast_head_json":{"title":"ELA Residences - Ler Properties - Dubai ve \u0130stanbul L\u00fcks Konut Projeleri: Sat\u0131l\u0131k Villa, Bo\u011faz Manzaral\u0131 Daire","description":"Dap yeni levent \u015fehir merkezinden uzakta g\u00f6rmeye al\u0131\u015f\u0131k oldu\u011fumuz, dingin atmosferiyle \u00f6ne \u00e7\u0131kan country ya\u015fam tarz\u0131.","robots":{"index":"index","follow":"follow","max-snippet":"max-snippet:-1","max-image-preview":"max-image-preview:large","max-video-preview":"max-video-preview:-1"},"canonical":"https:\/\/ler.ae\/tr\/ela-residences-dubai-tr\/","og_locale":"tr_TR","og_type":"article","og_title":"ELA Residences - Ler Properties - Dubai ve \u0130stanbul L\u00fcks Konut Projeleri: Sat\u0131l\u0131k Villa, Bo\u011faz Manzaral\u0131 Daire","og_description":"Dap yeni levent \u015fehir merkezinden uzakta g\u00f6rmeye al\u0131\u015f\u0131k oldu\u011fumuz, dingin atmosferiyle \u00f6ne \u00e7\u0131kan country ya\u015fam tarz\u0131.","og_url":"https:\/\/ler.ae\/tr\/ela-residences-dubai-tr\/","og_site_name":"Ler Properties - Dubai ve \u0130stanbul L\u00fcks Konut Projeleri: Sat\u0131l\u0131k Villa, Bo\u011faz Manzaral\u0131 Daire","article_publisher":"https:\/\/m.facebook.com\/lerproperties","article_modified_time":"2024-06-06T10:59:54+00:00","og_image":[{"width":1920,"height":1080,"url":"https:\/\/ler.ae\/tr\/wp-content\/uploads\/2024\/03\/dap-yeni-levent-istanbul-5.jpg","type":"image\/jpeg"}],"twitter_card":"summary_large_image","twitter_misc":{"Tahmini okuma s\u00fcresi":"4 dakika"},"schema":{"@context":"https:\/\/schema.org","@graph":[{"@type":"WebPage","@id":"https:\/\/ler.ae\/tr\/ela-residences-dubai-tr\/","url":"https:\/\/ler.ae\/tr\/ela-residences-dubai-tr\/","name":"ELA Residences - Ler Properties - Dubai ve \u0130stanbul L\u00fcks Konut Projeleri: Sat\u0131l\u0131k Villa, Bo\u011faz Manzaral\u0131 Daire","isPartOf":{"@id":"https:\/\/ler.ae\/tr\/#website"},"primaryImageOfPage":{"@id":"https:\/\/ler.ae\/tr\/ela-residences-dubai-tr\/#primaryimage"},"image":{"@id":"https:\/\/ler.ae\/tr\/ela-residences-dubai-tr\/#primaryimage"},"thumbnailUrl":"https:\/\/ler.ae\/tr\/wp-content\/uploads\/2024\/03\/dap-yeni-levent-istanbul-5.jpg","datePublished":"2024-06-06T10:55:39+00:00","dateModified":"2024-06-06T10:59:54+00:00","description":"Dap yeni levent \u015fehir merkezinden uzakta g\u00f6rmeye al\u0131\u015f\u0131k oldu\u011fumuz, dingin atmosferiyle \u00f6ne \u00e7\u0131kan country ya\u015fam tarz\u0131.","inLanguage":"tr","potentialAction":[{"@type":"ReadAction","target":["https:\/\/ler.ae\/tr\/ela-residences-dubai-tr\/"]}]},{"@type":"ImageObject","inLanguage":"tr","@id":"https:\/\/ler.ae\/tr\/ela-residences-dubai-tr\/#primaryimage","url":"https:\/\/ler.ae\/tr\/wp-content\/uploads\/2024\/03\/dap-yeni-levent-istanbul-5.jpg","contentUrl":"https:\/\/ler.ae\/tr\/wp-content\/uploads\/2024\/03\/dap-yeni-levent-istanbul-5.jpg","width":1920,"height":1080,"caption":"dap-yeni-levent-"},{"@type":"WebSite","@id":"https:\/\/ler.ae\/tr\/#website","url":"https:\/\/ler.ae\/tr\/","name":"Ler Properties","description":"Ler Properties","alternateName":"Ler Properties","potentialAction":[{"@type":"SearchAction","target":{"@type":"EntryPoint","urlTemplate":"https:\/\/ler.ae\/tr\/?s={search_term_string}"},"query-input":{"@type":"PropertyValueSpecification","valueRequired":true,"valueName":"search_term_string"}}],"inLanguage":"tr"}]}},"_links":{"self":[{"href":"https:\/\/ler.ae\/tr\/wp-json\/wp\/v2\/pages\/7659","targetHints":{"allow":["GET"]}}],"collection":[{"href":"https:\/\/ler.ae\/tr\/wp-json\/wp\/v2\/pages"}],"about":[{"href":"https:\/\/ler.ae\/tr\/wp-json\/wp\/v2\/types\/page"}],"author":[{"embeddable":true,"href":"https:\/\/ler.ae\/tr\/wp-json\/wp\/v2\/users\/1"}],"replies":[{"embeddable":true,"href":"https:\/\/ler.ae\/tr\/wp-json\/wp\/v2\/comments?post=7659"}],"version-history":[{"count":4,"href":"https:\/\/ler.ae\/tr\/wp-json\/wp\/v2\/pages\/7659\/revisions"}],"predecessor-version":[{"id":7670,"href":"https:\/\/ler.ae\/tr\/wp-json\/wp\/v2\/pages\/7659\/revisions\/7670"}],"wp:featuredmedia":[{"embeddable":true,"href":"https:\/\/ler.ae\/tr\/wp-json\/wp\/v2\/media\/5728"}],"wp:attachment":[{"href":"https:\/\/ler.ae\/tr\/wp-json\/wp\/v2\/media?parent=7659"}],"curies":[{"name":"wp","href":"https:\/\/api.w.org\/{rel}","templated":true}]}}