{"id":7205,"date":"2024-05-08T11:32:13","date_gmt":"2024-05-08T11:32:13","guid":{"rendered":"https:\/\/ler.ae\/tr\/?page_id=7205"},"modified":"2024-05-08T11:48:48","modified_gmt":"2024-05-08T11:48:48","slug":"rove-home-marasi-drive-dubai-tr","status":"publish","type":"page","link":"https:\/\/ler.ae\/tr\/rove-home-marasi-drive-dubai-tr\/","title":{"rendered":"Rove Home Marasi Drive"},"content":{"rendered":"\t\t<div data-elementor-type=\"wp-page\" data-elementor-id=\"7205\" class=\"elementor elementor-7205\" data-elementor-post-type=\"page\">\n\t\t\t\t<div class=\"elementor-element elementor-element-8e915b0 e-flex e-con-boxed e-con e-parent\" data-id=\"8e915b0\" data-element_type=\"container\">\n\t\t\t\t\t<div class=\"e-con-inner\">\n\t\t\t\t<div class=\"elementor-element elementor-element-fd7e11b elementor-widget elementor-widget-banner-title\" data-id=\"fd7e11b\" data-element_type=\"widget\" data-widget_type=\"banner-title.default\">\n\t\t\t\t<div class=\"elementor-widget-container\">\n\t\t\t\t\t\t\t<section class=\"container-fluid top-banner no-padd  simple  dark\">\t\t\t<div class=\"content\">\n\t\t\t\t<div class=\"prague-svg-animation-text\">\n\t\t\t\t\t\t\t\t\t<\/div>\n\t\t\t\t<div class=\"subtitle\">Dubai, Birle\u015fik Arap Emirlikleri<\/div>\t\t\t\t<h1 class=\"title\">ROVE HOME MARASI DRIVE<\/h1>\t\t\t\t<div class=\"description\"><p><p>Rove Home'un gen\u00e7 ruhunu hissedin! \u0130lham verici tasar\u0131m ve canl\u0131 sanat enstalasyonlar\u0131yla s\u00fcslenmi\u015f bu konut, m\u00fckemmel konumu ve hayat\u0131n\u0131z\u0131 zenginle\u015ftiren olanaklarla bir ekosistem sunar. Buras\u0131 sadece bir ev de\u011fil, bir ya\u015fam alan\u0131d\u0131r. Rove Home, Rove Hotels markas\u0131n\u0131n bir par\u00e7as\u0131 olarak ki\u015fiselle\u015ftirilmi\u015f bir ya\u015fam deneyimi sunar. Bu benzersiz konutlar, sadece bir ev de\u011fil, ayn\u0131 zamanda bir ya\u015fam tarz\u0131d\u0131r. Rove'un enerjisiyle dolu olan bu evlerde, her g\u00fcn\u00fcn\u00fcz\u00fc daha ilham verici ve keyifli hale getirecek bir\u00e7ok olanak bulacaks\u0131n\u0131z. 993.000 dirhemden (269.000$) ba\u015flayan fiyatlarla st\u00fcdyo ve 1-2 odal\u0131 daire se\u00e7enekleriyle Rove Home Marasi Drive sizleri bekliyor.<\/p><\/p><\/div>\t\t\t\t\t\t\t<\/div>\n\t\t\t<div class=\"top-banner-cursor\"><\/div>\n\t\t<\/section>\n\t\t\t\t\t\t<\/div>\n\t\t\t\t<\/div>\n\t\t\t\t<div class=\"elementor-element elementor-element-1542fa4 elementor-widget elementor-widget-info-block\" data-id=\"1542fa4\" data-element_type=\"widget\" data-widget_type=\"info-block.default\">\n\t\t\t\t<div class=\"elementor-widget-container\">\n\t\t\t\t\t\t\t\t\t<div class=\"project-detail-block-outer \">\n\t\t\t\t\t\t\t<div class=\"project-detail-block-wrapper\">\n\t\t\t\t\t<div class=\"project-detail-block-item\">\n\t\t\t\t\t\t\t\t\t\t\t\t\t<div class=\"project-detail-block-title\">\n\t\t\t\t\t\t\t\tPROJE TESL\u0130M\t\t\t\t\t\t\t<\/div>\n\t\t\t\t\t\t\t\t\t\t\t\t\t\t\t\t\t\t\t<div class=\"project-detail-block-descr\">\n\t\t\t\t\t\t\t\t<p><p>2027<\/p>\n<\/p>\n\t\t\t\t\t\t\t<\/div>\n\t\t\t\t\t\t\t\t\t\t\t<\/div>\n\t\t\t\t<\/div>\n\t\t\t\t\t\t\t\t\t\t\t<div class=\"project-detail-block-wrapper\">\n\t\t\t\t\t<div class=\"project-detail-block-item\">\n\t\t\t\t\t\t\t\t\t\t\t\t\t<div class=\"project-detail-block-title\">\n\t\t\t\t\t\t\t\tLOKASYON\t\t\t\t\t\t\t<\/div>\n\t\t\t\t\t\t\t\t\t\t\t\t\t\t\t\t\t\t\t<div class=\"project-detail-block-descr\">\n\t\t\t\t\t\t\t\t<p><p>Business Bay, Dubai<\/p>\n<\/p>\n\t\t\t\t\t\t\t<\/div>\n\t\t\t\t\t\t\t\t\t\t\t<\/div>\n\t\t\t\t<\/div>\n\t\t\t\t\t\t\t\t\t\t\t<div class=\"project-detail-block-wrapper\">\n\t\t\t\t\t<div class=\"project-detail-block-item\">\n\t\t\t\t\t\t\t\t\t\t\t\t\t<div class=\"project-detail-block-title\">\n\t\t\t\t\t\t\t\t\u00d6DEME PLANI\t\t\t\t\t\t\t<\/div>\n\t\t\t\t\t\t\t\t\t\t\t\t\t\t\t\t\t\t\t<div class=\"project-detail-block-descr\">\n\t\t\t\t\t\t\t\t<p><p>Proje \u0130\u00e7in %10 Pe\u015finat ve Proje Sonu %50 \u00d6deme<\/p>\n<\/p>\n\t\t\t\t\t\t\t<\/div>\n\t\t\t\t\t\t\t\t\t\t\t<\/div>\n\t\t\t\t<\/div>\n\t\t\t\t\t\t\t\t\t\t\t<div class=\"project-detail-block-wrapper\">\n\t\t\t\t\t<div class=\"project-detail-block-item\">\n\t\t\t\t\t\t\t\t\t\t\t\t\t<div class=\"project-detail-block-title\">\n\t\t\t\t\t\t\t\t\u0130N\u015eAAT \u015e\u0130RKET\u0130\t\t\t\t\t\t\t<\/div>\n\t\t\t\t\t\t\t\t\t\t\t\t\t\t\t\t\t\t\t<div class=\"project-detail-block-descr\">\n\t\t\t\t\t\t\t\t<p><p>IRTH DEVELOPMENT<\/p>\n<\/p>\n\t\t\t\t\t\t\t<\/div>\n\t\t\t\t\t\t\t\t\t\t\t<\/div>\n\t\t\t\t<\/div>\n\t\t\t\t\t\t\t\t\t\t<\/div>\n\t\t\t\t\t\t<\/div>\n\t\t\t\t<\/div>\n\t\t\t\t\t<\/div>\n\t\t\t\t<\/div>\n\t\t<div class=\"elementor-element elementor-element-575a04c e-con-full e-flex e-con e-parent\" data-id=\"575a04c\" data-element_type=\"container\">\n\t\t\t\t<div class=\"elementor-element elementor-element-5d5bfdd elementor-widget elementor-widget-single-media\" data-id=\"5d5bfdd\" data-element_type=\"widget\" data-widget_type=\"single-media.default\">\n\t\t\t\t<div class=\"elementor-widget-container\">\n\t\t\t\t\t\t\t\t<div class=\"single-media single-media--image\">\n\t\t\t\t<div class=\"single-media__wrap\">\n\t\t\t\t\t<img decoding=\"async\" src=\"https:\/\/ler.ae\/tr\/wp-content\/uploads\/2024\/05\/11c892cc-2431-4858-89c5-87918b00736a.jpg\" class=\"single-media__image \" alt=\"\" srcset=\"https:\/\/ler.ae\/tr\/wp-content\/uploads\/2024\/05\/11c892cc-2431-4858-89c5-87918b00736a.jpg 1921w, https:\/\/ler.ae\/tr\/wp-content\/uploads\/2024\/05\/11c892cc-2431-4858-89c5-87918b00736a-300x138.jpg 300w, https:\/\/ler.ae\/tr\/wp-content\/uploads\/2024\/05\/11c892cc-2431-4858-89c5-87918b00736a-1024x470.jpg 1024w, https:\/\/ler.ae\/tr\/wp-content\/uploads\/2024\/05\/11c892cc-2431-4858-89c5-87918b00736a-768x352.jpg 768w, https:\/\/ler.ae\/tr\/wp-content\/uploads\/2024\/05\/11c892cc-2431-4858-89c5-87918b00736a-1536x704.jpg 1536w\" sizes=\"(max-width: 1921px) 100vw, 1921px\" \/>\t\t\t\t\t\t\t\t\t<\/div>\n\t\t\t<\/div>\n\t\t\t\t\t\t<\/div>\n\t\t\t\t<\/div>\n\t\t\t\t<\/div>\n\t\t<div class=\"elementor-element elementor-element-74af1bf e-con-full e-flex e-con e-parent\" data-id=\"74af1bf\" data-element_type=\"container\">\n\t\t<div class=\"elementor-element elementor-element-3cdafc5 e-con-full e-flex e-con e-child\" data-id=\"3cdafc5\" data-element_type=\"container\">\n\t\t\t\t<div class=\"elementor-element elementor-element-ad22d9c elementor-widget elementor-widget-project-detail\" data-id=\"ad22d9c\" data-element_type=\"widget\" data-widget_type=\"project-detail.default\">\n\t\t\t\t<div class=\"elementor-widget-container\">\n\t\t\t\t\t\t\t\t<div class=\"project-detail-picture-wrapper  top\">\n\t\t\t\t\t<img decoding=\"async\" src=\"https:\/\/ler.ae\/tr\/wp-content\/uploads\/2024\/05\/31cff304-aea0-48bd-88b7-9bb95cd947a2.jpg\" class=\"\" alt=\"\" srcset=\"https:\/\/ler.ae\/tr\/wp-content\/uploads\/2024\/05\/31cff304-aea0-48bd-88b7-9bb95cd947a2.jpg 1427w, https:\/\/ler.ae\/tr\/wp-content\/uploads\/2024\/05\/31cff304-aea0-48bd-88b7-9bb95cd947a2-240x300.jpg 240w, https:\/\/ler.ae\/tr\/wp-content\/uploads\/2024\/05\/31cff304-aea0-48bd-88b7-9bb95cd947a2-819x1024.jpg 819w, https:\/\/ler.ae\/tr\/wp-content\/uploads\/2024\/05\/31cff304-aea0-48bd-88b7-9bb95cd947a2-768x960.jpg 768w, https:\/\/ler.ae\/tr\/wp-content\/uploads\/2024\/05\/31cff304-aea0-48bd-88b7-9bb95cd947a2-1229x1536.jpg 1229w\" sizes=\"(max-width: 1427px) 100vw, 1427px\" \/>\n\t\t\t\t\t                \t<div class=\"project-detail-picture-descr\">\n                \t\t<div class=\"w-full text-token-text-primary\" dir=\"auto\" data-testid=\"conversation-turn-193\">\n<div class=\"px-4 py-2 justify-center text-base md:gap-6 m-auto\">\n<div class=\"flex flex-1 text-base mx-auto gap-3 juice:gap-4 juice:md:gap-6 md:px-5 lg:px-1 xl:px-5 md:max-w-3xl lg:max-w-[40rem] xl:max-w-[48rem]\">\n<div class=\"relative flex w-full flex-col agent-turn\">\n<div class=\"flex-col gap-1 md:gap-3\">\n<div class=\"flex flex-grow flex-col max-w-full\">\n<div class=\"min-h-[20px] text-message flex flex-col items-start gap-3 whitespace-pre-wrap break-words [.text-message+&amp;]:mt-5 overflow-x-auto\" dir=\"auto\" data-message-author-role=\"assistant\" data-message-id=\"b0340ccf-73e4-49d7-aeda-6947323df338\">\n<div class=\"markdown prose w-full break-words dark:prose-invert dark\">\n<p>Marasi Drive, Dubai'nin \u0130\u015f K\u00f6rfezi'nde bulunur ve dinamik bir merkezi b\u00f6lgedir. Konut, ticaret ve e\u011flence alanlar\u0131n\u0131 m\u00fckemmel bir \u015fekilde birle\u015ftirir. \u015eehrin ikonik cazibe merkezlerine kolay eri\u015fim sa\u011flar. Rove'un canl\u0131 ruhu, Marasi Drive'da yeni bir adresle hayata ge\u00e7er. Rove Home, farkl\u0131 y\u00fcksekliklerde 3 ayr\u0131 b\u00f6lgeye, y\u00fczen bir platform seviyesine ve g\u00f6ky\u00fcz\u00fc bah\u00e7esine sahip olanaklar sunar. Bu dinamik topluluk, ba\u011flant\u0131lar\u0131n geli\u015fti\u011fi ve an\u0131lar\u0131n olu\u015ftu\u011fu bir ortam sa\u011flar. Rove Home Marasi Drive, konforlu ve ba\u011flant\u0131l\u0131 bir ya\u015fam i\u00e7in m\u00fckemmel bir se\u00e7enektir!<\/p>\n<\/div>\n<\/div>\n<\/div>\n<\/div>\n<\/div>\n<\/div>\n<\/div>\n<\/div>\n                \t<\/div>\n\t\t\t\t\t\n\t\t\t\t\t\n\t\t\t<\/div>\n\t\t\t\t\t\t\t<\/div>\n\t\t\t\t<\/div>\n\t\t\t\t<\/div>\n\t\t<div class=\"elementor-element elementor-element-a36ea86 e-con-full e-flex e-con e-child\" data-id=\"a36ea86\" data-element_type=\"container\">\n\t\t\t\t<div class=\"elementor-element elementor-element-4c0ed48 elementor-widget elementor-widget-project-detail\" data-id=\"4c0ed48\" data-element_type=\"widget\" data-widget_type=\"project-detail.default\">\n\t\t\t\t<div class=\"elementor-widget-container\">\n\t\t\t\t\t\t\t\t<div class=\"project-detail-picture-wrapper  bottom\">\n\t\t\t\t\t\n\t\t\t\t\t                \t<div class=\"project-detail-picture-descr\">\n                \t\t<p>Rove Home konutlar\u0131, ideal ya\u015fam alan\u0131n\u0131z\u0131 yans\u0131tan ki\u015fisel ifadelerle tasarlanm\u0131\u015ft\u0131r. Se\u00e7kin konumlarla donat\u0131lm\u0131\u015f bu markal\u0131 konutlar, konforlu bir ya\u015fam i\u00e7in d\u00fc\u015f\u00fcnceli olanaklarla doludur. \u0130\u00e7 mekanlar, modern \u015f\u0131kl\u0131\u011f\u0131n ve s\u0131cakl\u0131\u011f\u0131n m\u00fckemmel bir kar\u0131\u015f\u0131m\u0131n\u0131 sunar. Rove, ya\u015famak isteyece\u011finiz bir yer yaratmak i\u00e7in burada!<\/p>\n                \t<\/div>\n\t\t\t\t\t\n\t\t\t\t\t<img decoding=\"async\" src=\"https:\/\/ler.ae\/tr\/wp-content\/uploads\/2024\/05\/eaefd012-56d0-4490-9e31-bae10fbcb6ef.jpg\" class=\"\" alt=\"\" srcset=\"https:\/\/ler.ae\/tr\/wp-content\/uploads\/2024\/05\/eaefd012-56d0-4490-9e31-bae10fbcb6ef.jpg 1428w, https:\/\/ler.ae\/tr\/wp-content\/uploads\/2024\/05\/eaefd012-56d0-4490-9e31-bae10fbcb6ef-240x300.jpg 240w, https:\/\/ler.ae\/tr\/wp-content\/uploads\/2024\/05\/eaefd012-56d0-4490-9e31-bae10fbcb6ef-819x1024.jpg 819w, https:\/\/ler.ae\/tr\/wp-content\/uploads\/2024\/05\/eaefd012-56d0-4490-9e31-bae10fbcb6ef-768x960.jpg 768w, https:\/\/ler.ae\/tr\/wp-content\/uploads\/2024\/05\/eaefd012-56d0-4490-9e31-bae10fbcb6ef-1229x1536.jpg 1229w\" sizes=\"(max-width: 1428px) 100vw, 1428px\" \/>\n\t\t\t<\/div>\n\t\t\t\t\t\t\t<\/div>\n\t\t\t\t<\/div>\n\t\t\t\t<\/div>\n\t\t\t\t<\/div>\n\t\t<div class=\"elementor-element elementor-element-f3a746b e-con-full e-flex e-con e-parent\" data-id=\"f3a746b\" data-element_type=\"container\">\n\t\t\t\t<div class=\"elementor-element elementor-element-13bf077 elementor-widget elementor-widget-single-media\" data-id=\"13bf077\" data-element_type=\"widget\" data-widget_type=\"single-media.default\">\n\t\t\t\t<div class=\"elementor-widget-container\">\n\t\t\t\t\t\t\t\t<div class=\"single-media single-media--image\">\n\t\t\t\t<div class=\"single-media__wrap\">\n\t\t\t\t\t<img decoding=\"async\" src=\"https:\/\/ler.ae\/tr\/wp-content\/uploads\/2024\/05\/ef283d87-49f0-4351-b549-8b01e0dea0a0-scaled.jpg\" class=\"single-media__image \" alt=\"\" srcset=\"https:\/\/ler.ae\/tr\/wp-content\/uploads\/2024\/05\/ef283d87-49f0-4351-b549-8b01e0dea0a0-scaled.jpg 2560w, https:\/\/ler.ae\/tr\/wp-content\/uploads\/2024\/05\/ef283d87-49f0-4351-b549-8b01e0dea0a0-300x133.jpg 300w, https:\/\/ler.ae\/tr\/wp-content\/uploads\/2024\/05\/ef283d87-49f0-4351-b549-8b01e0dea0a0-1024x455.jpg 1024w, https:\/\/ler.ae\/tr\/wp-content\/uploads\/2024\/05\/ef283d87-49f0-4351-b549-8b01e0dea0a0-768x341.jpg 768w, https:\/\/ler.ae\/tr\/wp-content\/uploads\/2024\/05\/ef283d87-49f0-4351-b549-8b01e0dea0a0-1536x683.jpg 1536w, https:\/\/ler.ae\/tr\/wp-content\/uploads\/2024\/05\/ef283d87-49f0-4351-b549-8b01e0dea0a0-2048x910.jpg 2048w\" sizes=\"(max-width: 2560px) 100vw, 2560px\" \/>\t\t\t\t\t\t\t\t\t<\/div>\n\t\t\t<\/div>\n\t\t\t\t\t\t<\/div>\n\t\t\t\t<\/div>\n\t\t\t\t<\/div>\n\t\t<div class=\"elementor-element elementor-element-43c367b e-con-full e-flex e-con e-parent\" data-id=\"43c367b\" data-element_type=\"container\">\n\t\t<div class=\"elementor-element elementor-element-6ae0194 e-con-full e-flex e-con e-child\" data-id=\"6ae0194\" data-element_type=\"container\">\n\t\t\t\t<div class=\"elementor-element elementor-element-9138897 elementor-widget elementor-widget-project-detail\" data-id=\"9138897\" data-element_type=\"widget\" data-widget_type=\"project-detail.default\">\n\t\t\t\t<div class=\"elementor-widget-container\">\n\t\t\t\t\t\t\t\t<div class=\"project-detail-picture-wrapper  top\">\n\t\t\t\t\t<img decoding=\"async\" src=\"https:\/\/ler.ae\/tr\/wp-content\/uploads\/2024\/05\/180532a1-a37b-4468-9fc9-9333db4d93be.jpg\" class=\"\" alt=\"\" srcset=\"https:\/\/ler.ae\/tr\/wp-content\/uploads\/2024\/05\/180532a1-a37b-4468-9fc9-9333db4d93be.jpg 1431w, https:\/\/ler.ae\/tr\/wp-content\/uploads\/2024\/05\/180532a1-a37b-4468-9fc9-9333db4d93be-240x300.jpg 240w, https:\/\/ler.ae\/tr\/wp-content\/uploads\/2024\/05\/180532a1-a37b-4468-9fc9-9333db4d93be-819x1024.jpg 819w, https:\/\/ler.ae\/tr\/wp-content\/uploads\/2024\/05\/180532a1-a37b-4468-9fc9-9333db4d93be-768x960.jpg 768w, https:\/\/ler.ae\/tr\/wp-content\/uploads\/2024\/05\/180532a1-a37b-4468-9fc9-9333db4d93be-1229x1536.jpg 1229w\" sizes=\"(max-width: 1431px) 100vw, 1431px\" \/>\n\t\t\t\t\t                \t<div class=\"project-detail-picture-descr\">\n                \t\t<p>Rove Home Marasi Drive, \u015fehrin kalbinde yer alarak hareketli bir ya\u015fam tarz\u0131n\u0131 benimseyenler i\u00e7in m\u00fckemmel bir konum sunar. Burada, her g\u00fcn yeni maceralara at\u0131lmak i\u00e7in sonsuz olanaklarla kar\u015f\u0131la\u015facaks\u0131n\u0131z.<\/p>\n                \t<\/div>\n\t\t\t\t\t\n\t\t\t\t\t\n\t\t\t<\/div>\n\t\t\t\t\t\t\t<\/div>\n\t\t\t\t<\/div>\n\t\t\t\t<\/div>\n\t\t<div class=\"elementor-element elementor-element-b78bf49 e-con-full e-flex e-con e-child\" data-id=\"b78bf49\" data-element_type=\"container\">\n\t\t\t\t<div class=\"elementor-element elementor-element-8e214d5 elementor-widget elementor-widget-project-detail\" data-id=\"8e214d5\" data-element_type=\"widget\" data-widget_type=\"project-detail.default\">\n\t\t\t\t<div class=\"elementor-widget-container\">\n\t\t\t\t\t\t\t\t<div class=\"project-detail-picture-wrapper  bottom\">\n\t\t\t\t\t\n\t\t\t\t\t                \t<div class=\"project-detail-picture-descr\">\n                \t\t<p>Rove Home Marasi Drive'da, Dubai'nin en trend noktalar\u0131na kolay eri\u015fim sa\u011flayarak kentsel ya\u015fam\u0131n keyfini \u00e7\u0131kar\u0131n. Canl\u0131 tasar\u0131m\u0131, etkileyici sanat\u0131 ve son teknolojiyi bir araya getirerek unutulmaz bir ya\u015fam alan\u0131 yarat\u0131r. Rove, ya\u015fam alan\u0131n\u0131z\u0131 geni\u015fletir ve size daha fazla f\u0131rsat sunar!<\/p>\n                \t<\/div>\n\t\t\t\t\t\n\t\t\t\t\t<img decoding=\"async\" src=\"https:\/\/ler.ae\/tr\/wp-content\/uploads\/2024\/05\/85460140-5296-422c-99f5-de71350d9cb5.jpg\" class=\"\" alt=\"\" srcset=\"https:\/\/ler.ae\/tr\/wp-content\/uploads\/2024\/05\/85460140-5296-422c-99f5-de71350d9cb5.jpg 686w, https:\/\/ler.ae\/tr\/wp-content\/uploads\/2024\/05\/85460140-5296-422c-99f5-de71350d9cb5-240x300.jpg 240w\" sizes=\"(max-width: 686px) 100vw, 686px\" \/>\n\t\t\t<\/div>\n\t\t\t\t\t\t\t<\/div>\n\t\t\t\t<\/div>\n\t\t\t\t<\/div>\n\t\t\t\t<\/div>\n\t\t<div class=\"elementor-element elementor-element-33b2c9a e-con-full e-flex e-con e-parent\" data-id=\"33b2c9a\" data-element_type=\"container\">\n\t\t<div class=\"elementor-element elementor-element-822d882 e-con-full e-flex e-con e-child\" data-id=\"822d882\" data-element_type=\"container\">\n\t\t\t\t<div class=\"elementor-element elementor-element-191ed15 elementor-widget elementor-widget-single-media\" data-id=\"191ed15\" data-element_type=\"widget\" data-widget_type=\"single-media.default\">\n\t\t\t\t<div class=\"elementor-widget-container\">\n\t\t\t\t\t\t\t\t<div class=\"single-media single-media--image\">\n\t\t\t\t<div class=\"single-media__wrap\">\n\t\t\t\t\t<img decoding=\"async\" src=\"https:\/\/ler.ae\/tr\/wp-content\/uploads\/2024\/05\/ec883d8f-a929-42de-90bd-9513195bf465.jpg\" class=\"single-media__image \" alt=\"\" srcset=\"https:\/\/ler.ae\/tr\/wp-content\/uploads\/2024\/05\/ec883d8f-a929-42de-90bd-9513195bf465.jpg 1921w, https:\/\/ler.ae\/tr\/wp-content\/uploads\/2024\/05\/ec883d8f-a929-42de-90bd-9513195bf465-300x135.jpg 300w, https:\/\/ler.ae\/tr\/wp-content\/uploads\/2024\/05\/ec883d8f-a929-42de-90bd-9513195bf465-1024x462.jpg 1024w, https:\/\/ler.ae\/tr\/wp-content\/uploads\/2024\/05\/ec883d8f-a929-42de-90bd-9513195bf465-768x347.jpg 768w, https:\/\/ler.ae\/tr\/wp-content\/uploads\/2024\/05\/ec883d8f-a929-42de-90bd-9513195bf465-1536x693.jpg 1536w\" sizes=\"(max-width: 1921px) 100vw, 1921px\" \/>\t\t\t\t\t\t\t\t\t<\/div>\n\t\t\t<\/div>\n\t\t\t\t\t\t<\/div>\n\t\t\t\t<\/div>\n\t\t\t\t<\/div>\n\t\t\t\t<\/div>\n\t\t\t\t<\/div>\n\t\t","protected":false},"excerpt":{"rendered":"","protected":false},"author":1,"featured_media":5728,"parent":0,"menu_order":0,"comment_status":"closed","ping_status":"closed","template":"elementor_header_footer","meta":{"footnotes":""},"class_list":["post-7205","page","type-page","status-publish","has-post-thumbnail","hentry"],"yoast_head":"<!-- This site is optimized with the Yoast SEO plugin v24.1 - https:\/\/yoast.com\/wordpress\/plugins\/seo\/ -->\n<title>Rove Home Marasi Drive - Ler Properties - Dubai ve \u0130stanbul L\u00fcks Konut Projeleri: Sat\u0131l\u0131k Villa, Bo\u011faz Manzaral\u0131 Daire<\/title>\n<meta name=\"description\" content=\"Dap yeni levent \u015fehir merkezinden uzakta g\u00f6rmeye al\u0131\u015f\u0131k oldu\u011fumuz, dingin atmosferiyle \u00f6ne \u00e7\u0131kan country ya\u015fam tarz\u0131.\" \/>\n<meta name=\"robots\" content=\"index, follow, max-snippet:-1, max-image-preview:large, max-video-preview:-1\" \/>\n<link rel=\"canonical\" href=\"https:\/\/ler.ae\/tr\/rove-home-marasi-drive-dubai-tr\/\" \/>\n<meta property=\"og:locale\" content=\"tr_TR\" \/>\n<meta property=\"og:type\" content=\"article\" \/>\n<meta property=\"og:title\" content=\"Rove Home Marasi Drive - Ler Properties - Dubai ve \u0130stanbul L\u00fcks Konut Projeleri: Sat\u0131l\u0131k Villa, Bo\u011faz Manzaral\u0131 Daire\" \/>\n<meta property=\"og:description\" content=\"Dap yeni levent \u015fehir merkezinden uzakta g\u00f6rmeye al\u0131\u015f\u0131k oldu\u011fumuz, dingin atmosferiyle \u00f6ne \u00e7\u0131kan country ya\u015fam tarz\u0131.\" \/>\n<meta property=\"og:url\" content=\"https:\/\/ler.ae\/tr\/rove-home-marasi-drive-dubai-tr\/\" \/>\n<meta property=\"og:site_name\" content=\"Ler Properties - Dubai ve \u0130stanbul L\u00fcks Konut Projeleri: Sat\u0131l\u0131k Villa, Bo\u011faz Manzaral\u0131 Daire\" \/>\n<meta property=\"article:publisher\" content=\"https:\/\/m.facebook.com\/lerproperties\" \/>\n<meta property=\"article:modified_time\" content=\"2024-05-08T11:48:48+00:00\" \/>\n<meta property=\"og:image\" content=\"https:\/\/ler.ae\/tr\/wp-content\/uploads\/2024\/03\/dap-yeni-levent-istanbul-5.jpg\" \/>\n\t<meta property=\"og:image:width\" content=\"1920\" \/>\n\t<meta property=\"og:image:height\" content=\"1080\" \/>\n\t<meta property=\"og:image:type\" content=\"image\/jpeg\" \/>\n<meta name=\"twitter:card\" content=\"summary_large_image\" \/>\n<meta name=\"twitter:label1\" content=\"Tahmini okuma s\u00fcresi\" \/>\n\t<meta name=\"twitter:data1\" content=\"4 dakika\" \/>\n<script type=\"application\/ld+json\" class=\"yoast-schema-graph\">{\"@context\":\"https:\/\/schema.org\",\"@graph\":[{\"@type\":\"WebPage\",\"@id\":\"https:\/\/ler.ae\/tr\/rove-home-marasi-drive-dubai-tr\/\",\"url\":\"https:\/\/ler.ae\/tr\/rove-home-marasi-drive-dubai-tr\/\",\"name\":\"Rove Home Marasi Drive - Ler Properties - Dubai ve \u0130stanbul L\u00fcks Konut Projeleri: Sat\u0131l\u0131k Villa, Bo\u011faz Manzaral\u0131 Daire\",\"isPartOf\":{\"@id\":\"https:\/\/ler.ae\/tr\/#website\"},\"primaryImageOfPage\":{\"@id\":\"https:\/\/ler.ae\/tr\/rove-home-marasi-drive-dubai-tr\/#primaryimage\"},\"image\":{\"@id\":\"https:\/\/ler.ae\/tr\/rove-home-marasi-drive-dubai-tr\/#primaryimage\"},\"thumbnailUrl\":\"https:\/\/ler.ae\/tr\/wp-content\/uploads\/2024\/03\/dap-yeni-levent-istanbul-5.jpg\",\"datePublished\":\"2024-05-08T11:32:13+00:00\",\"dateModified\":\"2024-05-08T11:48:48+00:00\",\"description\":\"Dap yeni levent \u015fehir merkezinden uzakta g\u00f6rmeye al\u0131\u015f\u0131k oldu\u011fumuz, dingin atmosferiyle \u00f6ne \u00e7\u0131kan country ya\u015fam tarz\u0131.\",\"inLanguage\":\"tr\",\"potentialAction\":[{\"@type\":\"ReadAction\",\"target\":[\"https:\/\/ler.ae\/tr\/rove-home-marasi-drive-dubai-tr\/\"]}]},{\"@type\":\"ImageObject\",\"inLanguage\":\"tr\",\"@id\":\"https:\/\/ler.ae\/tr\/rove-home-marasi-drive-dubai-tr\/#primaryimage\",\"url\":\"https:\/\/ler.ae\/tr\/wp-content\/uploads\/2024\/03\/dap-yeni-levent-istanbul-5.jpg\",\"contentUrl\":\"https:\/\/ler.ae\/tr\/wp-content\/uploads\/2024\/03\/dap-yeni-levent-istanbul-5.jpg\",\"width\":1920,\"height\":1080,\"caption\":\"dap-yeni-levent-\"},{\"@type\":\"WebSite\",\"@id\":\"https:\/\/ler.ae\/tr\/#website\",\"url\":\"https:\/\/ler.ae\/tr\/\",\"name\":\"Ler Properties\",\"description\":\"Ler Properties\",\"alternateName\":\"Ler Properties\",\"potentialAction\":[{\"@type\":\"SearchAction\",\"target\":{\"@type\":\"EntryPoint\",\"urlTemplate\":\"https:\/\/ler.ae\/tr\/?s={search_term_string}\"},\"query-input\":{\"@type\":\"PropertyValueSpecification\",\"valueRequired\":true,\"valueName\":\"search_term_string\"}}],\"inLanguage\":\"tr\"}]}<\/script>\n<!-- \/ Yoast SEO plugin. -->","yoast_head_json":{"title":"Rove Home Marasi Drive - Ler Properties - Dubai ve \u0130stanbul L\u00fcks Konut Projeleri: Sat\u0131l\u0131k Villa, Bo\u011faz Manzaral\u0131 Daire","description":"Dap yeni levent \u015fehir merkezinden uzakta g\u00f6rmeye al\u0131\u015f\u0131k oldu\u011fumuz, dingin atmosferiyle \u00f6ne \u00e7\u0131kan country ya\u015fam tarz\u0131.","robots":{"index":"index","follow":"follow","max-snippet":"max-snippet:-1","max-image-preview":"max-image-preview:large","max-video-preview":"max-video-preview:-1"},"canonical":"https:\/\/ler.ae\/tr\/rove-home-marasi-drive-dubai-tr\/","og_locale":"tr_TR","og_type":"article","og_title":"Rove Home Marasi Drive - Ler Properties - Dubai ve \u0130stanbul L\u00fcks Konut Projeleri: Sat\u0131l\u0131k Villa, Bo\u011faz Manzaral\u0131 Daire","og_description":"Dap yeni levent \u015fehir merkezinden uzakta g\u00f6rmeye al\u0131\u015f\u0131k oldu\u011fumuz, dingin atmosferiyle \u00f6ne \u00e7\u0131kan country ya\u015fam tarz\u0131.","og_url":"https:\/\/ler.ae\/tr\/rove-home-marasi-drive-dubai-tr\/","og_site_name":"Ler Properties - Dubai ve \u0130stanbul L\u00fcks Konut Projeleri: Sat\u0131l\u0131k Villa, Bo\u011faz Manzaral\u0131 Daire","article_publisher":"https:\/\/m.facebook.com\/lerproperties","article_modified_time":"2024-05-08T11:48:48+00:00","og_image":[{"width":1920,"height":1080,"url":"https:\/\/ler.ae\/tr\/wp-content\/uploads\/2024\/03\/dap-yeni-levent-istanbul-5.jpg","type":"image\/jpeg"}],"twitter_card":"summary_large_image","twitter_misc":{"Tahmini okuma s\u00fcresi":"4 dakika"},"schema":{"@context":"https:\/\/schema.org","@graph":[{"@type":"WebPage","@id":"https:\/\/ler.ae\/tr\/rove-home-marasi-drive-dubai-tr\/","url":"https:\/\/ler.ae\/tr\/rove-home-marasi-drive-dubai-tr\/","name":"Rove Home Marasi Drive - Ler Properties - Dubai ve \u0130stanbul L\u00fcks Konut Projeleri: Sat\u0131l\u0131k Villa, Bo\u011faz Manzaral\u0131 Daire","isPartOf":{"@id":"https:\/\/ler.ae\/tr\/#website"},"primaryImageOfPage":{"@id":"https:\/\/ler.ae\/tr\/rove-home-marasi-drive-dubai-tr\/#primaryimage"},"image":{"@id":"https:\/\/ler.ae\/tr\/rove-home-marasi-drive-dubai-tr\/#primaryimage"},"thumbnailUrl":"https:\/\/ler.ae\/tr\/wp-content\/uploads\/2024\/03\/dap-yeni-levent-istanbul-5.jpg","datePublished":"2024-05-08T11:32:13+00:00","dateModified":"2024-05-08T11:48:48+00:00","description":"Dap yeni levent \u015fehir merkezinden uzakta g\u00f6rmeye al\u0131\u015f\u0131k oldu\u011fumuz, dingin atmosferiyle \u00f6ne \u00e7\u0131kan country ya\u015fam tarz\u0131.","inLanguage":"tr","potentialAction":[{"@type":"ReadAction","target":["https:\/\/ler.ae\/tr\/rove-home-marasi-drive-dubai-tr\/"]}]},{"@type":"ImageObject","inLanguage":"tr","@id":"https:\/\/ler.ae\/tr\/rove-home-marasi-drive-dubai-tr\/#primaryimage","url":"https:\/\/ler.ae\/tr\/wp-content\/uploads\/2024\/03\/dap-yeni-levent-istanbul-5.jpg","contentUrl":"https:\/\/ler.ae\/tr\/wp-content\/uploads\/2024\/03\/dap-yeni-levent-istanbul-5.jpg","width":1920,"height":1080,"caption":"dap-yeni-levent-"},{"@type":"WebSite","@id":"https:\/\/ler.ae\/tr\/#website","url":"https:\/\/ler.ae\/tr\/","name":"Ler Properties","description":"Ler Properties","alternateName":"Ler Properties","potentialAction":[{"@type":"SearchAction","target":{"@type":"EntryPoint","urlTemplate":"https:\/\/ler.ae\/tr\/?s={search_term_string}"},"query-input":{"@type":"PropertyValueSpecification","valueRequired":true,"valueName":"search_term_string"}}],"inLanguage":"tr"}]}},"_links":{"self":[{"href":"https:\/\/ler.ae\/tr\/wp-json\/wp\/v2\/pages\/7205","targetHints":{"allow":["GET"]}}],"collection":[{"href":"https:\/\/ler.ae\/tr\/wp-json\/wp\/v2\/pages"}],"about":[{"href":"https:\/\/ler.ae\/tr\/wp-json\/wp\/v2\/types\/page"}],"author":[{"embeddable":true,"href":"https:\/\/ler.ae\/tr\/wp-json\/wp\/v2\/users\/1"}],"replies":[{"embeddable":true,"href":"https:\/\/ler.ae\/tr\/wp-json\/wp\/v2\/comments?post=7205"}],"version-history":[{"count":4,"href":"https:\/\/ler.ae\/tr\/wp-json\/wp\/v2\/pages\/7205\/revisions"}],"predecessor-version":[{"id":7219,"href":"https:\/\/ler.ae\/tr\/wp-json\/wp\/v2\/pages\/7205\/revisions\/7219"}],"wp:featuredmedia":[{"embeddable":true,"href":"https:\/\/ler.ae\/tr\/wp-json\/wp\/v2\/media\/5728"}],"wp:attachment":[{"href":"https:\/\/ler.ae\/tr\/wp-json\/wp\/v2\/media?parent=7205"}],"curies":[{"name":"wp","href":"https:\/\/api.w.org\/{rel}","templated":true}]}}