{"id":7123,"date":"2024-05-02T11:34:06","date_gmt":"2024-05-02T11:34:06","guid":{"rendered":"https:\/\/ler.ae\/tr\/?page_id=7123"},"modified":"2024-05-02T11:37:32","modified_gmt":"2024-05-02T11:37:32","slug":"rixos-dubai-island-residences-dubai-tr","status":"publish","type":"page","link":"https:\/\/ler.ae\/tr\/rixos-dubai-island-residences-dubai-tr\/","title":{"rendered":"Rixos Dubai Island Residences"},"content":{"rendered":"\t\t<div data-elementor-type=\"wp-page\" data-elementor-id=\"7123\" class=\"elementor elementor-7123\" data-elementor-post-type=\"page\">\n\t\t\t\t<div class=\"elementor-element elementor-element-8e915b0 e-flex e-con-boxed e-con e-parent\" data-id=\"8e915b0\" data-element_type=\"container\">\n\t\t\t\t\t<div class=\"e-con-inner\">\n\t\t\t\t<div class=\"elementor-element elementor-element-fd7e11b elementor-widget elementor-widget-banner-title\" data-id=\"fd7e11b\" data-element_type=\"widget\" data-widget_type=\"banner-title.default\">\n\t\t\t\t<div class=\"elementor-widget-container\">\n\t\t\t\t\t\t\t<section class=\"container-fluid top-banner no-padd  simple  dark\">\t\t\t<div class=\"content\">\n\t\t\t\t<div class=\"prague-svg-animation-text\">\n\t\t\t\t\t\t\t\t\t<\/div>\n\t\t\t\t<div class=\"subtitle\">Dubai, Birle\u015fik Arap Emirlikleri<\/div>\t\t\t\t<h1 class=\"title\">RIXOS DUBAI ISLAND RESIDENCES<\/h1>\t\t\t\t<div class=\"description\"><p><p>Tabiat\u0131n ve l\u00fcks\u00fcn m\u00fckemmel uyumunu sunan Rixos'un imzas\u0131yla, sofistike kumsal evleri ve l\u00fcks olanaklar\u0131yla bu konutlar, unutulmaz an\u0131lar yaratmak i\u00e7in aile dostu bir mahallede her ya\u015fa \u00f6zel deneyimler sunuyor. \u015eehre sadece birka\u00e7 dakika uzakl\u0131kta, aile dostu bir mahallede yer alan l\u00fcks kumsal konutlar, Dubai Adalar\u0131'nda bulunuyor. \u00c7e\u015fitli ada ya\u015fam\u0131 ve tatil ilhaml\u0131 bir ya\u015fam tarz\u0131 sunan bu yer, l\u00fcks tatil k\u00f6y\u00fc se\u00e7enekleri, hizmetler ve e\u011flence sunan k\u00f6y merkezleri, elit sa\u011fl\u0131k ve spor tesisleri, su sporlar\u0131 i\u00e7in g\u00fczel plajlar ve a\u00e7\u0131k hava etkinlikleri i\u00e7in canl\u0131 ye\u015fil alanlarla donat\u0131lm\u0131\u015ft\u0131r. 2.600.000 dirhemden (702.000$) ba\u015flayan fiyatlarla 1-2-3 odal\u0131 daire ve 4 odal\u0131 duplex se\u00e7enekleriyle Rixos Dubai Island Residences sizleri bekliyor.<\/p><\/p><\/div>\t\t\t\t\t\t\t<\/div>\n\t\t\t<div class=\"top-banner-cursor\"><\/div>\n\t\t<\/section>\n\t\t\t\t\t\t<\/div>\n\t\t\t\t<\/div>\n\t\t\t\t<div class=\"elementor-element elementor-element-1542fa4 elementor-widget elementor-widget-info-block\" data-id=\"1542fa4\" data-element_type=\"widget\" data-widget_type=\"info-block.default\">\n\t\t\t\t<div class=\"elementor-widget-container\">\n\t\t\t\t\t\t\t\t\t<div class=\"project-detail-block-outer \">\n\t\t\t\t\t\t\t<div class=\"project-detail-block-wrapper\">\n\t\t\t\t\t<div class=\"project-detail-block-item\">\n\t\t\t\t\t\t\t\t\t\t\t\t\t<div class=\"project-detail-block-title\">\n\t\t\t\t\t\t\t\tPROJE TESL\u0130M\t\t\t\t\t\t\t<\/div>\n\t\t\t\t\t\t\t\t\t\t\t\t\t\t\t\t\t\t\t<div class=\"project-detail-block-descr\">\n\t\t\t\t\t\t\t\t<p><p>2026<\/p>\n<\/p>\n\t\t\t\t\t\t\t<\/div>\n\t\t\t\t\t\t\t\t\t\t\t<\/div>\n\t\t\t\t<\/div>\n\t\t\t\t\t\t\t\t\t\t\t<div class=\"project-detail-block-wrapper\">\n\t\t\t\t\t<div class=\"project-detail-block-item\">\n\t\t\t\t\t\t\t\t\t\t\t\t\t<div class=\"project-detail-block-title\">\n\t\t\t\t\t\t\t\tLOKASYON\t\t\t\t\t\t\t<\/div>\n\t\t\t\t\t\t\t\t\t\t\t\t\t\t\t\t\t\t\t<div class=\"project-detail-block-descr\">\n\t\t\t\t\t\t\t\t<p><p>Dubai Island, Dubai<\/p>\n<\/p>\n\t\t\t\t\t\t\t<\/div>\n\t\t\t\t\t\t\t\t\t\t\t<\/div>\n\t\t\t\t<\/div>\n\t\t\t\t\t\t\t\t\t\t\t<div class=\"project-detail-block-wrapper\">\n\t\t\t\t\t<div class=\"project-detail-block-item\">\n\t\t\t\t\t\t\t\t\t\t\t\t\t<div class=\"project-detail-block-title\">\n\t\t\t\t\t\t\t\t\u00d6DEME PLANI\t\t\t\t\t\t\t<\/div>\n\t\t\t\t\t\t\t\t\t\t\t\t\t\t\t\t\t\t\t<div class=\"project-detail-block-descr\">\n\t\t\t\t\t\t\t\t<p><p>Proje \u0130\u00e7in %20 Pe\u015finat ve Proje Sonu %20 \u00d6deme<\/p>\n<\/p>\n\t\t\t\t\t\t\t<\/div>\n\t\t\t\t\t\t\t\t\t\t\t<\/div>\n\t\t\t\t<\/div>\n\t\t\t\t\t\t\t\t\t\t\t<div class=\"project-detail-block-wrapper\">\n\t\t\t\t\t<div class=\"project-detail-block-item\">\n\t\t\t\t\t\t\t\t\t\t\t\t\t<div class=\"project-detail-block-title\">\n\t\t\t\t\t\t\t\t\u0130N\u015eAAT \u015e\u0130RKET\u0130\t\t\t\t\t\t\t<\/div>\n\t\t\t\t\t\t\t\t\t\t\t\t\t\t\t\t\t\t\t<div class=\"project-detail-block-descr\">\n\t\t\t\t\t\t\t\t<p><p>NAKHEEL<\/p>\n<\/p>\n\t\t\t\t\t\t\t<\/div>\n\t\t\t\t\t\t\t\t\t\t\t<\/div>\n\t\t\t\t<\/div>\n\t\t\t\t\t\t\t\t\t\t<\/div>\n\t\t\t\t\t\t<\/div>\n\t\t\t\t<\/div>\n\t\t\t\t\t<\/div>\n\t\t\t\t<\/div>\n\t\t<div class=\"elementor-element elementor-element-575a04c e-con-full e-flex e-con e-parent\" data-id=\"575a04c\" data-element_type=\"container\">\n\t\t\t\t<div class=\"elementor-element elementor-element-5d5bfdd elementor-widget elementor-widget-single-media\" data-id=\"5d5bfdd\" data-element_type=\"widget\" data-widget_type=\"single-media.default\">\n\t\t\t\t<div class=\"elementor-widget-container\">\n\t\t\t\t\t\t\t\t<div class=\"single-media single-media--image\">\n\t\t\t\t<div class=\"single-media__wrap\">\n\t\t\t\t\t<img decoding=\"async\" src=\"https:\/\/ler.ae\/tr\/wp-content\/uploads\/2024\/05\/01_General-view-From-the-beach-scaled.jpg\" class=\"single-media__image \" alt=\"\" srcset=\"https:\/\/ler.ae\/tr\/wp-content\/uploads\/2024\/05\/01_General-view-From-the-beach-scaled.jpg 2560w, https:\/\/ler.ae\/tr\/wp-content\/uploads\/2024\/05\/01_General-view-From-the-beach-300x169.jpg 300w, https:\/\/ler.ae\/tr\/wp-content\/uploads\/2024\/05\/01_General-view-From-the-beach-1024x578.jpg 1024w, https:\/\/ler.ae\/tr\/wp-content\/uploads\/2024\/05\/01_General-view-From-the-beach-768x433.jpg 768w, https:\/\/ler.ae\/tr\/wp-content\/uploads\/2024\/05\/01_General-view-From-the-beach-1536x866.jpg 1536w, https:\/\/ler.ae\/tr\/wp-content\/uploads\/2024\/05\/01_General-view-From-the-beach-2048x1155.jpg 2048w\" sizes=\"(max-width: 2560px) 100vw, 2560px\" \/>\t\t\t\t\t\t\t\t\t<\/div>\n\t\t\t<\/div>\n\t\t\t\t\t\t<\/div>\n\t\t\t\t<\/div>\n\t\t\t\t<\/div>\n\t\t<div class=\"elementor-element elementor-element-74af1bf e-con-full e-flex e-con e-parent\" data-id=\"74af1bf\" data-element_type=\"container\">\n\t\t<div class=\"elementor-element elementor-element-3cdafc5 e-con-full e-flex e-con e-child\" data-id=\"3cdafc5\" data-element_type=\"container\">\n\t\t\t\t<div class=\"elementor-element elementor-element-ad22d9c elementor-widget elementor-widget-project-detail\" data-id=\"ad22d9c\" data-element_type=\"widget\" data-widget_type=\"project-detail.default\">\n\t\t\t\t<div class=\"elementor-widget-container\">\n\t\t\t\t\t\t\t\t<div class=\"project-detail-picture-wrapper  top\">\n\t\t\t\t\t<img decoding=\"async\" src=\"https:\/\/ler.ae\/tr\/wp-content\/uploads\/2024\/05\/Rixos-3.jpg\" class=\"\" alt=\"\" srcset=\"https:\/\/ler.ae\/tr\/wp-content\/uploads\/2024\/05\/Rixos-3.jpg 2000w, https:\/\/ler.ae\/tr\/wp-content\/uploads\/2024\/05\/Rixos-3-240x300.jpg 240w, https:\/\/ler.ae\/tr\/wp-content\/uploads\/2024\/05\/Rixos-3-819x1024.jpg 819w, https:\/\/ler.ae\/tr\/wp-content\/uploads\/2024\/05\/Rixos-3-768x960.jpg 768w, https:\/\/ler.ae\/tr\/wp-content\/uploads\/2024\/05\/Rixos-3-1229x1536.jpg 1229w, https:\/\/ler.ae\/tr\/wp-content\/uploads\/2024\/05\/Rixos-3-1638x2048.jpg 1638w\" sizes=\"(max-width: 2000px) 100vw, 2000px\" \/>\n\t\t\t\t\t                \t<div class=\"project-detail-picture-descr\">\n                \t\t<div class=\"w-full text-token-text-primary\" dir=\"auto\" data-testid=\"conversation-turn-193\">\n<div class=\"px-4 py-2 justify-center text-base md:gap-6 m-auto\">\n<div class=\"flex flex-1 text-base mx-auto gap-3 juice:gap-4 juice:md:gap-6 md:px-5 lg:px-1 xl:px-5 md:max-w-3xl lg:max-w-[40rem] xl:max-w-[48rem]\">\n<div class=\"relative flex w-full flex-col agent-turn\">\n<div class=\"flex-col gap-1 md:gap-3\">\n<div class=\"flex flex-grow flex-col max-w-full\">\n<div class=\"min-h-[20px] text-message flex flex-col items-start gap-3 whitespace-pre-wrap break-words [.text-message+&amp;]:mt-5 overflow-x-auto\" dir=\"auto\" data-message-author-role=\"assistant\" data-message-id=\"b0340ccf-73e4-49d7-aeda-6947323df338\">\n<div class=\"markdown prose w-full break-words dark:prose-invert dark\">\n<p>\u0130deal kumsal eviniz sizi bu muhte\u015fem ortamda bekliyor. Ufuk \u00e7izgisine bakarak nefes kesen balkonlarda ve teraslarda panaromik deniz manzaras\u0131n\u0131n tad\u0131n\u0131 \u00e7\u0131kar\u0131n veya ferah g\u00fcne\u015f \u0131\u015f\u0131\u011f\u0131yla dolu odalarda dinlenin. Plaj Konutlar\u0131, sahillere \u00e7evrili bu aranan mahallenin sakin bir k\u00f6\u015fesinde benzersiz manzaralar sunarak \u015f\u0131k yeni evinizde g\u00fcne\u015fin ve huzurun tad\u0131n\u0131 \u00e7\u0131karman\u0131z\u0131 sa\u011fl\u0131yor. \u00d6zel Plaj Konutlar\u0131, bir ila \u00fc\u00e7 yatak odas\u0131na kadar \u00e7e\u015fitli se\u00e7enekler sunuyor. Her bir konut \u00e7a\u011fda\u015f bir zarafeti, b\u00fcy\u00fcleyici mimari tasar\u0131m\u0131 ve \u00e7a\u011fda\u015f ya\u015fam i\u00e7in \u00f6zenle tasarlanm\u0131\u015f \u00f6zellikleri i\u00e7eriyor.<\/p>\n<\/div>\n<\/div>\n<\/div>\n<\/div>\n<\/div>\n<\/div>\n<\/div>\n<\/div>\n                \t<\/div>\n\t\t\t\t\t\n\t\t\t\t\t\n\t\t\t<\/div>\n\t\t\t\t\t\t\t<\/div>\n\t\t\t\t<\/div>\n\t\t\t\t<\/div>\n\t\t<div class=\"elementor-element elementor-element-a36ea86 e-con-full e-flex e-con e-child\" data-id=\"a36ea86\" data-element_type=\"container\">\n\t\t\t\t<div class=\"elementor-element elementor-element-4c0ed48 elementor-widget elementor-widget-project-detail\" data-id=\"4c0ed48\" data-element_type=\"widget\" data-widget_type=\"project-detail.default\">\n\t\t\t\t<div class=\"elementor-widget-container\">\n\t\t\t\t\t\t\t\t<div class=\"project-detail-picture-wrapper  bottom\">\n\t\t\t\t\t\n\t\t\t\t\t                \t<div class=\"project-detail-picture-descr\">\n                \t\t<p>Muhte\u015fem be\u015f adadan olu\u015fan Dubai Adalar\u0131, \u00e7arp\u0131c\u0131 Infinity K\u00f6pr\u00fcs\u00fc arac\u0131l\u0131\u011f\u0131yla kumlu k\u0131y\u0131lar\u0131, davetkar su kenarlar\u0131n\u0131 ve d\u00fcnya standartlar\u0131nda olanaklar\u0131 ana kara ile birle\u015ftiriyor. Bu \u00e7a\u011fda\u015f tatil k\u00f6y\u00fc tarz\u0131 mahalle, parlak havuzlar, ye\u015fil bah\u00e7e teraslar\u0131, el de\u011fmemi\u015f bir plaj ve yerindeki Rixos oteli de dahil olmak \u00fczere geni\u015f bir ya\u015fam tarz\u0131 olanaklar\u0131na eri\u015fim sa\u011flamak \u00fczere dikkatlice tasarlanm\u0131\u015ft\u0131r. Bu dostane kumsal geli\u015fiminde wellness aktivitelerinin, enerji veren su sporlar\u0131n\u0131n ve t\u00fcm \u00f6zel Rixos hizmetlerinin tad\u0131n\u0131 \u00e7\u0131kar\u0131n.<\/p>\n                \t<\/div>\n\t\t\t\t\t\n\t\t\t\t\t<img decoding=\"async\" src=\"https:\/\/ler.ae\/tr\/wp-content\/uploads\/2024\/05\/Rixos-4.jpg\" class=\"\" alt=\"\" srcset=\"https:\/\/ler.ae\/tr\/wp-content\/uploads\/2024\/05\/Rixos-4.jpg 1646w, https:\/\/ler.ae\/tr\/wp-content\/uploads\/2024\/05\/Rixos-4-240x300.jpg 240w, https:\/\/ler.ae\/tr\/wp-content\/uploads\/2024\/05\/Rixos-4-819x1024.jpg 819w, https:\/\/ler.ae\/tr\/wp-content\/uploads\/2024\/05\/Rixos-4-768x961.jpg 768w, https:\/\/ler.ae\/tr\/wp-content\/uploads\/2024\/05\/Rixos-4-1228x1536.jpg 1228w, https:\/\/ler.ae\/tr\/wp-content\/uploads\/2024\/05\/Rixos-4-1637x2048.jpg 1637w\" sizes=\"(max-width: 1646px) 100vw, 1646px\" \/>\n\t\t\t<\/div>\n\t\t\t\t\t\t\t<\/div>\n\t\t\t\t<\/div>\n\t\t\t\t<\/div>\n\t\t\t\t<\/div>\n\t\t<div class=\"elementor-element elementor-element-f3a746b e-con-full e-flex e-con e-parent\" data-id=\"f3a746b\" data-element_type=\"container\">\n\t\t\t\t<div class=\"elementor-element elementor-element-13bf077 elementor-widget elementor-widget-single-media\" data-id=\"13bf077\" data-element_type=\"widget\" data-widget_type=\"single-media.default\">\n\t\t\t\t<div class=\"elementor-widget-container\">\n\t\t\t\t\t\t\t\t<div class=\"single-media single-media--image\">\n\t\t\t\t<div class=\"single-media__wrap\">\n\t\t\t\t\t<img decoding=\"async\" src=\"https:\/\/ler.ae\/tr\/wp-content\/uploads\/2024\/05\/07_Beach-house-view-from-the-terrece-scaled.jpg\" class=\"single-media__image \" alt=\"\" srcset=\"https:\/\/ler.ae\/tr\/wp-content\/uploads\/2024\/05\/07_Beach-house-view-from-the-terrece-scaled.jpg 2560w, https:\/\/ler.ae\/tr\/wp-content\/uploads\/2024\/05\/07_Beach-house-view-from-the-terrece-300x177.jpg 300w, https:\/\/ler.ae\/tr\/wp-content\/uploads\/2024\/05\/07_Beach-house-view-from-the-terrece-1024x602.jpg 1024w, https:\/\/ler.ae\/tr\/wp-content\/uploads\/2024\/05\/07_Beach-house-view-from-the-terrece-768x452.jpg 768w, https:\/\/ler.ae\/tr\/wp-content\/uploads\/2024\/05\/07_Beach-house-view-from-the-terrece-1536x904.jpg 1536w, https:\/\/ler.ae\/tr\/wp-content\/uploads\/2024\/05\/07_Beach-house-view-from-the-terrece-2048x1205.jpg 2048w\" sizes=\"(max-width: 2560px) 100vw, 2560px\" \/>\t\t\t\t\t\t\t\t\t<\/div>\n\t\t\t<\/div>\n\t\t\t\t\t\t<\/div>\n\t\t\t\t<\/div>\n\t\t\t\t<\/div>\n\t\t<div class=\"elementor-element elementor-element-43c367b e-con-full e-flex e-con e-parent\" data-id=\"43c367b\" data-element_type=\"container\">\n\t\t<div class=\"elementor-element elementor-element-6ae0194 e-con-full e-flex e-con e-child\" data-id=\"6ae0194\" data-element_type=\"container\">\n\t\t\t\t<div class=\"elementor-element elementor-element-9138897 elementor-widget elementor-widget-project-detail\" data-id=\"9138897\" data-element_type=\"widget\" data-widget_type=\"project-detail.default\">\n\t\t\t\t<div class=\"elementor-widget-container\">\n\t\t\t\t\t\t\t\t<div class=\"project-detail-picture-wrapper  top\">\n\t\t\t\t\t<img decoding=\"async\" src=\"https:\/\/ler.ae\/tr\/wp-content\/uploads\/2024\/05\/Rixos-2.jpg\" class=\"\" alt=\"\" srcset=\"https:\/\/ler.ae\/tr\/wp-content\/uploads\/2024\/05\/Rixos-2.jpg 2000w, https:\/\/ler.ae\/tr\/wp-content\/uploads\/2024\/05\/Rixos-2-240x300.jpg 240w, https:\/\/ler.ae\/tr\/wp-content\/uploads\/2024\/05\/Rixos-2-819x1024.jpg 819w, https:\/\/ler.ae\/tr\/wp-content\/uploads\/2024\/05\/Rixos-2-768x960.jpg 768w, https:\/\/ler.ae\/tr\/wp-content\/uploads\/2024\/05\/Rixos-2-1229x1536.jpg 1229w, https:\/\/ler.ae\/tr\/wp-content\/uploads\/2024\/05\/Rixos-2-1638x2048.jpg 1638w\" sizes=\"(max-width: 2000px) 100vw, 2000px\" \/>\n\t\t\t\t\t                \t<div class=\"project-detail-picture-descr\">\n                \t\t<p>\u00d6zenle se\u00e7ilmi\u015f i\u00e7 mekan biti\u015fleri, hem rahatl\u0131\u011f\u0131 hem de zarafeti yans\u0131tan bir ev yaratmak i\u00e7in kullan\u0131lm\u0131\u015ft\u0131r. S\u0131cak me\u015fe veya ceviz ah\u015fap, ta\u015f, cilal\u0131 metal ve f\u0131r\u00e7alanm\u0131\u015f \u015fampanya metal gibi incelikli aksesuarlar ve uyumlu bir dizi biti\u015f, l\u00fcks\u00fc yans\u0131tan davetkar ve y\u00fckseltilmi\u015f bir ortam yarat\u0131yor.<\/p>\n                \t<\/div>\n\t\t\t\t\t\n\t\t\t\t\t\n\t\t\t<\/div>\n\t\t\t\t\t\t\t<\/div>\n\t\t\t\t<\/div>\n\t\t\t\t<\/div>\n\t\t<div class=\"elementor-element elementor-element-b78bf49 e-con-full e-flex e-con e-child\" data-id=\"b78bf49\" data-element_type=\"container\">\n\t\t\t\t<div class=\"elementor-element elementor-element-8e214d5 elementor-widget elementor-widget-project-detail\" data-id=\"8e214d5\" data-element_type=\"widget\" data-widget_type=\"project-detail.default\">\n\t\t\t\t<div class=\"elementor-widget-container\">\n\t\t\t\t\t\t\t\t<div class=\"project-detail-picture-wrapper  bottom\">\n\t\t\t\t\t\n\t\t\t\t\t                \t<div class=\"project-detail-picture-descr\">\n                \t\t<p>Her bir kusursuz tasarlanm\u0131\u015f Plaj Konutu'nda zemin tavan cam kullan\u0131m\u0131, i\u00e7 mekanlar\u0131 do\u011fal olarak d\u0131\u015f mekan ya\u015fam alanlar\u0131yla ba\u011flayan parlak g\u00fcne\u015f \u0131\u015f\u0131\u011f\u0131 dolu alanlar serisi sunuyor. Nefes kesen manzaralar\u0131 izlerken do\u011fal panoraman\u0131n i\u00e7ine dal\u0131n.<\/p>\n                \t<\/div>\n\t\t\t\t\t\n\t\t\t\t\t<img decoding=\"async\" src=\"https:\/\/ler.ae\/tr\/wp-content\/uploads\/2024\/05\/Rixos-1.jpg\" class=\"\" alt=\"\" srcset=\"https:\/\/ler.ae\/tr\/wp-content\/uploads\/2024\/05\/Rixos-1.jpg 2048w, https:\/\/ler.ae\/tr\/wp-content\/uploads\/2024\/05\/Rixos-1-240x300.jpg 240w, https:\/\/ler.ae\/tr\/wp-content\/uploads\/2024\/05\/Rixos-1-819x1024.jpg 819w, https:\/\/ler.ae\/tr\/wp-content\/uploads\/2024\/05\/Rixos-1-768x960.jpg 768w, https:\/\/ler.ae\/tr\/wp-content\/uploads\/2024\/05\/Rixos-1-1229x1536.jpg 1229w, https:\/\/ler.ae\/tr\/wp-content\/uploads\/2024\/05\/Rixos-1-1638x2048.jpg 1638w\" sizes=\"(max-width: 2048px) 100vw, 2048px\" \/>\n\t\t\t<\/div>\n\t\t\t\t\t\t\t<\/div>\n\t\t\t\t<\/div>\n\t\t\t\t<\/div>\n\t\t\t\t<\/div>\n\t\t<div class=\"elementor-element elementor-element-33b2c9a e-con-full e-flex e-con e-parent\" data-id=\"33b2c9a\" data-element_type=\"container\">\n\t\t<div class=\"elementor-element elementor-element-822d882 e-con-full e-flex e-con e-child\" data-id=\"822d882\" data-element_type=\"container\">\n\t\t\t\t<div class=\"elementor-element elementor-element-191ed15 elementor-widget elementor-widget-single-media\" data-id=\"191ed15\" data-element_type=\"widget\" data-widget_type=\"single-media.default\">\n\t\t\t\t<div class=\"elementor-widget-container\">\n\t\t\t\t\t\t\t\t<div class=\"single-media single-media--image\">\n\t\t\t\t<div class=\"single-media__wrap\">\n\t\t\t\t\t<img decoding=\"async\" src=\"https:\/\/ler.ae\/tr\/wp-content\/uploads\/2024\/05\/Exterioir-2-scaled.jpg\" class=\"single-media__image \" alt=\"\" srcset=\"https:\/\/ler.ae\/tr\/wp-content\/uploads\/2024\/05\/Exterioir-2-scaled.jpg 2560w, https:\/\/ler.ae\/tr\/wp-content\/uploads\/2024\/05\/Exterioir-2-300x188.jpg 300w, https:\/\/ler.ae\/tr\/wp-content\/uploads\/2024\/05\/Exterioir-2-1024x640.jpg 1024w, https:\/\/ler.ae\/tr\/wp-content\/uploads\/2024\/05\/Exterioir-2-768x480.jpg 768w, https:\/\/ler.ae\/tr\/wp-content\/uploads\/2024\/05\/Exterioir-2-1536x960.jpg 1536w, https:\/\/ler.ae\/tr\/wp-content\/uploads\/2024\/05\/Exterioir-2-2048x1280.jpg 2048w\" sizes=\"(max-width: 2560px) 100vw, 2560px\" \/>\t\t\t\t\t\t\t\t\t<\/div>\n\t\t\t<\/div>\n\t\t\t\t\t\t<\/div>\n\t\t\t\t<\/div>\n\t\t\t\t<\/div>\n\t\t\t\t<\/div>\n\t\t\t\t<\/div>\n\t\t","protected":false},"excerpt":{"rendered":"","protected":false},"author":1,"featured_media":5728,"parent":0,"menu_order":0,"comment_status":"closed","ping_status":"closed","template":"elementor_header_footer","meta":{"footnotes":""},"class_list":["post-7123","page","type-page","status-publish","has-post-thumbnail","hentry"],"yoast_head":"<!-- This site is optimized with the Yoast SEO plugin v24.1 - https:\/\/yoast.com\/wordpress\/plugins\/seo\/ -->\n<title>Rixos Dubai Island Residences - Ler Properties - Dubai ve \u0130stanbul L\u00fcks Konut Projeleri: Sat\u0131l\u0131k Villa, Bo\u011faz Manzaral\u0131 Daire<\/title>\n<meta name=\"description\" content=\"Dap yeni levent \u015fehir merkezinden uzakta g\u00f6rmeye al\u0131\u015f\u0131k oldu\u011fumuz, dingin atmosferiyle \u00f6ne \u00e7\u0131kan country ya\u015fam tarz\u0131.\" \/>\n<meta name=\"robots\" content=\"index, follow, max-snippet:-1, max-image-preview:large, max-video-preview:-1\" \/>\n<link rel=\"canonical\" href=\"https:\/\/ler.ae\/tr\/rixos-dubai-island-residences-dubai-tr\/\" \/>\n<meta property=\"og:locale\" content=\"tr_TR\" \/>\n<meta property=\"og:type\" content=\"article\" \/>\n<meta property=\"og:title\" content=\"Rixos Dubai Island Residences - Ler Properties - Dubai ve \u0130stanbul L\u00fcks Konut Projeleri: Sat\u0131l\u0131k Villa, Bo\u011faz Manzaral\u0131 Daire\" \/>\n<meta property=\"og:description\" content=\"Dap yeni levent \u015fehir merkezinden uzakta g\u00f6rmeye al\u0131\u015f\u0131k oldu\u011fumuz, dingin atmosferiyle \u00f6ne \u00e7\u0131kan country ya\u015fam tarz\u0131.\" \/>\n<meta property=\"og:url\" content=\"https:\/\/ler.ae\/tr\/rixos-dubai-island-residences-dubai-tr\/\" \/>\n<meta property=\"og:site_name\" content=\"Ler Properties - Dubai ve \u0130stanbul L\u00fcks Konut Projeleri: Sat\u0131l\u0131k Villa, Bo\u011faz Manzaral\u0131 Daire\" \/>\n<meta property=\"article:publisher\" content=\"https:\/\/m.facebook.com\/lerproperties\" \/>\n<meta property=\"article:modified_time\" content=\"2024-05-02T11:37:32+00:00\" \/>\n<meta property=\"og:image\" content=\"https:\/\/ler.ae\/tr\/wp-content\/uploads\/2024\/03\/dap-yeni-levent-istanbul-5.jpg\" \/>\n\t<meta property=\"og:image:width\" content=\"1920\" \/>\n\t<meta property=\"og:image:height\" content=\"1080\" \/>\n\t<meta property=\"og:image:type\" content=\"image\/jpeg\" \/>\n<meta name=\"twitter:card\" content=\"summary_large_image\" \/>\n<meta name=\"twitter:label1\" content=\"Tahmini okuma s\u00fcresi\" \/>\n\t<meta name=\"twitter:data1\" content=\"4 dakika\" \/>\n<script type=\"application\/ld+json\" class=\"yoast-schema-graph\">{\"@context\":\"https:\/\/schema.org\",\"@graph\":[{\"@type\":\"WebPage\",\"@id\":\"https:\/\/ler.ae\/tr\/rixos-dubai-island-residences-dubai-tr\/\",\"url\":\"https:\/\/ler.ae\/tr\/rixos-dubai-island-residences-dubai-tr\/\",\"name\":\"Rixos Dubai Island Residences - Ler Properties - Dubai ve \u0130stanbul L\u00fcks Konut Projeleri: Sat\u0131l\u0131k Villa, Bo\u011faz Manzaral\u0131 Daire\",\"isPartOf\":{\"@id\":\"https:\/\/ler.ae\/tr\/#website\"},\"primaryImageOfPage\":{\"@id\":\"https:\/\/ler.ae\/tr\/rixos-dubai-island-residences-dubai-tr\/#primaryimage\"},\"image\":{\"@id\":\"https:\/\/ler.ae\/tr\/rixos-dubai-island-residences-dubai-tr\/#primaryimage\"},\"thumbnailUrl\":\"https:\/\/ler.ae\/tr\/wp-content\/uploads\/2024\/03\/dap-yeni-levent-istanbul-5.jpg\",\"datePublished\":\"2024-05-02T11:34:06+00:00\",\"dateModified\":\"2024-05-02T11:37:32+00:00\",\"description\":\"Dap yeni levent \u015fehir merkezinden uzakta g\u00f6rmeye al\u0131\u015f\u0131k oldu\u011fumuz, dingin atmosferiyle \u00f6ne \u00e7\u0131kan country ya\u015fam tarz\u0131.\",\"inLanguage\":\"tr\",\"potentialAction\":[{\"@type\":\"ReadAction\",\"target\":[\"https:\/\/ler.ae\/tr\/rixos-dubai-island-residences-dubai-tr\/\"]}]},{\"@type\":\"ImageObject\",\"inLanguage\":\"tr\",\"@id\":\"https:\/\/ler.ae\/tr\/rixos-dubai-island-residences-dubai-tr\/#primaryimage\",\"url\":\"https:\/\/ler.ae\/tr\/wp-content\/uploads\/2024\/03\/dap-yeni-levent-istanbul-5.jpg\",\"contentUrl\":\"https:\/\/ler.ae\/tr\/wp-content\/uploads\/2024\/03\/dap-yeni-levent-istanbul-5.jpg\",\"width\":1920,\"height\":1080,\"caption\":\"dap-yeni-levent-\"},{\"@type\":\"WebSite\",\"@id\":\"https:\/\/ler.ae\/tr\/#website\",\"url\":\"https:\/\/ler.ae\/tr\/\",\"name\":\"Ler Properties\",\"description\":\"Ler Properties\",\"alternateName\":\"Ler Properties\",\"potentialAction\":[{\"@type\":\"SearchAction\",\"target\":{\"@type\":\"EntryPoint\",\"urlTemplate\":\"https:\/\/ler.ae\/tr\/?s={search_term_string}\"},\"query-input\":{\"@type\":\"PropertyValueSpecification\",\"valueRequired\":true,\"valueName\":\"search_term_string\"}}],\"inLanguage\":\"tr\"}]}<\/script>\n<!-- \/ Yoast SEO plugin. -->","yoast_head_json":{"title":"Rixos Dubai Island Residences - Ler Properties - Dubai ve \u0130stanbul L\u00fcks Konut Projeleri: Sat\u0131l\u0131k Villa, Bo\u011faz Manzaral\u0131 Daire","description":"Dap yeni levent \u015fehir merkezinden uzakta g\u00f6rmeye al\u0131\u015f\u0131k oldu\u011fumuz, dingin atmosferiyle \u00f6ne \u00e7\u0131kan country ya\u015fam tarz\u0131.","robots":{"index":"index","follow":"follow","max-snippet":"max-snippet:-1","max-image-preview":"max-image-preview:large","max-video-preview":"max-video-preview:-1"},"canonical":"https:\/\/ler.ae\/tr\/rixos-dubai-island-residences-dubai-tr\/","og_locale":"tr_TR","og_type":"article","og_title":"Rixos Dubai Island Residences - Ler Properties - Dubai ve \u0130stanbul L\u00fcks Konut Projeleri: Sat\u0131l\u0131k Villa, Bo\u011faz Manzaral\u0131 Daire","og_description":"Dap yeni levent \u015fehir merkezinden uzakta g\u00f6rmeye al\u0131\u015f\u0131k oldu\u011fumuz, dingin atmosferiyle \u00f6ne \u00e7\u0131kan country ya\u015fam tarz\u0131.","og_url":"https:\/\/ler.ae\/tr\/rixos-dubai-island-residences-dubai-tr\/","og_site_name":"Ler Properties - Dubai ve \u0130stanbul L\u00fcks Konut Projeleri: Sat\u0131l\u0131k Villa, Bo\u011faz Manzaral\u0131 Daire","article_publisher":"https:\/\/m.facebook.com\/lerproperties","article_modified_time":"2024-05-02T11:37:32+00:00","og_image":[{"width":1920,"height":1080,"url":"https:\/\/ler.ae\/tr\/wp-content\/uploads\/2024\/03\/dap-yeni-levent-istanbul-5.jpg","type":"image\/jpeg"}],"twitter_card":"summary_large_image","twitter_misc":{"Tahmini okuma s\u00fcresi":"4 dakika"},"schema":{"@context":"https:\/\/schema.org","@graph":[{"@type":"WebPage","@id":"https:\/\/ler.ae\/tr\/rixos-dubai-island-residences-dubai-tr\/","url":"https:\/\/ler.ae\/tr\/rixos-dubai-island-residences-dubai-tr\/","name":"Rixos Dubai Island Residences - Ler Properties - Dubai ve \u0130stanbul L\u00fcks Konut Projeleri: Sat\u0131l\u0131k Villa, Bo\u011faz Manzaral\u0131 Daire","isPartOf":{"@id":"https:\/\/ler.ae\/tr\/#website"},"primaryImageOfPage":{"@id":"https:\/\/ler.ae\/tr\/rixos-dubai-island-residences-dubai-tr\/#primaryimage"},"image":{"@id":"https:\/\/ler.ae\/tr\/rixos-dubai-island-residences-dubai-tr\/#primaryimage"},"thumbnailUrl":"https:\/\/ler.ae\/tr\/wp-content\/uploads\/2024\/03\/dap-yeni-levent-istanbul-5.jpg","datePublished":"2024-05-02T11:34:06+00:00","dateModified":"2024-05-02T11:37:32+00:00","description":"Dap yeni levent \u015fehir merkezinden uzakta g\u00f6rmeye al\u0131\u015f\u0131k oldu\u011fumuz, dingin atmosferiyle \u00f6ne \u00e7\u0131kan country ya\u015fam tarz\u0131.","inLanguage":"tr","potentialAction":[{"@type":"ReadAction","target":["https:\/\/ler.ae\/tr\/rixos-dubai-island-residences-dubai-tr\/"]}]},{"@type":"ImageObject","inLanguage":"tr","@id":"https:\/\/ler.ae\/tr\/rixos-dubai-island-residences-dubai-tr\/#primaryimage","url":"https:\/\/ler.ae\/tr\/wp-content\/uploads\/2024\/03\/dap-yeni-levent-istanbul-5.jpg","contentUrl":"https:\/\/ler.ae\/tr\/wp-content\/uploads\/2024\/03\/dap-yeni-levent-istanbul-5.jpg","width":1920,"height":1080,"caption":"dap-yeni-levent-"},{"@type":"WebSite","@id":"https:\/\/ler.ae\/tr\/#website","url":"https:\/\/ler.ae\/tr\/","name":"Ler Properties","description":"Ler Properties","alternateName":"Ler Properties","potentialAction":[{"@type":"SearchAction","target":{"@type":"EntryPoint","urlTemplate":"https:\/\/ler.ae\/tr\/?s={search_term_string}"},"query-input":{"@type":"PropertyValueSpecification","valueRequired":true,"valueName":"search_term_string"}}],"inLanguage":"tr"}]}},"_links":{"self":[{"href":"https:\/\/ler.ae\/tr\/wp-json\/wp\/v2\/pages\/7123","targetHints":{"allow":["GET"]}}],"collection":[{"href":"https:\/\/ler.ae\/tr\/wp-json\/wp\/v2\/pages"}],"about":[{"href":"https:\/\/ler.ae\/tr\/wp-json\/wp\/v2\/types\/page"}],"author":[{"embeddable":true,"href":"https:\/\/ler.ae\/tr\/wp-json\/wp\/v2\/users\/1"}],"replies":[{"embeddable":true,"href":"https:\/\/ler.ae\/tr\/wp-json\/wp\/v2\/comments?post=7123"}],"version-history":[{"count":4,"href":"https:\/\/ler.ae\/tr\/wp-json\/wp\/v2\/pages\/7123\/revisions"}],"predecessor-version":[{"id":7134,"href":"https:\/\/ler.ae\/tr\/wp-json\/wp\/v2\/pages\/7123\/revisions\/7134"}],"wp:featuredmedia":[{"embeddable":true,"href":"https:\/\/ler.ae\/tr\/wp-json\/wp\/v2\/media\/5728"}],"wp:attachment":[{"href":"https:\/\/ler.ae\/tr\/wp-json\/wp\/v2\/media?parent=7123"}],"curies":[{"name":"wp","href":"https:\/\/api.w.org\/{rel}","templated":true}]}}