{"id":7097,"date":"2024-05-02T10:00:25","date_gmt":"2024-05-02T10:00:25","guid":{"rendered":"https:\/\/ler.ae\/tr\/?page_id=7097"},"modified":"2024-05-02T10:04:54","modified_gmt":"2024-05-02T10:04:54","slug":"como-residences-dubai-tr","status":"publish","type":"page","link":"https:\/\/ler.ae\/tr\/como-residences-dubai-tr\/","title":{"rendered":"Como Residences"},"content":{"rendered":"\t\t<div data-elementor-type=\"wp-page\" data-elementor-id=\"7097\" class=\"elementor elementor-7097\" data-elementor-post-type=\"page\">\n\t\t\t\t<div class=\"elementor-element elementor-element-8e915b0 e-flex e-con-boxed e-con e-parent\" data-id=\"8e915b0\" data-element_type=\"container\">\n\t\t\t\t\t<div class=\"e-con-inner\">\n\t\t\t\t<div class=\"elementor-element elementor-element-fd7e11b elementor-widget elementor-widget-banner-title\" data-id=\"fd7e11b\" data-element_type=\"widget\" data-widget_type=\"banner-title.default\">\n\t\t\t\t<div class=\"elementor-widget-container\">\n\t\t\t\t\t\t\t<section class=\"container-fluid top-banner no-padd  simple  dark\">\t\t\t<div class=\"content\">\n\t\t\t\t<div class=\"prague-svg-animation-text\">\n\t\t\t\t\t\t\t\t\t<\/div>\n\t\t\t\t<div class=\"subtitle\">Dubai, Birle\u015fik Arap Emirlikleri<\/div>\t\t\t\t<h1 class=\"title\">COMO RESIDENCES<\/h1>\t\t\t\t<div class=\"description\"><p><p>Nakheel, do\u011fan\u0131n g\u00fczelli\u011finden ilham alarak, arazi ve suyu yenilik\u00e7i ve etkileyici destinasyonlara d\u00f6n\u00fc\u015ft\u00fcr\u00fcyor. Como Residences, d\u00fcnyan\u0131n en l\u00fcks destinasyonlar\u0131n\u0131n en iyisini tek bir mimari an\u0131tta birle\u015ftiriyor. Bu su esinli kule, 71 kata sahip olup, her biri e\u015fsiz bir deniz dalgas\u0131n\u0131 and\u0131r\u0131yor. Bu proje, Nakheel'in Dubai'de ola\u011fan\u00fcst\u00fc su kenar\u0131 ya\u015fam\u0131 vizyonunun son halkas\u0131d\u0131r. Como Residences, Palm Jumeirah'\u0131n kalbinde y\u00fckselerek, muhte\u015fem \u00f6zel konutlar\u0131n bulundu\u011fu g\u00f6rkemli bir koleksiyon sunuyor. 21.000.000 dirhemden (5.670.000$) ba\u015flayan fiyatlarla 2-3-4-5-6 odal\u0131 daire, 5 odal\u0131 penthouse ve 7 odal\u0131 duplex daire se\u00e7enekleriyle Como Residences sizleri bekliyor.<\/p><\/p><\/div>\t\t\t\t\t\t\t<\/div>\n\t\t\t<div class=\"top-banner-cursor\"><\/div>\n\t\t<\/section>\n\t\t\t\t\t\t<\/div>\n\t\t\t\t<\/div>\n\t\t\t\t<div class=\"elementor-element elementor-element-1542fa4 elementor-widget elementor-widget-info-block\" data-id=\"1542fa4\" data-element_type=\"widget\" data-widget_type=\"info-block.default\">\n\t\t\t\t<div class=\"elementor-widget-container\">\n\t\t\t\t\t\t\t\t\t<div class=\"project-detail-block-outer \">\n\t\t\t\t\t\t\t<div class=\"project-detail-block-wrapper\">\n\t\t\t\t\t<div class=\"project-detail-block-item\">\n\t\t\t\t\t\t\t\t\t\t\t\t\t<div class=\"project-detail-block-title\">\n\t\t\t\t\t\t\t\tPROJE TESL\u0130M\t\t\t\t\t\t\t<\/div>\n\t\t\t\t\t\t\t\t\t\t\t\t\t\t\t\t\t\t\t<div class=\"project-detail-block-descr\">\n\t\t\t\t\t\t\t\t<p><p>2027<\/p>\n<\/p>\n\t\t\t\t\t\t\t<\/div>\n\t\t\t\t\t\t\t\t\t\t\t<\/div>\n\t\t\t\t<\/div>\n\t\t\t\t\t\t\t\t\t\t\t<div class=\"project-detail-block-wrapper\">\n\t\t\t\t\t<div class=\"project-detail-block-item\">\n\t\t\t\t\t\t\t\t\t\t\t\t\t<div class=\"project-detail-block-title\">\n\t\t\t\t\t\t\t\tLOKASYON\t\t\t\t\t\t\t<\/div>\n\t\t\t\t\t\t\t\t\t\t\t\t\t\t\t\t\t\t\t<div class=\"project-detail-block-descr\">\n\t\t\t\t\t\t\t\t<p><p>Palm Jumeirah, Dubai<\/p>\n<\/p>\n\t\t\t\t\t\t\t<\/div>\n\t\t\t\t\t\t\t\t\t\t\t<\/div>\n\t\t\t\t<\/div>\n\t\t\t\t\t\t\t\t\t\t\t<div class=\"project-detail-block-wrapper\">\n\t\t\t\t\t<div class=\"project-detail-block-item\">\n\t\t\t\t\t\t\t\t\t\t\t\t\t<div class=\"project-detail-block-title\">\n\t\t\t\t\t\t\t\t\u00d6DEME PLANI\t\t\t\t\t\t\t<\/div>\n\t\t\t\t\t\t\t\t\t\t\t\t\t\t\t\t\t\t\t<div class=\"project-detail-block-descr\">\n\t\t\t\t\t\t\t\t<p><p>Proje \u0130\u00e7in %20 Pe\u015finat ve Proje Sonu %20 \u00d6deme<\/p>\n<\/p>\n\t\t\t\t\t\t\t<\/div>\n\t\t\t\t\t\t\t\t\t\t\t<\/div>\n\t\t\t\t<\/div>\n\t\t\t\t\t\t\t\t\t\t\t<div class=\"project-detail-block-wrapper\">\n\t\t\t\t\t<div class=\"project-detail-block-item\">\n\t\t\t\t\t\t\t\t\t\t\t\t\t<div class=\"project-detail-block-title\">\n\t\t\t\t\t\t\t\t\u0130N\u015eAAT \u015e\u0130RKET\u0130\t\t\t\t\t\t\t<\/div>\n\t\t\t\t\t\t\t\t\t\t\t\t\t\t\t\t\t\t\t<div class=\"project-detail-block-descr\">\n\t\t\t\t\t\t\t\t<p><p>NAKHEEL<\/p>\n<\/p>\n\t\t\t\t\t\t\t<\/div>\n\t\t\t\t\t\t\t\t\t\t\t<\/div>\n\t\t\t\t<\/div>\n\t\t\t\t\t\t\t\t\t\t<\/div>\n\t\t\t\t\t\t<\/div>\n\t\t\t\t<\/div>\n\t\t\t\t\t<\/div>\n\t\t\t\t<\/div>\n\t\t<div class=\"elementor-element elementor-element-575a04c e-con-full e-flex e-con e-parent\" data-id=\"575a04c\" data-element_type=\"container\">\n\t\t\t\t<div class=\"elementor-element elementor-element-5d5bfdd elementor-widget elementor-widget-single-media\" data-id=\"5d5bfdd\" data-element_type=\"widget\" data-widget_type=\"single-media.default\">\n\t\t\t\t<div class=\"elementor-widget-container\">\n\t\t\t\t\t\t\t\t<div class=\"single-media single-media--image\">\n\t\t\t\t<div class=\"single-media__wrap\">\n\t\t\t\t\t<img decoding=\"async\" src=\"https:\/\/ler.ae\/tr\/wp-content\/uploads\/2024\/05\/EXT23A-scaled.jpg\" class=\"single-media__image \" alt=\"\" srcset=\"https:\/\/ler.ae\/tr\/wp-content\/uploads\/2024\/05\/EXT23A-scaled.jpg 2560w, https:\/\/ler.ae\/tr\/wp-content\/uploads\/2024\/05\/EXT23A-300x182.jpg 300w, https:\/\/ler.ae\/tr\/wp-content\/uploads\/2024\/05\/EXT23A-1024x622.jpg 1024w, https:\/\/ler.ae\/tr\/wp-content\/uploads\/2024\/05\/EXT23A-768x466.jpg 768w, https:\/\/ler.ae\/tr\/wp-content\/uploads\/2024\/05\/EXT23A-1536x933.jpg 1536w, https:\/\/ler.ae\/tr\/wp-content\/uploads\/2024\/05\/EXT23A-2048x1244.jpg 2048w\" sizes=\"(max-width: 2560px) 100vw, 2560px\" \/>\t\t\t\t\t\t\t\t\t<\/div>\n\t\t\t<\/div>\n\t\t\t\t\t\t<\/div>\n\t\t\t\t<\/div>\n\t\t\t\t<\/div>\n\t\t<div class=\"elementor-element elementor-element-74af1bf e-con-full e-flex e-con e-parent\" data-id=\"74af1bf\" data-element_type=\"container\">\n\t\t<div class=\"elementor-element elementor-element-3cdafc5 e-con-full e-flex e-con e-child\" data-id=\"3cdafc5\" data-element_type=\"container\">\n\t\t\t\t<div class=\"elementor-element elementor-element-ad22d9c elementor-widget elementor-widget-project-detail\" data-id=\"ad22d9c\" data-element_type=\"widget\" data-widget_type=\"project-detail.default\">\n\t\t\t\t<div class=\"elementor-widget-container\">\n\t\t\t\t\t\t\t\t<div class=\"project-detail-picture-wrapper  top\">\n\t\t\t\t\t<img decoding=\"async\" src=\"https:\/\/ler.ae\/tr\/wp-content\/uploads\/2024\/05\/COMO-3-scaled.jpg\" class=\"\" alt=\"\" srcset=\"https:\/\/ler.ae\/tr\/wp-content\/uploads\/2024\/05\/COMO-3-scaled.jpg 2049w, https:\/\/ler.ae\/tr\/wp-content\/uploads\/2024\/05\/COMO-3-240x300.jpg 240w, https:\/\/ler.ae\/tr\/wp-content\/uploads\/2024\/05\/COMO-3-820x1024.jpg 820w, https:\/\/ler.ae\/tr\/wp-content\/uploads\/2024\/05\/COMO-3-768x960.jpg 768w, https:\/\/ler.ae\/tr\/wp-content\/uploads\/2024\/05\/COMO-3-1229x1536.jpg 1229w, https:\/\/ler.ae\/tr\/wp-content\/uploads\/2024\/05\/COMO-3-1639x2048.jpg 1639w\" sizes=\"(max-width: 2049px) 100vw, 2049px\" \/>\n\t\t\t\t\t                \t<div class=\"project-detail-picture-descr\">\n                \t\t<div class=\"w-full text-token-text-primary\" dir=\"auto\" data-testid=\"conversation-turn-193\">\n<div class=\"px-4 py-2 justify-center text-base md:gap-6 m-auto\">\n<div class=\"flex flex-1 text-base mx-auto gap-3 juice:gap-4 juice:md:gap-6 md:px-5 lg:px-1 xl:px-5 md:max-w-3xl lg:max-w-[40rem] xl:max-w-[48rem]\">\n<div class=\"relative flex w-full flex-col agent-turn\">\n<div class=\"flex-col gap-1 md:gap-3\">\n<div class=\"flex flex-grow flex-col max-w-full\">\n<div class=\"min-h-[20px] text-message flex flex-col items-start gap-3 whitespace-pre-wrap break-words [.text-message+&amp;]:mt-5 overflow-x-auto\" dir=\"auto\" data-message-author-role=\"assistant\" data-message-id=\"b0340ccf-73e4-49d7-aeda-6947323df338\">\n<div class=\"markdown prose w-full break-words dark:prose-invert dark\">\n<p>Como Residences, Palm Jumeirah'\u0131n e\u015fsiz manzaras\u0131nda y\u00fckselen, l\u00fcks bir kule olarak tasarlanm\u0131\u015ft\u0131r. Her an\u0131n tad\u0131n\u0131 \u00e7\u0131kar\u0131rken, Palm Jumeirah'\u0131n sundu\u011fu en iyi olanaklara kolayca ula\u015fabilirsiniz. \u015e\u0131k i\u00e7 mekanlar, nefes kesen manzaralar ve benzersiz olanaklarla dolu geni\u015f teraslar, sakinlere e\u015fsiz bir ya\u015fam tarz\u0131 sunar.<\/p>\n<\/div>\n<\/div>\n<\/div>\n<\/div>\n<\/div>\n<\/div>\n<\/div>\n<\/div>\n                \t<\/div>\n\t\t\t\t\t\n\t\t\t\t\t\n\t\t\t<\/div>\n\t\t\t\t\t\t\t<\/div>\n\t\t\t\t<\/div>\n\t\t\t\t<\/div>\n\t\t<div class=\"elementor-element elementor-element-a36ea86 e-con-full e-flex e-con e-child\" data-id=\"a36ea86\" data-element_type=\"container\">\n\t\t\t\t<div class=\"elementor-element elementor-element-4c0ed48 elementor-widget elementor-widget-project-detail\" data-id=\"4c0ed48\" data-element_type=\"widget\" data-widget_type=\"project-detail.default\">\n\t\t\t\t<div class=\"elementor-widget-container\">\n\t\t\t\t\t\t\t\t<div class=\"project-detail-picture-wrapper  bottom\">\n\t\t\t\t\t\n\t\t\t\t\t                \t<div class=\"project-detail-picture-descr\">\n                \t\t<p>Como Residences, organik bir deniz kabu\u011funun \u015feklini alarak g\u00f6ky\u00fcz\u00fcne y\u00fckseliyor. Bu sanat eseri, denizin hafif dalgalar\u0131ndan ve kumda b\u0131rak\u0131lan k\u0131vr\u0131ml\u0131 izlerden esinlenilerek tasarlanm\u0131\u015ft\u0131r. Palm Jumeirah'\u0131n kalbinde y\u00fckselen bu mimari harika, \u015fehrin tan\u0131nm\u0131\u015f manzaras\u0131na kusursuz bir \u015fekilde uyum sa\u011flayarak, sakinlerine e\u015fsiz bir plaj ya\u015fam tarz\u0131 sunuyor.<\/p>\n                \t<\/div>\n\t\t\t\t\t\n\t\t\t\t\t<img decoding=\"async\" src=\"https:\/\/ler.ae\/tr\/wp-content\/uploads\/2024\/05\/9f512d8d-bb3e-4fb1-ae61-467f7998faf0.jpg\" class=\"\" alt=\"\" srcset=\"https:\/\/ler.ae\/tr\/wp-content\/uploads\/2024\/05\/9f512d8d-bb3e-4fb1-ae61-467f7998faf0.jpg 1646w, https:\/\/ler.ae\/tr\/wp-content\/uploads\/2024\/05\/9f512d8d-bb3e-4fb1-ae61-467f7998faf0-240x300.jpg 240w, https:\/\/ler.ae\/tr\/wp-content\/uploads\/2024\/05\/9f512d8d-bb3e-4fb1-ae61-467f7998faf0-819x1024.jpg 819w, https:\/\/ler.ae\/tr\/wp-content\/uploads\/2024\/05\/9f512d8d-bb3e-4fb1-ae61-467f7998faf0-768x961.jpg 768w, https:\/\/ler.ae\/tr\/wp-content\/uploads\/2024\/05\/9f512d8d-bb3e-4fb1-ae61-467f7998faf0-1228x1536.jpg 1228w, https:\/\/ler.ae\/tr\/wp-content\/uploads\/2024\/05\/9f512d8d-bb3e-4fb1-ae61-467f7998faf0-1637x2048.jpg 1637w\" sizes=\"(max-width: 1646px) 100vw, 1646px\" \/>\n\t\t\t<\/div>\n\t\t\t\t\t\t\t<\/div>\n\t\t\t\t<\/div>\n\t\t\t\t<\/div>\n\t\t\t\t<\/div>\n\t\t<div class=\"elementor-element elementor-element-f3a746b e-con-full e-flex e-con e-parent\" data-id=\"f3a746b\" data-element_type=\"container\">\n\t\t\t\t<div class=\"elementor-element elementor-element-13bf077 elementor-widget elementor-widget-single-media\" data-id=\"13bf077\" data-element_type=\"widget\" data-widget_type=\"single-media.default\">\n\t\t\t\t<div class=\"elementor-widget-container\">\n\t\t\t\t\t\t\t\t<div class=\"single-media single-media--image\">\n\t\t\t\t<div class=\"single-media__wrap\">\n\t\t\t\t\t<img decoding=\"async\" src=\"https:\/\/ler.ae\/tr\/wp-content\/uploads\/2024\/05\/TM1134-UAE-Dubai-Como-Residence_Vp-Interior-01_Rev01-1-scaled.jpg\" class=\"single-media__image \" alt=\"\" srcset=\"https:\/\/ler.ae\/tr\/wp-content\/uploads\/2024\/05\/TM1134-UAE-Dubai-Como-Residence_Vp-Interior-01_Rev01-1-scaled.jpg 2560w, https:\/\/ler.ae\/tr\/wp-content\/uploads\/2024\/05\/TM1134-UAE-Dubai-Como-Residence_Vp-Interior-01_Rev01-1-300x169.jpg 300w, https:\/\/ler.ae\/tr\/wp-content\/uploads\/2024\/05\/TM1134-UAE-Dubai-Como-Residence_Vp-Interior-01_Rev01-1-1024x576.jpg 1024w, https:\/\/ler.ae\/tr\/wp-content\/uploads\/2024\/05\/TM1134-UAE-Dubai-Como-Residence_Vp-Interior-01_Rev01-1-768x432.jpg 768w, https:\/\/ler.ae\/tr\/wp-content\/uploads\/2024\/05\/TM1134-UAE-Dubai-Como-Residence_Vp-Interior-01_Rev01-1-1536x864.jpg 1536w, https:\/\/ler.ae\/tr\/wp-content\/uploads\/2024\/05\/TM1134-UAE-Dubai-Como-Residence_Vp-Interior-01_Rev01-1-2048x1152.jpg 2048w\" sizes=\"(max-width: 2560px) 100vw, 2560px\" \/>\t\t\t\t\t\t\t\t\t<\/div>\n\t\t\t<\/div>\n\t\t\t\t\t\t<\/div>\n\t\t\t\t<\/div>\n\t\t\t\t<\/div>\n\t\t<div class=\"elementor-element elementor-element-43c367b e-con-full e-flex e-con e-parent\" data-id=\"43c367b\" data-element_type=\"container\">\n\t\t<div class=\"elementor-element elementor-element-6ae0194 e-con-full e-flex e-con e-child\" data-id=\"6ae0194\" data-element_type=\"container\">\n\t\t\t\t<div class=\"elementor-element elementor-element-9138897 elementor-widget elementor-widget-project-detail\" data-id=\"9138897\" data-element_type=\"widget\" data-widget_type=\"project-detail.default\">\n\t\t\t\t<div class=\"elementor-widget-container\">\n\t\t\t\t\t\t\t\t<div class=\"project-detail-picture-wrapper  top\">\n\t\t\t\t\t<img decoding=\"async\" src=\"https:\/\/ler.ae\/tr\/wp-content\/uploads\/2024\/05\/COMO-2.jpg\" class=\"\" alt=\"\" srcset=\"https:\/\/ler.ae\/tr\/wp-content\/uploads\/2024\/05\/COMO-2.jpg 1410w, https:\/\/ler.ae\/tr\/wp-content\/uploads\/2024\/05\/COMO-2-240x300.jpg 240w, https:\/\/ler.ae\/tr\/wp-content\/uploads\/2024\/05\/COMO-2-819x1024.jpg 819w, https:\/\/ler.ae\/tr\/wp-content\/uploads\/2024\/05\/COMO-2-768x960.jpg 768w, https:\/\/ler.ae\/tr\/wp-content\/uploads\/2024\/05\/COMO-2-1228x1536.jpg 1228w\" sizes=\"(max-width: 1410px) 100vw, 1410px\" \/>\n\t\t\t\t\t                \t<div class=\"project-detail-picture-descr\">\n                \t\t<p>Como Residences, l\u00fcks ya\u015fam tarz\u0131n\u0131 benzersiz bir \u015fekilde sunan \u00e7e\u015fitli konut tipleriyle dikkat \u00e7ekiyor. Plaj ya\u015fam\u0131n\u0131n tad\u0131n\u0131 \u00e7\u0131kar\u0131rken, her an\u0131n huzurla dolu oldu\u011fu, \u00f6zel ve benzersiz bir konut koleksiyonunda ya\u015famak i\u00e7in m\u00fckemmel bir f\u0131rsat sunar.<\/p>\n                \t<\/div>\n\t\t\t\t\t\n\t\t\t\t\t\n\t\t\t<\/div>\n\t\t\t\t\t\t\t<\/div>\n\t\t\t\t<\/div>\n\t\t\t\t<\/div>\n\t\t<div class=\"elementor-element elementor-element-b78bf49 e-con-full e-flex e-con e-child\" data-id=\"b78bf49\" data-element_type=\"container\">\n\t\t\t\t<div class=\"elementor-element elementor-element-8e214d5 elementor-widget elementor-widget-project-detail\" data-id=\"8e214d5\" data-element_type=\"widget\" data-widget_type=\"project-detail.default\">\n\t\t\t\t<div class=\"elementor-widget-container\">\n\t\t\t\t\t\t\t\t<div class=\"project-detail-picture-wrapper  bottom\">\n\t\t\t\t\t\n\t\t\t\t\t                \t<div class=\"project-detail-picture-descr\">\n                \t\t<p>Como Residences'\u0131n her bir konutu, rafine bir zarafet ve sofistike bir ya\u015fam sunar. Her biri \u00f6zenle tasarlanm\u0131\u015f olan bu konutlar, m\u00fckemmel bir deniz manzaras\u0131yla birlikte gelen geni\u015f teraslar ve \u00f6zel havuzlarla donat\u0131lm\u0131\u015ft\u0131r. Burj Al Arab, Burj Khalifa, Palm Jumeirah ve Ain Dubai'nin manzaras\u0131na kar\u015f\u0131 nefes kesen bir ya\u015fam deneyimi sunarlar.<\/p>\n                \t<\/div>\n\t\t\t\t\t\n\t\t\t\t\t<img decoding=\"async\" src=\"https:\/\/ler.ae\/tr\/wp-content\/uploads\/2024\/05\/COMO-scaled.jpg\" class=\"\" alt=\"\" srcset=\"https:\/\/ler.ae\/tr\/wp-content\/uploads\/2024\/05\/COMO-scaled.jpg 2045w, https:\/\/ler.ae\/tr\/wp-content\/uploads\/2024\/05\/COMO-240x300.jpg 240w, https:\/\/ler.ae\/tr\/wp-content\/uploads\/2024\/05\/COMO-818x1024.jpg 818w, https:\/\/ler.ae\/tr\/wp-content\/uploads\/2024\/05\/COMO-768x961.jpg 768w, https:\/\/ler.ae\/tr\/wp-content\/uploads\/2024\/05\/COMO-1227x1536.jpg 1227w, https:\/\/ler.ae\/tr\/wp-content\/uploads\/2024\/05\/COMO-1636x2048.jpg 1636w\" sizes=\"(max-width: 2045px) 100vw, 2045px\" \/>\n\t\t\t<\/div>\n\t\t\t\t\t\t\t<\/div>\n\t\t\t\t<\/div>\n\t\t\t\t<\/div>\n\t\t\t\t<\/div>\n\t\t<div class=\"elementor-element elementor-element-33b2c9a e-con-full e-flex e-con e-parent\" data-id=\"33b2c9a\" data-element_type=\"container\">\n\t\t<div class=\"elementor-element elementor-element-822d882 e-con-full e-flex e-con e-child\" data-id=\"822d882\" data-element_type=\"container\">\n\t\t\t\t<div class=\"elementor-element elementor-element-191ed15 elementor-widget elementor-widget-single-media\" data-id=\"191ed15\" data-element_type=\"widget\" data-widget_type=\"single-media.default\">\n\t\t\t\t<div class=\"elementor-widget-container\">\n\t\t\t\t\t\t\t\t<div class=\"single-media single-media--image\">\n\t\t\t\t<div class=\"single-media__wrap\">\n\t\t\t\t\t<img decoding=\"async\" src=\"https:\/\/ler.ae\/tr\/wp-content\/uploads\/2024\/05\/EXT07-scaled.jpg\" class=\"single-media__image \" alt=\"\" srcset=\"https:\/\/ler.ae\/tr\/wp-content\/uploads\/2024\/05\/EXT07-scaled.jpg 2560w, https:\/\/ler.ae\/tr\/wp-content\/uploads\/2024\/05\/EXT07-300x169.jpg 300w, https:\/\/ler.ae\/tr\/wp-content\/uploads\/2024\/05\/EXT07-1024x576.jpg 1024w, https:\/\/ler.ae\/tr\/wp-content\/uploads\/2024\/05\/EXT07-768x432.jpg 768w, https:\/\/ler.ae\/tr\/wp-content\/uploads\/2024\/05\/EXT07-1536x864.jpg 1536w, https:\/\/ler.ae\/tr\/wp-content\/uploads\/2024\/05\/EXT07-2048x1152.jpg 2048w\" sizes=\"(max-width: 2560px) 100vw, 2560px\" \/>\t\t\t\t\t\t\t\t\t<\/div>\n\t\t\t<\/div>\n\t\t\t\t\t\t<\/div>\n\t\t\t\t<\/div>\n\t\t\t\t<\/div>\n\t\t\t\t<\/div>\n\t\t\t\t<\/div>\n\t\t","protected":false},"excerpt":{"rendered":"","protected":false},"author":1,"featured_media":5728,"parent":0,"menu_order":0,"comment_status":"closed","ping_status":"closed","template":"elementor_header_footer","meta":{"footnotes":""},"class_list":["post-7097","page","type-page","status-publish","has-post-thumbnail","hentry"],"yoast_head":"<!-- This site is optimized with the Yoast SEO plugin v24.1 - https:\/\/yoast.com\/wordpress\/plugins\/seo\/ -->\n<title>Como Residences - Ler Properties - Dubai ve \u0130stanbul L\u00fcks Konut Projeleri: Sat\u0131l\u0131k Villa, Bo\u011faz Manzaral\u0131 Daire<\/title>\n<meta name=\"description\" content=\"Dap yeni levent \u015fehir merkezinden uzakta g\u00f6rmeye al\u0131\u015f\u0131k oldu\u011fumuz, dingin atmosferiyle \u00f6ne \u00e7\u0131kan country ya\u015fam tarz\u0131.\" \/>\n<meta name=\"robots\" content=\"index, follow, max-snippet:-1, max-image-preview:large, max-video-preview:-1\" \/>\n<link rel=\"canonical\" href=\"https:\/\/ler.ae\/tr\/como-residences-dubai-tr\/\" \/>\n<meta property=\"og:locale\" content=\"tr_TR\" \/>\n<meta property=\"og:type\" content=\"article\" \/>\n<meta property=\"og:title\" content=\"Como Residences - Ler Properties - Dubai ve \u0130stanbul L\u00fcks Konut Projeleri: Sat\u0131l\u0131k Villa, Bo\u011faz Manzaral\u0131 Daire\" \/>\n<meta property=\"og:description\" content=\"Dap yeni levent \u015fehir merkezinden uzakta g\u00f6rmeye al\u0131\u015f\u0131k oldu\u011fumuz, dingin atmosferiyle \u00f6ne \u00e7\u0131kan country ya\u015fam tarz\u0131.\" \/>\n<meta property=\"og:url\" content=\"https:\/\/ler.ae\/tr\/como-residences-dubai-tr\/\" \/>\n<meta property=\"og:site_name\" content=\"Ler Properties - Dubai ve \u0130stanbul L\u00fcks Konut Projeleri: Sat\u0131l\u0131k Villa, Bo\u011faz Manzaral\u0131 Daire\" \/>\n<meta property=\"article:publisher\" content=\"https:\/\/m.facebook.com\/lerproperties\" \/>\n<meta property=\"article:modified_time\" content=\"2024-05-02T10:04:54+00:00\" \/>\n<meta property=\"og:image\" content=\"https:\/\/ler.ae\/tr\/wp-content\/uploads\/2024\/03\/dap-yeni-levent-istanbul-5.jpg\" \/>\n\t<meta property=\"og:image:width\" content=\"1920\" \/>\n\t<meta property=\"og:image:height\" content=\"1080\" \/>\n\t<meta property=\"og:image:type\" content=\"image\/jpeg\" \/>\n<meta name=\"twitter:card\" content=\"summary_large_image\" \/>\n<meta name=\"twitter:label1\" content=\"Tahmini okuma s\u00fcresi\" \/>\n\t<meta name=\"twitter:data1\" content=\"4 dakika\" \/>\n<script type=\"application\/ld+json\" class=\"yoast-schema-graph\">{\"@context\":\"https:\/\/schema.org\",\"@graph\":[{\"@type\":\"WebPage\",\"@id\":\"https:\/\/ler.ae\/tr\/como-residences-dubai-tr\/\",\"url\":\"https:\/\/ler.ae\/tr\/como-residences-dubai-tr\/\",\"name\":\"Como Residences - Ler Properties - Dubai ve \u0130stanbul L\u00fcks Konut Projeleri: Sat\u0131l\u0131k Villa, Bo\u011faz Manzaral\u0131 Daire\",\"isPartOf\":{\"@id\":\"https:\/\/ler.ae\/tr\/#website\"},\"primaryImageOfPage\":{\"@id\":\"https:\/\/ler.ae\/tr\/como-residences-dubai-tr\/#primaryimage\"},\"image\":{\"@id\":\"https:\/\/ler.ae\/tr\/como-residences-dubai-tr\/#primaryimage\"},\"thumbnailUrl\":\"https:\/\/ler.ae\/tr\/wp-content\/uploads\/2024\/03\/dap-yeni-levent-istanbul-5.jpg\",\"datePublished\":\"2024-05-02T10:00:25+00:00\",\"dateModified\":\"2024-05-02T10:04:54+00:00\",\"description\":\"Dap yeni levent \u015fehir merkezinden uzakta g\u00f6rmeye al\u0131\u015f\u0131k oldu\u011fumuz, dingin atmosferiyle \u00f6ne \u00e7\u0131kan country ya\u015fam tarz\u0131.\",\"inLanguage\":\"tr\",\"potentialAction\":[{\"@type\":\"ReadAction\",\"target\":[\"https:\/\/ler.ae\/tr\/como-residences-dubai-tr\/\"]}]},{\"@type\":\"ImageObject\",\"inLanguage\":\"tr\",\"@id\":\"https:\/\/ler.ae\/tr\/como-residences-dubai-tr\/#primaryimage\",\"url\":\"https:\/\/ler.ae\/tr\/wp-content\/uploads\/2024\/03\/dap-yeni-levent-istanbul-5.jpg\",\"contentUrl\":\"https:\/\/ler.ae\/tr\/wp-content\/uploads\/2024\/03\/dap-yeni-levent-istanbul-5.jpg\",\"width\":1920,\"height\":1080,\"caption\":\"dap-yeni-levent-\"},{\"@type\":\"WebSite\",\"@id\":\"https:\/\/ler.ae\/tr\/#website\",\"url\":\"https:\/\/ler.ae\/tr\/\",\"name\":\"Ler Properties\",\"description\":\"Ler Properties\",\"alternateName\":\"Ler Properties\",\"potentialAction\":[{\"@type\":\"SearchAction\",\"target\":{\"@type\":\"EntryPoint\",\"urlTemplate\":\"https:\/\/ler.ae\/tr\/?s={search_term_string}\"},\"query-input\":{\"@type\":\"PropertyValueSpecification\",\"valueRequired\":true,\"valueName\":\"search_term_string\"}}],\"inLanguage\":\"tr\"}]}<\/script>\n<!-- \/ Yoast SEO plugin. -->","yoast_head_json":{"title":"Como Residences - Ler Properties - Dubai ve \u0130stanbul L\u00fcks Konut Projeleri: Sat\u0131l\u0131k Villa, Bo\u011faz Manzaral\u0131 Daire","description":"Dap yeni levent \u015fehir merkezinden uzakta g\u00f6rmeye al\u0131\u015f\u0131k oldu\u011fumuz, dingin atmosferiyle \u00f6ne \u00e7\u0131kan country ya\u015fam tarz\u0131.","robots":{"index":"index","follow":"follow","max-snippet":"max-snippet:-1","max-image-preview":"max-image-preview:large","max-video-preview":"max-video-preview:-1"},"canonical":"https:\/\/ler.ae\/tr\/como-residences-dubai-tr\/","og_locale":"tr_TR","og_type":"article","og_title":"Como Residences - Ler Properties - Dubai ve \u0130stanbul L\u00fcks Konut Projeleri: Sat\u0131l\u0131k Villa, Bo\u011faz Manzaral\u0131 Daire","og_description":"Dap yeni levent \u015fehir merkezinden uzakta g\u00f6rmeye al\u0131\u015f\u0131k oldu\u011fumuz, dingin atmosferiyle \u00f6ne \u00e7\u0131kan country ya\u015fam tarz\u0131.","og_url":"https:\/\/ler.ae\/tr\/como-residences-dubai-tr\/","og_site_name":"Ler Properties - Dubai ve \u0130stanbul L\u00fcks Konut Projeleri: Sat\u0131l\u0131k Villa, Bo\u011faz Manzaral\u0131 Daire","article_publisher":"https:\/\/m.facebook.com\/lerproperties","article_modified_time":"2024-05-02T10:04:54+00:00","og_image":[{"width":1920,"height":1080,"url":"https:\/\/ler.ae\/tr\/wp-content\/uploads\/2024\/03\/dap-yeni-levent-istanbul-5.jpg","type":"image\/jpeg"}],"twitter_card":"summary_large_image","twitter_misc":{"Tahmini okuma s\u00fcresi":"4 dakika"},"schema":{"@context":"https:\/\/schema.org","@graph":[{"@type":"WebPage","@id":"https:\/\/ler.ae\/tr\/como-residences-dubai-tr\/","url":"https:\/\/ler.ae\/tr\/como-residences-dubai-tr\/","name":"Como Residences - Ler Properties - Dubai ve \u0130stanbul L\u00fcks Konut Projeleri: Sat\u0131l\u0131k Villa, Bo\u011faz Manzaral\u0131 Daire","isPartOf":{"@id":"https:\/\/ler.ae\/tr\/#website"},"primaryImageOfPage":{"@id":"https:\/\/ler.ae\/tr\/como-residences-dubai-tr\/#primaryimage"},"image":{"@id":"https:\/\/ler.ae\/tr\/como-residences-dubai-tr\/#primaryimage"},"thumbnailUrl":"https:\/\/ler.ae\/tr\/wp-content\/uploads\/2024\/03\/dap-yeni-levent-istanbul-5.jpg","datePublished":"2024-05-02T10:00:25+00:00","dateModified":"2024-05-02T10:04:54+00:00","description":"Dap yeni levent \u015fehir merkezinden uzakta g\u00f6rmeye al\u0131\u015f\u0131k oldu\u011fumuz, dingin atmosferiyle \u00f6ne \u00e7\u0131kan country ya\u015fam tarz\u0131.","inLanguage":"tr","potentialAction":[{"@type":"ReadAction","target":["https:\/\/ler.ae\/tr\/como-residences-dubai-tr\/"]}]},{"@type":"ImageObject","inLanguage":"tr","@id":"https:\/\/ler.ae\/tr\/como-residences-dubai-tr\/#primaryimage","url":"https:\/\/ler.ae\/tr\/wp-content\/uploads\/2024\/03\/dap-yeni-levent-istanbul-5.jpg","contentUrl":"https:\/\/ler.ae\/tr\/wp-content\/uploads\/2024\/03\/dap-yeni-levent-istanbul-5.jpg","width":1920,"height":1080,"caption":"dap-yeni-levent-"},{"@type":"WebSite","@id":"https:\/\/ler.ae\/tr\/#website","url":"https:\/\/ler.ae\/tr\/","name":"Ler Properties","description":"Ler Properties","alternateName":"Ler Properties","potentialAction":[{"@type":"SearchAction","target":{"@type":"EntryPoint","urlTemplate":"https:\/\/ler.ae\/tr\/?s={search_term_string}"},"query-input":{"@type":"PropertyValueSpecification","valueRequired":true,"valueName":"search_term_string"}}],"inLanguage":"tr"}]}},"_links":{"self":[{"href":"https:\/\/ler.ae\/tr\/wp-json\/wp\/v2\/pages\/7097","targetHints":{"allow":["GET"]}}],"collection":[{"href":"https:\/\/ler.ae\/tr\/wp-json\/wp\/v2\/pages"}],"about":[{"href":"https:\/\/ler.ae\/tr\/wp-json\/wp\/v2\/types\/page"}],"author":[{"embeddable":true,"href":"https:\/\/ler.ae\/tr\/wp-json\/wp\/v2\/users\/1"}],"replies":[{"embeddable":true,"href":"https:\/\/ler.ae\/tr\/wp-json\/wp\/v2\/comments?post=7097"}],"version-history":[{"count":4,"href":"https:\/\/ler.ae\/tr\/wp-json\/wp\/v2\/pages\/7097\/revisions"}],"predecessor-version":[{"id":7110,"href":"https:\/\/ler.ae\/tr\/wp-json\/wp\/v2\/pages\/7097\/revisions\/7110"}],"wp:featuredmedia":[{"embeddable":true,"href":"https:\/\/ler.ae\/tr\/wp-json\/wp\/v2\/media\/5728"}],"wp:attachment":[{"href":"https:\/\/ler.ae\/tr\/wp-json\/wp\/v2\/media?parent=7097"}],"curies":[{"name":"wp","href":"https:\/\/api.w.org\/{rel}","templated":true}]}}