{"id":6714,"date":"2024-04-19T13:11:32","date_gmt":"2024-04-19T13:11:32","guid":{"rendered":"https:\/\/ler.ae\/tr\/?page_id=6714"},"modified":"2024-04-19T13:14:44","modified_gmt":"2024-04-19T13:14:44","slug":"binghatti-onyx-dubai-tr","status":"publish","type":"page","link":"https:\/\/ler.ae\/tr\/binghatti-onyx-dubai-tr\/","title":{"rendered":"Binghatti &#8211; Onyx"},"content":{"rendered":"\t\t<div data-elementor-type=\"wp-page\" data-elementor-id=\"6714\" class=\"elementor elementor-6714\" data-elementor-post-type=\"page\">\n\t\t\t\t<div class=\"elementor-element elementor-element-8e915b0 e-flex e-con-boxed e-con e-parent\" data-id=\"8e915b0\" data-element_type=\"container\">\n\t\t\t\t\t<div class=\"e-con-inner\">\n\t\t\t\t<div class=\"elementor-element elementor-element-fd7e11b elementor-widget elementor-widget-banner-title\" data-id=\"fd7e11b\" data-element_type=\"widget\" data-widget_type=\"banner-title.default\">\n\t\t\t\t<div class=\"elementor-widget-container\">\n\t\t\t\t\t\t\t<section class=\"container-fluid top-banner no-padd  simple  dark\">\t\t\t<div class=\"content\">\n\t\t\t\t<div class=\"prague-svg-animation-text\">\n\t\t\t\t\t\t\t\t\t<\/div>\n\t\t\t\t<div class=\"subtitle\">Dubai, Birle\u015fik Arap Emirlikleri<\/div>\t\t\t\t<h1 class=\"title\">BINGHATTI ONYX<\/h1>\t\t\t\t<div class=\"description\"><p><p class=\"p1\">Binghatti Onyx, sembolik tasar\u0131m ipu\u00e7lar\u0131na sahip, ak\u0131c\u0131 ve kesintisiz \u00e7izgilerle olu\u015fturulan bireysel balkonlara sahiptir. Bu ilgin\u00e7 desen, binan\u0131n statik ortam\u0131n\u0131 dinamik bir tasar\u0131ma d\u00f6n\u00fc\u015ft\u00fcrerek g\u00f6rsel bir ill\u00fczyon yarat\u0131r. D\u0131\u015f tasar\u0131m, sakinlerin keyifle vakit ge\u00e7irebilece\u011fi d\u0131\u015f mekanlar sunarken ayn\u0131 zamanda binan\u0131n ya\u015fam alanlar\u0131n\u0131 serinletmek i\u00e7in gereken enerjiyi azaltarak s\u00fcrd\u00fcr\u00fclebilir bir tasar\u0131m\u0131 sa\u011flar. 760.000 dirhemden (205.000$) ba\u015flayan fiyatlarla ve st\u00fcdyo, 1 odal\u0131, 2 odal\u0131 se\u00e7enekleriyle geni\u015f ya\u015fam alanlar\u0131 sunan Binghatti ONYX sizleri bekliyor.<\/p><\/p><\/div>\t\t\t\t\t\t\t<\/div>\n\t\t\t<div class=\"top-banner-cursor\"><\/div>\n\t\t<\/section>\n\t\t\t\t\t\t<\/div>\n\t\t\t\t<\/div>\n\t\t\t\t<div class=\"elementor-element elementor-element-1542fa4 elementor-widget elementor-widget-info-block\" data-id=\"1542fa4\" data-element_type=\"widget\" data-widget_type=\"info-block.default\">\n\t\t\t\t<div class=\"elementor-widget-container\">\n\t\t\t\t\t\t\t\t\t<div class=\"project-detail-block-outer \">\n\t\t\t\t\t\t\t<div class=\"project-detail-block-wrapper\">\n\t\t\t\t\t<div class=\"project-detail-block-item\">\n\t\t\t\t\t\t\t\t\t\t\t\t\t<div class=\"project-detail-block-title\">\n\t\t\t\t\t\t\t\tPROJE TESL\u0130M\t\t\t\t\t\t\t<\/div>\n\t\t\t\t\t\t\t\t\t\t\t\t\t\t\t\t\t\t\t<div class=\"project-detail-block-descr\">\n\t\t\t\t\t\t\t\t<p><p>2024<\/p>\n<\/p>\n\t\t\t\t\t\t\t<\/div>\n\t\t\t\t\t\t\t\t\t\t\t<\/div>\n\t\t\t\t<\/div>\n\t\t\t\t\t\t\t\t\t\t\t<div class=\"project-detail-block-wrapper\">\n\t\t\t\t\t<div class=\"project-detail-block-item\">\n\t\t\t\t\t\t\t\t\t\t\t\t\t<div class=\"project-detail-block-title\">\n\t\t\t\t\t\t\t\tLOKASYON\t\t\t\t\t\t\t<\/div>\n\t\t\t\t\t\t\t\t\t\t\t\t\t\t\t\t\t\t\t<div class=\"project-detail-block-descr\">\n\t\t\t\t\t\t\t\t<p><p>Jumeirah Village Circle (JVC), Dubai<\/p>\n<\/p>\n\t\t\t\t\t\t\t<\/div>\n\t\t\t\t\t\t\t\t\t\t\t<\/div>\n\t\t\t\t<\/div>\n\t\t\t\t\t\t\t\t\t\t\t<div class=\"project-detail-block-wrapper\">\n\t\t\t\t\t<div class=\"project-detail-block-item\">\n\t\t\t\t\t\t\t\t\t\t\t\t\t<div class=\"project-detail-block-title\">\n\t\t\t\t\t\t\t\t\u00d6DEME PLANI\t\t\t\t\t\t\t<\/div>\n\t\t\t\t\t\t\t\t\t\t\t\t\t\t\t\t\t\t\t<div class=\"project-detail-block-descr\">\n\t\t\t\t\t\t\t\t<p><p>Proje \u0130\u00e7in %20 Pe\u015finat ve Proje Sonu %30 \u00d6deme<\/p>\n<\/p>\n\t\t\t\t\t\t\t<\/div>\n\t\t\t\t\t\t\t\t\t\t\t<\/div>\n\t\t\t\t<\/div>\n\t\t\t\t\t\t\t\t\t\t\t<div class=\"project-detail-block-wrapper\">\n\t\t\t\t\t<div class=\"project-detail-block-item\">\n\t\t\t\t\t\t\t\t\t\t\t\t\t<div class=\"project-detail-block-title\">\n\t\t\t\t\t\t\t\t\u0130N\u015eAAT \u015e\u0130RKET\u0130\t\t\t\t\t\t\t<\/div>\n\t\t\t\t\t\t\t\t\t\t\t\t\t\t\t\t\t\t\t<div class=\"project-detail-block-descr\">\n\t\t\t\t\t\t\t\t<p><p>BINGHATTI<\/p>\n<\/p>\n\t\t\t\t\t\t\t<\/div>\n\t\t\t\t\t\t\t\t\t\t\t<\/div>\n\t\t\t\t<\/div>\n\t\t\t\t\t\t\t\t\t\t<\/div>\n\t\t\t\t\t\t<\/div>\n\t\t\t\t<\/div>\n\t\t\t\t\t<\/div>\n\t\t\t\t<\/div>\n\t\t<div class=\"elementor-element elementor-element-575a04c e-con-full e-flex e-con e-parent\" data-id=\"575a04c\" data-element_type=\"container\">\n\t\t\t\t<div class=\"elementor-element elementor-element-5d5bfdd elementor-widget elementor-widget-single-media\" data-id=\"5d5bfdd\" data-element_type=\"widget\" data-widget_type=\"single-media.default\">\n\t\t\t\t<div class=\"elementor-widget-container\">\n\t\t\t\t\t\t\t\t<div class=\"single-media single-media--image\">\n\t\t\t\t<div class=\"single-media__wrap\">\n\t\t\t\t\t<img decoding=\"async\" src=\"https:\/\/ler.ae\/tr\/wp-content\/uploads\/2024\/04\/p3_2-scaled.jpg\" class=\"single-media__image \" alt=\"\" srcset=\"https:\/\/ler.ae\/tr\/wp-content\/uploads\/2024\/04\/p3_2-scaled.jpg 2560w, https:\/\/ler.ae\/tr\/wp-content\/uploads\/2024\/04\/p3_2-300x180.jpg 300w, https:\/\/ler.ae\/tr\/wp-content\/uploads\/2024\/04\/p3_2-1024x614.jpg 1024w, https:\/\/ler.ae\/tr\/wp-content\/uploads\/2024\/04\/p3_2-768x461.jpg 768w, https:\/\/ler.ae\/tr\/wp-content\/uploads\/2024\/04\/p3_2-1536x922.jpg 1536w, https:\/\/ler.ae\/tr\/wp-content\/uploads\/2024\/04\/p3_2-2048x1229.jpg 2048w\" sizes=\"(max-width: 2560px) 100vw, 2560px\" \/>\t\t\t\t\t\t\t\t\t<\/div>\n\t\t\t<\/div>\n\t\t\t\t\t\t<\/div>\n\t\t\t\t<\/div>\n\t\t\t\t<\/div>\n\t\t<div class=\"elementor-element elementor-element-74af1bf e-con-full e-flex e-con e-parent\" data-id=\"74af1bf\" data-element_type=\"container\">\n\t\t<div class=\"elementor-element elementor-element-3cdafc5 e-con-full e-flex e-con e-child\" data-id=\"3cdafc5\" data-element_type=\"container\">\n\t\t\t\t<div class=\"elementor-element elementor-element-ad22d9c elementor-widget elementor-widget-project-detail\" data-id=\"ad22d9c\" data-element_type=\"widget\" data-widget_type=\"project-detail.default\">\n\t\t\t\t<div class=\"elementor-widget-container\">\n\t\t\t\t\t\t\t\t<div class=\"project-detail-picture-wrapper  top\">\n\t\t\t\t\t<img decoding=\"async\" src=\"https:\/\/ler.ae\/tr\/wp-content\/uploads\/2024\/04\/1904e3a1-2ce8-4c77-9f18-4429b5fa7319.jpg\" class=\"\" alt=\"\" srcset=\"https:\/\/ler.ae\/tr\/wp-content\/uploads\/2024\/04\/1904e3a1-2ce8-4c77-9f18-4429b5fa7319.jpg 1800w, https:\/\/ler.ae\/tr\/wp-content\/uploads\/2024\/04\/1904e3a1-2ce8-4c77-9f18-4429b5fa7319-240x300.jpg 240w, https:\/\/ler.ae\/tr\/wp-content\/uploads\/2024\/04\/1904e3a1-2ce8-4c77-9f18-4429b5fa7319-819x1024.jpg 819w, https:\/\/ler.ae\/tr\/wp-content\/uploads\/2024\/04\/1904e3a1-2ce8-4c77-9f18-4429b5fa7319-768x960.jpg 768w, https:\/\/ler.ae\/tr\/wp-content\/uploads\/2024\/04\/1904e3a1-2ce8-4c77-9f18-4429b5fa7319-1229x1536.jpg 1229w, https:\/\/ler.ae\/tr\/wp-content\/uploads\/2024\/04\/1904e3a1-2ce8-4c77-9f18-4429b5fa7319-1638x2048.jpg 1638w\" sizes=\"(max-width: 1800px) 100vw, 1800px\" \/>\n\t\t\t\t\t                \t<div class=\"project-detail-picture-descr\">\n                \t\t<div class=\"w-full text-token-text-primary\" dir=\"auto\" data-testid=\"conversation-turn-193\">\n<div class=\"px-4 py-2 justify-center text-base md:gap-6 m-auto\">\n<div class=\"flex flex-1 text-base mx-auto gap-3 juice:gap-4 juice:md:gap-6 md:px-5 lg:px-1 xl:px-5 md:max-w-3xl lg:max-w-[40rem] xl:max-w-[48rem]\">\n<div class=\"relative flex w-full flex-col agent-turn\">\n<div class=\"flex-col gap-1 md:gap-3\">\n<div class=\"flex flex-grow flex-col max-w-full\">\n<div class=\"min-h-[20px] text-message flex flex-col items-start gap-3 whitespace-pre-wrap break-words [.text-message+&amp;]:mt-5 overflow-x-auto\" dir=\"auto\" data-message-author-role=\"assistant\" data-message-id=\"b0340ccf-73e4-49d7-aeda-6947323df338\">\n<div class=\"markdown prose w-full break-words dark:prose-invert dark\">\n<p>Farkl\u0131 daire tipleri, her bir sakin i\u00e7in rahat ya\u015fam alanlar\u0131n\u0131 garanti alt\u0131na al\u0131r. Her dairenin \u00f6zg\u00fcn tasar\u0131m\u0131, pratikli\u011fi g\u00f6z ard\u0131 etmeden uygulan\u0131r. \u0130\u00e7 mekanlar, konforu maksimum seviyede tutmak i\u00e7in incelikle planlanm\u0131\u015ft\u0131r ve zarafetten \u00f6d\u00fcn verilmez.<\/p>\n<\/div>\n<\/div>\n<\/div>\n<\/div>\n<\/div>\n<\/div>\n<\/div>\n<\/div>\n                \t<\/div>\n\t\t\t\t\t\n\t\t\t\t\t\n\t\t\t<\/div>\n\t\t\t\t\t\t\t<\/div>\n\t\t\t\t<\/div>\n\t\t\t\t<\/div>\n\t\t<div class=\"elementor-element elementor-element-a36ea86 e-con-full e-flex e-con e-child\" data-id=\"a36ea86\" data-element_type=\"container\">\n\t\t\t\t<div class=\"elementor-element elementor-element-4c0ed48 elementor-widget elementor-widget-project-detail\" data-id=\"4c0ed48\" data-element_type=\"widget\" data-widget_type=\"project-detail.default\">\n\t\t\t\t<div class=\"elementor-widget-container\">\n\t\t\t\t\t\t\t\t<div class=\"project-detail-picture-wrapper  bottom\">\n\t\t\t\t\t\n\t\t\t\t\t                \t<div class=\"project-detail-picture-descr\">\n                \t\t<p>Bu y\u00fcksek \u00f6zellikli m\u00fclk, Binghatti Developers'\u0131n \u00e7a\u011fda\u015f tasar\u0131m tarz\u0131n\u0131 sergilerken ayn\u0131 zamanda Orta Do\u011fu sanat ve mimarisinde bulunan geleneksel unsurlar\u0131 da dikkate al\u0131r. Binan\u0131n benzersiz balkon tasar\u0131m\u0131, sakinlere mahremiyetlerini koruyarak d\u0131\u015f mekanlardan keyif alma imkan\u0131 sunar. Bu y\u00fcksek \u00f6zellikli m\u00fclk\u00fcn \u00fcst\u00fcn konumu, gelecekteki sahipleri i\u00e7in harika bir yat\u0131r\u0131m\u0131 garanti eder.<\/p>\n                \t<\/div>\n\t\t\t\t\t\n\t\t\t\t\t<img decoding=\"async\" src=\"https:\/\/ler.ae\/tr\/wp-content\/uploads\/2024\/04\/374b4bdf-e933-478e-9f01-92d318b4c991.jpg\" class=\"\" alt=\"\" srcset=\"https:\/\/ler.ae\/tr\/wp-content\/uploads\/2024\/04\/374b4bdf-e933-478e-9f01-92d318b4c991.jpg 1800w, https:\/\/ler.ae\/tr\/wp-content\/uploads\/2024\/04\/374b4bdf-e933-478e-9f01-92d318b4c991-240x300.jpg 240w, https:\/\/ler.ae\/tr\/wp-content\/uploads\/2024\/04\/374b4bdf-e933-478e-9f01-92d318b4c991-819x1024.jpg 819w, https:\/\/ler.ae\/tr\/wp-content\/uploads\/2024\/04\/374b4bdf-e933-478e-9f01-92d318b4c991-768x960.jpg 768w, https:\/\/ler.ae\/tr\/wp-content\/uploads\/2024\/04\/374b4bdf-e933-478e-9f01-92d318b4c991-1229x1536.jpg 1229w, https:\/\/ler.ae\/tr\/wp-content\/uploads\/2024\/04\/374b4bdf-e933-478e-9f01-92d318b4c991-1638x2048.jpg 1638w\" sizes=\"(max-width: 1800px) 100vw, 1800px\" \/>\n\t\t\t<\/div>\n\t\t\t\t\t\t\t<\/div>\n\t\t\t\t<\/div>\n\t\t\t\t<\/div>\n\t\t\t\t<\/div>\n\t\t<div class=\"elementor-element elementor-element-f3a746b e-con-full e-flex e-con e-parent\" data-id=\"f3a746b\" data-element_type=\"container\">\n\t\t\t\t<div class=\"elementor-element elementor-element-13bf077 elementor-widget elementor-widget-single-media\" data-id=\"13bf077\" data-element_type=\"widget\" data-widget_type=\"single-media.default\">\n\t\t\t\t<div class=\"elementor-widget-container\">\n\t\t\t\t\t\t\t\t<div class=\"single-media single-media--image\">\n\t\t\t\t<div class=\"single-media__wrap\">\n\t\t\t\t\t<img decoding=\"async\" src=\"https:\/\/ler.ae\/tr\/wp-content\/uploads\/2024\/04\/p4-1-scaled.jpg\" class=\"single-media__image \" alt=\"\" srcset=\"https:\/\/ler.ae\/tr\/wp-content\/uploads\/2024\/04\/p4-1-scaled.jpg 2560w, https:\/\/ler.ae\/tr\/wp-content\/uploads\/2024\/04\/p4-1-300x193.jpg 300w, https:\/\/ler.ae\/tr\/wp-content\/uploads\/2024\/04\/p4-1-1024x659.jpg 1024w, https:\/\/ler.ae\/tr\/wp-content\/uploads\/2024\/04\/p4-1-768x494.jpg 768w, https:\/\/ler.ae\/tr\/wp-content\/uploads\/2024\/04\/p4-1-1536x989.jpg 1536w, https:\/\/ler.ae\/tr\/wp-content\/uploads\/2024\/04\/p4-1-2048x1318.jpg 2048w\" sizes=\"(max-width: 2560px) 100vw, 2560px\" \/>\t\t\t\t\t\t\t\t\t<\/div>\n\t\t\t<\/div>\n\t\t\t\t\t\t<\/div>\n\t\t\t\t<\/div>\n\t\t\t\t<\/div>\n\t\t<div class=\"elementor-element elementor-element-43c367b e-con-full e-flex e-con e-parent\" data-id=\"43c367b\" data-element_type=\"container\">\n\t\t<div class=\"elementor-element elementor-element-6ae0194 e-con-full e-flex e-con e-child\" data-id=\"6ae0194\" data-element_type=\"container\">\n\t\t\t\t<div class=\"elementor-element elementor-element-9138897 elementor-widget elementor-widget-project-detail\" data-id=\"9138897\" data-element_type=\"widget\" data-widget_type=\"project-detail.default\">\n\t\t\t\t<div class=\"elementor-widget-container\">\n\t\t\t\t\t\t\t\t<div class=\"project-detail-picture-wrapper  top\">\n\t\t\t\t\t<img decoding=\"async\" src=\"https:\/\/ler.ae\/tr\/wp-content\/uploads\/2024\/04\/3b23d7c0-e28f-4c2e-9668-34942770501c.jpg\" class=\"\" alt=\"\" srcset=\"https:\/\/ler.ae\/tr\/wp-content\/uploads\/2024\/04\/3b23d7c0-e28f-4c2e-9668-34942770501c.jpg 1800w, https:\/\/ler.ae\/tr\/wp-content\/uploads\/2024\/04\/3b23d7c0-e28f-4c2e-9668-34942770501c-240x300.jpg 240w, https:\/\/ler.ae\/tr\/wp-content\/uploads\/2024\/04\/3b23d7c0-e28f-4c2e-9668-34942770501c-819x1024.jpg 819w, https:\/\/ler.ae\/tr\/wp-content\/uploads\/2024\/04\/3b23d7c0-e28f-4c2e-9668-34942770501c-768x960.jpg 768w, https:\/\/ler.ae\/tr\/wp-content\/uploads\/2024\/04\/3b23d7c0-e28f-4c2e-9668-34942770501c-1229x1536.jpg 1229w, https:\/\/ler.ae\/tr\/wp-content\/uploads\/2024\/04\/3b23d7c0-e28f-4c2e-9668-34942770501c-1638x2048.jpg 1638w\" sizes=\"(max-width: 1800px) 100vw, 1800px\" \/>\n\t\t\t\t\t                \t<div class=\"project-detail-picture-descr\">\n                \t\t<p>Binghatti Onyx, \u015fehrin ritmini yakalayan modern bir ya\u015fam alan\u0131d\u0131r; estetik tasar\u0131m\u0131 ve i\u015flevselli\u011fiyle dikkat \u00e7ekerken, konforlu bir ya\u015fam\u0131 garantiler. E\u015fsiz mimarisi ve \u00e7arp\u0131c\u0131 detaylar\u0131yla s\u0131ra d\u0131\u015f\u0131 bir konut deneyimi sunar; her bir detay, benzersiz bir ya\u015fam tarz\u0131n\u0131 yans\u0131t\u0131rken, konfor ve l\u00fcks\u00fc bir araya getirir. \u015eehrin dinamik atmosferine m\u00fckemmel bir uyum sa\u011flayan Binghatti Onyx, \u00f6zg\u00fcn tasar\u0131m\u0131 ve benzersiz mimarisiyle, ya\u015fam tarz\u0131n\u0131z\u0131 yeniden tan\u0131mlaman\u0131z\u0131 sa\u011flar.<\/p>\n                \t<\/div>\n\t\t\t\t\t\n\t\t\t\t\t\n\t\t\t<\/div>\n\t\t\t\t\t\t\t<\/div>\n\t\t\t\t<\/div>\n\t\t\t\t<\/div>\n\t\t<div class=\"elementor-element elementor-element-b78bf49 e-con-full e-flex e-con e-child\" data-id=\"b78bf49\" data-element_type=\"container\">\n\t\t\t\t<div class=\"elementor-element elementor-element-8e214d5 elementor-widget elementor-widget-project-detail\" data-id=\"8e214d5\" data-element_type=\"widget\" data-widget_type=\"project-detail.default\">\n\t\t\t\t<div class=\"elementor-widget-container\">\n\t\t\t\t\t\t\t\t<div class=\"project-detail-picture-wrapper  bottom\">\n\t\t\t\t\t\n\t\t\t\t\t                \t<div class=\"project-detail-picture-descr\">\n                \t\t<p>Binghatti Onyx, \u00e7a\u011fda\u015f mimarinin \u00f6nc\u00fc bir \u00f6rne\u011fi olup, her detay\u0131yla modern ya\u015fam\u0131n zarif bir yans\u0131mas\u0131d\u0131r. Kusursuz bir estetik anlay\u0131\u015f\u0131yla \u015fekillendirilmi\u015f olan bu proje, \u015fehrin dinamik atmosferine uyum sa\u011flayan e\u015fsiz bir konut kompleksi sunar. Sadece konut olarak de\u011fil, ayn\u0131 zamanda ya\u015fam tarz\u0131n\u0131 yeniden tan\u0131mlayan bir deneyim sunar. Binghatti Onyx, sakinlerine benzersiz bir ya\u015fam tarz\u0131 sunarken, \u00f6zg\u00fcn tasar\u0131m\u0131 ve \u00e7arp\u0131c\u0131 mimarisiyle g\u00f6z kama\u015ft\u0131r\u0131r.<\/p>\n                \t<\/div>\n\t\t\t\t\t\n\t\t\t\t\t<img decoding=\"async\" src=\"https:\/\/ler.ae\/tr\/wp-content\/uploads\/2024\/04\/04f8927c-9e97-4bbf-b378-1249e6f784bc.jpg\" class=\"\" alt=\"\" srcset=\"https:\/\/ler.ae\/tr\/wp-content\/uploads\/2024\/04\/04f8927c-9e97-4bbf-b378-1249e6f784bc.jpg 1800w, https:\/\/ler.ae\/tr\/wp-content\/uploads\/2024\/04\/04f8927c-9e97-4bbf-b378-1249e6f784bc-240x300.jpg 240w, https:\/\/ler.ae\/tr\/wp-content\/uploads\/2024\/04\/04f8927c-9e97-4bbf-b378-1249e6f784bc-819x1024.jpg 819w, https:\/\/ler.ae\/tr\/wp-content\/uploads\/2024\/04\/04f8927c-9e97-4bbf-b378-1249e6f784bc-768x960.jpg 768w, https:\/\/ler.ae\/tr\/wp-content\/uploads\/2024\/04\/04f8927c-9e97-4bbf-b378-1249e6f784bc-1229x1536.jpg 1229w, https:\/\/ler.ae\/tr\/wp-content\/uploads\/2024\/04\/04f8927c-9e97-4bbf-b378-1249e6f784bc-1638x2048.jpg 1638w\" sizes=\"(max-width: 1800px) 100vw, 1800px\" \/>\n\t\t\t<\/div>\n\t\t\t\t\t\t\t<\/div>\n\t\t\t\t<\/div>\n\t\t\t\t<\/div>\n\t\t\t\t<\/div>\n\t\t<div class=\"elementor-element elementor-element-33b2c9a e-con-full e-flex e-con e-parent\" data-id=\"33b2c9a\" data-element_type=\"container\">\n\t\t<div class=\"elementor-element elementor-element-822d882 e-con-full e-flex e-con e-child\" data-id=\"822d882\" data-element_type=\"container\">\n\t\t\t\t<div class=\"elementor-element elementor-element-191ed15 elementor-widget elementor-widget-single-media\" data-id=\"191ed15\" data-element_type=\"widget\" data-widget_type=\"single-media.default\">\n\t\t\t\t<div class=\"elementor-widget-container\">\n\t\t\t\t\t\t\t\t<div class=\"single-media single-media--image\">\n\t\t\t\t<div class=\"single-media__wrap\">\n\t\t\t\t\t<img decoding=\"async\" src=\"https:\/\/ler.ae\/tr\/wp-content\/uploads\/2024\/04\/p1_1-scaled.jpg\" class=\"single-media__image \" alt=\"\" srcset=\"https:\/\/ler.ae\/tr\/wp-content\/uploads\/2024\/04\/p1_1-scaled.jpg 2560w, https:\/\/ler.ae\/tr\/wp-content\/uploads\/2024\/04\/p1_1-300x180.jpg 300w, https:\/\/ler.ae\/tr\/wp-content\/uploads\/2024\/04\/p1_1-1024x614.jpg 1024w, https:\/\/ler.ae\/tr\/wp-content\/uploads\/2024\/04\/p1_1-768x461.jpg 768w, https:\/\/ler.ae\/tr\/wp-content\/uploads\/2024\/04\/p1_1-1536x922.jpg 1536w, https:\/\/ler.ae\/tr\/wp-content\/uploads\/2024\/04\/p1_1-2048x1229.jpg 2048w\" sizes=\"(max-width: 2560px) 100vw, 2560px\" \/>\t\t\t\t\t\t\t\t\t<\/div>\n\t\t\t<\/div>\n\t\t\t\t\t\t<\/div>\n\t\t\t\t<\/div>\n\t\t\t\t<\/div>\n\t\t\t\t<\/div>\n\t\t\t\t<\/div>\n\t\t","protected":false},"excerpt":{"rendered":"","protected":false},"author":1,"featured_media":5728,"parent":0,"menu_order":0,"comment_status":"closed","ping_status":"closed","template":"elementor_header_footer","meta":{"footnotes":""},"class_list":["post-6714","page","type-page","status-publish","has-post-thumbnail","hentry"],"yoast_head":"<!-- This site is optimized with the Yoast SEO plugin v24.1 - https:\/\/yoast.com\/wordpress\/plugins\/seo\/ -->\n<title>Binghatti - Onyx - Ler Properties - Dubai ve \u0130stanbul L\u00fcks Konut Projeleri: Sat\u0131l\u0131k Villa, Bo\u011faz Manzaral\u0131 Daire<\/title>\n<meta name=\"description\" content=\"Dap yeni levent \u015fehir merkezinden uzakta g\u00f6rmeye al\u0131\u015f\u0131k oldu\u011fumuz, dingin atmosferiyle \u00f6ne \u00e7\u0131kan country ya\u015fam tarz\u0131.\" \/>\n<meta name=\"robots\" content=\"index, follow, max-snippet:-1, max-image-preview:large, max-video-preview:-1\" \/>\n<link rel=\"canonical\" href=\"https:\/\/ler.ae\/tr\/binghatti-onyx-dubai-tr\/\" \/>\n<meta property=\"og:locale\" content=\"tr_TR\" \/>\n<meta property=\"og:type\" content=\"article\" \/>\n<meta property=\"og:title\" content=\"Binghatti - Onyx - Ler Properties - Dubai ve \u0130stanbul L\u00fcks Konut Projeleri: Sat\u0131l\u0131k Villa, Bo\u011faz Manzaral\u0131 Daire\" \/>\n<meta property=\"og:description\" content=\"Dap yeni levent \u015fehir merkezinden uzakta g\u00f6rmeye al\u0131\u015f\u0131k oldu\u011fumuz, dingin atmosferiyle \u00f6ne \u00e7\u0131kan country ya\u015fam tarz\u0131.\" \/>\n<meta property=\"og:url\" content=\"https:\/\/ler.ae\/tr\/binghatti-onyx-dubai-tr\/\" \/>\n<meta property=\"og:site_name\" content=\"Ler Properties - Dubai ve \u0130stanbul L\u00fcks Konut Projeleri: Sat\u0131l\u0131k Villa, Bo\u011faz Manzaral\u0131 Daire\" \/>\n<meta property=\"article:publisher\" content=\"https:\/\/m.facebook.com\/lerproperties\" \/>\n<meta property=\"article:modified_time\" content=\"2024-04-19T13:14:44+00:00\" \/>\n<meta property=\"og:image\" content=\"https:\/\/ler.ae\/tr\/wp-content\/uploads\/2024\/03\/dap-yeni-levent-istanbul-5.jpg\" \/>\n\t<meta property=\"og:image:width\" content=\"1920\" \/>\n\t<meta property=\"og:image:height\" content=\"1080\" \/>\n\t<meta property=\"og:image:type\" content=\"image\/jpeg\" \/>\n<meta name=\"twitter:card\" content=\"summary_large_image\" \/>\n<meta name=\"twitter:label1\" content=\"Tahmini okuma s\u00fcresi\" \/>\n\t<meta name=\"twitter:data1\" content=\"4 dakika\" \/>\n<script type=\"application\/ld+json\" class=\"yoast-schema-graph\">{\"@context\":\"https:\/\/schema.org\",\"@graph\":[{\"@type\":\"WebPage\",\"@id\":\"https:\/\/ler.ae\/tr\/binghatti-onyx-dubai-tr\/\",\"url\":\"https:\/\/ler.ae\/tr\/binghatti-onyx-dubai-tr\/\",\"name\":\"Binghatti - Onyx - Ler Properties - Dubai ve \u0130stanbul L\u00fcks Konut Projeleri: Sat\u0131l\u0131k Villa, Bo\u011faz Manzaral\u0131 Daire\",\"isPartOf\":{\"@id\":\"https:\/\/ler.ae\/tr\/#website\"},\"primaryImageOfPage\":{\"@id\":\"https:\/\/ler.ae\/tr\/binghatti-onyx-dubai-tr\/#primaryimage\"},\"image\":{\"@id\":\"https:\/\/ler.ae\/tr\/binghatti-onyx-dubai-tr\/#primaryimage\"},\"thumbnailUrl\":\"https:\/\/ler.ae\/tr\/wp-content\/uploads\/2024\/03\/dap-yeni-levent-istanbul-5.jpg\",\"datePublished\":\"2024-04-19T13:11:32+00:00\",\"dateModified\":\"2024-04-19T13:14:44+00:00\",\"description\":\"Dap yeni levent \u015fehir merkezinden uzakta g\u00f6rmeye al\u0131\u015f\u0131k oldu\u011fumuz, dingin atmosferiyle \u00f6ne \u00e7\u0131kan country ya\u015fam tarz\u0131.\",\"inLanguage\":\"tr\",\"potentialAction\":[{\"@type\":\"ReadAction\",\"target\":[\"https:\/\/ler.ae\/tr\/binghatti-onyx-dubai-tr\/\"]}]},{\"@type\":\"ImageObject\",\"inLanguage\":\"tr\",\"@id\":\"https:\/\/ler.ae\/tr\/binghatti-onyx-dubai-tr\/#primaryimage\",\"url\":\"https:\/\/ler.ae\/tr\/wp-content\/uploads\/2024\/03\/dap-yeni-levent-istanbul-5.jpg\",\"contentUrl\":\"https:\/\/ler.ae\/tr\/wp-content\/uploads\/2024\/03\/dap-yeni-levent-istanbul-5.jpg\",\"width\":1920,\"height\":1080,\"caption\":\"dap-yeni-levent-\"},{\"@type\":\"WebSite\",\"@id\":\"https:\/\/ler.ae\/tr\/#website\",\"url\":\"https:\/\/ler.ae\/tr\/\",\"name\":\"Ler Properties\",\"description\":\"Ler Properties\",\"alternateName\":\"Ler Properties\",\"potentialAction\":[{\"@type\":\"SearchAction\",\"target\":{\"@type\":\"EntryPoint\",\"urlTemplate\":\"https:\/\/ler.ae\/tr\/?s={search_term_string}\"},\"query-input\":{\"@type\":\"PropertyValueSpecification\",\"valueRequired\":true,\"valueName\":\"search_term_string\"}}],\"inLanguage\":\"tr\"}]}<\/script>\n<!-- \/ Yoast SEO plugin. -->","yoast_head_json":{"title":"Binghatti - Onyx - Ler Properties - Dubai ve \u0130stanbul L\u00fcks Konut Projeleri: Sat\u0131l\u0131k Villa, Bo\u011faz Manzaral\u0131 Daire","description":"Dap yeni levent \u015fehir merkezinden uzakta g\u00f6rmeye al\u0131\u015f\u0131k oldu\u011fumuz, dingin atmosferiyle \u00f6ne \u00e7\u0131kan country ya\u015fam tarz\u0131.","robots":{"index":"index","follow":"follow","max-snippet":"max-snippet:-1","max-image-preview":"max-image-preview:large","max-video-preview":"max-video-preview:-1"},"canonical":"https:\/\/ler.ae\/tr\/binghatti-onyx-dubai-tr\/","og_locale":"tr_TR","og_type":"article","og_title":"Binghatti - Onyx - Ler Properties - Dubai ve \u0130stanbul L\u00fcks Konut Projeleri: Sat\u0131l\u0131k Villa, Bo\u011faz Manzaral\u0131 Daire","og_description":"Dap yeni levent \u015fehir merkezinden uzakta g\u00f6rmeye al\u0131\u015f\u0131k oldu\u011fumuz, dingin atmosferiyle \u00f6ne \u00e7\u0131kan country ya\u015fam tarz\u0131.","og_url":"https:\/\/ler.ae\/tr\/binghatti-onyx-dubai-tr\/","og_site_name":"Ler Properties - Dubai ve \u0130stanbul L\u00fcks Konut Projeleri: Sat\u0131l\u0131k Villa, Bo\u011faz Manzaral\u0131 Daire","article_publisher":"https:\/\/m.facebook.com\/lerproperties","article_modified_time":"2024-04-19T13:14:44+00:00","og_image":[{"width":1920,"height":1080,"url":"https:\/\/ler.ae\/tr\/wp-content\/uploads\/2024\/03\/dap-yeni-levent-istanbul-5.jpg","type":"image\/jpeg"}],"twitter_card":"summary_large_image","twitter_misc":{"Tahmini okuma s\u00fcresi":"4 dakika"},"schema":{"@context":"https:\/\/schema.org","@graph":[{"@type":"WebPage","@id":"https:\/\/ler.ae\/tr\/binghatti-onyx-dubai-tr\/","url":"https:\/\/ler.ae\/tr\/binghatti-onyx-dubai-tr\/","name":"Binghatti - Onyx - Ler Properties - Dubai ve \u0130stanbul L\u00fcks Konut Projeleri: Sat\u0131l\u0131k Villa, Bo\u011faz Manzaral\u0131 Daire","isPartOf":{"@id":"https:\/\/ler.ae\/tr\/#website"},"primaryImageOfPage":{"@id":"https:\/\/ler.ae\/tr\/binghatti-onyx-dubai-tr\/#primaryimage"},"image":{"@id":"https:\/\/ler.ae\/tr\/binghatti-onyx-dubai-tr\/#primaryimage"},"thumbnailUrl":"https:\/\/ler.ae\/tr\/wp-content\/uploads\/2024\/03\/dap-yeni-levent-istanbul-5.jpg","datePublished":"2024-04-19T13:11:32+00:00","dateModified":"2024-04-19T13:14:44+00:00","description":"Dap yeni levent \u015fehir merkezinden uzakta g\u00f6rmeye al\u0131\u015f\u0131k oldu\u011fumuz, dingin atmosferiyle \u00f6ne \u00e7\u0131kan country ya\u015fam tarz\u0131.","inLanguage":"tr","potentialAction":[{"@type":"ReadAction","target":["https:\/\/ler.ae\/tr\/binghatti-onyx-dubai-tr\/"]}]},{"@type":"ImageObject","inLanguage":"tr","@id":"https:\/\/ler.ae\/tr\/binghatti-onyx-dubai-tr\/#primaryimage","url":"https:\/\/ler.ae\/tr\/wp-content\/uploads\/2024\/03\/dap-yeni-levent-istanbul-5.jpg","contentUrl":"https:\/\/ler.ae\/tr\/wp-content\/uploads\/2024\/03\/dap-yeni-levent-istanbul-5.jpg","width":1920,"height":1080,"caption":"dap-yeni-levent-"},{"@type":"WebSite","@id":"https:\/\/ler.ae\/tr\/#website","url":"https:\/\/ler.ae\/tr\/","name":"Ler Properties","description":"Ler Properties","alternateName":"Ler Properties","potentialAction":[{"@type":"SearchAction","target":{"@type":"EntryPoint","urlTemplate":"https:\/\/ler.ae\/tr\/?s={search_term_string}"},"query-input":{"@type":"PropertyValueSpecification","valueRequired":true,"valueName":"search_term_string"}}],"inLanguage":"tr"}]}},"_links":{"self":[{"href":"https:\/\/ler.ae\/tr\/wp-json\/wp\/v2\/pages\/6714","targetHints":{"allow":["GET"]}}],"collection":[{"href":"https:\/\/ler.ae\/tr\/wp-json\/wp\/v2\/pages"}],"about":[{"href":"https:\/\/ler.ae\/tr\/wp-json\/wp\/v2\/types\/page"}],"author":[{"embeddable":true,"href":"https:\/\/ler.ae\/tr\/wp-json\/wp\/v2\/users\/1"}],"replies":[{"embeddable":true,"href":"https:\/\/ler.ae\/tr\/wp-json\/wp\/v2\/comments?post=6714"}],"version-history":[{"count":4,"href":"https:\/\/ler.ae\/tr\/wp-json\/wp\/v2\/pages\/6714\/revisions"}],"predecessor-version":[{"id":6722,"href":"https:\/\/ler.ae\/tr\/wp-json\/wp\/v2\/pages\/6714\/revisions\/6722"}],"wp:featuredmedia":[{"embeddable":true,"href":"https:\/\/ler.ae\/tr\/wp-json\/wp\/v2\/media\/5728"}],"wp:attachment":[{"href":"https:\/\/ler.ae\/tr\/wp-json\/wp\/v2\/media?parent=6714"}],"curies":[{"name":"wp","href":"https:\/\/api.w.org\/{rel}","templated":true}]}}