{"id":6148,"date":"2024-04-15T09:31:22","date_gmt":"2024-04-15T09:31:22","guid":{"rendered":"https:\/\/ler.ae\/tr\/?page_id=6148"},"modified":"2024-05-07T05:32:12","modified_gmt":"2024-05-07T05:32:12","slug":"sls-residence-palm-jumeirah","status":"publish","type":"page","link":"https:\/\/ler.ae\/tr\/sls-residence-palm-jumeirah\/","title":{"rendered":"SLS Residence At Palm Jumeirah"},"content":{"rendered":"\t\t<div data-elementor-type=\"wp-page\" data-elementor-id=\"6148\" class=\"elementor elementor-6148\" data-elementor-post-type=\"page\">\n\t\t\t\t<div class=\"elementor-element elementor-element-8e915b0 e-flex e-con-boxed e-con e-parent\" data-id=\"8e915b0\" data-element_type=\"container\">\n\t\t\t\t\t<div class=\"e-con-inner\">\n\t\t\t\t<div class=\"elementor-element elementor-element-fd7e11b elementor-widget elementor-widget-banner-title\" data-id=\"fd7e11b\" data-element_type=\"widget\" data-widget_type=\"banner-title.default\">\n\t\t\t\t<div class=\"elementor-widget-container\">\n\t\t\t\t\t\t\t<section class=\"container-fluid top-banner no-padd  simple  dark\">\t\t\t<div class=\"content\">\n\t\t\t\t<div class=\"prague-svg-animation-text\">\n\t\t\t\t\t\t\t\t\t<\/div>\n\t\t\t\t<div class=\"subtitle\">Dubai, Birle\u015fik Arap Emirlikleri<\/div>\t\t\t\t<h1 class=\"title\">SLS RESIDENCE<\/h1>\t\t\t\t<div class=\"description\"><p><p class=\"p1\">SLS Residences at Palm Jumeirah, Dubai\u2019nin g\u00f6z al\u0131c\u0131 Palm Jumeirah sahilinde, \u00f6zel plaj\u0131 ve nefes kesici panoramik manzaralar\u0131yla sizi kar\u015f\u0131l\u0131yor. Bu modern l\u00fcks ya\u015fam alan\u0131, Dubai Marina sil\u00fceti ve Palm Jumeirah manzaras\u0131 ile adeta bir sembol haline gelmi\u015ftir. Daireler, geni\u015f odalar, banyolar, mutfaklar ve balkonlarla tasarlanm\u0131\u015ft\u0131r. SLS Residences at Palm Jumeirah, \u015fehrin en arzu edilen ya\u015fam alanlar\u0131ndan birinde yer al\u0131yor. 7.000.000 dirhemden (1.910.000$) ba\u015flayan fiyatlarla ve 2-3-4 odal\u0131 se\u00e7enekleriyle SLS Residence sizleri bekliyor.<\/p><\/p><\/div>\t\t\t\t\t\t\t<\/div>\n\t\t\t<div class=\"top-banner-cursor\"><\/div>\n\t\t<\/section>\n\t\t\t\t\t\t<\/div>\n\t\t\t\t<\/div>\n\t\t\t\t<div class=\"elementor-element elementor-element-1542fa4 elementor-widget elementor-widget-info-block\" data-id=\"1542fa4\" data-element_type=\"widget\" data-widget_type=\"info-block.default\">\n\t\t\t\t<div class=\"elementor-widget-container\">\n\t\t\t\t\t\t\t\t\t<div class=\"project-detail-block-outer \">\n\t\t\t\t\t\t\t<div class=\"project-detail-block-wrapper\">\n\t\t\t\t\t<div class=\"project-detail-block-item\">\n\t\t\t\t\t\t\t\t\t\t\t\t\t<div class=\"project-detail-block-title\">\n\t\t\t\t\t\t\t\tPROJE TESL\u0130M\t\t\t\t\t\t\t<\/div>\n\t\t\t\t\t\t\t\t\t\t\t\t\t\t\t\t\t\t\t<div class=\"project-detail-block-descr\">\n\t\t\t\t\t\t\t\t<p><p>2026<\/p>\n<\/p>\n\t\t\t\t\t\t\t<\/div>\n\t\t\t\t\t\t\t\t\t\t\t<\/div>\n\t\t\t\t<\/div>\n\t\t\t\t\t\t\t\t\t\t\t<div class=\"project-detail-block-wrapper\">\n\t\t\t\t\t<div class=\"project-detail-block-item\">\n\t\t\t\t\t\t\t\t\t\t\t\t\t<div class=\"project-detail-block-title\">\n\t\t\t\t\t\t\t\tLOKASYON\t\t\t\t\t\t\t<\/div>\n\t\t\t\t\t\t\t\t\t\t\t\t\t\t\t\t\t\t\t<div class=\"project-detail-block-descr\">\n\t\t\t\t\t\t\t\t<p><p>Palm Jumeirah, Dubai<\/p>\n<\/p>\n\t\t\t\t\t\t\t<\/div>\n\t\t\t\t\t\t\t\t\t\t\t<\/div>\n\t\t\t\t<\/div>\n\t\t\t\t\t\t\t\t\t\t\t<div class=\"project-detail-block-wrapper\">\n\t\t\t\t\t<div class=\"project-detail-block-item\">\n\t\t\t\t\t\t\t\t\t\t\t\t\t<div class=\"project-detail-block-title\">\n\t\t\t\t\t\t\t\t\u00d6DEME PLANI\t\t\t\t\t\t\t<\/div>\n\t\t\t\t\t\t\t\t\t\t\t\t\t\t\t\t\t\t\t<div class=\"project-detail-block-descr\">\n\t\t\t\t\t\t\t\t<p><p>Proje \u0130\u00e7in %20 Pe\u015finat ve Proje Sonu %40 \u00d6deme<\/p>\n<\/p>\n\t\t\t\t\t\t\t<\/div>\n\t\t\t\t\t\t\t\t\t\t\t<\/div>\n\t\t\t\t<\/div>\n\t\t\t\t\t\t\t\t\t\t\t<div class=\"project-detail-block-wrapper\">\n\t\t\t\t\t<div class=\"project-detail-block-item\">\n\t\t\t\t\t\t\t\t\t\t\t\t\t<div class=\"project-detail-block-title\">\n\t\t\t\t\t\t\t\t\u0130N\u015eAAT \u015e\u0130RKET\u0130\t\t\t\t\t\t\t<\/div>\n\t\t\t\t\t\t\t\t\t\t\t\t\t\t\t\t\t\t\t<div class=\"project-detail-block-descr\">\n\t\t\t\t\t\t\t\t<p><p>ROYA<\/p>\n<\/p>\n\t\t\t\t\t\t\t<\/div>\n\t\t\t\t\t\t\t\t\t\t\t<\/div>\n\t\t\t\t<\/div>\n\t\t\t\t\t\t\t\t\t\t<\/div>\n\t\t\t\t\t\t<\/div>\n\t\t\t\t<\/div>\n\t\t\t\t\t<\/div>\n\t\t\t\t<\/div>\n\t\t<div class=\"elementor-element elementor-element-575a04c e-con-full e-flex e-con e-parent\" data-id=\"575a04c\" data-element_type=\"container\">\n\t\t\t\t<div class=\"elementor-element elementor-element-5d5bfdd elementor-widget elementor-widget-single-media\" data-id=\"5d5bfdd\" data-element_type=\"widget\" data-widget_type=\"single-media.default\">\n\t\t\t\t<div class=\"elementor-widget-container\">\n\t\t\t\t\t\t\t\t<div class=\"single-media single-media--image\">\n\t\t\t\t<div class=\"single-media__wrap\">\n\t\t\t\t\t<img decoding=\"async\" src=\"https:\/\/ler.ae\/tr\/wp-content\/uploads\/2024\/04\/Building-2-scaled.jpg\" class=\"single-media__image \" alt=\"\" srcset=\"https:\/\/ler.ae\/tr\/wp-content\/uploads\/2024\/04\/Building-2-scaled.jpg 2560w, https:\/\/ler.ae\/tr\/wp-content\/uploads\/2024\/04\/Building-2-300x150.jpg 300w, https:\/\/ler.ae\/tr\/wp-content\/uploads\/2024\/04\/Building-2-1024x512.jpg 1024w, https:\/\/ler.ae\/tr\/wp-content\/uploads\/2024\/04\/Building-2-768x384.jpg 768w, https:\/\/ler.ae\/tr\/wp-content\/uploads\/2024\/04\/Building-2-1536x768.jpg 1536w, https:\/\/ler.ae\/tr\/wp-content\/uploads\/2024\/04\/Building-2-2048x1024.jpg 2048w\" sizes=\"(max-width: 2560px) 100vw, 2560px\" \/>\t\t\t\t\t\t\t\t\t<\/div>\n\t\t\t<\/div>\n\t\t\t\t\t\t<\/div>\n\t\t\t\t<\/div>\n\t\t\t\t<\/div>\n\t\t<div class=\"elementor-element elementor-element-74af1bf e-con-full e-flex e-con e-parent\" data-id=\"74af1bf\" data-element_type=\"container\">\n\t\t<div class=\"elementor-element elementor-element-3cdafc5 e-con-full e-flex e-con e-child\" data-id=\"3cdafc5\" data-element_type=\"container\">\n\t\t\t\t<div class=\"elementor-element elementor-element-ad22d9c elementor-widget elementor-widget-project-detail\" data-id=\"ad22d9c\" data-element_type=\"widget\" data-widget_type=\"project-detail.default\">\n\t\t\t\t<div class=\"elementor-widget-container\">\n\t\t\t\t\t\t\t\t<div class=\"project-detail-picture-wrapper  top\">\n\t\t\t\t\t<img decoding=\"async\" src=\"https:\/\/ler.ae\/tr\/wp-content\/uploads\/2024\/04\/7102ad14-c904-4ec2-91cf-2c671e17d551-scaled.jpg\" class=\"\" alt=\"\" srcset=\"https:\/\/ler.ae\/tr\/wp-content\/uploads\/2024\/04\/7102ad14-c904-4ec2-91cf-2c671e17d551-scaled.jpg 2048w, https:\/\/ler.ae\/tr\/wp-content\/uploads\/2024\/04\/7102ad14-c904-4ec2-91cf-2c671e17d551-240x300.jpg 240w, https:\/\/ler.ae\/tr\/wp-content\/uploads\/2024\/04\/7102ad14-c904-4ec2-91cf-2c671e17d551-819x1024.jpg 819w, https:\/\/ler.ae\/tr\/wp-content\/uploads\/2024\/04\/7102ad14-c904-4ec2-91cf-2c671e17d551-768x960.jpg 768w, https:\/\/ler.ae\/tr\/wp-content\/uploads\/2024\/04\/7102ad14-c904-4ec2-91cf-2c671e17d551-1229x1536.jpg 1229w, https:\/\/ler.ae\/tr\/wp-content\/uploads\/2024\/04\/7102ad14-c904-4ec2-91cf-2c671e17d551-1638x2048.jpg 1638w\" sizes=\"(max-width: 2048px) 100vw, 2048px\" \/>\n\t\t\t\t\t                \t<div class=\"project-detail-picture-descr\">\n                \t\t<p>SLS Residences at Palm Jumeirah, hayal gibi bir atmosferde y\u00fckseliyor. Jumeirah'\u0131n West Crescent b\u00f6lgesindeki sakin k\u0131y\u0131larda konumlanan bu e\u015fsiz geli\u015fim, geni\u015f su manzaralar\u0131yla, Dubai Marina'n\u0131n siluetiyle ve Palm Jumeirah'\u0131n ola\u011fan\u00fcst\u00fc g\u00fczelli\u011fiyle sizi b\u00fcy\u00fcl\u00fcyor. Bah\u00e7elerin etkileyici peyzaj\u0131 ve ortak alanlar, d\u00fcnya \u00e7ap\u0131nda tan\u0131nm\u0131\u015f peyzaj mimarl\u0131k firmas\u0131 Cracknell taraf\u0131ndan \u00f6zenle tasarland\u0131. Cracknell, benzersiz yetenekleriyle peyzaj mimarl\u0131\u011f\u0131, planlama ve kentsel tasar\u0131m alan\u0131nda lider konumda.<\/p>\n                \t<\/div>\n\t\t\t\t\t\n\t\t\t\t\t\n\t\t\t<\/div>\n\t\t\t\t\t\t\t<\/div>\n\t\t\t\t<\/div>\n\t\t\t\t<\/div>\n\t\t<div class=\"elementor-element elementor-element-a36ea86 e-con-full e-flex e-con e-child\" data-id=\"a36ea86\" data-element_type=\"container\">\n\t\t\t\t<div class=\"elementor-element elementor-element-4c0ed48 elementor-widget elementor-widget-project-detail\" data-id=\"4c0ed48\" data-element_type=\"widget\" data-widget_type=\"project-detail.default\">\n\t\t\t\t<div class=\"elementor-widget-container\">\n\t\t\t\t\t\t\t\t<div class=\"project-detail-picture-wrapper  bottom\">\n\t\t\t\t\t\n\t\t\t\t\t                \t<div class=\"project-detail-picture-descr\">\n                \t\t<p>SLS Residences at Palm Jumeirah, e\u015fsiz konumuyla dikkat \u00e7ekiyor. Merkezi lokasyonuyla birlikte ayr\u0131cal\u0131kl\u0131 bir deneyim sunan bu rezidanslar, Palm Jumeirah'\u0131n ikonik manzaras\u0131na sahip. L\u00fcks ve konforlu ya\u015fam\u0131n tad\u0131n\u0131 \u00e7\u0131karabilece\u011finiz bu muhte\u015fem rezidanslar, her detay\u0131yla ayr\u0131cal\u0131\u011f\u0131 hissettiriyor. Se\u00e7kin konumuyla \u00f6ne \u00e7\u0131kan SLS Residences at Palm Jumeirah, unutulmaz bir ya\u015fam tarz\u0131 vaat ediyor. Burada ya\u015famak, ayr\u0131cal\u0131kl\u0131 bir deneyim sunuyor. Palm Jumeirah'\u0131n g\u00f6z al\u0131c\u0131 atmosferinde, konforun ve l\u00fcks\u00fcn keyfini \u00e7\u0131kar\u0131n.<\/p>\n                \t<\/div>\n\t\t\t\t\t\n\t\t\t\t\t<img decoding=\"async\" src=\"https:\/\/ler.ae\/tr\/wp-content\/uploads\/2024\/04\/77abe9f2-4c04-4b32-8fc0-c91b3902161d-scaled.jpg\" class=\"\" alt=\"\" srcset=\"https:\/\/ler.ae\/tr\/wp-content\/uploads\/2024\/04\/77abe9f2-4c04-4b32-8fc0-c91b3902161d-scaled.jpg 2048w, https:\/\/ler.ae\/tr\/wp-content\/uploads\/2024\/04\/77abe9f2-4c04-4b32-8fc0-c91b3902161d-240x300.jpg 240w, https:\/\/ler.ae\/tr\/wp-content\/uploads\/2024\/04\/77abe9f2-4c04-4b32-8fc0-c91b3902161d-819x1024.jpg 819w, https:\/\/ler.ae\/tr\/wp-content\/uploads\/2024\/04\/77abe9f2-4c04-4b32-8fc0-c91b3902161d-768x960.jpg 768w, https:\/\/ler.ae\/tr\/wp-content\/uploads\/2024\/04\/77abe9f2-4c04-4b32-8fc0-c91b3902161d-1229x1536.jpg 1229w, https:\/\/ler.ae\/tr\/wp-content\/uploads\/2024\/04\/77abe9f2-4c04-4b32-8fc0-c91b3902161d-1638x2048.jpg 1638w\" sizes=\"(max-width: 2048px) 100vw, 2048px\" \/>\n\t\t\t<\/div>\n\t\t\t\t\t\t\t<\/div>\n\t\t\t\t<\/div>\n\t\t\t\t<\/div>\n\t\t\t\t<\/div>\n\t\t<div class=\"elementor-element elementor-element-f3a746b e-con-full e-flex e-con e-parent\" data-id=\"f3a746b\" data-element_type=\"container\">\n\t\t\t\t<div class=\"elementor-element elementor-element-13bf077 elementor-widget elementor-widget-single-media\" data-id=\"13bf077\" data-element_type=\"widget\" data-widget_type=\"single-media.default\">\n\t\t\t\t<div class=\"elementor-widget-container\">\n\t\t\t\t\t\t\t\t<div class=\"single-media single-media--image\">\n\t\t\t\t<div class=\"single-media__wrap\">\n\t\t\t\t\t<img decoding=\"async\" src=\"https:\/\/ler.ae\/tr\/wp-content\/uploads\/2024\/04\/Social-House-Area-scaled.jpg\" class=\"single-media__image \" alt=\"\" srcset=\"https:\/\/ler.ae\/tr\/wp-content\/uploads\/2024\/04\/Social-House-Area-scaled.jpg 2560w, https:\/\/ler.ae\/tr\/wp-content\/uploads\/2024\/04\/Social-House-Area-300x188.jpg 300w, https:\/\/ler.ae\/tr\/wp-content\/uploads\/2024\/04\/Social-House-Area-1024x640.jpg 1024w, https:\/\/ler.ae\/tr\/wp-content\/uploads\/2024\/04\/Social-House-Area-768x480.jpg 768w, https:\/\/ler.ae\/tr\/wp-content\/uploads\/2024\/04\/Social-House-Area-1536x960.jpg 1536w, https:\/\/ler.ae\/tr\/wp-content\/uploads\/2024\/04\/Social-House-Area-2048x1280.jpg 2048w\" sizes=\"(max-width: 2560px) 100vw, 2560px\" \/>\t\t\t\t\t\t\t\t\t<\/div>\n\t\t\t<\/div>\n\t\t\t\t\t\t<\/div>\n\t\t\t\t<\/div>\n\t\t\t\t<\/div>\n\t\t<div class=\"elementor-element elementor-element-43c367b e-con-full e-flex e-con e-parent\" data-id=\"43c367b\" data-element_type=\"container\">\n\t\t<div class=\"elementor-element elementor-element-6ae0194 e-con-full e-flex e-con e-child\" data-id=\"6ae0194\" data-element_type=\"container\">\n\t\t\t\t<div class=\"elementor-element elementor-element-9138897 elementor-widget elementor-widget-project-detail\" data-id=\"9138897\" data-element_type=\"widget\" data-widget_type=\"project-detail.default\">\n\t\t\t\t<div class=\"elementor-widget-container\">\n\t\t\t\t\t\t\t\t<div class=\"project-detail-picture-wrapper  top\">\n\t\t\t\t\t<img decoding=\"async\" src=\"https:\/\/ler.ae\/tr\/wp-content\/uploads\/2024\/04\/bcbe7259-5615-44c5-8196-76523e746a4b.jpg\" class=\"\" alt=\"\" srcset=\"https:\/\/ler.ae\/tr\/wp-content\/uploads\/2024\/04\/bcbe7259-5615-44c5-8196-76523e746a4b.jpg 1800w, https:\/\/ler.ae\/tr\/wp-content\/uploads\/2024\/04\/bcbe7259-5615-44c5-8196-76523e746a4b-240x300.jpg 240w, https:\/\/ler.ae\/tr\/wp-content\/uploads\/2024\/04\/bcbe7259-5615-44c5-8196-76523e746a4b-819x1024.jpg 819w, https:\/\/ler.ae\/tr\/wp-content\/uploads\/2024\/04\/bcbe7259-5615-44c5-8196-76523e746a4b-768x960.jpg 768w, https:\/\/ler.ae\/tr\/wp-content\/uploads\/2024\/04\/bcbe7259-5615-44c5-8196-76523e746a4b-1229x1536.jpg 1229w, https:\/\/ler.ae\/tr\/wp-content\/uploads\/2024\/04\/bcbe7259-5615-44c5-8196-76523e746a4b-1638x2048.jpg 1638w\" sizes=\"(max-width: 1800px) 100vw, 1800px\" \/>\n\t\t\t\t\t                \t<div class=\"project-detail-picture-descr\">\n                \t\t<p>ROYA Lifestyle Developments, Dubai, Birle\u015fik Arap Emirlikleri'nde merkezi bulunan \u00f6nc\u00fc bir gayrimenkul geli\u015ftirme \u015firketidir. 30 y\u0131l\u0131 a\u015fk\u0131n sekt\u00f6r deneyimi ve uzmanl\u0131\u011f\u0131yla kurulan ROYA, \u00fcst d\u00fczey m\u00fc\u015fterilerin se\u00e7kin zevklerine hitap eden ola\u011fan\u00fcst\u00fc ya\u015fam alanlar\u0131 yaratmaya odaklanm\u0131\u015ft\u0131r. \u015eirket, m\u00fckemmellik, incelik ve yenilik ilkeleriyle l\u00fcks emlak piyasas\u0131nda yeni standartlar belirlemektedir. ROYA, benzersiz konutlar ve kusursuz hizmetlerle m\u00fc\u015fterilerine unutulmaz bir ya\u015fam deneyimi sunmay\u0131 hedeflemektedir.<\/p>\n                \t<\/div>\n\t\t\t\t\t\n\t\t\t\t\t\n\t\t\t<\/div>\n\t\t\t\t\t\t\t<\/div>\n\t\t\t\t<\/div>\n\t\t\t\t<\/div>\n\t\t<div class=\"elementor-element elementor-element-b78bf49 e-con-full e-flex e-con e-child\" data-id=\"b78bf49\" data-element_type=\"container\">\n\t\t\t\t<div class=\"elementor-element elementor-element-8e214d5 elementor-widget elementor-widget-project-detail\" data-id=\"8e214d5\" data-element_type=\"widget\" data-widget_type=\"project-detail.default\">\n\t\t\t\t<div class=\"elementor-widget-container\">\n\t\t\t\t\t\t\t\t<div class=\"project-detail-picture-wrapper  bottom\">\n\t\t\t\t\t\n\t\t\t\t\t                \t<div class=\"project-detail-picture-descr\">\n                \t\t<p>SLS Residences at Palm Jumeirah, \u00e7evreye uyumlu tasar\u0131m anlay\u0131\u015f\u0131yla yenilik\u00e7i mimarlar ve LACASA i\u015f birli\u011fiyle hayata ge\u00e7irildi. Dalgal\u0131 d\u0131\u015f cephesi, ya\u015fam alanlar\u0131na enerji ve denizle uyumlu bir atmosfer sunarken, konfor ve rahatl\u0131k \u00f6nceli\u011fimizdir. Her detay\u0131yla konfor ve esteti\u011fi bir araya getiren bu benzersiz konutlar, modern ya\u015fam tarz\u0131n\u0131 en \u00fcst d\u00fczeyde ya\u015faman\u0131z i\u00e7in tasarland\u0131.<\/p>\n                \t<\/div>\n\t\t\t\t\t\n\t\t\t\t\t<img decoding=\"async\" src=\"https:\/\/ler.ae\/tr\/wp-content\/uploads\/2024\/04\/a049ae0f-ab70-4f3c-89e2-620faacb5461-scaled.jpg\" class=\"\" alt=\"\" srcset=\"https:\/\/ler.ae\/tr\/wp-content\/uploads\/2024\/04\/a049ae0f-ab70-4f3c-89e2-620faacb5461-scaled.jpg 2047w, https:\/\/ler.ae\/tr\/wp-content\/uploads\/2024\/04\/a049ae0f-ab70-4f3c-89e2-620faacb5461-240x300.jpg 240w, https:\/\/ler.ae\/tr\/wp-content\/uploads\/2024\/04\/a049ae0f-ab70-4f3c-89e2-620faacb5461-819x1024.jpg 819w, https:\/\/ler.ae\/tr\/wp-content\/uploads\/2024\/04\/a049ae0f-ab70-4f3c-89e2-620faacb5461-768x960.jpg 768w, https:\/\/ler.ae\/tr\/wp-content\/uploads\/2024\/04\/a049ae0f-ab70-4f3c-89e2-620faacb5461-1228x1536.jpg 1228w, https:\/\/ler.ae\/tr\/wp-content\/uploads\/2024\/04\/a049ae0f-ab70-4f3c-89e2-620faacb5461-1638x2048.jpg 1638w\" sizes=\"(max-width: 2047px) 100vw, 2047px\" \/>\n\t\t\t<\/div>\n\t\t\t\t\t\t\t<\/div>\n\t\t\t\t<\/div>\n\t\t\t\t<\/div>\n\t\t\t\t<\/div>\n\t\t<div class=\"elementor-element elementor-element-33b2c9a e-con-full e-flex e-con e-parent\" data-id=\"33b2c9a\" data-element_type=\"container\">\n\t\t<div class=\"elementor-element elementor-element-822d882 e-con-full e-flex e-con e-child\" data-id=\"822d882\" data-element_type=\"container\">\n\t\t\t\t<div class=\"elementor-element elementor-element-191ed15 elementor-widget elementor-widget-single-media\" data-id=\"191ed15\" data-element_type=\"widget\" data-widget_type=\"single-media.default\">\n\t\t\t\t<div class=\"elementor-widget-container\">\n\t\t\t\t\t\t\t\t<div class=\"single-media single-media--image\">\n\t\t\t\t<div class=\"single-media__wrap\">\n\t\t\t\t\t<img decoding=\"async\" src=\"https:\/\/ler.ae\/tr\/wp-content\/uploads\/2024\/04\/Penthouse-Terrace-View-1-scaled.jpg\" class=\"single-media__image \" alt=\"\" srcset=\"https:\/\/ler.ae\/tr\/wp-content\/uploads\/2024\/04\/Penthouse-Terrace-View-1-scaled.jpg 2560w, https:\/\/ler.ae\/tr\/wp-content\/uploads\/2024\/04\/Penthouse-Terrace-View-1-300x169.jpg 300w, https:\/\/ler.ae\/tr\/wp-content\/uploads\/2024\/04\/Penthouse-Terrace-View-1-1024x576.jpg 1024w, https:\/\/ler.ae\/tr\/wp-content\/uploads\/2024\/04\/Penthouse-Terrace-View-1-768x432.jpg 768w, https:\/\/ler.ae\/tr\/wp-content\/uploads\/2024\/04\/Penthouse-Terrace-View-1-1536x864.jpg 1536w, https:\/\/ler.ae\/tr\/wp-content\/uploads\/2024\/04\/Penthouse-Terrace-View-1-2048x1152.jpg 2048w\" sizes=\"(max-width: 2560px) 100vw, 2560px\" \/>\t\t\t\t\t\t\t\t\t<\/div>\n\t\t\t<\/div>\n\t\t\t\t\t\t<\/div>\n\t\t\t\t<\/div>\n\t\t\t\t<\/div>\n\t\t\t\t<\/div>\n\t\t\t\t<\/div>\n\t\t","protected":false},"excerpt":{"rendered":"","protected":false},"author":1,"featured_media":5728,"parent":0,"menu_order":0,"comment_status":"closed","ping_status":"closed","template":"elementor_header_footer","meta":{"footnotes":""},"class_list":["post-6148","page","type-page","status-publish","has-post-thumbnail","hentry"],"yoast_head":"<!-- This site is optimized with the Yoast SEO plugin v24.1 - https:\/\/yoast.com\/wordpress\/plugins\/seo\/ -->\n<title>SLS Residence At Palm Jumeirah - Ler Properties - Dubai ve \u0130stanbul L\u00fcks Konut Projeleri: Sat\u0131l\u0131k Villa, Bo\u011faz Manzaral\u0131 Daire<\/title>\n<meta name=\"description\" content=\"Dap yeni levent \u015fehir merkezinden uzakta g\u00f6rmeye al\u0131\u015f\u0131k oldu\u011fumuz, dingin atmosferiyle \u00f6ne \u00e7\u0131kan country ya\u015fam tarz\u0131.\" \/>\n<meta name=\"robots\" content=\"index, follow, max-snippet:-1, max-image-preview:large, max-video-preview:-1\" \/>\n<link rel=\"canonical\" href=\"https:\/\/ler.ae\/tr\/sls-residence-palm-jumeirah\/\" \/>\n<meta property=\"og:locale\" content=\"tr_TR\" \/>\n<meta property=\"og:type\" content=\"article\" \/>\n<meta property=\"og:title\" content=\"SLS Residence At Palm Jumeirah - Ler Properties - Dubai ve \u0130stanbul L\u00fcks Konut Projeleri: Sat\u0131l\u0131k Villa, Bo\u011faz Manzaral\u0131 Daire\" \/>\n<meta property=\"og:description\" content=\"Dap yeni levent \u015fehir merkezinden uzakta g\u00f6rmeye al\u0131\u015f\u0131k oldu\u011fumuz, dingin atmosferiyle \u00f6ne \u00e7\u0131kan country ya\u015fam tarz\u0131.\" \/>\n<meta property=\"og:url\" content=\"https:\/\/ler.ae\/tr\/sls-residence-palm-jumeirah\/\" \/>\n<meta property=\"og:site_name\" content=\"Ler Properties - Dubai ve \u0130stanbul L\u00fcks Konut Projeleri: Sat\u0131l\u0131k Villa, Bo\u011faz Manzaral\u0131 Daire\" \/>\n<meta property=\"article:publisher\" content=\"https:\/\/m.facebook.com\/lerproperties\" \/>\n<meta property=\"article:modified_time\" content=\"2024-05-07T05:32:12+00:00\" \/>\n<meta property=\"og:image\" content=\"https:\/\/ler.ae\/tr\/wp-content\/uploads\/2024\/03\/dap-yeni-levent-istanbul-5.jpg\" \/>\n\t<meta property=\"og:image:width\" content=\"1920\" \/>\n\t<meta property=\"og:image:height\" content=\"1080\" \/>\n\t<meta property=\"og:image:type\" content=\"image\/jpeg\" \/>\n<meta name=\"twitter:card\" content=\"summary_large_image\" \/>\n<meta name=\"twitter:label1\" content=\"Tahmini okuma s\u00fcresi\" \/>\n\t<meta name=\"twitter:data1\" content=\"4 dakika\" \/>\n<script type=\"application\/ld+json\" class=\"yoast-schema-graph\">{\"@context\":\"https:\/\/schema.org\",\"@graph\":[{\"@type\":\"WebPage\",\"@id\":\"https:\/\/ler.ae\/tr\/sls-residence-palm-jumeirah\/\",\"url\":\"https:\/\/ler.ae\/tr\/sls-residence-palm-jumeirah\/\",\"name\":\"SLS Residence At Palm Jumeirah - Ler Properties - Dubai ve \u0130stanbul L\u00fcks Konut Projeleri: Sat\u0131l\u0131k Villa, Bo\u011faz Manzaral\u0131 Daire\",\"isPartOf\":{\"@id\":\"https:\/\/ler.ae\/tr\/#website\"},\"primaryImageOfPage\":{\"@id\":\"https:\/\/ler.ae\/tr\/sls-residence-palm-jumeirah\/#primaryimage\"},\"image\":{\"@id\":\"https:\/\/ler.ae\/tr\/sls-residence-palm-jumeirah\/#primaryimage\"},\"thumbnailUrl\":\"https:\/\/ler.ae\/tr\/wp-content\/uploads\/2024\/03\/dap-yeni-levent-istanbul-5.jpg\",\"datePublished\":\"2024-04-15T09:31:22+00:00\",\"dateModified\":\"2024-05-07T05:32:12+00:00\",\"description\":\"Dap yeni levent \u015fehir merkezinden uzakta g\u00f6rmeye al\u0131\u015f\u0131k oldu\u011fumuz, dingin atmosferiyle \u00f6ne \u00e7\u0131kan country ya\u015fam tarz\u0131.\",\"inLanguage\":\"tr\",\"potentialAction\":[{\"@type\":\"ReadAction\",\"target\":[\"https:\/\/ler.ae\/tr\/sls-residence-palm-jumeirah\/\"]}]},{\"@type\":\"ImageObject\",\"inLanguage\":\"tr\",\"@id\":\"https:\/\/ler.ae\/tr\/sls-residence-palm-jumeirah\/#primaryimage\",\"url\":\"https:\/\/ler.ae\/tr\/wp-content\/uploads\/2024\/03\/dap-yeni-levent-istanbul-5.jpg\",\"contentUrl\":\"https:\/\/ler.ae\/tr\/wp-content\/uploads\/2024\/03\/dap-yeni-levent-istanbul-5.jpg\",\"width\":1920,\"height\":1080,\"caption\":\"dap-yeni-levent-\"},{\"@type\":\"WebSite\",\"@id\":\"https:\/\/ler.ae\/tr\/#website\",\"url\":\"https:\/\/ler.ae\/tr\/\",\"name\":\"Ler Properties\",\"description\":\"Ler Properties\",\"alternateName\":\"Ler Properties\",\"potentialAction\":[{\"@type\":\"SearchAction\",\"target\":{\"@type\":\"EntryPoint\",\"urlTemplate\":\"https:\/\/ler.ae\/tr\/?s={search_term_string}\"},\"query-input\":{\"@type\":\"PropertyValueSpecification\",\"valueRequired\":true,\"valueName\":\"search_term_string\"}}],\"inLanguage\":\"tr\"}]}<\/script>\n<!-- \/ Yoast SEO plugin. -->","yoast_head_json":{"title":"SLS Residence At Palm Jumeirah - Ler Properties - Dubai ve \u0130stanbul L\u00fcks Konut Projeleri: Sat\u0131l\u0131k Villa, Bo\u011faz Manzaral\u0131 Daire","description":"Dap yeni levent \u015fehir merkezinden uzakta g\u00f6rmeye al\u0131\u015f\u0131k oldu\u011fumuz, dingin atmosferiyle \u00f6ne \u00e7\u0131kan country ya\u015fam tarz\u0131.","robots":{"index":"index","follow":"follow","max-snippet":"max-snippet:-1","max-image-preview":"max-image-preview:large","max-video-preview":"max-video-preview:-1"},"canonical":"https:\/\/ler.ae\/tr\/sls-residence-palm-jumeirah\/","og_locale":"tr_TR","og_type":"article","og_title":"SLS Residence At Palm Jumeirah - Ler Properties - Dubai ve \u0130stanbul L\u00fcks Konut Projeleri: Sat\u0131l\u0131k Villa, Bo\u011faz Manzaral\u0131 Daire","og_description":"Dap yeni levent \u015fehir merkezinden uzakta g\u00f6rmeye al\u0131\u015f\u0131k oldu\u011fumuz, dingin atmosferiyle \u00f6ne \u00e7\u0131kan country ya\u015fam tarz\u0131.","og_url":"https:\/\/ler.ae\/tr\/sls-residence-palm-jumeirah\/","og_site_name":"Ler Properties - Dubai ve \u0130stanbul L\u00fcks Konut Projeleri: Sat\u0131l\u0131k Villa, Bo\u011faz Manzaral\u0131 Daire","article_publisher":"https:\/\/m.facebook.com\/lerproperties","article_modified_time":"2024-05-07T05:32:12+00:00","og_image":[{"width":1920,"height":1080,"url":"https:\/\/ler.ae\/tr\/wp-content\/uploads\/2024\/03\/dap-yeni-levent-istanbul-5.jpg","type":"image\/jpeg"}],"twitter_card":"summary_large_image","twitter_misc":{"Tahmini okuma s\u00fcresi":"4 dakika"},"schema":{"@context":"https:\/\/schema.org","@graph":[{"@type":"WebPage","@id":"https:\/\/ler.ae\/tr\/sls-residence-palm-jumeirah\/","url":"https:\/\/ler.ae\/tr\/sls-residence-palm-jumeirah\/","name":"SLS Residence At Palm Jumeirah - Ler Properties - Dubai ve \u0130stanbul L\u00fcks Konut Projeleri: Sat\u0131l\u0131k Villa, Bo\u011faz Manzaral\u0131 Daire","isPartOf":{"@id":"https:\/\/ler.ae\/tr\/#website"},"primaryImageOfPage":{"@id":"https:\/\/ler.ae\/tr\/sls-residence-palm-jumeirah\/#primaryimage"},"image":{"@id":"https:\/\/ler.ae\/tr\/sls-residence-palm-jumeirah\/#primaryimage"},"thumbnailUrl":"https:\/\/ler.ae\/tr\/wp-content\/uploads\/2024\/03\/dap-yeni-levent-istanbul-5.jpg","datePublished":"2024-04-15T09:31:22+00:00","dateModified":"2024-05-07T05:32:12+00:00","description":"Dap yeni levent \u015fehir merkezinden uzakta g\u00f6rmeye al\u0131\u015f\u0131k oldu\u011fumuz, dingin atmosferiyle \u00f6ne \u00e7\u0131kan country ya\u015fam tarz\u0131.","inLanguage":"tr","potentialAction":[{"@type":"ReadAction","target":["https:\/\/ler.ae\/tr\/sls-residence-palm-jumeirah\/"]}]},{"@type":"ImageObject","inLanguage":"tr","@id":"https:\/\/ler.ae\/tr\/sls-residence-palm-jumeirah\/#primaryimage","url":"https:\/\/ler.ae\/tr\/wp-content\/uploads\/2024\/03\/dap-yeni-levent-istanbul-5.jpg","contentUrl":"https:\/\/ler.ae\/tr\/wp-content\/uploads\/2024\/03\/dap-yeni-levent-istanbul-5.jpg","width":1920,"height":1080,"caption":"dap-yeni-levent-"},{"@type":"WebSite","@id":"https:\/\/ler.ae\/tr\/#website","url":"https:\/\/ler.ae\/tr\/","name":"Ler Properties","description":"Ler Properties","alternateName":"Ler Properties","potentialAction":[{"@type":"SearchAction","target":{"@type":"EntryPoint","urlTemplate":"https:\/\/ler.ae\/tr\/?s={search_term_string}"},"query-input":{"@type":"PropertyValueSpecification","valueRequired":true,"valueName":"search_term_string"}}],"inLanguage":"tr"}]}},"_links":{"self":[{"href":"https:\/\/ler.ae\/tr\/wp-json\/wp\/v2\/pages\/6148","targetHints":{"allow":["GET"]}}],"collection":[{"href":"https:\/\/ler.ae\/tr\/wp-json\/wp\/v2\/pages"}],"about":[{"href":"https:\/\/ler.ae\/tr\/wp-json\/wp\/v2\/types\/page"}],"author":[{"embeddable":true,"href":"https:\/\/ler.ae\/tr\/wp-json\/wp\/v2\/users\/1"}],"replies":[{"embeddable":true,"href":"https:\/\/ler.ae\/tr\/wp-json\/wp\/v2\/comments?post=6148"}],"version-history":[{"count":28,"href":"https:\/\/ler.ae\/tr\/wp-json\/wp\/v2\/pages\/6148\/revisions"}],"predecessor-version":[{"id":7172,"href":"https:\/\/ler.ae\/tr\/wp-json\/wp\/v2\/pages\/6148\/revisions\/7172"}],"wp:featuredmedia":[{"embeddable":true,"href":"https:\/\/ler.ae\/tr\/wp-json\/wp\/v2\/media\/5728"}],"wp:attachment":[{"href":"https:\/\/ler.ae\/tr\/wp-json\/wp\/v2\/media?parent=6148"}],"curies":[{"name":"wp","href":"https:\/\/api.w.org\/{rel}","templated":true}]}}