{"id":5947,"date":"2024-03-22T09:19:30","date_gmt":"2024-03-22T09:19:30","guid":{"rendered":"https:\/\/ler.ae\/tr\/?page_id=5947"},"modified":"2024-04-17T08:37:48","modified_gmt":"2024-04-17T08:37:48","slug":"rams-beyond","status":"publish","type":"page","link":"https:\/\/ler.ae\/tr\/rams-beyond\/","title":{"rendered":"RAMS BEYOND"},"content":{"rendered":"\t\t<div data-elementor-type=\"wp-page\" data-elementor-id=\"5947\" class=\"elementor elementor-5947\" data-elementor-post-type=\"page\">\n\t\t\t\t<div class=\"elementor-element elementor-element-8e915b0 e-flex e-con-boxed e-con e-parent\" data-id=\"8e915b0\" data-element_type=\"container\">\n\t\t\t\t\t<div class=\"e-con-inner\">\n\t\t\t\t<div class=\"elementor-element elementor-element-fd7e11b elementor-widget elementor-widget-banner-title\" data-id=\"fd7e11b\" data-element_type=\"widget\" data-widget_type=\"banner-title.default\">\n\t\t\t\t<div class=\"elementor-widget-container\">\n\t\t\t\t\t\t\t<section class=\"container-fluid top-banner no-padd  simple  dark\">\t\t\t<div class=\"content\">\n\t\t\t\t<div class=\"prague-svg-animation-text\">\n\t\t\t\t\t\t\t\t\t<\/div>\n\t\t\t\t<div class=\"subtitle\">\u0130stanbul, T\u00fcrkiye<\/div>\t\t\t\t<h1 class=\"title\">RAMS BEYOND<\/h1>\t\t\t\t<div class=\"description\"><p><p>Rams Beyond, \u0130stanbul'un i\u015f merkezi Maslak'ta y\u00fckseliyor ve tamamland\u0131\u011f\u0131nda hem ticari hem de konut alan\u0131nda prestijli bir proje olacak, standartlar\u0131 yeniden tan\u0131mlayacak.<\/p><\/p><\/div>\t\t\t\t\t\t\t<\/div>\n\t\t\t<div class=\"top-banner-cursor\"><\/div>\n\t\t<\/section>\n\t\t\t\t\t\t<\/div>\n\t\t\t\t<\/div>\n\t\t\t\t<div class=\"elementor-element elementor-element-1542fa4 elementor-widget elementor-widget-info-block\" data-id=\"1542fa4\" data-element_type=\"widget\" data-widget_type=\"info-block.default\">\n\t\t\t\t<div class=\"elementor-widget-container\">\n\t\t\t\t\t\t\t\t\t<div class=\"project-detail-block-outer \">\n\t\t\t\t\t\t\t<div class=\"project-detail-block-wrapper\">\n\t\t\t\t\t<div class=\"project-detail-block-item\">\n\t\t\t\t\t\t\t\t\t\t\t\t\t<div class=\"project-detail-block-title\">\n\t\t\t\t\t\t\t\tPROJE TESL\u0130M\t\t\t\t\t\t\t<\/div>\n\t\t\t\t\t\t\t\t\t\t\t\t\t\t\t\t\t\t\t<div class=\"project-detail-block-descr\">\n\t\t\t\t\t\t\t\t<p><p>?<\/p>\n<\/p>\n\t\t\t\t\t\t\t<\/div>\n\t\t\t\t\t\t\t\t\t\t\t<\/div>\n\t\t\t\t<\/div>\n\t\t\t\t\t\t\t\t\t\t\t<div class=\"project-detail-block-wrapper\">\n\t\t\t\t\t<div class=\"project-detail-block-item\">\n\t\t\t\t\t\t\t\t\t\t\t\t\t<div class=\"project-detail-block-title\">\n\t\t\t\t\t\t\t\tLOKASYON\t\t\t\t\t\t\t<\/div>\n\t\t\t\t\t\t\t\t\t\t\t\t\t\t\t\t\t\t\t<div class=\"project-detail-block-descr\">\n\t\t\t\t\t\t\t\t<p><p>MASLAK<\/p>\n<\/p>\n\t\t\t\t\t\t\t<\/div>\n\t\t\t\t\t\t\t\t\t\t\t<\/div>\n\t\t\t\t<\/div>\n\t\t\t\t\t\t\t\t\t\t\t<div class=\"project-detail-block-wrapper\">\n\t\t\t\t\t<div class=\"project-detail-block-item\">\n\t\t\t\t\t\t\t\t\t\t\t\t\t<div class=\"project-detail-block-title\">\n\t\t\t\t\t\t\t\tPAYMENT PLAN\t\t\t\t\t\t\t<\/div>\n\t\t\t\t\t\t\t\t\t\t\t\t\t\t\t\t\t<\/div>\n\t\t\t\t<\/div>\n\t\t\t\t\t\t\t\t\t\t\t<div class=\"project-detail-block-wrapper\">\n\t\t\t\t\t<div class=\"project-detail-block-item\">\n\t\t\t\t\t\t\t\t\t\t\t\t\t<div class=\"project-detail-block-title\">\n\t\t\t\t\t\t\t\t\u0130N\u015eAAT \u015e\u0130RKET\u0130\t\t\t\t\t\t\t<\/div>\n\t\t\t\t\t\t\t\t\t\t\t\t\t\t\t\t\t\t\t<div class=\"project-detail-block-descr\">\n\t\t\t\t\t\t\t\t<p><p>?<\/p>\n<\/p>\n\t\t\t\t\t\t\t<\/div>\n\t\t\t\t\t\t\t\t\t\t\t<\/div>\n\t\t\t\t<\/div>\n\t\t\t\t\t\t\t\t\t\t<\/div>\n\t\t\t\t\t\t<\/div>\n\t\t\t\t<\/div>\n\t\t\t\t\t<\/div>\n\t\t\t\t<\/div>\n\t\t<div class=\"elementor-element elementor-element-575a04c e-con-full e-flex e-con e-parent\" data-id=\"575a04c\" data-element_type=\"container\">\n\t\t\t\t<div class=\"elementor-element elementor-element-5d5bfdd elementor-widget elementor-widget-single-media\" data-id=\"5d5bfdd\" data-element_type=\"widget\" data-widget_type=\"single-media.default\">\n\t\t\t\t<div class=\"elementor-widget-container\">\n\t\t\t\t\t\t\t\t<div class=\"single-media single-media--image\">\n\t\t\t\t<div class=\"single-media__wrap\">\n\t\t\t\t\t<img decoding=\"async\" src=\"https:\/\/ler.ae\/tr\/wp-content\/uploads\/2024\/03\/ler-properties-rams-beyond-04.jpg\" class=\"single-media__image \" alt=\"\" srcset=\"https:\/\/ler.ae\/tr\/wp-content\/uploads\/2024\/03\/ler-properties-rams-beyond-04.jpg 1920w, https:\/\/ler.ae\/tr\/wp-content\/uploads\/2024\/03\/ler-properties-rams-beyond-04-300x169.jpg 300w, https:\/\/ler.ae\/tr\/wp-content\/uploads\/2024\/03\/ler-properties-rams-beyond-04-1024x576.jpg 1024w, https:\/\/ler.ae\/tr\/wp-content\/uploads\/2024\/03\/ler-properties-rams-beyond-04-768x432.jpg 768w, https:\/\/ler.ae\/tr\/wp-content\/uploads\/2024\/03\/ler-properties-rams-beyond-04-1536x864.jpg 1536w, https:\/\/ler.ae\/tr\/wp-content\/uploads\/2024\/03\/ler-properties-rams-beyond-04-500x281.jpg 500w, https:\/\/ler.ae\/tr\/wp-content\/uploads\/2024\/03\/ler-properties-rams-beyond-04-600x338.jpg 600w\" sizes=\"(max-width: 1920px) 100vw, 1920px\" \/>\t\t\t\t\t\t\t\t\t<\/div>\n\t\t\t<\/div>\n\t\t\t\t\t\t<\/div>\n\t\t\t\t<\/div>\n\t\t\t\t<\/div>\n\t\t<div class=\"elementor-element elementor-element-74af1bf e-con-full e-flex e-con e-parent\" data-id=\"74af1bf\" data-element_type=\"container\">\n\t\t<div class=\"elementor-element elementor-element-3cdafc5 e-con-full e-flex e-con e-child\" data-id=\"3cdafc5\" data-element_type=\"container\">\n\t\t\t\t<div class=\"elementor-element elementor-element-ad22d9c elementor-widget elementor-widget-project-detail\" data-id=\"ad22d9c\" data-element_type=\"widget\" data-widget_type=\"project-detail.default\">\n\t\t\t\t<div class=\"elementor-widget-container\">\n\t\t\t\t\t\t\t\t<div class=\"project-detail-picture-wrapper  top\">\n\t\t\t\t\t<img decoding=\"async\" src=\"https:\/\/ler.ae\/tr\/wp-content\/uploads\/2024\/03\/rams-beyond-istanbul-leer-properties-3.jpg\" class=\"\" alt=\"\" srcset=\"https:\/\/ler.ae\/tr\/wp-content\/uploads\/2024\/03\/rams-beyond-istanbul-leer-properties-3.jpg 755w, https:\/\/ler.ae\/tr\/wp-content\/uploads\/2024\/03\/rams-beyond-istanbul-leer-properties-3-241x300.jpg 241w, https:\/\/ler.ae\/tr\/wp-content\/uploads\/2024\/03\/rams-beyond-istanbul-leer-properties-3-500x622.jpg 500w, https:\/\/ler.ae\/tr\/wp-content\/uploads\/2024\/03\/rams-beyond-istanbul-leer-properties-3-600x746.jpg 600w\" sizes=\"(max-width: 755px) 100vw, 755px\" \/>\n\t\t\t\t\t                \t<div class=\"project-detail-picture-descr\">\n                \t\t<p>Rams Beyond, 11.000 metrekarelik bir alana yay\u0131lan ve 171.20 metrelik y\u00fcksekli\u011fiyle, C50 beton dayan\u0131kl\u0131l\u0131\u011f\u0131 kullan\u0131larak d\u00fcnyan\u0131n en g\u00fcvenli yap\u0131lar\u0131ndan biri olarak \u00f6ne \u00e7\u0131k\u0131yor. 50 kattan olu\u015fan, 524 daire ve \u00e7e\u015fitli ticari alanlardan olu\u015fan proje, balkonlu 1+1'den 3+1'e kadar \u00e7e\u015fitli konut se\u00e7enekleri sunmaktad\u0131r.<\/p>\n                \t<\/div>\n\t\t\t\t\t\n\t\t\t\t\t\n\t\t\t<\/div>\n\t\t\t\t\t\t\t<\/div>\n\t\t\t\t<\/div>\n\t\t\t\t<\/div>\n\t\t<div class=\"elementor-element elementor-element-a36ea86 e-con-full e-flex e-con e-child\" data-id=\"a36ea86\" data-element_type=\"container\">\n\t\t\t\t<div class=\"elementor-element elementor-element-4c0ed48 elementor-widget elementor-widget-project-detail\" data-id=\"4c0ed48\" data-element_type=\"widget\" data-widget_type=\"project-detail.default\">\n\t\t\t\t<div class=\"elementor-widget-container\">\n\t\t\t\t\t\t\t\t<div class=\"project-detail-picture-wrapper  bottom\">\n\t\t\t\t\t\n\t\t\t\t\t                \t<div class=\"project-detail-picture-descr\">\n                \t\t<p>Rams Beyond, \u0130stanbul'da prestijli bir ya\u015fam sunarak, zemin \u0131s\u0131tma, ak\u0131ll\u0131 ev sistemleri, fitness ve e\u011flence odalar\u0131, kapal\u0131\/a\u00e7\u0131k y\u00fczme havuzlar\u0131, Bo\u011fazi\u00e7i manzaras\u0131 ve elektrikli ara\u00e7 \u015farj istasyonu gibi olanaklar sunuyor. Michelin y\u0131ld\u0131zl\u0131 \u015fef restoranlar\u0131 ise ola\u011fan\u00fcst\u00fc d\u00fcnya mutfa\u011f\u0131 deneyimini zenginle\u015ftiriyor.<\/p>\n                \t<\/div>\n\t\t\t\t\t\n\t\t\t\t\t<img decoding=\"async\" src=\"https:\/\/ler.ae\/tr\/wp-content\/uploads\/2024\/03\/rams-beyond-istanbul-leer-properties-2.jpg\" class=\"\" alt=\"\" srcset=\"https:\/\/ler.ae\/tr\/wp-content\/uploads\/2024\/03\/rams-beyond-istanbul-leer-properties-2.jpg 755w, https:\/\/ler.ae\/tr\/wp-content\/uploads\/2024\/03\/rams-beyond-istanbul-leer-properties-2-241x300.jpg 241w, https:\/\/ler.ae\/tr\/wp-content\/uploads\/2024\/03\/rams-beyond-istanbul-leer-properties-2-500x622.jpg 500w, https:\/\/ler.ae\/tr\/wp-content\/uploads\/2024\/03\/rams-beyond-istanbul-leer-properties-2-600x746.jpg 600w\" sizes=\"(max-width: 755px) 100vw, 755px\" \/>\n\t\t\t<\/div>\n\t\t\t\t\t\t\t<\/div>\n\t\t\t\t<\/div>\n\t\t\t\t<\/div>\n\t\t\t\t<\/div>\n\t\t<div class=\"elementor-element elementor-element-f3a746b e-con-full e-flex e-con e-parent\" data-id=\"f3a746b\" data-element_type=\"container\">\n\t\t\t\t<div class=\"elementor-element elementor-element-13bf077 elementor-widget elementor-widget-single-media\" data-id=\"13bf077\" data-element_type=\"widget\" data-widget_type=\"single-media.default\">\n\t\t\t\t<div class=\"elementor-widget-container\">\n\t\t\t\t\t\t\t\t<div class=\"single-media single-media--image\">\n\t\t\t\t<div class=\"single-media__wrap\">\n\t\t\t\t\t<img decoding=\"async\" src=\"https:\/\/ler.ae\/tr\/wp-content\/uploads\/2024\/03\/ler-properties-rams-beyond-05.jpg\" class=\"single-media__image \" alt=\"\" srcset=\"https:\/\/ler.ae\/tr\/wp-content\/uploads\/2024\/03\/ler-properties-rams-beyond-05.jpg 1920w, https:\/\/ler.ae\/tr\/wp-content\/uploads\/2024\/03\/ler-properties-rams-beyond-05-300x169.jpg 300w, https:\/\/ler.ae\/tr\/wp-content\/uploads\/2024\/03\/ler-properties-rams-beyond-05-1024x576.jpg 1024w, https:\/\/ler.ae\/tr\/wp-content\/uploads\/2024\/03\/ler-properties-rams-beyond-05-768x432.jpg 768w, https:\/\/ler.ae\/tr\/wp-content\/uploads\/2024\/03\/ler-properties-rams-beyond-05-1536x864.jpg 1536w, https:\/\/ler.ae\/tr\/wp-content\/uploads\/2024\/03\/ler-properties-rams-beyond-05-500x281.jpg 500w, https:\/\/ler.ae\/tr\/wp-content\/uploads\/2024\/03\/ler-properties-rams-beyond-05-600x338.jpg 600w\" sizes=\"(max-width: 1920px) 100vw, 1920px\" \/>\t\t\t\t\t\t\t\t\t<\/div>\n\t\t\t<\/div>\n\t\t\t\t\t\t<\/div>\n\t\t\t\t<\/div>\n\t\t\t\t<\/div>\n\t\t<div class=\"elementor-element elementor-element-43c367b e-con-full e-flex e-con e-parent\" data-id=\"43c367b\" data-element_type=\"container\">\n\t\t<div class=\"elementor-element elementor-element-6ae0194 e-con-full e-flex e-con e-child\" data-id=\"6ae0194\" data-element_type=\"container\">\n\t\t\t\t<div class=\"elementor-element elementor-element-9138897 elementor-widget elementor-widget-project-detail\" data-id=\"9138897\" data-element_type=\"widget\" data-widget_type=\"project-detail.default\">\n\t\t\t\t<div class=\"elementor-widget-container\">\n\t\t\t\t\t\t\t\t<div class=\"project-detail-picture-wrapper  top\">\n\t\t\t\t\t<img decoding=\"async\" src=\"https:\/\/ler.ae\/tr\/wp-content\/uploads\/2024\/03\/rams-beyond-istanbul-leer-properties-4.jpg\" class=\"\" alt=\"\" srcset=\"https:\/\/ler.ae\/tr\/wp-content\/uploads\/2024\/03\/rams-beyond-istanbul-leer-properties-4.jpg 755w, https:\/\/ler.ae\/tr\/wp-content\/uploads\/2024\/03\/rams-beyond-istanbul-leer-properties-4-241x300.jpg 241w, https:\/\/ler.ae\/tr\/wp-content\/uploads\/2024\/03\/rams-beyond-istanbul-leer-properties-4-500x622.jpg 500w, https:\/\/ler.ae\/tr\/wp-content\/uploads\/2024\/03\/rams-beyond-istanbul-leer-properties-4-600x746.jpg 600w\" sizes=\"(max-width: 755px) 100vw, 755px\" \/>\n\t\t\t\t\t                \t<div class=\"project-detail-picture-descr\">\n                \t\t<p>Rams Beyond, \u0130stanbul'da prestij arayanlar i\u00e7in ideal bir se\u00e7enektir. Ola\u011fan\u00fcst\u00fc g\u00fcvenlik \u00f6zellikleri ve k\u0131skan\u0131lacak olanaklarla, proje sakinlerine e\u015fsiz bir l\u00fcks deneyimi garanti ediyor.<\/p>\n                \t<\/div>\n\t\t\t\t\t\n\t\t\t\t\t\n\t\t\t<\/div>\n\t\t\t\t\t\t\t<\/div>\n\t\t\t\t<\/div>\n\t\t\t\t<\/div>\n\t\t<div class=\"elementor-element elementor-element-b78bf49 e-con-full e-flex e-con e-child\" data-id=\"b78bf49\" data-element_type=\"container\">\n\t\t\t\t<div class=\"elementor-element elementor-element-8e214d5 elementor-widget elementor-widget-project-detail\" data-id=\"8e214d5\" data-element_type=\"widget\" data-widget_type=\"project-detail.default\">\n\t\t\t\t<div class=\"elementor-widget-container\">\n\t\t\t\t\t\t\t\t<div class=\"project-detail-picture-wrapper  bottom\">\n\t\t\t\t\t\n\t\t\t\t\t                \t<div class=\"project-detail-picture-descr\">\n                \t\t<p>Rams Beyond, \u0130stanbul'da prestij arayanlar i\u00e7in ideal bir se\u00e7enektir. Ola\u011fan\u00fcst\u00fc g\u00fcvenlik \u00f6zellikleri ve k\u0131skan\u0131lacak olanaklarla, proje sakinlerine e\u015fsiz bir l\u00fcks deneyimi garanti ediyor.<\/p>\n                \t<\/div>\n\t\t\t\t\t\n\t\t\t\t\t<img decoding=\"async\" src=\"https:\/\/ler.ae\/tr\/wp-content\/uploads\/2024\/03\/rams-beyond-istanbul-leer-properties-1.jpg\" class=\"\" alt=\"\" srcset=\"https:\/\/ler.ae\/tr\/wp-content\/uploads\/2024\/03\/rams-beyond-istanbul-leer-properties-1.jpg 755w, https:\/\/ler.ae\/tr\/wp-content\/uploads\/2024\/03\/rams-beyond-istanbul-leer-properties-1-241x300.jpg 241w, https:\/\/ler.ae\/tr\/wp-content\/uploads\/2024\/03\/rams-beyond-istanbul-leer-properties-1-500x622.jpg 500w, https:\/\/ler.ae\/tr\/wp-content\/uploads\/2024\/03\/rams-beyond-istanbul-leer-properties-1-600x746.jpg 600w\" sizes=\"(max-width: 755px) 100vw, 755px\" \/>\n\t\t\t<\/div>\n\t\t\t\t\t\t\t<\/div>\n\t\t\t\t<\/div>\n\t\t\t\t<\/div>\n\t\t\t\t<\/div>\n\t\t<div class=\"elementor-element elementor-element-33b2c9a e-con-full e-flex e-con e-parent\" data-id=\"33b2c9a\" data-element_type=\"container\">\n\t\t<div class=\"elementor-element elementor-element-822d882 e-con-full e-flex e-con e-child\" data-id=\"822d882\" data-element_type=\"container\">\n\t\t\t\t<div class=\"elementor-element elementor-element-191ed15 elementor-widget elementor-widget-single-media\" data-id=\"191ed15\" data-element_type=\"widget\" data-widget_type=\"single-media.default\">\n\t\t\t\t<div class=\"elementor-widget-container\">\n\t\t\t\t\t\t\t\t<div class=\"single-media single-media--image\">\n\t\t\t\t<div class=\"single-media__wrap\">\n\t\t\t\t\t<img decoding=\"async\" src=\"https:\/\/ler.ae\/tr\/wp-content\/uploads\/2024\/03\/ler-properties-rams-beyond.jpg\" class=\"single-media__image \" alt=\"\" srcset=\"https:\/\/ler.ae\/tr\/wp-content\/uploads\/2024\/03\/ler-properties-rams-beyond.jpg 1920w, https:\/\/ler.ae\/tr\/wp-content\/uploads\/2024\/03\/ler-properties-rams-beyond-300x169.jpg 300w, https:\/\/ler.ae\/tr\/wp-content\/uploads\/2024\/03\/ler-properties-rams-beyond-1024x576.jpg 1024w, https:\/\/ler.ae\/tr\/wp-content\/uploads\/2024\/03\/ler-properties-rams-beyond-768x432.jpg 768w, https:\/\/ler.ae\/tr\/wp-content\/uploads\/2024\/03\/ler-properties-rams-beyond-1536x864.jpg 1536w, https:\/\/ler.ae\/tr\/wp-content\/uploads\/2024\/03\/ler-properties-rams-beyond-500x281.jpg 500w, https:\/\/ler.ae\/tr\/wp-content\/uploads\/2024\/03\/ler-properties-rams-beyond-600x338.jpg 600w\" sizes=\"(max-width: 1920px) 100vw, 1920px\" \/>\t\t\t\t\t\t\t\t\t<\/div>\n\t\t\t<\/div>\n\t\t\t\t\t\t<\/div>\n\t\t\t\t<\/div>\n\t\t\t\t<\/div>\n\t\t\t\t<\/div>\n\t\t\t\t<\/div>\n\t\t","protected":false},"excerpt":{"rendered":"","protected":false},"author":1,"featured_media":5728,"parent":0,"menu_order":0,"comment_status":"closed","ping_status":"closed","template":"elementor_header_footer","meta":{"footnotes":""},"class_list":["post-5947","page","type-page","status-publish","has-post-thumbnail","hentry"],"yoast_head":"<!-- This site is optimized with the Yoast SEO plugin v24.1 - https:\/\/yoast.com\/wordpress\/plugins\/seo\/ -->\n<title>RAMS BEYOND - Ler Properties - Dubai ve \u0130stanbul L\u00fcks Konut Projeleri: Sat\u0131l\u0131k Villa, Bo\u011faz Manzaral\u0131 Daire<\/title>\n<meta name=\"description\" content=\"Rams Beyond, \u0130stanbul&#039;un i\u015f merkezi Maslak&#039;ta y\u00fckseliyor ve tamamland\u0131\u011f\u0131nda hem ticari hem de konut alan\u0131nda prestijli bir proje olacak.\" \/>\n<meta name=\"robots\" content=\"index, follow, max-snippet:-1, max-image-preview:large, max-video-preview:-1\" \/>\n<link rel=\"canonical\" href=\"https:\/\/ler.ae\/tr\/rams-beyond\/\" \/>\n<meta property=\"og:locale\" content=\"tr_TR\" \/>\n<meta property=\"og:type\" content=\"article\" \/>\n<meta property=\"og:title\" content=\"RAMS BEYOND - Ler Properties - Dubai ve \u0130stanbul L\u00fcks Konut Projeleri: Sat\u0131l\u0131k Villa, Bo\u011faz Manzaral\u0131 Daire\" \/>\n<meta property=\"og:description\" content=\"Rams Beyond, \u0130stanbul&#039;un i\u015f merkezi Maslak&#039;ta y\u00fckseliyor ve tamamland\u0131\u011f\u0131nda hem ticari hem de konut alan\u0131nda prestijli bir proje olacak.\" \/>\n<meta property=\"og:url\" content=\"https:\/\/ler.ae\/tr\/rams-beyond\/\" \/>\n<meta property=\"og:site_name\" content=\"Ler Properties - Dubai ve \u0130stanbul L\u00fcks Konut Projeleri: Sat\u0131l\u0131k Villa, Bo\u011faz Manzaral\u0131 Daire\" \/>\n<meta property=\"article:publisher\" content=\"https:\/\/m.facebook.com\/lerproperties\" \/>\n<meta property=\"article:modified_time\" content=\"2024-04-17T08:37:48+00:00\" \/>\n<meta property=\"og:image\" content=\"https:\/\/ler.ae\/tr\/wp-content\/uploads\/2024\/03\/dap-yeni-levent-istanbul-5.jpg\" \/>\n\t<meta property=\"og:image:width\" content=\"1920\" \/>\n\t<meta property=\"og:image:height\" content=\"1080\" \/>\n\t<meta property=\"og:image:type\" content=\"image\/jpeg\" \/>\n<meta name=\"twitter:card\" content=\"summary_large_image\" \/>\n<meta name=\"twitter:label1\" content=\"Tahmini okuma s\u00fcresi\" \/>\n\t<meta name=\"twitter:data1\" content=\"3 dakika\" \/>\n<script type=\"application\/ld+json\" class=\"yoast-schema-graph\">{\"@context\":\"https:\/\/schema.org\",\"@graph\":[{\"@type\":\"WebPage\",\"@id\":\"https:\/\/ler.ae\/tr\/rams-beyond\/\",\"url\":\"https:\/\/ler.ae\/tr\/rams-beyond\/\",\"name\":\"RAMS BEYOND - Ler Properties - Dubai ve \u0130stanbul L\u00fcks Konut Projeleri: Sat\u0131l\u0131k Villa, Bo\u011faz Manzaral\u0131 Daire\",\"isPartOf\":{\"@id\":\"https:\/\/ler.ae\/tr\/#website\"},\"primaryImageOfPage\":{\"@id\":\"https:\/\/ler.ae\/tr\/rams-beyond\/#primaryimage\"},\"image\":{\"@id\":\"https:\/\/ler.ae\/tr\/rams-beyond\/#primaryimage\"},\"thumbnailUrl\":\"https:\/\/ler.ae\/tr\/wp-content\/uploads\/2024\/03\/dap-yeni-levent-istanbul-5.jpg\",\"datePublished\":\"2024-03-22T09:19:30+00:00\",\"dateModified\":\"2024-04-17T08:37:48+00:00\",\"description\":\"Rams Beyond, \u0130stanbul'un i\u015f merkezi Maslak'ta y\u00fckseliyor ve tamamland\u0131\u011f\u0131nda hem ticari hem de konut alan\u0131nda prestijli bir proje olacak.\",\"inLanguage\":\"tr\",\"potentialAction\":[{\"@type\":\"ReadAction\",\"target\":[\"https:\/\/ler.ae\/tr\/rams-beyond\/\"]}]},{\"@type\":\"ImageObject\",\"inLanguage\":\"tr\",\"@id\":\"https:\/\/ler.ae\/tr\/rams-beyond\/#primaryimage\",\"url\":\"https:\/\/ler.ae\/tr\/wp-content\/uploads\/2024\/03\/dap-yeni-levent-istanbul-5.jpg\",\"contentUrl\":\"https:\/\/ler.ae\/tr\/wp-content\/uploads\/2024\/03\/dap-yeni-levent-istanbul-5.jpg\",\"width\":1920,\"height\":1080,\"caption\":\"dap-yeni-levent-\"},{\"@type\":\"WebSite\",\"@id\":\"https:\/\/ler.ae\/tr\/#website\",\"url\":\"https:\/\/ler.ae\/tr\/\",\"name\":\"Ler Properties\",\"description\":\"Ler Properties\",\"alternateName\":\"Ler Properties\",\"potentialAction\":[{\"@type\":\"SearchAction\",\"target\":{\"@type\":\"EntryPoint\",\"urlTemplate\":\"https:\/\/ler.ae\/tr\/?s={search_term_string}\"},\"query-input\":{\"@type\":\"PropertyValueSpecification\",\"valueRequired\":true,\"valueName\":\"search_term_string\"}}],\"inLanguage\":\"tr\"}]}<\/script>\n<!-- \/ Yoast SEO plugin. -->","yoast_head_json":{"title":"RAMS BEYOND - Ler Properties - Dubai ve \u0130stanbul L\u00fcks Konut Projeleri: Sat\u0131l\u0131k Villa, Bo\u011faz Manzaral\u0131 Daire","description":"Rams Beyond, \u0130stanbul'un i\u015f merkezi Maslak'ta y\u00fckseliyor ve tamamland\u0131\u011f\u0131nda hem ticari hem de konut alan\u0131nda prestijli bir proje olacak.","robots":{"index":"index","follow":"follow","max-snippet":"max-snippet:-1","max-image-preview":"max-image-preview:large","max-video-preview":"max-video-preview:-1"},"canonical":"https:\/\/ler.ae\/tr\/rams-beyond\/","og_locale":"tr_TR","og_type":"article","og_title":"RAMS BEYOND - Ler Properties - Dubai ve \u0130stanbul L\u00fcks Konut Projeleri: Sat\u0131l\u0131k Villa, Bo\u011faz Manzaral\u0131 Daire","og_description":"Rams Beyond, \u0130stanbul'un i\u015f merkezi Maslak'ta y\u00fckseliyor ve tamamland\u0131\u011f\u0131nda hem ticari hem de konut alan\u0131nda prestijli bir proje olacak.","og_url":"https:\/\/ler.ae\/tr\/rams-beyond\/","og_site_name":"Ler Properties - Dubai ve \u0130stanbul L\u00fcks Konut Projeleri: Sat\u0131l\u0131k Villa, Bo\u011faz Manzaral\u0131 Daire","article_publisher":"https:\/\/m.facebook.com\/lerproperties","article_modified_time":"2024-04-17T08:37:48+00:00","og_image":[{"width":1920,"height":1080,"url":"https:\/\/ler.ae\/tr\/wp-content\/uploads\/2024\/03\/dap-yeni-levent-istanbul-5.jpg","type":"image\/jpeg"}],"twitter_card":"summary_large_image","twitter_misc":{"Tahmini okuma s\u00fcresi":"3 dakika"},"schema":{"@context":"https:\/\/schema.org","@graph":[{"@type":"WebPage","@id":"https:\/\/ler.ae\/tr\/rams-beyond\/","url":"https:\/\/ler.ae\/tr\/rams-beyond\/","name":"RAMS BEYOND - Ler Properties - Dubai ve \u0130stanbul L\u00fcks Konut Projeleri: Sat\u0131l\u0131k Villa, Bo\u011faz Manzaral\u0131 Daire","isPartOf":{"@id":"https:\/\/ler.ae\/tr\/#website"},"primaryImageOfPage":{"@id":"https:\/\/ler.ae\/tr\/rams-beyond\/#primaryimage"},"image":{"@id":"https:\/\/ler.ae\/tr\/rams-beyond\/#primaryimage"},"thumbnailUrl":"https:\/\/ler.ae\/tr\/wp-content\/uploads\/2024\/03\/dap-yeni-levent-istanbul-5.jpg","datePublished":"2024-03-22T09:19:30+00:00","dateModified":"2024-04-17T08:37:48+00:00","description":"Rams Beyond, \u0130stanbul'un i\u015f merkezi Maslak'ta y\u00fckseliyor ve tamamland\u0131\u011f\u0131nda hem ticari hem de konut alan\u0131nda prestijli bir proje olacak.","inLanguage":"tr","potentialAction":[{"@type":"ReadAction","target":["https:\/\/ler.ae\/tr\/rams-beyond\/"]}]},{"@type":"ImageObject","inLanguage":"tr","@id":"https:\/\/ler.ae\/tr\/rams-beyond\/#primaryimage","url":"https:\/\/ler.ae\/tr\/wp-content\/uploads\/2024\/03\/dap-yeni-levent-istanbul-5.jpg","contentUrl":"https:\/\/ler.ae\/tr\/wp-content\/uploads\/2024\/03\/dap-yeni-levent-istanbul-5.jpg","width":1920,"height":1080,"caption":"dap-yeni-levent-"},{"@type":"WebSite","@id":"https:\/\/ler.ae\/tr\/#website","url":"https:\/\/ler.ae\/tr\/","name":"Ler Properties","description":"Ler Properties","alternateName":"Ler Properties","potentialAction":[{"@type":"SearchAction","target":{"@type":"EntryPoint","urlTemplate":"https:\/\/ler.ae\/tr\/?s={search_term_string}"},"query-input":{"@type":"PropertyValueSpecification","valueRequired":true,"valueName":"search_term_string"}}],"inLanguage":"tr"}]}},"_links":{"self":[{"href":"https:\/\/ler.ae\/tr\/wp-json\/wp\/v2\/pages\/5947","targetHints":{"allow":["GET"]}}],"collection":[{"href":"https:\/\/ler.ae\/tr\/wp-json\/wp\/v2\/pages"}],"about":[{"href":"https:\/\/ler.ae\/tr\/wp-json\/wp\/v2\/types\/page"}],"author":[{"embeddable":true,"href":"https:\/\/ler.ae\/tr\/wp-json\/wp\/v2\/users\/1"}],"replies":[{"embeddable":true,"href":"https:\/\/ler.ae\/tr\/wp-json\/wp\/v2\/comments?post=5947"}],"version-history":[{"count":6,"href":"https:\/\/ler.ae\/tr\/wp-json\/wp\/v2\/pages\/5947\/revisions"}],"predecessor-version":[{"id":6251,"href":"https:\/\/ler.ae\/tr\/wp-json\/wp\/v2\/pages\/5947\/revisions\/6251"}],"wp:featuredmedia":[{"embeddable":true,"href":"https:\/\/ler.ae\/tr\/wp-json\/wp\/v2\/media\/5728"}],"wp:attachment":[{"href":"https:\/\/ler.ae\/tr\/wp-json\/wp\/v2\/media?parent=5947"}],"curies":[{"name":"wp","href":"https:\/\/api.w.org\/{rel}","templated":true}]}}