{"id":5765,"date":"2024-03-08T11:57:34","date_gmt":"2024-03-08T11:57:34","guid":{"rendered":"https:\/\/ler.ae\/tr\/?page_id=5765"},"modified":"2024-04-17T09:22:56","modified_gmt":"2024-04-17T09:22:56","slug":"maslak-koru","status":"publish","type":"page","link":"https:\/\/ler.ae\/tr\/maslak-koru\/","title":{"rendered":"MASLAK KORU"},"content":{"rendered":"\t\t<div data-elementor-type=\"wp-page\" data-elementor-id=\"5765\" class=\"elementor elementor-5765\" data-elementor-post-type=\"page\">\n\t\t\t\t<div class=\"elementor-element elementor-element-8e915b0 e-flex e-con-boxed e-con e-parent\" data-id=\"8e915b0\" data-element_type=\"container\">\n\t\t\t\t\t<div class=\"e-con-inner\">\n\t\t\t\t<div class=\"elementor-element elementor-element-fd7e11b elementor-widget elementor-widget-banner-title\" data-id=\"fd7e11b\" data-element_type=\"widget\" data-widget_type=\"banner-title.default\">\n\t\t\t\t<div class=\"elementor-widget-container\">\n\t\t\t\t\t\t\t<section class=\"container-fluid top-banner no-padd  simple  dark\">\t\t\t<div class=\"content\">\n\t\t\t\t<div class=\"prague-svg-animation-text\">\n\t\t\t\t\t\t\t\t\t<\/div>\n\t\t\t\t<div class=\"subtitle\">\u0130stanbul, T\u00fcrkiye<\/div>\t\t\t\t<h1 class=\"title\">MASLAK KORU<\/h1>\t\t\t\t<div class=\"description\"><p><p class=\"p1\">\u0130stanbul'un b\u00fcy\u00fcleyici merkezi Maslak'ta, konutlar, ofisler, ticari birimler ve sosyal alanlarla birlikte benzersiz bir ya\u015fam tarz\u0131 olu\u015fuyor. Maslak Koru projesi de do\u011fa ya\u015fam\u0131n\u0131z\u0131n her alan\u0131nda size e\u015flik ediyor.<\/p><\/p><\/div>\t\t\t\t\t\t\t<\/div>\n\t\t\t<div class=\"top-banner-cursor\"><\/div>\n\t\t<\/section>\n\t\t\t\t\t\t<\/div>\n\t\t\t\t<\/div>\n\t\t\t\t<div class=\"elementor-element elementor-element-1542fa4 elementor-widget elementor-widget-info-block\" data-id=\"1542fa4\" data-element_type=\"widget\" data-widget_type=\"info-block.default\">\n\t\t\t\t<div class=\"elementor-widget-container\">\n\t\t\t\t\t\t\t\t\t<div class=\"project-detail-block-outer \">\n\t\t\t\t\t\t\t<div class=\"project-detail-block-wrapper\">\n\t\t\t\t\t<div class=\"project-detail-block-item\">\n\t\t\t\t\t\t\t\t\t\t\t\t\t<div class=\"project-detail-block-title\">\n\t\t\t\t\t\t\t\tPROJE TESL\u0130M\t\t\t\t\t\t\t<\/div>\n\t\t\t\t\t\t\t\t\t\t\t\t\t\t\t\t\t\t\t<div class=\"project-detail-block-descr\">\n\t\t\t\t\t\t\t\t<p><p>2025<\/p>\n<\/p>\n\t\t\t\t\t\t\t<\/div>\n\t\t\t\t\t\t\t\t\t\t\t<\/div>\n\t\t\t\t<\/div>\n\t\t\t\t\t\t\t\t\t\t\t<div class=\"project-detail-block-wrapper\">\n\t\t\t\t\t<div class=\"project-detail-block-item\">\n\t\t\t\t\t\t\t\t\t\t\t\t\t<div class=\"project-detail-block-title\">\n\t\t\t\t\t\t\t\tLOKASYON\t\t\t\t\t\t\t<\/div>\n\t\t\t\t\t\t\t\t\t\t\t\t\t\t\t\t\t\t\t<div class=\"project-detail-block-descr\">\n\t\t\t\t\t\t\t\t<p><p>MASLAK<\/p>\n<\/p>\n\t\t\t\t\t\t\t<\/div>\n\t\t\t\t\t\t\t\t\t\t\t<\/div>\n\t\t\t\t<\/div>\n\t\t\t\t\t\t\t\t\t\t\t<div class=\"project-detail-block-wrapper\">\n\t\t\t\t\t<div class=\"project-detail-block-item\">\n\t\t\t\t\t\t\t\t\t\t\t\t\t<div class=\"project-detail-block-title\">\n\t\t\t\t\t\t\t\t\u00d6DEME PLANI\t\t\t\t\t\t\t<\/div>\n\t\t\t\t\t\t\t\t\t\t\t\t\t\t\t\t\t<\/div>\n\t\t\t\t<\/div>\n\t\t\t\t\t\t\t\t\t\t\t<div class=\"project-detail-block-wrapper\">\n\t\t\t\t\t<div class=\"project-detail-block-item\">\n\t\t\t\t\t\t\t\t\t\t\t\t\t<div class=\"project-detail-block-title\">\n\t\t\t\t\t\t\t\t\u0130N\u015eAAT \u015e\u0130RKET\u0130\t\t\t\t\t\t\t<\/div>\n\t\t\t\t\t\t\t\t\t\t\t\t\t\t\t\t\t\t\t<div class=\"project-detail-block-descr\">\n\t\t\t\t\t\t\t\t<p><p>INVEST CONTRUCTION & K\u0130PTA\u015e<\/p>\n<\/p>\n\t\t\t\t\t\t\t<\/div>\n\t\t\t\t\t\t\t\t\t\t\t<\/div>\n\t\t\t\t<\/div>\n\t\t\t\t\t\t\t\t\t\t<\/div>\n\t\t\t\t\t\t<\/div>\n\t\t\t\t<\/div>\n\t\t\t\t\t<\/div>\n\t\t\t\t<\/div>\n\t\t<div class=\"elementor-element elementor-element-80e1fe2 e-con-full e-flex e-con e-parent\" data-id=\"80e1fe2\" data-element_type=\"container\">\n\t\t\t\t<div class=\"elementor-element elementor-element-1a866aa elementor-widget elementor-widget-single-media\" data-id=\"1a866aa\" data-element_type=\"widget\" data-widget_type=\"single-media.default\">\n\t\t\t\t<div class=\"elementor-widget-container\">\n\t\t\t\t\t\t\t\t<div class=\"single-media single-media--image\">\n\t\t\t\t<div class=\"single-media__wrap\">\n\t\t\t\t\t<img decoding=\"async\" src=\"https:\/\/ler.ae\/tr\/wp-content\/uploads\/2024\/03\/maslak_koru_lerproperties-4.jpg\" class=\"single-media__image \" alt=\"\" srcset=\"https:\/\/ler.ae\/tr\/wp-content\/uploads\/2024\/03\/maslak_koru_lerproperties-4.jpg 1920w, https:\/\/ler.ae\/tr\/wp-content\/uploads\/2024\/03\/maslak_koru_lerproperties-4-300x169.jpg 300w, https:\/\/ler.ae\/tr\/wp-content\/uploads\/2024\/03\/maslak_koru_lerproperties-4-1024x576.jpg 1024w, https:\/\/ler.ae\/tr\/wp-content\/uploads\/2024\/03\/maslak_koru_lerproperties-4-768x432.jpg 768w, https:\/\/ler.ae\/tr\/wp-content\/uploads\/2024\/03\/maslak_koru_lerproperties-4-1536x864.jpg 1536w, https:\/\/ler.ae\/tr\/wp-content\/uploads\/2024\/03\/maslak_koru_lerproperties-4-500x281.jpg 500w, https:\/\/ler.ae\/tr\/wp-content\/uploads\/2024\/03\/maslak_koru_lerproperties-4-600x338.jpg 600w\" sizes=\"(max-width: 1920px) 100vw, 1920px\" \/>\t\t\t\t\t\t\t\t\t<\/div>\n\t\t\t<\/div>\n\t\t\t\t\t\t<\/div>\n\t\t\t\t<\/div>\n\t\t\t\t<\/div>\n\t\t<div class=\"elementor-element elementor-element-6414273 e-con-full e-flex e-con e-parent\" data-id=\"6414273\" data-element_type=\"container\">\n\t\t<div class=\"elementor-element elementor-element-8deb572 e-con-full e-flex e-con e-child\" data-id=\"8deb572\" data-element_type=\"container\">\n\t\t\t\t<div class=\"elementor-element elementor-element-f7ffc03 elementor-widget elementor-widget-project-detail\" data-id=\"f7ffc03\" data-element_type=\"widget\" data-widget_type=\"project-detail.default\">\n\t\t\t\t<div class=\"elementor-widget-container\">\n\t\t\t\t\t\t\t\t<div class=\"project-detail-picture-wrapper  top\">\n\t\t\t\t\t<img decoding=\"async\" src=\"https:\/\/ler.ae\/tr\/wp-content\/uploads\/2024\/03\/maslak_koru_0003.jpg\" class=\"\" alt=\"\" srcset=\"https:\/\/ler.ae\/tr\/wp-content\/uploads\/2024\/03\/maslak_koru_0003.jpg 755w, https:\/\/ler.ae\/tr\/wp-content\/uploads\/2024\/03\/maslak_koru_0003-241x300.jpg 241w, https:\/\/ler.ae\/tr\/wp-content\/uploads\/2024\/03\/maslak_koru_0003-500x622.jpg 500w, https:\/\/ler.ae\/tr\/wp-content\/uploads\/2024\/03\/maslak_koru_0003-600x746.jpg 600w\" sizes=\"(max-width: 755px) 100vw, 755px\" \/>\n\t\t\t\t\t                \t<div class=\"project-detail-picture-descr\">\n                \t\t<p>Maslak Koru, \u0130stanbul'un en \u00f6nemli i\u015f merkezlerinden birinde e\u015fsiz bir konum sunuyor. Vadistanbul'a y\u00fcr\u00fcme mesafesinde ve \u0130stinye Park'a 5 dakikal\u0131k s\u00fcr\u00fc\u015f mesafesinde bulunuyor. E\u011flence merkezi Maslak Uniq'e ise sadece 5 dakika uzakl\u0131kta. Ayr\u0131ca Galatasaray Stadyumu'nun kar\u015f\u0131s\u0131nda ve Etfal Hamidiye ile Liv Hospital gibi \u00fcst d\u00fczey hastanelere yak\u0131n konumda bulunuyor.<\/p>\n                \t<\/div>\n\t\t\t\t\t\n\t\t\t\t\t\n\t\t\t<\/div>\n\t\t\t\t\t\t\t<\/div>\n\t\t\t\t<\/div>\n\t\t\t\t<\/div>\n\t\t<div class=\"elementor-element elementor-element-6b29022 e-con-full e-flex e-con e-child\" data-id=\"6b29022\" data-element_type=\"container\">\n\t\t\t\t<div class=\"elementor-element elementor-element-0c789b2 elementor-widget elementor-widget-project-detail\" data-id=\"0c789b2\" data-element_type=\"widget\" data-widget_type=\"project-detail.default\">\n\t\t\t\t<div class=\"elementor-widget-container\">\n\t\t\t\t\t\t\t\t<div class=\"project-detail-picture-wrapper  bottom\">\n\t\t\t\t\t\n\t\t\t\t\t                \t<div class=\"project-detail-picture-descr\">\n                \t\t<p>Y\u00fcr\u00fcy\u00fc\u015f yollar\u0131ndan fitness merkezine, pilates st\u00fcdyosundan sosyal tesislere, saunadan ye\u015fil bah\u00e7elere, a\u00e7\u0131k\/havuzlardan \u00e7ocuk oyun alanlar\u0131na kadar... Burada, sevdiklerinizle mutlu olman\u0131z i\u00e7in onlarca neden bulacaks\u0131n\u0131z.<\/p>\n                \t<\/div>\n\t\t\t\t\t\n\t\t\t\t\t<img decoding=\"async\" src=\"https:\/\/ler.ae\/tr\/wp-content\/uploads\/2024\/03\/maslak_koru_0009.jpg\" class=\"\" alt=\"\" srcset=\"https:\/\/ler.ae\/tr\/wp-content\/uploads\/2024\/03\/maslak_koru_0009.jpg 755w, https:\/\/ler.ae\/tr\/wp-content\/uploads\/2024\/03\/maslak_koru_0009-241x300.jpg 241w, https:\/\/ler.ae\/tr\/wp-content\/uploads\/2024\/03\/maslak_koru_0009-500x622.jpg 500w, https:\/\/ler.ae\/tr\/wp-content\/uploads\/2024\/03\/maslak_koru_0009-600x746.jpg 600w\" sizes=\"(max-width: 755px) 100vw, 755px\" \/>\n\t\t\t<\/div>\n\t\t\t\t\t\t\t<\/div>\n\t\t\t\t<\/div>\n\t\t\t\t<\/div>\n\t\t\t\t<\/div>\n\t\t<div class=\"elementor-element elementor-element-6daf009 e-con-full e-flex e-con e-parent\" data-id=\"6daf009\" data-element_type=\"container\">\n\t\t\t\t<div class=\"elementor-element elementor-element-06d1ac2 elementor-widget elementor-widget-single-media\" data-id=\"06d1ac2\" data-element_type=\"widget\" data-widget_type=\"single-media.default\">\n\t\t\t\t<div class=\"elementor-widget-container\">\n\t\t\t\t\t\t\t\t<div class=\"single-media single-media--image\">\n\t\t\t\t<div class=\"single-media__wrap\">\n\t\t\t\t\t<img decoding=\"async\" src=\"https:\/\/ler.ae\/tr\/wp-content\/uploads\/2024\/03\/gece_maslak_koru_lerproperties-1.jpg\" class=\"single-media__image \" alt=\"\" srcset=\"https:\/\/ler.ae\/tr\/wp-content\/uploads\/2024\/03\/gece_maslak_koru_lerproperties-1.jpg 1920w, https:\/\/ler.ae\/tr\/wp-content\/uploads\/2024\/03\/gece_maslak_koru_lerproperties-1-300x169.jpg 300w, https:\/\/ler.ae\/tr\/wp-content\/uploads\/2024\/03\/gece_maslak_koru_lerproperties-1-1024x576.jpg 1024w, https:\/\/ler.ae\/tr\/wp-content\/uploads\/2024\/03\/gece_maslak_koru_lerproperties-1-768x432.jpg 768w, https:\/\/ler.ae\/tr\/wp-content\/uploads\/2024\/03\/gece_maslak_koru_lerproperties-1-1536x864.jpg 1536w, https:\/\/ler.ae\/tr\/wp-content\/uploads\/2024\/03\/gece_maslak_koru_lerproperties-1-500x281.jpg 500w, https:\/\/ler.ae\/tr\/wp-content\/uploads\/2024\/03\/gece_maslak_koru_lerproperties-1-600x338.jpg 600w\" sizes=\"(max-width: 1920px) 100vw, 1920px\" \/>\t\t\t\t\t\t\t\t\t<\/div>\n\t\t\t<\/div>\n\t\t\t\t\t\t<\/div>\n\t\t\t\t<\/div>\n\t\t\t\t<\/div>\n\t\t<div class=\"elementor-element elementor-element-b852563 e-con-full e-flex e-con e-parent\" data-id=\"b852563\" data-element_type=\"container\">\n\t\t<div class=\"elementor-element elementor-element-6ae8c57 e-con-full e-flex e-con e-child\" data-id=\"6ae8c57\" data-element_type=\"container\">\n\t\t\t\t<div class=\"elementor-element elementor-element-71291d4 elementor-widget elementor-widget-project-detail\" data-id=\"71291d4\" data-element_type=\"widget\" data-widget_type=\"project-detail.default\">\n\t\t\t\t<div class=\"elementor-widget-container\">\n\t\t\t\t\t\t\t\t<div class=\"project-detail-picture-wrapper  top\">\n\t\t\t\t\t<img decoding=\"async\" src=\"https:\/\/ler.ae\/tr\/wp-content\/uploads\/2024\/03\/maslak_koru_0012.jpg\" class=\"\" alt=\"\" srcset=\"https:\/\/ler.ae\/tr\/wp-content\/uploads\/2024\/03\/maslak_koru_0012.jpg 755w, https:\/\/ler.ae\/tr\/wp-content\/uploads\/2024\/03\/maslak_koru_0012-241x300.jpg 241w, https:\/\/ler.ae\/tr\/wp-content\/uploads\/2024\/03\/maslak_koru_0012-500x622.jpg 500w, https:\/\/ler.ae\/tr\/wp-content\/uploads\/2024\/03\/maslak_koru_0012-600x746.jpg 600w\" sizes=\"(max-width: 755px) 100vw, 755px\" \/>\n\t\t\t\t\t                \t<div class=\"project-detail-picture-descr\">\n                \t\t<p>Tam kar\u015f\u0131s\u0131nda, e\u015fsiz bir Belgrad Orman\u0131 manzaras\u0131... Pencerenizi a\u00e7t\u0131\u011f\u0131n\u0131zda ise evinizi saran bir cennet d\u00fcnya. Maslak'ta orman her zaman yan\u0131n\u0131zda. Kim \u015fehir i\u00e7inde do\u011fayla i\u00e7 i\u00e7e bir ya\u015fama hay\u0131r diyebilir ki?<\/p>\n<p>Maslak Koru, b\u00fcy\u00fck aileler, yeni evli \u00e7iftler veya yat\u0131r\u0131mc\u0131lar i\u00e7in bir\u00e7ok se\u00e7enek sunan 1+1'den 5+1'e kadar daire se\u00e7enekleriyle \u00e7e\u015fitli tercihlere hitap ediyor. Maslak'\u0131n enerjisi ile Koru'nun ye\u015filli\u011finin sinerjisi, hayallerini ya\u015famak isteyenleri bekliyor.<\/p>\n                \t<\/div>\n\t\t\t\t\t\n\t\t\t\t\t\n\t\t\t<\/div>\n\t\t\t\t\t\t\t<\/div>\n\t\t\t\t<\/div>\n\t\t\t\t<\/div>\n\t\t<div class=\"elementor-element elementor-element-5748789 e-con-full e-flex e-con e-child\" data-id=\"5748789\" data-element_type=\"container\">\n\t\t\t\t<div class=\"elementor-element elementor-element-b4438d2 elementor-widget elementor-widget-project-detail\" data-id=\"b4438d2\" data-element_type=\"widget\" data-widget_type=\"project-detail.default\">\n\t\t\t\t<div class=\"elementor-widget-container\">\n\t\t\t\t\t\t\t\t<div class=\"project-detail-picture-wrapper  bottom\">\n\t\t\t\t\t\n\t\t\t\t\t                \t<div class=\"project-detail-picture-descr\">\n                \t\t<p>1+1: 68 metrekare ile 88 metrekare aras\u0131nda<\/p>\n<p>\u00a02+1: 114 metrekare ile 151 metrekare aras\u0131nda<\/p>\n<p>\u00a03+1: 185 metrekare ile 188 metrekare aras\u0131nda<\/p>\n<p>4,5+1: 222 metrekare ile 226 metrekare aras\u0131nda<\/p>\n<p>5+1: 280 metrekare ile 313 metrekare aras\u0131nda<\/p>\n                \t<\/div>\n\t\t\t\t\t\n\t\t\t\t\t<img decoding=\"async\" src=\"https:\/\/ler.ae\/tr\/wp-content\/uploads\/2024\/03\/maslak_koru_0018.jpg\" class=\"\" alt=\"\" srcset=\"https:\/\/ler.ae\/tr\/wp-content\/uploads\/2024\/03\/maslak_koru_0018.jpg 755w, https:\/\/ler.ae\/tr\/wp-content\/uploads\/2024\/03\/maslak_koru_0018-241x300.jpg 241w, https:\/\/ler.ae\/tr\/wp-content\/uploads\/2024\/03\/maslak_koru_0018-500x622.jpg 500w, https:\/\/ler.ae\/tr\/wp-content\/uploads\/2024\/03\/maslak_koru_0018-600x746.jpg 600w\" sizes=\"(max-width: 755px) 100vw, 755px\" \/>\n\t\t\t<\/div>\n\t\t\t\t\t\t\t<\/div>\n\t\t\t\t<\/div>\n\t\t\t\t<\/div>\n\t\t\t\t<\/div>\n\t\t<div class=\"elementor-element elementor-element-955cc67 e-con-full e-flex e-con e-parent\" data-id=\"955cc67\" data-element_type=\"container\">\n\t\t\t\t<div class=\"elementor-element elementor-element-cc993e1 elementor-widget elementor-widget-single-media\" data-id=\"cc993e1\" data-element_type=\"widget\" data-widget_type=\"single-media.default\">\n\t\t\t\t<div class=\"elementor-widget-container\">\n\t\t\t\t\t\t\t\t<div class=\"single-media single-media--image\">\n\t\t\t\t<div class=\"single-media__wrap\">\n\t\t\t\t\t<img decoding=\"async\" src=\"https:\/\/ler.ae\/tr\/wp-content\/uploads\/2024\/03\/maslak_koru_lerproperties-3.jpg\" class=\"single-media__image \" alt=\"maslak_koru\" srcset=\"https:\/\/ler.ae\/tr\/wp-content\/uploads\/2024\/03\/maslak_koru_lerproperties-3.jpg 1920w, https:\/\/ler.ae\/tr\/wp-content\/uploads\/2024\/03\/maslak_koru_lerproperties-3-300x169.jpg 300w, https:\/\/ler.ae\/tr\/wp-content\/uploads\/2024\/03\/maslak_koru_lerproperties-3-1024x576.jpg 1024w, https:\/\/ler.ae\/tr\/wp-content\/uploads\/2024\/03\/maslak_koru_lerproperties-3-768x432.jpg 768w, https:\/\/ler.ae\/tr\/wp-content\/uploads\/2024\/03\/maslak_koru_lerproperties-3-1536x864.jpg 1536w, https:\/\/ler.ae\/tr\/wp-content\/uploads\/2024\/03\/maslak_koru_lerproperties-3-500x281.jpg 500w, https:\/\/ler.ae\/tr\/wp-content\/uploads\/2024\/03\/maslak_koru_lerproperties-3-600x338.jpg 600w\" sizes=\"(max-width: 1920px) 100vw, 1920px\" \/>\t\t\t\t\t\t\t\t\t<\/div>\n\t\t\t<\/div>\n\t\t\t\t\t\t<\/div>\n\t\t\t\t<\/div>\n\t\t\t\t<\/div>\n\t\t\t\t<\/div>\n\t\t","protected":false},"excerpt":{"rendered":"","protected":false},"author":1,"featured_media":5774,"parent":0,"menu_order":0,"comment_status":"closed","ping_status":"closed","template":"elementor_header_footer","meta":{"footnotes":""},"class_list":["post-5765","page","type-page","status-publish","has-post-thumbnail","hentry"],"yoast_head":"<!-- This site is optimized with the Yoast SEO plugin v24.1 - https:\/\/yoast.com\/wordpress\/plugins\/seo\/ -->\n<title>MASLAK KORU - Ler Properties - Dubai ve \u0130stanbul L\u00fcks Konut Projeleri: Sat\u0131l\u0131k Villa, Bo\u011faz Manzaral\u0131 Daire<\/title>\n<meta name=\"description\" content=\"\u0130stanbul&#039;un b\u00fcy\u00fcleyici merkezi Maslak&#039;ta konutlar, ofisler, ticari \u00fcniteler ve sosyal alanlarla benzersiz bir ya\u015fam tarz\u0131 geli\u015fiyor\" \/>\n<meta name=\"robots\" content=\"index, follow, max-snippet:-1, max-image-preview:large, max-video-preview:-1\" \/>\n<link rel=\"canonical\" href=\"https:\/\/ler.ae\/tr\/maslak-koru\/\" \/>\n<meta property=\"og:locale\" content=\"tr_TR\" \/>\n<meta property=\"og:type\" content=\"article\" \/>\n<meta property=\"og:title\" content=\"MASLAK KORU - Ler Properties - Dubai ve \u0130stanbul L\u00fcks Konut Projeleri: Sat\u0131l\u0131k Villa, Bo\u011faz Manzaral\u0131 Daire\" \/>\n<meta property=\"og:description\" content=\"\u0130stanbul&#039;un b\u00fcy\u00fcleyici merkezi Maslak&#039;ta konutlar, ofisler, ticari \u00fcniteler ve sosyal alanlarla benzersiz bir ya\u015fam tarz\u0131 geli\u015fiyor\" \/>\n<meta property=\"og:url\" content=\"https:\/\/ler.ae\/tr\/maslak-koru\/\" \/>\n<meta property=\"og:site_name\" content=\"Ler Properties - Dubai ve \u0130stanbul L\u00fcks Konut Projeleri: Sat\u0131l\u0131k Villa, Bo\u011faz Manzaral\u0131 Daire\" \/>\n<meta property=\"article:publisher\" content=\"https:\/\/m.facebook.com\/lerproperties\" \/>\n<meta property=\"article:modified_time\" content=\"2024-04-17T09:22:56+00:00\" \/>\n<meta property=\"og:image\" content=\"https:\/\/ler.ae\/tr\/wp-content\/uploads\/2024\/03\/maslak_koru_lerproperties-3.jpg\" \/>\n\t<meta property=\"og:image:width\" content=\"1920\" \/>\n\t<meta property=\"og:image:height\" content=\"1080\" \/>\n\t<meta property=\"og:image:type\" content=\"image\/jpeg\" \/>\n<meta name=\"twitter:card\" content=\"summary_large_image\" \/>\n<meta name=\"twitter:label1\" content=\"Tahmini okuma s\u00fcresi\" \/>\n\t<meta name=\"twitter:data1\" content=\"3 dakika\" \/>\n<script type=\"application\/ld+json\" class=\"yoast-schema-graph\">{\"@context\":\"https:\/\/schema.org\",\"@graph\":[{\"@type\":\"WebPage\",\"@id\":\"https:\/\/ler.ae\/tr\/maslak-koru\/\",\"url\":\"https:\/\/ler.ae\/tr\/maslak-koru\/\",\"name\":\"MASLAK KORU - Ler Properties - Dubai ve \u0130stanbul L\u00fcks Konut Projeleri: Sat\u0131l\u0131k Villa, Bo\u011faz Manzaral\u0131 Daire\",\"isPartOf\":{\"@id\":\"https:\/\/ler.ae\/tr\/#website\"},\"primaryImageOfPage\":{\"@id\":\"https:\/\/ler.ae\/tr\/maslak-koru\/#primaryimage\"},\"image\":{\"@id\":\"https:\/\/ler.ae\/tr\/maslak-koru\/#primaryimage\"},\"thumbnailUrl\":\"https:\/\/ler.ae\/tr\/wp-content\/uploads\/2024\/03\/maslak_koru_lerproperties-3.jpg\",\"datePublished\":\"2024-03-08T11:57:34+00:00\",\"dateModified\":\"2024-04-17T09:22:56+00:00\",\"description\":\"\u0130stanbul'un b\u00fcy\u00fcleyici merkezi Maslak'ta konutlar, ofisler, ticari \u00fcniteler ve sosyal alanlarla benzersiz bir ya\u015fam tarz\u0131 geli\u015fiyor\",\"inLanguage\":\"tr\",\"potentialAction\":[{\"@type\":\"ReadAction\",\"target\":[\"https:\/\/ler.ae\/tr\/maslak-koru\/\"]}]},{\"@type\":\"ImageObject\",\"inLanguage\":\"tr\",\"@id\":\"https:\/\/ler.ae\/tr\/maslak-koru\/#primaryimage\",\"url\":\"https:\/\/ler.ae\/tr\/wp-content\/uploads\/2024\/03\/maslak_koru_lerproperties-3.jpg\",\"contentUrl\":\"https:\/\/ler.ae\/tr\/wp-content\/uploads\/2024\/03\/maslak_koru_lerproperties-3.jpg\",\"width\":1920,\"height\":1080,\"caption\":\"maslak_koru\"},{\"@type\":\"WebSite\",\"@id\":\"https:\/\/ler.ae\/tr\/#website\",\"url\":\"https:\/\/ler.ae\/tr\/\",\"name\":\"Ler Properties\",\"description\":\"Ler Properties\",\"alternateName\":\"Ler Properties\",\"potentialAction\":[{\"@type\":\"SearchAction\",\"target\":{\"@type\":\"EntryPoint\",\"urlTemplate\":\"https:\/\/ler.ae\/tr\/?s={search_term_string}\"},\"query-input\":{\"@type\":\"PropertyValueSpecification\",\"valueRequired\":true,\"valueName\":\"search_term_string\"}}],\"inLanguage\":\"tr\"}]}<\/script>\n<!-- \/ Yoast SEO plugin. -->","yoast_head_json":{"title":"MASLAK KORU - Ler Properties - Dubai ve \u0130stanbul L\u00fcks Konut Projeleri: Sat\u0131l\u0131k Villa, Bo\u011faz Manzaral\u0131 Daire","description":"\u0130stanbul'un b\u00fcy\u00fcleyici merkezi Maslak'ta konutlar, ofisler, ticari \u00fcniteler ve sosyal alanlarla benzersiz bir ya\u015fam tarz\u0131 geli\u015fiyor","robots":{"index":"index","follow":"follow","max-snippet":"max-snippet:-1","max-image-preview":"max-image-preview:large","max-video-preview":"max-video-preview:-1"},"canonical":"https:\/\/ler.ae\/tr\/maslak-koru\/","og_locale":"tr_TR","og_type":"article","og_title":"MASLAK KORU - Ler Properties - Dubai ve \u0130stanbul L\u00fcks Konut Projeleri: Sat\u0131l\u0131k Villa, Bo\u011faz Manzaral\u0131 Daire","og_description":"\u0130stanbul'un b\u00fcy\u00fcleyici merkezi Maslak'ta konutlar, ofisler, ticari \u00fcniteler ve sosyal alanlarla benzersiz bir ya\u015fam tarz\u0131 geli\u015fiyor","og_url":"https:\/\/ler.ae\/tr\/maslak-koru\/","og_site_name":"Ler Properties - Dubai ve \u0130stanbul L\u00fcks Konut Projeleri: Sat\u0131l\u0131k Villa, Bo\u011faz Manzaral\u0131 Daire","article_publisher":"https:\/\/m.facebook.com\/lerproperties","article_modified_time":"2024-04-17T09:22:56+00:00","og_image":[{"width":1920,"height":1080,"url":"https:\/\/ler.ae\/tr\/wp-content\/uploads\/2024\/03\/maslak_koru_lerproperties-3.jpg","type":"image\/jpeg"}],"twitter_card":"summary_large_image","twitter_misc":{"Tahmini okuma s\u00fcresi":"3 dakika"},"schema":{"@context":"https:\/\/schema.org","@graph":[{"@type":"WebPage","@id":"https:\/\/ler.ae\/tr\/maslak-koru\/","url":"https:\/\/ler.ae\/tr\/maslak-koru\/","name":"MASLAK KORU - Ler Properties - Dubai ve \u0130stanbul L\u00fcks Konut Projeleri: Sat\u0131l\u0131k Villa, Bo\u011faz Manzaral\u0131 Daire","isPartOf":{"@id":"https:\/\/ler.ae\/tr\/#website"},"primaryImageOfPage":{"@id":"https:\/\/ler.ae\/tr\/maslak-koru\/#primaryimage"},"image":{"@id":"https:\/\/ler.ae\/tr\/maslak-koru\/#primaryimage"},"thumbnailUrl":"https:\/\/ler.ae\/tr\/wp-content\/uploads\/2024\/03\/maslak_koru_lerproperties-3.jpg","datePublished":"2024-03-08T11:57:34+00:00","dateModified":"2024-04-17T09:22:56+00:00","description":"\u0130stanbul'un b\u00fcy\u00fcleyici merkezi Maslak'ta konutlar, ofisler, ticari \u00fcniteler ve sosyal alanlarla benzersiz bir ya\u015fam tarz\u0131 geli\u015fiyor","inLanguage":"tr","potentialAction":[{"@type":"ReadAction","target":["https:\/\/ler.ae\/tr\/maslak-koru\/"]}]},{"@type":"ImageObject","inLanguage":"tr","@id":"https:\/\/ler.ae\/tr\/maslak-koru\/#primaryimage","url":"https:\/\/ler.ae\/tr\/wp-content\/uploads\/2024\/03\/maslak_koru_lerproperties-3.jpg","contentUrl":"https:\/\/ler.ae\/tr\/wp-content\/uploads\/2024\/03\/maslak_koru_lerproperties-3.jpg","width":1920,"height":1080,"caption":"maslak_koru"},{"@type":"WebSite","@id":"https:\/\/ler.ae\/tr\/#website","url":"https:\/\/ler.ae\/tr\/","name":"Ler Properties","description":"Ler Properties","alternateName":"Ler Properties","potentialAction":[{"@type":"SearchAction","target":{"@type":"EntryPoint","urlTemplate":"https:\/\/ler.ae\/tr\/?s={search_term_string}"},"query-input":{"@type":"PropertyValueSpecification","valueRequired":true,"valueName":"search_term_string"}}],"inLanguage":"tr"}]}},"_links":{"self":[{"href":"https:\/\/ler.ae\/tr\/wp-json\/wp\/v2\/pages\/5765","targetHints":{"allow":["GET"]}}],"collection":[{"href":"https:\/\/ler.ae\/tr\/wp-json\/wp\/v2\/pages"}],"about":[{"href":"https:\/\/ler.ae\/tr\/wp-json\/wp\/v2\/types\/page"}],"author":[{"embeddable":true,"href":"https:\/\/ler.ae\/tr\/wp-json\/wp\/v2\/users\/1"}],"replies":[{"embeddable":true,"href":"https:\/\/ler.ae\/tr\/wp-json\/wp\/v2\/comments?post=5765"}],"version-history":[{"count":6,"href":"https:\/\/ler.ae\/tr\/wp-json\/wp\/v2\/pages\/5765\/revisions"}],"predecessor-version":[{"id":6260,"href":"https:\/\/ler.ae\/tr\/wp-json\/wp\/v2\/pages\/5765\/revisions\/6260"}],"wp:featuredmedia":[{"embeddable":true,"href":"https:\/\/ler.ae\/tr\/wp-json\/wp\/v2\/media\/5774"}],"wp:attachment":[{"href":"https:\/\/ler.ae\/tr\/wp-json\/wp\/v2\/media?parent=5765"}],"curies":[{"name":"wp","href":"https:\/\/api.w.org\/{rel}","templated":true}]}}