{"id":5714,"date":"2024-03-08T10:43:20","date_gmt":"2024-03-08T10:43:20","guid":{"rendered":"https:\/\/ler.ae\/tr\/?page_id=5714"},"modified":"2024-04-17T09:30:27","modified_gmt":"2024-04-17T09:30:27","slug":"genyap-loft","status":"publish","type":"page","link":"https:\/\/ler.ae\/tr\/genyap-loft\/","title":{"rendered":"Genyap Loft"},"content":{"rendered":"\t\t<div data-elementor-type=\"wp-page\" data-elementor-id=\"5714\" class=\"elementor elementor-5714\" data-elementor-post-type=\"page\">\n\t\t\t\t<div class=\"elementor-element elementor-element-8e915b0 e-flex e-con-boxed e-con e-parent\" data-id=\"8e915b0\" data-element_type=\"container\">\n\t\t\t\t\t<div class=\"e-con-inner\">\n\t\t\t\t<div class=\"elementor-element elementor-element-fd7e11b elementor-widget elementor-widget-banner-title\" data-id=\"fd7e11b\" data-element_type=\"widget\" data-widget_type=\"banner-title.default\">\n\t\t\t\t<div class=\"elementor-widget-container\">\n\t\t\t\t\t\t\t<section class=\"container-fluid top-banner no-padd  simple  dark\">\t\t\t<div class=\"content\">\n\t\t\t\t<div class=\"prague-svg-animation-text\">\n\t\t\t\t\t\t\t\t\t<\/div>\n\t\t\t\t<div class=\"subtitle\">\u0130stanbul, T\u00fcrkiye<\/div>\t\t\t\t<h1 class=\"title\">GENYAP LOFT<\/h1>\t\t\t\t<div class=\"description\"><p><p class=\"p1\">\u0130stanbul'un merkezi Ka\u011f\u0131thane il\u00e7esinde y\u00fckselen Genyap Loft, avantajl\u0131 konumu ve do\u011fa manzaralar\u0131yla huzur ve konforu ayn\u0131 \u00e7at\u0131 alt\u0131nda bulu\u015fturuyor!<\/p><\/p><\/div>\t\t\t\t\t\t\t<\/div>\n\t\t\t<div class=\"top-banner-cursor\"><\/div>\n\t\t<\/section>\n\t\t\t\t\t\t<\/div>\n\t\t\t\t<\/div>\n\t\t\t\t<div class=\"elementor-element elementor-element-1542fa4 elementor-widget elementor-widget-info-block\" data-id=\"1542fa4\" data-element_type=\"widget\" data-widget_type=\"info-block.default\">\n\t\t\t\t<div class=\"elementor-widget-container\">\n\t\t\t\t\t\t\t\t\t<div class=\"project-detail-block-outer \">\n\t\t\t\t\t\t\t<div class=\"project-detail-block-wrapper\">\n\t\t\t\t\t<div class=\"project-detail-block-item\">\n\t\t\t\t\t\t\t\t\t\t\t\t\t<div class=\"project-detail-block-title\">\n\t\t\t\t\t\t\t\tPROJE TESL\u0130M\t\t\t\t\t\t\t<\/div>\n\t\t\t\t\t\t\t\t\t\t\t\t\t\t\t\t\t\t\t<div class=\"project-detail-block-descr\">\n\t\t\t\t\t\t\t\t<p><p>2024\/12<\/p>\n<\/p>\n\t\t\t\t\t\t\t<\/div>\n\t\t\t\t\t\t\t\t\t\t\t<\/div>\n\t\t\t\t<\/div>\n\t\t\t\t\t\t\t\t\t\t\t<div class=\"project-detail-block-wrapper\">\n\t\t\t\t\t<div class=\"project-detail-block-item\">\n\t\t\t\t\t\t\t\t\t\t\t\t\t<div class=\"project-detail-block-title\">\n\t\t\t\t\t\t\t\tLOKASYON\t\t\t\t\t\t\t<\/div>\n\t\t\t\t\t\t\t\t\t\t\t\t\t\t\t\t\t\t\t<div class=\"project-detail-block-descr\">\n\t\t\t\t\t\t\t\t<p><p>KA\u011eITHANE<\/p>\n<\/p>\n\t\t\t\t\t\t\t<\/div>\n\t\t\t\t\t\t\t\t\t\t\t<\/div>\n\t\t\t\t<\/div>\n\t\t\t\t\t\t\t\t\t\t\t<div class=\"project-detail-block-wrapper\">\n\t\t\t\t\t<div class=\"project-detail-block-item\">\n\t\t\t\t\t\t\t\t\t\t\t\t\t<div class=\"project-detail-block-title\">\n\t\t\t\t\t\t\t\t\u00d6DEME PLANI\t\t\t\t\t\t\t<\/div>\n\t\t\t\t\t\t\t\t\t\t\t\t\t\t\t\t\t<\/div>\n\t\t\t\t<\/div>\n\t\t\t\t\t\t\t\t\t\t\t<div class=\"project-detail-block-wrapper\">\n\t\t\t\t\t<div class=\"project-detail-block-item\">\n\t\t\t\t\t\t\t\t\t\t\t\t\t<div class=\"project-detail-block-title\">\n\t\t\t\t\t\t\t\t\u0130N\u015eAAT \u015e\u0130RKET\u0130\t\t\t\t\t\t\t<\/div>\n\t\t\t\t\t\t\t\t\t\t\t\t\t\t\t\t\t\t\t<div class=\"project-detail-block-descr\">\n\t\t\t\t\t\t\t\t<p><p>GEN YAPI<\/p>\n<\/p>\n\t\t\t\t\t\t\t<\/div>\n\t\t\t\t\t\t\t\t\t\t\t<\/div>\n\t\t\t\t<\/div>\n\t\t\t\t\t\t\t\t\t\t<\/div>\n\t\t\t\t\t\t<\/div>\n\t\t\t\t<\/div>\n\t\t\t\t\t<\/div>\n\t\t\t\t<\/div>\n\t\t<div class=\"elementor-element elementor-element-e61ba5a e-con-full e-flex e-con e-parent\" data-id=\"e61ba5a\" data-element_type=\"container\">\n\t\t\t\t<div class=\"elementor-element elementor-element-8689bbc elementor-widget elementor-widget-single-media\" data-id=\"8689bbc\" data-element_type=\"widget\" data-widget_type=\"single-media.default\">\n\t\t\t\t<div class=\"elementor-widget-container\">\n\t\t\t\t\t\t\t\t<div class=\"single-media single-media--image\">\n\t\t\t\t<div class=\"single-media__wrap\">\n\t\t\t\t\t<img decoding=\"async\" src=\"https:\/\/ler.ae\/tr\/wp-content\/uploads\/2024\/03\/genyap-loft-istanbul-real-estate-ler-properties-1.jpg\" class=\"single-media__image \" alt=\"genyap\" srcset=\"https:\/\/ler.ae\/tr\/wp-content\/uploads\/2024\/03\/genyap-loft-istanbul-real-estate-ler-properties-1.jpg 1920w, https:\/\/ler.ae\/tr\/wp-content\/uploads\/2024\/03\/genyap-loft-istanbul-real-estate-ler-properties-1-300x169.jpg 300w, https:\/\/ler.ae\/tr\/wp-content\/uploads\/2024\/03\/genyap-loft-istanbul-real-estate-ler-properties-1-1024x576.jpg 1024w, https:\/\/ler.ae\/tr\/wp-content\/uploads\/2024\/03\/genyap-loft-istanbul-real-estate-ler-properties-1-768x432.jpg 768w, https:\/\/ler.ae\/tr\/wp-content\/uploads\/2024\/03\/genyap-loft-istanbul-real-estate-ler-properties-1-1536x864.jpg 1536w, https:\/\/ler.ae\/tr\/wp-content\/uploads\/2024\/03\/genyap-loft-istanbul-real-estate-ler-properties-1-500x281.jpg 500w, https:\/\/ler.ae\/tr\/wp-content\/uploads\/2024\/03\/genyap-loft-istanbul-real-estate-ler-properties-1-600x338.jpg 600w\" sizes=\"(max-width: 1920px) 100vw, 1920px\" \/>\t\t\t\t\t\t\t\t\t<\/div>\n\t\t\t<\/div>\n\t\t\t\t\t\t<\/div>\n\t\t\t\t<\/div>\n\t\t\t\t<\/div>\n\t\t<div class=\"elementor-element elementor-element-2e89b05 e-con-full e-flex e-con e-parent\" data-id=\"2e89b05\" data-element_type=\"container\">\n\t\t<div class=\"elementor-element elementor-element-917546c e-con-full e-flex e-con e-child\" data-id=\"917546c\" data-element_type=\"container\">\n\t\t\t\t<div class=\"elementor-element elementor-element-2feea52 elementor-widget elementor-widget-project-detail\" data-id=\"2feea52\" data-element_type=\"widget\" data-widget_type=\"project-detail.default\">\n\t\t\t\t<div class=\"elementor-widget-container\">\n\t\t\t\t\t\t\t\t<div class=\"project-detail-picture-wrapper  top\">\n\t\t\t\t\t<img decoding=\"async\" src=\"https:\/\/ler.ae\/tr\/wp-content\/uploads\/2024\/03\/genyap-loft-istanbul-real-estate-ler-properties-6.jpg\" class=\"\" alt=\"\" srcset=\"https:\/\/ler.ae\/tr\/wp-content\/uploads\/2024\/03\/genyap-loft-istanbul-real-estate-ler-properties-6.jpg 755w, https:\/\/ler.ae\/tr\/wp-content\/uploads\/2024\/03\/genyap-loft-istanbul-real-estate-ler-properties-6-241x300.jpg 241w, https:\/\/ler.ae\/tr\/wp-content\/uploads\/2024\/03\/genyap-loft-istanbul-real-estate-ler-properties-6-500x622.jpg 500w, https:\/\/ler.ae\/tr\/wp-content\/uploads\/2024\/03\/genyap-loft-istanbul-real-estate-ler-properties-6-600x746.jpg 600w\" sizes=\"(max-width: 755px) 100vw, 755px\" \/>\n\t\t\t\t\t                \t<div class=\"project-detail-picture-descr\">\n                \t\t<p>Bu butik proje, 2+1 dairelerden olu\u015fan 71 \u00fcniteye sahiptir ve benzersiz mimarisi ve orman manzaras\u0131yla ev sahiplerine \u00f6zel bir ya\u015fam f\u0131rsat\u0131 sunmaktad\u0131r.<\/p>\n                \t<\/div>\n\t\t\t\t\t\n\t\t\t\t\t\n\t\t\t<\/div>\n\t\t\t\t\t\t\t<\/div>\n\t\t\t\t<\/div>\n\t\t\t\t<\/div>\n\t\t<div class=\"elementor-element elementor-element-b3865a1 e-con-full e-flex e-con e-child\" data-id=\"b3865a1\" data-element_type=\"container\">\n\t\t\t\t<div class=\"elementor-element elementor-element-91c5981 elementor-widget elementor-widget-project-detail\" data-id=\"91c5981\" data-element_type=\"widget\" data-widget_type=\"project-detail.default\">\n\t\t\t\t<div class=\"elementor-widget-container\">\n\t\t\t\t\t\t\t\t<div class=\"project-detail-picture-wrapper  bottom\">\n\t\t\t\t\t\n\t\t\t\t\t                \t<div class=\"project-detail-picture-descr\">\n                \t\t<p>Ayr\u0131ca, Atat\u00fcrk Havaliman\u0131, \u0130stanbul Havaliman\u0131, Fatih Sultan Mehmet K\u00f6pr\u00fcs\u00fc, 15 Temmuz \u015eehitler K\u00f6pr\u00fcs\u00fc, Hali\u00e7 K\u00f6pr\u00fcs\u00fc, Levent ve G\u00f6kt\u00fcrk gibi \u0130stanbul'un ana noktalar\u0131na olan yak\u0131nl\u0131\u011f\u0131 ile \u00f6ne \u00e7\u0131kar\u0131yor.<\/p>\n                \t<\/div>\n\t\t\t\t\t\n\t\t\t\t\t<img decoding=\"async\" src=\"https:\/\/ler.ae\/tr\/wp-content\/uploads\/2024\/03\/genyap-loft-istanbul-real-estate-ler-properties-living-room-4.jpg\" class=\"\" alt=\"\" srcset=\"https:\/\/ler.ae\/tr\/wp-content\/uploads\/2024\/03\/genyap-loft-istanbul-real-estate-ler-properties-living-room-4.jpg 755w, https:\/\/ler.ae\/tr\/wp-content\/uploads\/2024\/03\/genyap-loft-istanbul-real-estate-ler-properties-living-room-4-241x300.jpg 241w, https:\/\/ler.ae\/tr\/wp-content\/uploads\/2024\/03\/genyap-loft-istanbul-real-estate-ler-properties-living-room-4-500x622.jpg 500w, https:\/\/ler.ae\/tr\/wp-content\/uploads\/2024\/03\/genyap-loft-istanbul-real-estate-ler-properties-living-room-4-600x746.jpg 600w\" sizes=\"(max-width: 755px) 100vw, 755px\" \/>\n\t\t\t<\/div>\n\t\t\t\t\t\t\t<\/div>\n\t\t\t\t<\/div>\n\t\t\t\t<\/div>\n\t\t\t\t<\/div>\n\t\t<div class=\"elementor-element elementor-element-5c8d822 e-con-full e-flex e-con e-parent\" data-id=\"5c8d822\" data-element_type=\"container\">\n\t\t\t\t<div class=\"elementor-element elementor-element-e6c6797 elementor-widget elementor-widget-single-media\" data-id=\"e6c6797\" data-element_type=\"widget\" data-widget_type=\"single-media.default\">\n\t\t\t\t<div class=\"elementor-widget-container\">\n\t\t\t\t\t\t\t\t<div class=\"single-media single-media--image\">\n\t\t\t\t<div class=\"single-media__wrap\">\n\t\t\t\t\t<img decoding=\"async\" src=\"https:\/\/ler.ae\/tr\/wp-content\/uploads\/2024\/03\/genyap-loft-istanbul-real-estate-ler-properties-3.jpg\" class=\"single-media__image \" alt=\"\" srcset=\"https:\/\/ler.ae\/tr\/wp-content\/uploads\/2024\/03\/genyap-loft-istanbul-real-estate-ler-properties-3.jpg 1920w, https:\/\/ler.ae\/tr\/wp-content\/uploads\/2024\/03\/genyap-loft-istanbul-real-estate-ler-properties-3-300x169.jpg 300w, https:\/\/ler.ae\/tr\/wp-content\/uploads\/2024\/03\/genyap-loft-istanbul-real-estate-ler-properties-3-1024x576.jpg 1024w, https:\/\/ler.ae\/tr\/wp-content\/uploads\/2024\/03\/genyap-loft-istanbul-real-estate-ler-properties-3-768x432.jpg 768w, https:\/\/ler.ae\/tr\/wp-content\/uploads\/2024\/03\/genyap-loft-istanbul-real-estate-ler-properties-3-1536x864.jpg 1536w, https:\/\/ler.ae\/tr\/wp-content\/uploads\/2024\/03\/genyap-loft-istanbul-real-estate-ler-properties-3-500x281.jpg 500w, https:\/\/ler.ae\/tr\/wp-content\/uploads\/2024\/03\/genyap-loft-istanbul-real-estate-ler-properties-3-600x338.jpg 600w\" sizes=\"(max-width: 1920px) 100vw, 1920px\" \/>\t\t\t\t\t\t\t\t\t<\/div>\n\t\t\t<\/div>\n\t\t\t\t\t\t<\/div>\n\t\t\t\t<\/div>\n\t\t\t\t<\/div>\n\t\t<div class=\"elementor-element elementor-element-0815867 e-con-full e-flex e-con e-parent\" data-id=\"0815867\" data-element_type=\"container\">\n\t\t<div class=\"elementor-element elementor-element-392c9b8 e-con-full e-flex e-con e-child\" data-id=\"392c9b8\" data-element_type=\"container\">\n\t\t\t\t<div class=\"elementor-element elementor-element-d9b4f1d elementor-widget elementor-widget-project-detail\" data-id=\"d9b4f1d\" data-element_type=\"widget\" data-widget_type=\"project-detail.default\">\n\t\t\t\t<div class=\"elementor-widget-container\">\n\t\t\t\t\t\t\t\t<div class=\"project-detail-picture-wrapper  top\">\n\t\t\t\t\t<img decoding=\"async\" src=\"https:\/\/ler.ae\/tr\/wp-content\/uploads\/2024\/03\/genyap-loft-istanbul-real-estate-ler-properties-7.jpg\" class=\"\" alt=\"\" srcset=\"https:\/\/ler.ae\/tr\/wp-content\/uploads\/2024\/03\/genyap-loft-istanbul-real-estate-ler-properties-7.jpg 755w, https:\/\/ler.ae\/tr\/wp-content\/uploads\/2024\/03\/genyap-loft-istanbul-real-estate-ler-properties-7-241x300.jpg 241w, https:\/\/ler.ae\/tr\/wp-content\/uploads\/2024\/03\/genyap-loft-istanbul-real-estate-ler-properties-7-500x622.jpg 500w, https:\/\/ler.ae\/tr\/wp-content\/uploads\/2024\/03\/genyap-loft-istanbul-real-estate-ler-properties-7-600x746.jpg 600w\" sizes=\"(max-width: 755px) 100vw, 755px\" \/>\n\t\t\t\t\t                \t<div class=\"project-detail-picture-descr\">\n                \t\t<p>Genyap Loft, ye\u015fil alanlar ve y\u00fcr\u00fcy\u00fc\u015f yollar\u0131yla do\u011fay\u0131 bir araya getirerek benzersiz bir kentsel ya\u015fam deneyimi sunuyor. Fitness merkezi ve \u00e7ocuk oyun alan\u0131 gibi \u00f6zelliklerle projenin her ya\u015f grubuna hitap etti\u011fi dikkat \u00e7ekiyor. Park yeri ve \u00f6zel depolama gibi d\u00fc\u015f\u00fcnceli olanaklarla, Genyap Loft \u015fehir ya\u015fam\u0131 i\u00e7in e\u015fsiz bir f\u0131rsat sunuyor!<\/p>\n                \t<\/div>\n\t\t\t\t\t\n\t\t\t\t\t\n\t\t\t<\/div>\n\t\t\t\t\t\t\t<\/div>\n\t\t\t\t<\/div>\n\t\t\t\t<\/div>\n\t\t<div class=\"elementor-element elementor-element-c973bc5 e-con-full e-flex e-con e-child\" data-id=\"c973bc5\" data-element_type=\"container\">\n\t\t\t\t<div class=\"elementor-element elementor-element-389c145 elementor-widget elementor-widget-project-detail\" data-id=\"389c145\" data-element_type=\"widget\" data-widget_type=\"project-detail.default\">\n\t\t\t\t<div class=\"elementor-widget-container\">\n\t\t\t\t\t\t\t\t<div class=\"project-detail-picture-wrapper  bottom\">\n\t\t\t\t\t\n\t\t\t\t\t                \t<div class=\"project-detail-picture-descr\">\n                \t\t<p>2+1 dairelerin kat planlar\u0131:<\/p>\n<p>2+1: 126,11 m\u00b2<\/p>\n<p>2+1: 128,49 m\u00b2<\/p>\n<p>2+1: 128,42 m\u00b2<\/p>\n                \t<\/div>\n\t\t\t\t\t\n\t\t\t\t\t<img decoding=\"async\" src=\"https:\/\/ler.ae\/tr\/wp-content\/uploads\/2024\/03\/genyap-loft-istanbul-real-estate-ler-properties-living-room-5.jpg\" class=\"\" alt=\"\" srcset=\"https:\/\/ler.ae\/tr\/wp-content\/uploads\/2024\/03\/genyap-loft-istanbul-real-estate-ler-properties-living-room-5.jpg 755w, https:\/\/ler.ae\/tr\/wp-content\/uploads\/2024\/03\/genyap-loft-istanbul-real-estate-ler-properties-living-room-5-241x300.jpg 241w, https:\/\/ler.ae\/tr\/wp-content\/uploads\/2024\/03\/genyap-loft-istanbul-real-estate-ler-properties-living-room-5-500x622.jpg 500w, https:\/\/ler.ae\/tr\/wp-content\/uploads\/2024\/03\/genyap-loft-istanbul-real-estate-ler-properties-living-room-5-600x746.jpg 600w\" sizes=\"(max-width: 755px) 100vw, 755px\" \/>\n\t\t\t<\/div>\n\t\t\t\t\t\t\t<\/div>\n\t\t\t\t<\/div>\n\t\t\t\t<\/div>\n\t\t\t\t<\/div>\n\t\t<div class=\"elementor-element elementor-element-7c5685a e-con-full e-flex e-con e-parent\" data-id=\"7c5685a\" data-element_type=\"container\">\n\t\t\t\t<div class=\"elementor-element elementor-element-2eb5621 elementor-widget elementor-widget-single-media\" data-id=\"2eb5621\" data-element_type=\"widget\" data-widget_type=\"single-media.default\">\n\t\t\t\t<div class=\"elementor-widget-container\">\n\t\t\t\t\t\t\t\t<div class=\"single-media single-media--image\">\n\t\t\t\t<div class=\"single-media__wrap\">\n\t\t\t\t\t<img decoding=\"async\" src=\"https:\/\/ler.ae\/tr\/wp-content\/uploads\/2024\/03\/genyap-loft-istanbul-real-estate-ler-properties-2.jpg\" class=\"single-media__image \" alt=\"\" srcset=\"https:\/\/ler.ae\/tr\/wp-content\/uploads\/2024\/03\/genyap-loft-istanbul-real-estate-ler-properties-2.jpg 1920w, https:\/\/ler.ae\/tr\/wp-content\/uploads\/2024\/03\/genyap-loft-istanbul-real-estate-ler-properties-2-300x169.jpg 300w, https:\/\/ler.ae\/tr\/wp-content\/uploads\/2024\/03\/genyap-loft-istanbul-real-estate-ler-properties-2-1024x576.jpg 1024w, https:\/\/ler.ae\/tr\/wp-content\/uploads\/2024\/03\/genyap-loft-istanbul-real-estate-ler-properties-2-768x432.jpg 768w, https:\/\/ler.ae\/tr\/wp-content\/uploads\/2024\/03\/genyap-loft-istanbul-real-estate-ler-properties-2-1536x864.jpg 1536w, https:\/\/ler.ae\/tr\/wp-content\/uploads\/2024\/03\/genyap-loft-istanbul-real-estate-ler-properties-2-500x281.jpg 500w, https:\/\/ler.ae\/tr\/wp-content\/uploads\/2024\/03\/genyap-loft-istanbul-real-estate-ler-properties-2-600x338.jpg 600w\" sizes=\"(max-width: 1920px) 100vw, 1920px\" \/>\t\t\t\t\t\t\t\t\t<\/div>\n\t\t\t<\/div>\n\t\t\t\t\t\t<\/div>\n\t\t\t\t<\/div>\n\t\t\t\t<\/div>\n\t\t\t\t<\/div>\n\t\t","protected":false},"excerpt":{"rendered":"","protected":false},"author":1,"featured_media":5716,"parent":0,"menu_order":0,"comment_status":"closed","ping_status":"closed","template":"elementor_header_footer","meta":{"footnotes":""},"class_list":["post-5714","page","type-page","status-publish","has-post-thumbnail","hentry"],"yoast_head":"<!-- This site is optimized with the Yoast SEO plugin v24.1 - https:\/\/yoast.com\/wordpress\/plugins\/seo\/ -->\n<title>Genyap Loft - Ler Properties - Dubai ve \u0130stanbul L\u00fcks Konut Projeleri: Sat\u0131l\u0131k Villa, Bo\u011faz Manzaral\u0131 Daire<\/title>\n<meta name=\"description\" content=\"\u0130stanbul&#039;un merkez il\u00e7esi Ka\u011f\u0131thane&#039;de y\u00fckselen Genyap Loft, avantajl\u0131 konumuyla huzuru do\u011fa manzaras\u0131yla bulu\u015fturuyor!\" \/>\n<meta name=\"robots\" content=\"index, follow, max-snippet:-1, max-image-preview:large, max-video-preview:-1\" \/>\n<link rel=\"canonical\" href=\"https:\/\/ler.ae\/tr\/genyap-loft\/\" \/>\n<meta property=\"og:locale\" content=\"tr_TR\" \/>\n<meta property=\"og:type\" content=\"article\" \/>\n<meta property=\"og:title\" content=\"Genyap Loft - Ler Properties - Dubai ve \u0130stanbul L\u00fcks Konut Projeleri: Sat\u0131l\u0131k Villa, Bo\u011faz Manzaral\u0131 Daire\" \/>\n<meta property=\"og:description\" content=\"\u0130stanbul&#039;un merkez il\u00e7esi Ka\u011f\u0131thane&#039;de y\u00fckselen Genyap Loft, avantajl\u0131 konumuyla huzuru do\u011fa manzaras\u0131yla bulu\u015fturuyor!\" \/>\n<meta property=\"og:url\" content=\"https:\/\/ler.ae\/tr\/genyap-loft\/\" \/>\n<meta property=\"og:site_name\" content=\"Ler Properties - Dubai ve \u0130stanbul L\u00fcks Konut Projeleri: Sat\u0131l\u0131k Villa, Bo\u011faz Manzaral\u0131 Daire\" \/>\n<meta property=\"article:publisher\" content=\"https:\/\/m.facebook.com\/lerproperties\" \/>\n<meta property=\"article:modified_time\" content=\"2024-04-17T09:30:27+00:00\" \/>\n<meta property=\"og:image\" content=\"https:\/\/ler.ae\/tr\/wp-content\/uploads\/2024\/03\/genyap-loft-istanbul-real-estate-ler-properties-1.jpg\" \/>\n\t<meta property=\"og:image:width\" content=\"1920\" \/>\n\t<meta property=\"og:image:height\" content=\"1080\" \/>\n\t<meta property=\"og:image:type\" content=\"image\/jpeg\" \/>\n<meta name=\"twitter:card\" content=\"summary_large_image\" \/>\n<meta name=\"twitter:label1\" content=\"Tahmini okuma s\u00fcresi\" \/>\n\t<meta name=\"twitter:data1\" content=\"3 dakika\" \/>\n<script type=\"application\/ld+json\" class=\"yoast-schema-graph\">{\"@context\":\"https:\/\/schema.org\",\"@graph\":[{\"@type\":\"WebPage\",\"@id\":\"https:\/\/ler.ae\/tr\/genyap-loft\/\",\"url\":\"https:\/\/ler.ae\/tr\/genyap-loft\/\",\"name\":\"Genyap Loft - Ler Properties - Dubai ve \u0130stanbul L\u00fcks Konut Projeleri: Sat\u0131l\u0131k Villa, Bo\u011faz Manzaral\u0131 Daire\",\"isPartOf\":{\"@id\":\"https:\/\/ler.ae\/tr\/#website\"},\"primaryImageOfPage\":{\"@id\":\"https:\/\/ler.ae\/tr\/genyap-loft\/#primaryimage\"},\"image\":{\"@id\":\"https:\/\/ler.ae\/tr\/genyap-loft\/#primaryimage\"},\"thumbnailUrl\":\"https:\/\/ler.ae\/tr\/wp-content\/uploads\/2024\/03\/genyap-loft-istanbul-real-estate-ler-properties-1.jpg\",\"datePublished\":\"2024-03-08T10:43:20+00:00\",\"dateModified\":\"2024-04-17T09:30:27+00:00\",\"description\":\"\u0130stanbul'un merkez il\u00e7esi Ka\u011f\u0131thane'de y\u00fckselen Genyap Loft, avantajl\u0131 konumuyla huzuru do\u011fa manzaras\u0131yla bulu\u015fturuyor!\",\"inLanguage\":\"tr\",\"potentialAction\":[{\"@type\":\"ReadAction\",\"target\":[\"https:\/\/ler.ae\/tr\/genyap-loft\/\"]}]},{\"@type\":\"ImageObject\",\"inLanguage\":\"tr\",\"@id\":\"https:\/\/ler.ae\/tr\/genyap-loft\/#primaryimage\",\"url\":\"https:\/\/ler.ae\/tr\/wp-content\/uploads\/2024\/03\/genyap-loft-istanbul-real-estate-ler-properties-1.jpg\",\"contentUrl\":\"https:\/\/ler.ae\/tr\/wp-content\/uploads\/2024\/03\/genyap-loft-istanbul-real-estate-ler-properties-1.jpg\",\"width\":1920,\"height\":1080,\"caption\":\"genyap\"},{\"@type\":\"WebSite\",\"@id\":\"https:\/\/ler.ae\/tr\/#website\",\"url\":\"https:\/\/ler.ae\/tr\/\",\"name\":\"Ler Properties\",\"description\":\"Ler Properties\",\"alternateName\":\"Ler Properties\",\"potentialAction\":[{\"@type\":\"SearchAction\",\"target\":{\"@type\":\"EntryPoint\",\"urlTemplate\":\"https:\/\/ler.ae\/tr\/?s={search_term_string}\"},\"query-input\":{\"@type\":\"PropertyValueSpecification\",\"valueRequired\":true,\"valueName\":\"search_term_string\"}}],\"inLanguage\":\"tr\"}]}<\/script>\n<!-- \/ Yoast SEO plugin. -->","yoast_head_json":{"title":"Genyap Loft - Ler Properties - Dubai ve \u0130stanbul L\u00fcks Konut Projeleri: Sat\u0131l\u0131k Villa, Bo\u011faz Manzaral\u0131 Daire","description":"\u0130stanbul'un merkez il\u00e7esi Ka\u011f\u0131thane'de y\u00fckselen Genyap Loft, avantajl\u0131 konumuyla huzuru do\u011fa manzaras\u0131yla bulu\u015fturuyor!","robots":{"index":"index","follow":"follow","max-snippet":"max-snippet:-1","max-image-preview":"max-image-preview:large","max-video-preview":"max-video-preview:-1"},"canonical":"https:\/\/ler.ae\/tr\/genyap-loft\/","og_locale":"tr_TR","og_type":"article","og_title":"Genyap Loft - Ler Properties - Dubai ve \u0130stanbul L\u00fcks Konut Projeleri: Sat\u0131l\u0131k Villa, Bo\u011faz Manzaral\u0131 Daire","og_description":"\u0130stanbul'un merkez il\u00e7esi Ka\u011f\u0131thane'de y\u00fckselen Genyap Loft, avantajl\u0131 konumuyla huzuru do\u011fa manzaras\u0131yla bulu\u015fturuyor!","og_url":"https:\/\/ler.ae\/tr\/genyap-loft\/","og_site_name":"Ler Properties - Dubai ve \u0130stanbul L\u00fcks Konut Projeleri: Sat\u0131l\u0131k Villa, Bo\u011faz Manzaral\u0131 Daire","article_publisher":"https:\/\/m.facebook.com\/lerproperties","article_modified_time":"2024-04-17T09:30:27+00:00","og_image":[{"width":1920,"height":1080,"url":"https:\/\/ler.ae\/tr\/wp-content\/uploads\/2024\/03\/genyap-loft-istanbul-real-estate-ler-properties-1.jpg","type":"image\/jpeg"}],"twitter_card":"summary_large_image","twitter_misc":{"Tahmini okuma s\u00fcresi":"3 dakika"},"schema":{"@context":"https:\/\/schema.org","@graph":[{"@type":"WebPage","@id":"https:\/\/ler.ae\/tr\/genyap-loft\/","url":"https:\/\/ler.ae\/tr\/genyap-loft\/","name":"Genyap Loft - Ler Properties - Dubai ve \u0130stanbul L\u00fcks Konut Projeleri: Sat\u0131l\u0131k Villa, Bo\u011faz Manzaral\u0131 Daire","isPartOf":{"@id":"https:\/\/ler.ae\/tr\/#website"},"primaryImageOfPage":{"@id":"https:\/\/ler.ae\/tr\/genyap-loft\/#primaryimage"},"image":{"@id":"https:\/\/ler.ae\/tr\/genyap-loft\/#primaryimage"},"thumbnailUrl":"https:\/\/ler.ae\/tr\/wp-content\/uploads\/2024\/03\/genyap-loft-istanbul-real-estate-ler-properties-1.jpg","datePublished":"2024-03-08T10:43:20+00:00","dateModified":"2024-04-17T09:30:27+00:00","description":"\u0130stanbul'un merkez il\u00e7esi Ka\u011f\u0131thane'de y\u00fckselen Genyap Loft, avantajl\u0131 konumuyla huzuru do\u011fa manzaras\u0131yla bulu\u015fturuyor!","inLanguage":"tr","potentialAction":[{"@type":"ReadAction","target":["https:\/\/ler.ae\/tr\/genyap-loft\/"]}]},{"@type":"ImageObject","inLanguage":"tr","@id":"https:\/\/ler.ae\/tr\/genyap-loft\/#primaryimage","url":"https:\/\/ler.ae\/tr\/wp-content\/uploads\/2024\/03\/genyap-loft-istanbul-real-estate-ler-properties-1.jpg","contentUrl":"https:\/\/ler.ae\/tr\/wp-content\/uploads\/2024\/03\/genyap-loft-istanbul-real-estate-ler-properties-1.jpg","width":1920,"height":1080,"caption":"genyap"},{"@type":"WebSite","@id":"https:\/\/ler.ae\/tr\/#website","url":"https:\/\/ler.ae\/tr\/","name":"Ler Properties","description":"Ler Properties","alternateName":"Ler Properties","potentialAction":[{"@type":"SearchAction","target":{"@type":"EntryPoint","urlTemplate":"https:\/\/ler.ae\/tr\/?s={search_term_string}"},"query-input":{"@type":"PropertyValueSpecification","valueRequired":true,"valueName":"search_term_string"}}],"inLanguage":"tr"}]}},"_links":{"self":[{"href":"https:\/\/ler.ae\/tr\/wp-json\/wp\/v2\/pages\/5714","targetHints":{"allow":["GET"]}}],"collection":[{"href":"https:\/\/ler.ae\/tr\/wp-json\/wp\/v2\/pages"}],"about":[{"href":"https:\/\/ler.ae\/tr\/wp-json\/wp\/v2\/types\/page"}],"author":[{"embeddable":true,"href":"https:\/\/ler.ae\/tr\/wp-json\/wp\/v2\/users\/1"}],"replies":[{"embeddable":true,"href":"https:\/\/ler.ae\/tr\/wp-json\/wp\/v2\/comments?post=5714"}],"version-history":[{"count":6,"href":"https:\/\/ler.ae\/tr\/wp-json\/wp\/v2\/pages\/5714\/revisions"}],"predecessor-version":[{"id":6269,"href":"https:\/\/ler.ae\/tr\/wp-json\/wp\/v2\/pages\/5714\/revisions\/6269"}],"wp:featuredmedia":[{"embeddable":true,"href":"https:\/\/ler.ae\/tr\/wp-json\/wp\/v2\/media\/5716"}],"wp:attachment":[{"href":"https:\/\/ler.ae\/tr\/wp-json\/wp\/v2\/media?parent=5714"}],"curies":[{"name":"wp","href":"https:\/\/api.w.org\/{rel}","templated":true}]}}