{"id":5333,"date":"2024-03-06T14:09:59","date_gmt":"2024-03-06T14:09:59","guid":{"rendered":"https:\/\/ler.ae\/en\/?page_id=5333"},"modified":"2024-03-29T02:00:57","modified_gmt":"2024-03-29T02:00:57","slug":"genyap-loft","status":"publish","type":"page","link":"https:\/\/ler.ae\/en\/genyap-loft\/","title":{"rendered":"Genyap Loft Project"},"content":{"rendered":"\t\t<div data-elementor-type=\"wp-page\" data-elementor-id=\"5333\" class=\"elementor elementor-5333\" data-elementor-post-type=\"page\">\n\t\t\t\t<div class=\"elementor-element elementor-element-4ab26eb e-flex e-con-boxed e-con e-parent\" data-id=\"4ab26eb\" data-element_type=\"container\">\n\t\t\t\t\t<div class=\"e-con-inner\">\n\t\t\t\t<div class=\"elementor-element elementor-element-a8ffc32 elementor-widget elementor-widget-banner-title\" data-id=\"a8ffc32\" data-element_type=\"widget\" data-widget_type=\"banner-title.default\">\n\t\t\t\t<div class=\"elementor-widget-container\">\n\t\t\t\t\t\t\t<section class=\"container-fluid top-banner no-padd  simple  dark\">\t\t\t<div class=\"content\">\n\t\t\t\t<div class=\"prague-svg-animation-text\">\n\t\t\t\t\t\t\t\t\t<\/div>\n\t\t\t\t<div class=\"subtitle\">Istanbul, T\u00fcrkiye<\/div>\t\t\t\t<h1 class=\"title\">GENYAP LOFT  <\/h1>\t\t\t\t<div class=\"description\"><p><p>Genyap Loft, rising in the central district of Istanbul, Ka\u011f\u0131thane, brings together tranquility and comfort under the same roof with its advantageous location and nature views!<\/p><\/p><\/div>\t\t\t\t\t\t\t<\/div>\n\t\t\t<div class=\"top-banner-cursor\"><\/div>\n\t\t<\/section>\n\t\t\t\t\t\t<\/div>\n\t\t\t\t<\/div>\n\t\t\t\t\t<\/div>\n\t\t\t\t<\/div>\n\t\t<div class=\"elementor-element elementor-element-1f544d7 e-flex e-con-boxed e-con e-parent\" data-id=\"1f544d7\" data-element_type=\"container\">\n\t\t\t\t\t<div class=\"e-con-inner\">\n\t\t\t\t<div class=\"elementor-element elementor-element-79a7d9d elementor-widget elementor-widget-info-block\" data-id=\"79a7d9d\" data-element_type=\"widget\" data-widget_type=\"info-block.default\">\n\t\t\t\t<div class=\"elementor-widget-container\">\n\t\t\t\t\t\t\t\t\t<div class=\"project-detail-block-outer \">\n\t\t\t\t\t\t\t<div class=\"project-detail-block-wrapper\">\n\t\t\t\t\t<div class=\"project-detail-block-item\">\n\t\t\t\t\t\t\t\t\t\t\t\t\t<div class=\"project-detail-block-title\">\n\t\t\t\t\t\t\t\tCOMPLETION DATE\t\t\t\t\t\t\t<\/div>\n\t\t\t\t\t\t\t\t\t\t\t\t\t\t\t\t\t\t\t<div class=\"project-detail-block-descr\">\n\t\t\t\t\t\t\t\t<p><p>2024 \/12<\/p>\n<\/p>\n\t\t\t\t\t\t\t<\/div>\n\t\t\t\t\t\t\t\t\t\t\t<\/div>\n\t\t\t\t<\/div>\n\t\t\t\t\t\t\t\t\t\t\t<div class=\"project-detail-block-wrapper\">\n\t\t\t\t\t<div class=\"project-detail-block-item\">\n\t\t\t\t\t\t\t\t\t\t\t\t\t<div class=\"project-detail-block-title\">\n\t\t\t\t\t\t\t\tLOCATION\t\t\t\t\t\t\t<\/div>\n\t\t\t\t\t\t\t\t\t\t\t\t\t\t\t\t\t\t\t<div class=\"project-detail-block-descr\">\n\t\t\t\t\t\t\t\t<p><p>KA\u011eITHANE<\/p>\n<\/p>\n\t\t\t\t\t\t\t<\/div>\n\t\t\t\t\t\t\t\t\t\t\t<\/div>\n\t\t\t\t<\/div>\n\t\t\t\t\t\t\t\t\t\t\t<div class=\"project-detail-block-wrapper\">\n\t\t\t\t\t<div class=\"project-detail-block-item\">\n\t\t\t\t\t\t\t\t\t\t\t\t\t<div class=\"project-detail-block-title\">\n\t\t\t\t\t\t\t\tPAYMENT PLAN\t\t\t\t\t\t\t<\/div>\n\t\t\t\t\t\t\t\t\t\t\t\t\t\t\t\t\t<\/div>\n\t\t\t\t<\/div>\n\t\t\t\t\t\t\t\t\t\t\t<div class=\"project-detail-block-wrapper\">\n\t\t\t\t\t<div class=\"project-detail-block-item\">\n\t\t\t\t\t\t\t\t\t\t\t\t\t<div class=\"project-detail-block-title\">\n\t\t\t\t\t\t\t\tDEVELOPER\t\t\t\t\t\t\t<\/div>\n\t\t\t\t\t\t\t\t\t\t\t\t\t\t\t\t\t\t\t<div class=\"project-detail-block-descr\">\n\t\t\t\t\t\t\t\t<p><p>GEN YAPI<\/p>\n<\/p>\n\t\t\t\t\t\t\t<\/div>\n\t\t\t\t\t\t\t\t\t\t\t<\/div>\n\t\t\t\t<\/div>\n\t\t\t\t\t\t\t\t\t\t<\/div>\n\t\t\t\t\t\t<\/div>\n\t\t\t\t<\/div>\n\t\t\t\t\t<\/div>\n\t\t\t\t<\/div>\n\t\t<div class=\"elementor-element elementor-element-f1d6488 e-con-full e-flex e-con e-parent\" data-id=\"f1d6488\" data-element_type=\"container\">\n\t\t\t\t<div class=\"elementor-element elementor-element-afcab82 elementor-widget elementor-widget-single-media\" data-id=\"afcab82\" data-element_type=\"widget\" data-widget_type=\"single-media.default\">\n\t\t\t\t<div class=\"elementor-widget-container\">\n\t\t\t\t\t\t\t\t<div class=\"single-media single-media--image\">\n\t\t\t\t<div class=\"single-media__wrap\">\n\t\t\t\t\t<img decoding=\"async\" src=\"https:\/\/ler.ae\/en\/wp-content\/uploads\/2024\/03\/genyap-loft-istanbul-real-estate-ler-properties-1.jpg\" class=\"single-media__image \" alt=\"\" srcset=\"https:\/\/ler.ae\/en\/wp-content\/uploads\/2024\/03\/genyap-loft-istanbul-real-estate-ler-properties-1.jpg 1920w, https:\/\/ler.ae\/en\/wp-content\/uploads\/2024\/03\/genyap-loft-istanbul-real-estate-ler-properties-1-600x338.jpg 600w, https:\/\/ler.ae\/en\/wp-content\/uploads\/2024\/03\/genyap-loft-istanbul-real-estate-ler-properties-1-300x169.jpg 300w, https:\/\/ler.ae\/en\/wp-content\/uploads\/2024\/03\/genyap-loft-istanbul-real-estate-ler-properties-1-1024x576.jpg 1024w, https:\/\/ler.ae\/en\/wp-content\/uploads\/2024\/03\/genyap-loft-istanbul-real-estate-ler-properties-1-768x432.jpg 768w, https:\/\/ler.ae\/en\/wp-content\/uploads\/2024\/03\/genyap-loft-istanbul-real-estate-ler-properties-1-1536x864.jpg 1536w, https:\/\/ler.ae\/en\/wp-content\/uploads\/2024\/03\/genyap-loft-istanbul-real-estate-ler-properties-1-500x281.jpg 500w\" sizes=\"(max-width: 1920px) 100vw, 1920px\" \/>\t\t\t\t\t\t\t\t\t<\/div>\n\t\t\t<\/div>\n\t\t\t\t\t\t<\/div>\n\t\t\t\t<\/div>\n\t\t\t\t<\/div>\n\t\t<div class=\"elementor-element elementor-element-5e88c37 e-con-full e-flex e-con e-parent\" data-id=\"5e88c37\" data-element_type=\"container\">\n\t\t<div class=\"elementor-element elementor-element-454590a e-con-full e-flex e-con e-child\" data-id=\"454590a\" data-element_type=\"container\">\n\t\t\t\t<div class=\"elementor-element elementor-element-5ccfece elementor-widget elementor-widget-project-detail\" data-id=\"5ccfece\" data-element_type=\"widget\" data-widget_type=\"project-detail.default\">\n\t\t\t\t<div class=\"elementor-widget-container\">\n\t\t\t\t\t\t\t\t<div class=\"project-detail-picture-wrapper  top\">\n\t\t\t\t\t<img decoding=\"async\" src=\"https:\/\/ler.ae\/en\/wp-content\/uploads\/2024\/03\/genyap-loft-istanbul-real-estate-ler-properties-6.jpg\" class=\"\" alt=\"\" srcset=\"https:\/\/ler.ae\/en\/wp-content\/uploads\/2024\/03\/genyap-loft-istanbul-real-estate-ler-properties-6.jpg 755w, https:\/\/ler.ae\/en\/wp-content\/uploads\/2024\/03\/genyap-loft-istanbul-real-estate-ler-properties-6-600x746.jpg 600w, https:\/\/ler.ae\/en\/wp-content\/uploads\/2024\/03\/genyap-loft-istanbul-real-estate-ler-properties-6-241x300.jpg 241w, https:\/\/ler.ae\/en\/wp-content\/uploads\/2024\/03\/genyap-loft-istanbul-real-estate-ler-properties-6-500x622.jpg 500w\" sizes=\"(max-width: 755px) 100vw, 755px\" \/>\n\t\t\t\t\t                \t<div class=\"project-detail-picture-descr\">\n                \t\t<p>This boutique project consists of 71 units of 2+1 apartments, offering homeowners an exclusive living opportunity with its unique architecture and forest view.<\/p>\n                \t<\/div>\n\t\t\t\t\t\n\t\t\t\t\t\n\t\t\t<\/div>\n\t\t\t\t\t\t\t<\/div>\n\t\t\t\t<\/div>\n\t\t\t\t<\/div>\n\t\t<div class=\"elementor-element elementor-element-50764e9 e-con-full e-flex e-con e-child\" data-id=\"50764e9\" data-element_type=\"container\">\n\t\t\t\t<div class=\"elementor-element elementor-element-b9cac01 elementor-widget elementor-widget-project-detail\" data-id=\"b9cac01\" data-element_type=\"widget\" data-widget_type=\"project-detail.default\">\n\t\t\t\t<div class=\"elementor-widget-container\">\n\t\t\t\t\t\t\t\t<div class=\"project-detail-picture-wrapper  bottom\">\n\t\t\t\t\t\n\t\t\t\t\t                \t<div class=\"project-detail-picture-descr\">\n                \t\t<p>Additionally, its proximity to key locations in Istanbul, such as Atat\u00fcrk Airport, Istanbul Airport, Fatih Sultan Mehmet Bridge, July 15 Martyrs Bridge, Golden Horn Bridge, Levent, and G\u00f6kt\u00fcrk, makes it stand out.<\/p>\n                \t<\/div>\n\t\t\t\t\t\n\t\t\t\t\t<img decoding=\"async\" src=\"https:\/\/ler.ae\/en\/wp-content\/uploads\/2024\/03\/genyap-loft-istanbul-real-estate-ler-properties-living-room-4.jpg\" class=\"\" alt=\"\" srcset=\"https:\/\/ler.ae\/en\/wp-content\/uploads\/2024\/03\/genyap-loft-istanbul-real-estate-ler-properties-living-room-4.jpg 755w, https:\/\/ler.ae\/en\/wp-content\/uploads\/2024\/03\/genyap-loft-istanbul-real-estate-ler-properties-living-room-4-600x746.jpg 600w, https:\/\/ler.ae\/en\/wp-content\/uploads\/2024\/03\/genyap-loft-istanbul-real-estate-ler-properties-living-room-4-241x300.jpg 241w, https:\/\/ler.ae\/en\/wp-content\/uploads\/2024\/03\/genyap-loft-istanbul-real-estate-ler-properties-living-room-4-500x622.jpg 500w\" sizes=\"(max-width: 755px) 100vw, 755px\" \/>\n\t\t\t<\/div>\n\t\t\t\t\t\t\t<\/div>\n\t\t\t\t<\/div>\n\t\t\t\t<\/div>\n\t\t\t\t<\/div>\n\t\t<div class=\"elementor-element elementor-element-fb2ecba e-con-full e-flex e-con e-parent\" data-id=\"fb2ecba\" data-element_type=\"container\">\n\t\t\t\t<div class=\"elementor-element elementor-element-298e977 elementor-widget elementor-widget-single-media\" data-id=\"298e977\" data-element_type=\"widget\" data-widget_type=\"single-media.default\">\n\t\t\t\t<div class=\"elementor-widget-container\">\n\t\t\t\t\t\t\t\t<div class=\"single-media single-media--image\">\n\t\t\t\t<div class=\"single-media__wrap\">\n\t\t\t\t\t<img decoding=\"async\" src=\"https:\/\/ler.ae\/en\/wp-content\/uploads\/2024\/03\/genyap-loft-istanbul-real-estate-ler-properties-3.jpg\" class=\"single-media__image \" alt=\"\" srcset=\"https:\/\/ler.ae\/en\/wp-content\/uploads\/2024\/03\/genyap-loft-istanbul-real-estate-ler-properties-3.jpg 1920w, https:\/\/ler.ae\/en\/wp-content\/uploads\/2024\/03\/genyap-loft-istanbul-real-estate-ler-properties-3-600x338.jpg 600w, https:\/\/ler.ae\/en\/wp-content\/uploads\/2024\/03\/genyap-loft-istanbul-real-estate-ler-properties-3-300x169.jpg 300w, https:\/\/ler.ae\/en\/wp-content\/uploads\/2024\/03\/genyap-loft-istanbul-real-estate-ler-properties-3-1024x576.jpg 1024w, https:\/\/ler.ae\/en\/wp-content\/uploads\/2024\/03\/genyap-loft-istanbul-real-estate-ler-properties-3-768x432.jpg 768w, https:\/\/ler.ae\/en\/wp-content\/uploads\/2024\/03\/genyap-loft-istanbul-real-estate-ler-properties-3-1536x864.jpg 1536w, https:\/\/ler.ae\/en\/wp-content\/uploads\/2024\/03\/genyap-loft-istanbul-real-estate-ler-properties-3-500x281.jpg 500w\" sizes=\"(max-width: 1920px) 100vw, 1920px\" \/>\t\t\t\t\t\t\t\t\t<\/div>\n\t\t\t<\/div>\n\t\t\t\t\t\t<\/div>\n\t\t\t\t<\/div>\n\t\t\t\t<\/div>\n\t\t<div class=\"elementor-element elementor-element-3e25e9a e-con-full e-flex e-con e-parent\" data-id=\"3e25e9a\" data-element_type=\"container\">\n\t\t<div class=\"elementor-element elementor-element-4d0284b e-con-full e-flex e-con e-child\" data-id=\"4d0284b\" data-element_type=\"container\">\n\t\t\t\t<div class=\"elementor-element elementor-element-df716b0 elementor-widget elementor-widget-project-detail\" data-id=\"df716b0\" data-element_type=\"widget\" data-widget_type=\"project-detail.default\">\n\t\t\t\t<div class=\"elementor-widget-container\">\n\t\t\t\t\t\t\t\t<div class=\"project-detail-picture-wrapper  top\">\n\t\t\t\t\t<img decoding=\"async\" src=\"https:\/\/ler.ae\/en\/wp-content\/uploads\/2024\/03\/genyap-loft-istanbul-real-estate-ler-properties-7.jpg\" class=\"\" alt=\"\" srcset=\"https:\/\/ler.ae\/en\/wp-content\/uploads\/2024\/03\/genyap-loft-istanbul-real-estate-ler-properties-7.jpg 755w, https:\/\/ler.ae\/en\/wp-content\/uploads\/2024\/03\/genyap-loft-istanbul-real-estate-ler-properties-7-600x746.jpg 600w, https:\/\/ler.ae\/en\/wp-content\/uploads\/2024\/03\/genyap-loft-istanbul-real-estate-ler-properties-7-241x300.jpg 241w, https:\/\/ler.ae\/en\/wp-content\/uploads\/2024\/03\/genyap-loft-istanbul-real-estate-ler-properties-7-500x622.jpg 500w\" sizes=\"(max-width: 755px) 100vw, 755px\" \/>\n\t\t\t\t\t                \t<div class=\"project-detail-picture-descr\">\n                \t\t<p>Genyap Loft offers a distinctive urban living experience, blending nature with green spaces and walkways. Featuring a gym and children's play area, the project caters to all age groups. With thoughtful amenities like parking and private storage, Genyap Loft presents a unique opportunity for city living!<\/p>\n                \t<\/div>\n\t\t\t\t\t\n\t\t\t\t\t\n\t\t\t<\/div>\n\t\t\t\t\t\t\t<\/div>\n\t\t\t\t<\/div>\n\t\t\t\t<\/div>\n\t\t<div class=\"elementor-element elementor-element-19869b1 e-con-full e-flex e-con e-child\" data-id=\"19869b1\" data-element_type=\"container\">\n\t\t\t\t<div class=\"elementor-element elementor-element-cc164a1 elementor-widget elementor-widget-project-detail\" data-id=\"cc164a1\" data-element_type=\"widget\" data-widget_type=\"project-detail.default\">\n\t\t\t\t<div class=\"elementor-widget-container\">\n\t\t\t\t\t\t\t\t<div class=\"project-detail-picture-wrapper  bottom\">\n\t\t\t\t\t\n\t\t\t\t\t                \t<div class=\"project-detail-picture-descr\">\n                \t\t<p>Floor plans of 2+1 apartments:<\/p>\n<p>\u00a0<\/p>\n<p>2+1: 126.11 m2<\/p>\n<p>2+1: 128.49 m2<\/p>\n<p>2+1: 128.42 m2<\/p>\n                \t<\/div>\n\t\t\t\t\t\n\t\t\t\t\t<img decoding=\"async\" src=\"https:\/\/ler.ae\/en\/wp-content\/uploads\/2024\/03\/genyap-loft-istanbul-real-estate-ler-properties-living-room-5.jpg\" class=\"\" alt=\"\" srcset=\"https:\/\/ler.ae\/en\/wp-content\/uploads\/2024\/03\/genyap-loft-istanbul-real-estate-ler-properties-living-room-5.jpg 755w, https:\/\/ler.ae\/en\/wp-content\/uploads\/2024\/03\/genyap-loft-istanbul-real-estate-ler-properties-living-room-5-600x746.jpg 600w, https:\/\/ler.ae\/en\/wp-content\/uploads\/2024\/03\/genyap-loft-istanbul-real-estate-ler-properties-living-room-5-241x300.jpg 241w, https:\/\/ler.ae\/en\/wp-content\/uploads\/2024\/03\/genyap-loft-istanbul-real-estate-ler-properties-living-room-5-500x622.jpg 500w\" sizes=\"(max-width: 755px) 100vw, 755px\" \/>\n\t\t\t<\/div>\n\t\t\t\t\t\t\t<\/div>\n\t\t\t\t<\/div>\n\t\t\t\t<\/div>\n\t\t\t\t<\/div>\n\t\t<div class=\"elementor-element elementor-element-716f109 e-con-full e-flex e-con e-parent\" data-id=\"716f109\" data-element_type=\"container\">\n\t\t\t\t<div class=\"elementor-element elementor-element-6d51fbd elementor-widget elementor-widget-single-media\" data-id=\"6d51fbd\" data-element_type=\"widget\" data-widget_type=\"single-media.default\">\n\t\t\t\t<div class=\"elementor-widget-container\">\n\t\t\t\t\t\t\t\t<div class=\"single-media single-media--image\">\n\t\t\t\t<div class=\"single-media__wrap\">\n\t\t\t\t\t<img decoding=\"async\" src=\"https:\/\/ler.ae\/en\/wp-content\/uploads\/2024\/03\/genyap-loft-istanbul-real-estate-ler-properties-2.jpg\" class=\"single-media__image \" alt=\"\" srcset=\"https:\/\/ler.ae\/en\/wp-content\/uploads\/2024\/03\/genyap-loft-istanbul-real-estate-ler-properties-2.jpg 1920w, https:\/\/ler.ae\/en\/wp-content\/uploads\/2024\/03\/genyap-loft-istanbul-real-estate-ler-properties-2-600x338.jpg 600w, https:\/\/ler.ae\/en\/wp-content\/uploads\/2024\/03\/genyap-loft-istanbul-real-estate-ler-properties-2-300x169.jpg 300w, https:\/\/ler.ae\/en\/wp-content\/uploads\/2024\/03\/genyap-loft-istanbul-real-estate-ler-properties-2-1024x576.jpg 1024w, https:\/\/ler.ae\/en\/wp-content\/uploads\/2024\/03\/genyap-loft-istanbul-real-estate-ler-properties-2-768x432.jpg 768w, https:\/\/ler.ae\/en\/wp-content\/uploads\/2024\/03\/genyap-loft-istanbul-real-estate-ler-properties-2-1536x864.jpg 1536w, https:\/\/ler.ae\/en\/wp-content\/uploads\/2024\/03\/genyap-loft-istanbul-real-estate-ler-properties-2-500x281.jpg 500w\" sizes=\"(max-width: 1920px) 100vw, 1920px\" \/>\t\t\t\t\t\t\t\t\t<\/div>\n\t\t\t<\/div>\n\t\t\t\t\t\t<\/div>\n\t\t\t\t<\/div>\n\t\t\t\t<\/div>\n\t\t\t\t<\/div>\n\t\t","protected":false},"excerpt":{"rendered":"","protected":false},"author":1,"featured_media":5639,"parent":0,"menu_order":0,"comment_status":"closed","ping_status":"closed","template":"elementor_header_footer","meta":{"footnotes":""},"class_list":["post-5333","page","type-page","status-publish","has-post-thumbnail","hentry"],"yoast_head":"<!-- This site is optimized with the Yoast SEO plugin v26.4 - https:\/\/yoast.com\/wordpress\/plugins\/seo\/ -->\n<title>Genyap Loft Project - Ler Properties<\/title>\n<meta name=\"description\" content=\"Genyap Loft, rising in the central district of Istanbul, Ka\u011f\u0131thane, brings together tranquility its advantageous location and nature views!\" \/>\n<meta name=\"robots\" content=\"index, follow, max-snippet:-1, max-image-preview:large, max-video-preview:-1\" \/>\n<link rel=\"canonical\" href=\"https:\/\/ler.ae\/en\/genyap-loft\/\" \/>\n<meta property=\"og:locale\" content=\"tr_TR\" \/>\n<meta property=\"og:type\" content=\"article\" \/>\n<meta property=\"og:title\" content=\"Genyap Loft Project - Ler Properties\" \/>\n<meta property=\"og:description\" content=\"Genyap Loft, rising in the central district of Istanbul, Ka\u011f\u0131thane, brings together tranquility its advantageous location and nature views!\" \/>\n<meta property=\"og:url\" content=\"https:\/\/ler.ae\/en\/genyap-loft\/\" \/>\n<meta property=\"og:site_name\" content=\"Ler Properties\" \/>\n<meta property=\"article:publisher\" content=\"https:\/\/m.facebook.com\/lerproperties\" \/>\n<meta property=\"article:modified_time\" content=\"2024-03-29T02:00:57+00:00\" \/>\n<meta property=\"og:image\" content=\"https:\/\/ler.ae\/en\/wp-content\/uploads\/2024\/03\/genyap-loft-istanbul-real-estate-ler-properties-1-1.jpg\" \/>\n\t<meta property=\"og:image:width\" content=\"1508\" \/>\n\t<meta property=\"og:image:height\" content=\"1200\" \/>\n\t<meta property=\"og:image:type\" content=\"image\/jpeg\" \/>\n<meta name=\"twitter:card\" content=\"summary_large_image\" \/>\n<meta name=\"twitter:label1\" content=\"Tahmini okuma s\u00fcresi\" \/>\n\t<meta name=\"twitter:data1\" content=\"3 dakika\" \/>\n<script type=\"application\/ld+json\" class=\"yoast-schema-graph\">{\"@context\":\"https:\/\/schema.org\",\"@graph\":[{\"@type\":\"WebPage\",\"@id\":\"https:\/\/ler.ae\/en\/genyap-loft\/\",\"url\":\"https:\/\/ler.ae\/en\/genyap-loft\/\",\"name\":\"Genyap Loft Project - Ler Properties\",\"isPartOf\":{\"@id\":\"https:\/\/ler.ae\/en\/#website\"},\"primaryImageOfPage\":{\"@id\":\"https:\/\/ler.ae\/en\/genyap-loft\/#primaryimage\"},\"image\":{\"@id\":\"https:\/\/ler.ae\/en\/genyap-loft\/#primaryimage\"},\"thumbnailUrl\":\"https:\/\/ler.ae\/en\/wp-content\/uploads\/2024\/03\/genyap-loft-istanbul-real-estate-ler-properties-1-1.jpg\",\"datePublished\":\"2024-03-06T14:09:59+00:00\",\"dateModified\":\"2024-03-29T02:00:57+00:00\",\"description\":\"Genyap Loft, rising in the central district of Istanbul, Ka\u011f\u0131thane, brings together tranquility its advantageous location and nature views!\",\"inLanguage\":\"tr\",\"potentialAction\":[{\"@type\":\"ReadAction\",\"target\":[\"https:\/\/ler.ae\/en\/genyap-loft\/\"]}]},{\"@type\":\"ImageObject\",\"inLanguage\":\"tr\",\"@id\":\"https:\/\/ler.ae\/en\/genyap-loft\/#primaryimage\",\"url\":\"https:\/\/ler.ae\/en\/wp-content\/uploads\/2024\/03\/genyap-loft-istanbul-real-estate-ler-properties-1-1.jpg\",\"contentUrl\":\"https:\/\/ler.ae\/en\/wp-content\/uploads\/2024\/03\/genyap-loft-istanbul-real-estate-ler-properties-1-1.jpg\",\"width\":1508,\"height\":1200,\"caption\":\"genyap-loft\"},{\"@type\":\"WebSite\",\"@id\":\"https:\/\/ler.ae\/en\/#website\",\"url\":\"https:\/\/ler.ae\/en\/\",\"name\":\"Ler Properties\",\"description\":\"Ler Properties\",\"publisher\":{\"@id\":\"https:\/\/ler.ae\/en\/#organization\"},\"potentialAction\":[{\"@type\":\"SearchAction\",\"target\":{\"@type\":\"EntryPoint\",\"urlTemplate\":\"https:\/\/ler.ae\/en\/?s={search_term_string}\"},\"query-input\":{\"@type\":\"PropertyValueSpecification\",\"valueRequired\":true,\"valueName\":\"search_term_string\"}}],\"inLanguage\":\"tr\"},{\"@type\":\"Organization\",\"@id\":\"https:\/\/ler.ae\/en\/#organization\",\"name\":\"Ler Properties\",\"url\":\"https:\/\/ler.ae\/en\/\",\"logo\":{\"@type\":\"ImageObject\",\"inLanguage\":\"tr\",\"@id\":\"https:\/\/ler.ae\/en\/#\/schema\/logo\/image\/\",\"url\":\"https:\/\/ler.ae\/en\/wp-content\/uploads\/2024\/03\/lerproperties-01.png\",\"contentUrl\":\"https:\/\/ler.ae\/en\/wp-content\/uploads\/2024\/03\/lerproperties-01.png\",\"width\":780,\"height\":334,\"caption\":\"Ler Properties\"},\"image\":{\"@id\":\"https:\/\/ler.ae\/en\/#\/schema\/logo\/image\/\"},\"sameAs\":[\"https:\/\/m.facebook.com\/lerproperties\",\"https:\/\/www.instagram.com\/lerproperties\/\",\"https:\/\/www.linkedin.com\/company\/ler-invest\/about\/\"]}]}<\/script>\n<!-- \/ Yoast SEO plugin. -->","yoast_head_json":{"title":"Genyap Loft Project - Ler Properties","description":"Genyap Loft, rising in the central district of Istanbul, Ka\u011f\u0131thane, brings together tranquility its advantageous location and nature views!","robots":{"index":"index","follow":"follow","max-snippet":"max-snippet:-1","max-image-preview":"max-image-preview:large","max-video-preview":"max-video-preview:-1"},"canonical":"https:\/\/ler.ae\/en\/genyap-loft\/","og_locale":"tr_TR","og_type":"article","og_title":"Genyap Loft Project - Ler Properties","og_description":"Genyap Loft, rising in the central district of Istanbul, Ka\u011f\u0131thane, brings together tranquility its advantageous location and nature views!","og_url":"https:\/\/ler.ae\/en\/genyap-loft\/","og_site_name":"Ler Properties","article_publisher":"https:\/\/m.facebook.com\/lerproperties","article_modified_time":"2024-03-29T02:00:57+00:00","og_image":[{"width":1508,"height":1200,"url":"https:\/\/ler.ae\/en\/wp-content\/uploads\/2024\/03\/genyap-loft-istanbul-real-estate-ler-properties-1-1.jpg","type":"image\/jpeg"}],"twitter_card":"summary_large_image","twitter_misc":{"Tahmini okuma s\u00fcresi":"3 dakika"},"schema":{"@context":"https:\/\/schema.org","@graph":[{"@type":"WebPage","@id":"https:\/\/ler.ae\/en\/genyap-loft\/","url":"https:\/\/ler.ae\/en\/genyap-loft\/","name":"Genyap Loft Project - Ler Properties","isPartOf":{"@id":"https:\/\/ler.ae\/en\/#website"},"primaryImageOfPage":{"@id":"https:\/\/ler.ae\/en\/genyap-loft\/#primaryimage"},"image":{"@id":"https:\/\/ler.ae\/en\/genyap-loft\/#primaryimage"},"thumbnailUrl":"https:\/\/ler.ae\/en\/wp-content\/uploads\/2024\/03\/genyap-loft-istanbul-real-estate-ler-properties-1-1.jpg","datePublished":"2024-03-06T14:09:59+00:00","dateModified":"2024-03-29T02:00:57+00:00","description":"Genyap Loft, rising in the central district of Istanbul, Ka\u011f\u0131thane, brings together tranquility its advantageous location and nature views!","inLanguage":"tr","potentialAction":[{"@type":"ReadAction","target":["https:\/\/ler.ae\/en\/genyap-loft\/"]}]},{"@type":"ImageObject","inLanguage":"tr","@id":"https:\/\/ler.ae\/en\/genyap-loft\/#primaryimage","url":"https:\/\/ler.ae\/en\/wp-content\/uploads\/2024\/03\/genyap-loft-istanbul-real-estate-ler-properties-1-1.jpg","contentUrl":"https:\/\/ler.ae\/en\/wp-content\/uploads\/2024\/03\/genyap-loft-istanbul-real-estate-ler-properties-1-1.jpg","width":1508,"height":1200,"caption":"genyap-loft"},{"@type":"WebSite","@id":"https:\/\/ler.ae\/en\/#website","url":"https:\/\/ler.ae\/en\/","name":"Ler Properties","description":"Ler Properties","publisher":{"@id":"https:\/\/ler.ae\/en\/#organization"},"potentialAction":[{"@type":"SearchAction","target":{"@type":"EntryPoint","urlTemplate":"https:\/\/ler.ae\/en\/?s={search_term_string}"},"query-input":{"@type":"PropertyValueSpecification","valueRequired":true,"valueName":"search_term_string"}}],"inLanguage":"tr"},{"@type":"Organization","@id":"https:\/\/ler.ae\/en\/#organization","name":"Ler Properties","url":"https:\/\/ler.ae\/en\/","logo":{"@type":"ImageObject","inLanguage":"tr","@id":"https:\/\/ler.ae\/en\/#\/schema\/logo\/image\/","url":"https:\/\/ler.ae\/en\/wp-content\/uploads\/2024\/03\/lerproperties-01.png","contentUrl":"https:\/\/ler.ae\/en\/wp-content\/uploads\/2024\/03\/lerproperties-01.png","width":780,"height":334,"caption":"Ler Properties"},"image":{"@id":"https:\/\/ler.ae\/en\/#\/schema\/logo\/image\/"},"sameAs":["https:\/\/m.facebook.com\/lerproperties","https:\/\/www.instagram.com\/lerproperties\/","https:\/\/www.linkedin.com\/company\/ler-invest\/about\/"]}]}},"featured_image_src":"https:\/\/ler.ae\/en\/wp-content\/uploads\/2024\/03\/genyap-loft-istanbul-real-estate-ler-properties-1-1.jpg","featured_image_src_square":"https:\/\/ler.ae\/en\/wp-content\/uploads\/2024\/03\/genyap-loft-istanbul-real-estate-ler-properties-1-1.jpg","_links":{"self":[{"href":"https:\/\/ler.ae\/en\/wp-json\/wp\/v2\/pages\/5333","targetHints":{"allow":["GET"]}}],"collection":[{"href":"https:\/\/ler.ae\/en\/wp-json\/wp\/v2\/pages"}],"about":[{"href":"https:\/\/ler.ae\/en\/wp-json\/wp\/v2\/types\/page"}],"author":[{"embeddable":true,"href":"https:\/\/ler.ae\/en\/wp-json\/wp\/v2\/users\/1"}],"replies":[{"embeddable":true,"href":"https:\/\/ler.ae\/en\/wp-json\/wp\/v2\/comments?post=5333"}],"version-history":[{"count":3,"href":"https:\/\/ler.ae\/en\/wp-json\/wp\/v2\/pages\/5333\/revisions"}],"predecessor-version":[{"id":6024,"href":"https:\/\/ler.ae\/en\/wp-json\/wp\/v2\/pages\/5333\/revisions\/6024"}],"wp:featuredmedia":[{"embeddable":true,"href":"https:\/\/ler.ae\/en\/wp-json\/wp\/v2\/media\/5639"}],"wp:attachment":[{"href":"https:\/\/ler.ae\/en\/wp-json\/wp\/v2\/media?parent=5333"}],"curies":[{"name":"wp","href":"https:\/\/api.w.org\/{rel}","templated":true}]}}